{"id":219,"date":"2022-10-08T18:40:46","date_gmt":"2022-10-08T18:40:46","guid":{"rendered":"https:\/\/evergetikon.nl\/?product=etherische-olie-ylang-ylang-evergetikon"},"modified":"2026-03-23T21:22:46","modified_gmt":"2026-03-23T21:22:46","slug":"etherische-olie-ylang-ylang-evergetikon","status":"publish","type":"product","link":"https:\/\/evergetikon.eu\/pt\/produto\/oleo-essencial-de-ylang-ylang-evergetikon\/","title":{"rendered":"\u00d3leo essencial - Ylang Ylang - Evergetikon"},"content":{"rendered":"<p>Os \u00f3leos essenciais menos fortes s\u00e3o utilizados como tons suaves em perfumes, como col\u00f3nias, lo\u00e7\u00f5es ou sabonetes. A forma mais subtil de ylang ylang \u00e9 frequentemente designada por \u00f3leo de Kananga.<\/p>\n<p>O \u00f3leo essencial de incenso pode ajudar a reduzir a ansiedade e a aumentar a autoestima de uma pessoa quando aplicado na pele ou inalado. Melhora o humor, alivia a ansiedade e reduz a depress\u00e3o. Nos homens, pode ajudar a reduzir as palpita\u00e7\u00f5es e a baixar a tens\u00e3o arterial. Este \u00f3leo tem um efeito calmante e relaxante.<\/p>\n<p>O ylang ylang cont\u00e9m propriedades antibacterianas, antif\u00fangicas e anti-inflamat\u00f3rias, o que pode torn\u00e1-lo um rem\u00e9dio eficaz na redu\u00e7\u00e3o da infe\u00e7\u00e3o por fungos Candida albicans (aftas).<\/p>\n<p>Desde a antiguidade, as pessoas utilizam o \u00f3leo essencial de kangana perfumado como afrodis\u00edaco e para estimula\u00e7\u00e3o sexual. Uma mulher que o usa sorri mais frequentemente e os olhos dos homens s\u00e3o atra\u00eddos por uma mulher sorridente. O \u00f3leo essencial de Ylang Ylang \u00e9 utilizado para aumentar a libido e reduzir a ansiedade sexual.<\/p>\n<p>O ylang ylang tamb\u00e9m pode ajudar nas dores abdominais, reumatismo, gota, dores de cabe\u00e7a, pneumonia<\/p>\n<h3><strong>Como utilizar o ylang-ylang\u00a0<\/strong><strong>?<\/strong><\/h3>\n<p>O \u00f3leo essencial perfumado de canang pode ser misturado com um \u00f3leo de base e utilizado para cuidar da pele seca e para massagens relaxantes. Para reduzir a sensa\u00e7\u00e3o de secura do couro cabeludo, pode esfregar o couro cabeludo com este \u00f3leo. Uma vez que o ylang ylang irrita algumas pessoas, fa\u00e7a sempre um teste de contacto primeiro e espere 24 horas. O ylang ylang cont\u00e9m v\u00e1rios alerg\u00e9nios e deve ser usado com precau\u00e7\u00e3o quando aplicado na pele.<\/p>\n<p><strong>Diluir sempre.\u00a0<\/strong>Para uso t\u00f3pico, adicionar uma gota de \u00f3leo essencial por cada colher de ch\u00e1 de \u00f3leo. Tal como acontece com outros \u00f3leos essenciais, n\u00e3o aplicar o \u00f3leo essencial de ylang ylang n\u00e3o dilu\u00eddo na pele. O ylang ylang deve ser misturado com \u00f3leo antes de ser utilizado numa grande \u00e1rea do corpo, rosto ou cabe\u00e7a. O ylang ylang tamb\u00e9m cont\u00e9m v\u00e1rios alerg\u00e9nios, como o isoeugenol, que pode causar dermatite de contacto e irritar a pele se for aplicado durante per\u00edodos prolongados.<\/p>\n<p>O ylang ylang \u00e9 t\u00f3xico para c\u00e3es e gatos. N\u00e3o utilize ylang ylang na pele, patas ou pelo do seu animal de estima\u00e7\u00e3o, nem em locais onde este o possa lamber ou inalar.<\/p>\n<p><strong>Armazenamento correto.\u00a0<\/strong>Conservar num recipiente de vidro opaco, num local fresco e escuro.<\/p>\n<p><strong>Utilizar e controlar a sua qualidade.\u00a0<\/strong>O ylang ylang tem um prazo de validade longo, mas nunca utilize \u00f3leo cuja data de validade tenha passado ou cuja fragr\u00e2ncia tenha mudado.<\/p>\n<p><strong>Utilizar com \u00e1gua num difusor.\u00a0<\/strong>O ylang ylang tamb\u00e9m pode ser inalado como um tratamento de aromaterapia utilizando um difusor de ambiente.<\/p>\n<p><strong>Ama-te a ti pr\u00f3prio<\/strong>\u00a0. A natureza partilha connosco as suas propriedades curativas, lembre-se que podem existir alerg\u00e9nios em qualquer lugar e a qualquer momento que podem causar complica\u00e7\u00f5es desagrad\u00e1veis, proteja-se a si e aos seus entes queridos, consulte e consulte um especialista em aromaterapia experiente. Desfrute da aromaterapia com modera\u00e7\u00e3o e de forma respons\u00e1vel.<\/p>","protected":false},"excerpt":{"rendered":"<p>O ylang ylang \u00e9 uma flor amarela em forma de estrela que cresce na \u00e1rvore Cananga (Cananga odorata). Esta planta encontra-se em pa\u00edses \u00e0 volta do Oceano \u00cdndico, como a \u00cdndia, as Filipinas, a Mal\u00e1sia, a Indon\u00e9sia e partes da Austr\u00e1lia. O Ylang Ylang \u00e9 uma fragr\u00e2ncia floral e frutada luxuosa e inebriante.<\/p>\n<p>A partir da flor do ylang ylang, s\u00e3o extra\u00eddos diferentes tipos de \u00f3leo essencial por destila\u00e7\u00e3o a vapor. Os \u00f3leos diferem na intensidade da sua fragr\u00e2ncia.<\/p>\n<p>O \u00f3leo essencial de Ylang Ylang \u00e9 um poderoso \u00f3leo do amor derivado da flor de ylang ylang. Este \u00f3leo \u00e9 frequentemente utilizado como uma nota de topo em perfumes como o Chanel Number Five.<\/p>","protected":false},"featured_media":9099,"comment_status":"open","ping_status":"closed","template":"","meta":[],"product_brand":[],"product_cat":[68],"product_tag":[],"class_list":{"0":"post-219","1":"product","2":"type-product","3":"status-publish","4":"has-post-thumbnail","6":"product_cat-etherische-olie","8":"first","9":"instock","10":"taxable","11":"shipping-taxable","12":"purchasable","13":"product-type-simple"},"yoast_head":"<!-- This site is optimized with the Yoast SEO plugin v27.3 - https:\/\/yoast.com\/product\/yoast-seo-wordpress\/ -->\n<title>Etherische olie - Ylang Ylang - Evergetikon - evergetikon<\/title>\n<meta name=\"robots\" content=\"index, follow, max-snippet:-1, max-image-preview:large, max-video-preview:-1\" \/>\n<link rel=\"canonical\" href=\"https:\/\/evergetikon.eu\/pt\/produto\/oleo-essencial-de-ylang-ylang-evergetikon\/\" \/>\n<meta property=\"og:locale\" content=\"pt_PT\" \/>\n<meta property=\"og:type\" content=\"article\" \/>\n<meta property=\"og:title\" content=\"Etherische olie - Ylang Ylang - Evergetikon - evergetikon\" \/>\n<meta property=\"og:description\" content=\"Ylang ylang is een stervormige gele bloem die groeit aan de Cananga-boom (Cananga odorata).\u00a0Deze plant komt voor in landen rond de Indische Oceaan zoals India, de Filipijnen, Maleisi\u00eb, Indonesi\u00eb en delen van Australi\u00eb.\u00a0Ylang Ylang is een luxueuze en bedwelmende bloemige en fruitige geur.  Uit de bloem van de ylang ylang-bloem worden door stoomdestillatie verschillende soorten etherische olie gewonnen.\u00a0Oli\u00ebn verschillen in de intensiteit van hun geur.  Ylang Ylang etherische olie is een krachtige liefdesolie afgeleid van de ylang ylang-bloem.\u00a0Deze olie wordt vaak gebruikt als topnoot in parfums zoals Chanel Number Five.\" \/>\n<meta property=\"og:url\" content=\"https:\/\/evergetikon.eu\/pt\/produto\/oleo-essencial-de-ylang-ylang-evergetikon\/\" \/>\n<meta property=\"og:site_name\" content=\"evergetikon\" \/>\n<meta property=\"article:modified_time\" content=\"2026-03-23T21:22:46+00:00\" \/>\n<meta property=\"og:image\" content=\"https:\/\/evergetikon.eu\/wp-content\/uploads\/2024\/12\/etherische-olie-ylang-ylang.png\" \/>\n\t<meta property=\"og:image:width\" content=\"1024\" \/>\n\t<meta property=\"og:image:height\" content=\"861\" \/>\n\t<meta property=\"og:image:type\" content=\"image\/png\" \/>\n<meta name=\"twitter:card\" content=\"summary_large_image\" \/>\n<meta name=\"twitter:label1\" content=\"Tempo estimado de leitura\" \/>\n\t<meta name=\"twitter:data1\" content=\"2 minutos\" \/>\n<script type=\"application\/ld+json\" class=\"yoast-schema-graph\">{\"@context\":\"https:\\\/\\\/schema.org\",\"@graph\":[{\"@type\":\"WebPage\",\"@id\":\"https:\\\/\\\/evergetikon.eu\\\/product\\\/etherische-olie-ylang-ylang-evergetikon\\\/\",\"url\":\"https:\\\/\\\/evergetikon.eu\\\/product\\\/etherische-olie-ylang-ylang-evergetikon\\\/\",\"name\":\"Etherische olie - Ylang Ylang - Evergetikon - evergetikon\",\"isPartOf\":{\"@id\":\"https:\\\/\\\/evergetikon.eu\\\/#website\"},\"primaryImageOfPage\":{\"@id\":\"https:\\\/\\\/evergetikon.eu\\\/product\\\/etherische-olie-ylang-ylang-evergetikon\\\/#primaryimage\"},\"image\":{\"@id\":\"https:\\\/\\\/evergetikon.eu\\\/product\\\/etherische-olie-ylang-ylang-evergetikon\\\/#primaryimage\"},\"thumbnailUrl\":\"https:\\\/\\\/exomh4ku2ih.exactdn.com\\\/wp-content\\\/uploads\\\/2024\\\/12\\\/etherische-olie-ylang-ylang.png?strip=all\",\"datePublished\":\"2022-10-08T18:40:46+00:00\",\"dateModified\":\"2026-03-23T21:22:46+00:00\",\"breadcrumb\":{\"@id\":\"https:\\\/\\\/evergetikon.eu\\\/product\\\/etherische-olie-ylang-ylang-evergetikon\\\/#breadcrumb\"},\"inLanguage\":\"pt-PT\",\"potentialAction\":[{\"@type\":\"ReadAction\",\"target\":[\"https:\\\/\\\/evergetikon.eu\\\/product\\\/etherische-olie-ylang-ylang-evergetikon\\\/\"]}]},{\"@type\":\"ImageObject\",\"inLanguage\":\"pt-PT\",\"@id\":\"https:\\\/\\\/evergetikon.eu\\\/product\\\/etherische-olie-ylang-ylang-evergetikon\\\/#primaryimage\",\"url\":\"https:\\\/\\\/exomh4ku2ih.exactdn.com\\\/wp-content\\\/uploads\\\/2024\\\/12\\\/etherische-olie-ylang-ylang.png?strip=all\",\"contentUrl\":\"https:\\\/\\\/exomh4ku2ih.exactdn.com\\\/wp-content\\\/uploads\\\/2024\\\/12\\\/etherische-olie-ylang-ylang.png?strip=all\",\"width\":1024,\"height\":861,\"caption\":\"etherische olie ylang ylang\"},{\"@type\":\"BreadcrumbList\",\"@id\":\"https:\\\/\\\/evergetikon.eu\\\/product\\\/etherische-olie-ylang-ylang-evergetikon\\\/#breadcrumb\",\"itemListElement\":[{\"@type\":\"ListItem\",\"position\":1,\"name\":\"Home\",\"item\":\"https:\\\/\\\/evergetikon.eu\\\/\"},{\"@type\":\"ListItem\",\"position\":2,\"name\":\"Shop\",\"item\":\"https:\\\/\\\/evergetikon.eu\\\/shop\\\/\"},{\"@type\":\"ListItem\",\"position\":3,\"name\":\"Etherische olie &#8211; Ylang Ylang &#8211; Evergetikon\"}]},{\"@type\":\"WebSite\",\"@id\":\"https:\\\/\\\/evergetikon.eu\\\/#website\",\"url\":\"https:\\\/\\\/evergetikon.eu\\\/\",\"name\":\"evergetikon\",\"description\":\"\",\"publisher\":{\"@id\":\"https:\\\/\\\/evergetikon.eu\\\/#organization\"},\"potentialAction\":[{\"@type\":\"SearchAction\",\"target\":{\"@type\":\"EntryPoint\",\"urlTemplate\":\"https:\\\/\\\/evergetikon.eu\\\/?s={search_term_string}\"},\"query-input\":{\"@type\":\"PropertyValueSpecification\",\"valueRequired\":true,\"valueName\":\"search_term_string\"}}],\"inLanguage\":\"pt-PT\"},{\"@type\":\"Organization\",\"@id\":\"https:\\\/\\\/evergetikon.eu\\\/#organization\",\"name\":\"evergetikon\",\"url\":\"https:\\\/\\\/evergetikon.eu\\\/\",\"logo\":{\"@type\":\"ImageObject\",\"inLanguage\":\"pt-PT\",\"@id\":\"https:\\\/\\\/evergetikon.eu\\\/#\\\/schema\\\/logo\\\/image\\\/\",\"url\":\"https:\\\/\\\/exomh4ku2ih.exactdn.com\\\/wp-content\\\/uploads\\\/2025\\\/06\\\/Evergetikon-non-of.svg\",\"contentUrl\":\"https:\\\/\\\/exomh4ku2ih.exactdn.com\\\/wp-content\\\/uploads\\\/2025\\\/06\\\/Evergetikon-non-of.svg\",\"width\":229,\"height\":70,\"caption\":\"evergetikon\"},\"image\":{\"@id\":\"https:\\\/\\\/evergetikon.eu\\\/#\\\/schema\\\/logo\\\/image\\\/\"}}]}<\/script>\n<!-- \/ Yoast SEO plugin. -->","yoast_head_json":{"title":"\u00d3leo essencial - Ylang Ylang - Evergetikon","robots":{"index":"index","follow":"follow","max-snippet":"max-snippet:-1","max-image-preview":"max-image-preview:large","max-video-preview":"max-video-preview:-1"},"canonical":"https:\/\/evergetikon.eu\/pt\/produto\/oleo-essencial-de-ylang-ylang-evergetikon\/","og_locale":"pt_PT","og_type":"article","og_title":"Etherische olie - Ylang Ylang - Evergetikon - evergetikon","og_description":"Ylang ylang is een stervormige gele bloem die groeit aan de Cananga-boom (Cananga odorata).\u00a0Deze plant komt voor in landen rond de Indische Oceaan zoals India, de Filipijnen, Maleisi\u00eb, Indonesi\u00eb en delen van Australi\u00eb.\u00a0Ylang Ylang is een luxueuze en bedwelmende bloemige en fruitige geur.  Uit de bloem van de ylang ylang-bloem worden door stoomdestillatie verschillende soorten etherische olie gewonnen.\u00a0Oli\u00ebn verschillen in de intensiteit van hun geur.  Ylang Ylang etherische olie is een krachtige liefdesolie afgeleid van de ylang ylang-bloem.\u00a0Deze olie wordt vaak gebruikt als topnoot in parfums zoals Chanel Number Five.","og_url":"https:\/\/evergetikon.eu\/pt\/produto\/oleo-essencial-de-ylang-ylang-evergetikon\/","og_site_name":"evergetikon","article_modified_time":"2026-03-23T21:22:46+00:00","og_image":[{"width":1024,"height":861,"url":"https:\/\/evergetikon.eu\/wp-content\/uploads\/2024\/12\/etherische-olie-ylang-ylang.png","type":"image\/png"}],"twitter_card":"summary_large_image","twitter_misc":{"Tempo estimado de leitura":"2 minutos"},"schema":{"@context":"https:\/\/schema.org","@graph":[{"@type":"WebPage","@id":"https:\/\/evergetikon.eu\/product\/etherische-olie-ylang-ylang-evergetikon\/","url":"https:\/\/evergetikon.eu\/product\/etherische-olie-ylang-ylang-evergetikon\/","name":"\u00d3leo essencial - Ylang Ylang - Evergetikon","isPartOf":{"@id":"https:\/\/evergetikon.eu\/#website"},"primaryImageOfPage":{"@id":"https:\/\/evergetikon.eu\/product\/etherische-olie-ylang-ylang-evergetikon\/#primaryimage"},"image":{"@id":"https:\/\/evergetikon.eu\/product\/etherische-olie-ylang-ylang-evergetikon\/#primaryimage"},"thumbnailUrl":"https:\/\/exomh4ku2ih.exactdn.com\/wp-content\/uploads\/2024\/12\/etherische-olie-ylang-ylang.png?strip=all","datePublished":"2022-10-08T18:40:46+00:00","dateModified":"2026-03-23T21:22:46+00:00","breadcrumb":{"@id":"https:\/\/evergetikon.eu\/product\/etherische-olie-ylang-ylang-evergetikon\/#breadcrumb"},"inLanguage":"pt-PT","potentialAction":[{"@type":"ReadAction","target":["https:\/\/evergetikon.eu\/product\/etherische-olie-ylang-ylang-evergetikon\/"]}]},{"@type":"ImageObject","inLanguage":"pt-PT","@id":"https:\/\/evergetikon.eu\/product\/etherische-olie-ylang-ylang-evergetikon\/#primaryimage","url":"https:\/\/exomh4ku2ih.exactdn.com\/wp-content\/uploads\/2024\/12\/etherische-olie-ylang-ylang.png?strip=all","contentUrl":"https:\/\/exomh4ku2ih.exactdn.com\/wp-content\/uploads\/2024\/12\/etherische-olie-ylang-ylang.png?strip=all","width":1024,"height":861,"caption":"etherische olie ylang ylang"},{"@type":"BreadcrumbList","@id":"https:\/\/evergetikon.eu\/product\/etherische-olie-ylang-ylang-evergetikon\/#breadcrumb","itemListElement":[{"@type":"ListItem","position":1,"name":"Home","item":"https:\/\/evergetikon.eu\/"},{"@type":"ListItem","position":2,"name":"Shop","item":"https:\/\/evergetikon.eu\/shop\/"},{"@type":"ListItem","position":3,"name":"Etherische olie &#8211; Ylang Ylang &#8211; Evergetikon"}]},{"@type":"WebSite","@id":"https:\/\/evergetikon.eu\/#website","url":"https:\/\/evergetikon.eu\/","name":"evergetikon","description":"","publisher":{"@id":"https:\/\/evergetikon.eu\/#organization"},"potentialAction":[{"@type":"SearchAction","target":{"@type":"EntryPoint","urlTemplate":"https:\/\/evergetikon.eu\/?s={search_term_string}"},"query-input":{"@type":"PropertyValueSpecification","valueRequired":true,"valueName":"search_term_string"}}],"inLanguage":"pt-PT"},{"@type":"Organization","@id":"https:\/\/evergetikon.eu\/#organization","name":"evergetikon","url":"https:\/\/evergetikon.eu\/","logo":{"@type":"ImageObject","inLanguage":"pt-PT","@id":"https:\/\/evergetikon.eu\/#\/schema\/logo\/image\/","url":"https:\/\/exomh4ku2ih.exactdn.com\/wp-content\/uploads\/2025\/06\/Evergetikon-non-of.svg","contentUrl":"https:\/\/exomh4ku2ih.exactdn.com\/wp-content\/uploads\/2025\/06\/Evergetikon-non-of.svg","width":229,"height":70,"caption":"evergetikon"},"image":{"@id":"https:\/\/evergetikon.eu\/#\/schema\/logo\/image\/"}}]}},"_links":{"self":[{"href":"https:\/\/evergetikon.eu\/pt\/wp-json\/wp\/v2\/product\/219","targetHints":{"allow":["GET"]}}],"collection":[{"href":"https:\/\/evergetikon.eu\/pt\/wp-json\/wp\/v2\/product"}],"about":[{"href":"https:\/\/evergetikon.eu\/pt\/wp-json\/wp\/v2\/types\/product"}],"replies":[{"embeddable":true,"href":"https:\/\/evergetikon.eu\/pt\/wp-json\/wp\/v2\/comments?post=219"}],"version-history":[{"count":0,"href":"https:\/\/evergetikon.eu\/pt\/wp-json\/wp\/v2\/product\/219\/revisions"}],"wp:featuredmedia":[{"embeddable":true,"href":"https:\/\/evergetikon.eu\/pt\/wp-json\/wp\/v2\/media\/9099"}],"wp:attachment":[{"href":"https:\/\/evergetikon.eu\/pt\/wp-json\/wp\/v2\/media?parent=219"}],"wp:term":[{"taxonomy":"product_brand","embeddable":true,"href":"https:\/\/evergetikon.eu\/pt\/wp-json\/wp\/v2\/product_brand?post=219"},{"taxonomy":"product_cat","embeddable":true,"href":"https:\/\/evergetikon.eu\/pt\/wp-json\/wp\/v2\/product_cat?post=219"},{"taxonomy":"product_tag","embeddable":true,"href":"https:\/\/evergetikon.eu\/pt\/wp-json\/wp\/v2\/product_tag?post=219"}],"curies":[{"name":"wp","href":"https:\/\/api.w.org\/{rel}","templated":true}]}}