{"id":10906,"date":"2024-06-22T13:35:56","date_gmt":"2024-06-22T13:35:56","guid":{"rendered":"https:\/\/evergetikon.eu\/product\/shakti-mat\/"},"modified":"2025-12-15T21:55:56","modified_gmt":"2025-12-15T21:55:56","slug":"shakti-mat","status":"publish","type":"product","link":"https:\/\/evergetikon.eu\/pt\/produto\/tapete-shakti\/","title":{"rendered":"Tapete Shakti - Para relaxamento, al\u00edvio da dor e melhor sono - Inclui saco de transporte | Pure Health Store"},"content":{"rendered":"<h2>Experimente o m\u00e1ximo de relaxamento com o Tapete Shakti<\/h2>\n<p>Descubra o poder das t\u00e9cnicas antigas com a <strong>Tapete Shakti<\/strong>, Um tapete de acupress\u00e3o que ajuda a relaxar profundamente, a aliviar as dores e a melhorar a qualidade do sono. Utilize-o diariamente para sentir uma diferen\u00e7a not\u00e1vel no seu bem-estar.<\/p>\n<h3>Porqu\u00ea escolher o Tapete Shakti?<\/h3>\n<ul>\n<li><strong>Al\u00edvio das dores e relaxamento:<\/strong> Os pontos de press\u00e3o estimulantes reduzem as dores de costas, pesco\u00e7o e ombros e relaxam os m\u00fasculos cansados.<\/li>\n<li><strong>Melhoria da circula\u00e7\u00e3o:<\/strong> Experimente um melhor fluxo sangu\u00edneo que ajuda o seu corpo a recuperar mais rapidamente.<\/li>\n<li><strong>Al\u00edvio do stress:<\/strong> Liberte o stress e a tens\u00e3o com apenas 15 minutos de utiliza\u00e7\u00e3o por dia para uma experi\u00eancia calmante.<\/li>\n<li><strong>Materiais duradouros:<\/strong> Fabricado em algod\u00e3o natural 100% e materiais ecol\u00f3gicos.<\/li>\n<li><strong>F\u00e1cil de transportar:<\/strong> Inclui um pr\u00e1tico estojo de transporte, ideal para casa, escrit\u00f3rio ou em viagem.<\/li>\n<\/ul>\n<p>Experimente os benef\u00edcios do Tapete Shakti por si pr\u00f3prio. <strong>Encomendar hoje<\/strong> e d\u00ea ao seu corpo a aten\u00e7\u00e3o que ele merece!<\/p>","protected":false},"excerpt":{"rendered":"<p>Experimente o derradeiro relaxamento com o Colch\u00e3o Shakti e note rapidamente a diferen\u00e7a no seu bem-estar. Alivie as dores, melhore a sua circula\u00e7\u00e3o e reduza o stress com a utiliza\u00e7\u00e3o di\u00e1ria. Encomende j\u00e1 e d\u00ea ao seu corpo a aten\u00e7\u00e3o que ele merece!<\/p>","protected":false},"featured_media":100000014548,"comment_status":"open","ping_status":"closed","template":"","meta":[],"product_brand":[],"product_cat":[219],"product_tag":[],"class_list":{"0":"post-10906","1":"product","2":"type-product","3":"status-publish","4":"has-post-thumbnail","6":"product_cat-ontspanning","8":"first","9":"instock","10":"sale","11":"taxable","12":"shipping-taxable","13":"purchasable","14":"product-type-simple"},"yoast_head":"<!-- This site is optimized with the Yoast SEO plugin v27.4 - https:\/\/yoast.com\/product\/yoast-seo-wordpress\/ -->\n<title>Shakti Mat \u2013 Voor ontspanning, pijnverlichting en beter slapen \u2013 Inclusief Draagtas | Pure Health Store - evergetikon<\/title>\n<meta name=\"robots\" content=\"index, follow, max-snippet:-1, max-image-preview:large, max-video-preview:-1\" \/>\n<link rel=\"canonical\" href=\"https:\/\/evergetikon.eu\/pt\/produto\/tapete-shakti\/\" \/>\n<meta property=\"og:locale\" content=\"pt_PT\" \/>\n<meta property=\"og:type\" content=\"article\" \/>\n<meta property=\"og:title\" content=\"Shakti Mat \u2013 Voor ontspanning, pijnverlichting en beter slapen \u2013 Inclusief Draagtas | Pure Health Store - evergetikon\" \/>\n<meta property=\"og:description\" content=\"Ervaar ultieme ontspanning met de Shakti Mat en merk al snel het verschil in welzijn. Verlicht pijn, verbeter je bloedsomloop en verminder stress met dagelijks gebruik. Bestel nu en geef je lichaam de aandacht die het verdient!\" \/>\n<meta property=\"og:url\" content=\"https:\/\/evergetikon.eu\/pt\/produto\/tapete-shakti\/\" \/>\n<meta property=\"og:site_name\" content=\"evergetikon\" \/>\n<meta property=\"article:modified_time\" content=\"2025-12-15T21:55:56+00:00\" \/>\n<meta name=\"twitter:card\" content=\"summary_large_image\" \/>\n<meta name=\"twitter:label1\" content=\"Tempo estimado de leitura\" \/>\n\t<meta name=\"twitter:data1\" content=\"1 minuto\" \/>\n<script type=\"application\/ld+json\" class=\"yoast-schema-graph\">{\"@context\":\"https:\\\/\\\/schema.org\",\"@graph\":[{\"@type\":\"WebPage\",\"@id\":\"https:\\\/\\\/evergetikon.eu\\\/product\\\/shakti-mat\\\/\",\"url\":\"https:\\\/\\\/evergetikon.eu\\\/product\\\/shakti-mat\\\/\",\"name\":\"Shakti Mat \u2013 Voor ontspanning, pijnverlichting en beter slapen \u2013 Inclusief Draagtas | Pure Health Store - evergetikon\",\"isPartOf\":{\"@id\":\"https:\\\/\\\/evergetikon.eu\\\/#website\"},\"primaryImageOfPage\":{\"@id\":\"https:\\\/\\\/evergetikon.eu\\\/product\\\/shakti-mat\\\/#primaryimage\"},\"image\":{\"@id\":\"https:\\\/\\\/evergetikon.eu\\\/product\\\/shakti-mat\\\/#primaryimage\"},\"thumbnailUrl\":\"https:\\\/\\\/purehealthstore.nl\\\/wp-content\\\/uploads\\\/2024\\\/06\\\/acupressuur-mat.jpeg\",\"datePublished\":\"2024-06-22T13:35:56+00:00\",\"dateModified\":\"2025-12-15T21:55:56+00:00\",\"breadcrumb\":{\"@id\":\"https:\\\/\\\/evergetikon.eu\\\/product\\\/shakti-mat\\\/#breadcrumb\"},\"inLanguage\":\"pt-PT\",\"potentialAction\":[{\"@type\":\"ReadAction\",\"target\":[\"https:\\\/\\\/evergetikon.eu\\\/product\\\/shakti-mat\\\/\"]}]},{\"@type\":\"ImageObject\",\"inLanguage\":\"pt-PT\",\"@id\":\"https:\\\/\\\/evergetikon.eu\\\/product\\\/shakti-mat\\\/#primaryimage\",\"url\":\"https:\\\/\\\/purehealthstore.nl\\\/wp-content\\\/uploads\\\/2024\\\/06\\\/acupressuur-mat.jpeg\",\"contentUrl\":\"https:\\\/\\\/purehealthstore.nl\\\/wp-content\\\/uploads\\\/2024\\\/06\\\/acupressuur-mat.jpeg\"},{\"@type\":\"BreadcrumbList\",\"@id\":\"https:\\\/\\\/evergetikon.eu\\\/product\\\/shakti-mat\\\/#breadcrumb\",\"itemListElement\":[{\"@type\":\"ListItem\",\"position\":1,\"name\":\"Home\",\"item\":\"https:\\\/\\\/evergetikon.eu\\\/\"},{\"@type\":\"ListItem\",\"position\":2,\"name\":\"Shop\",\"item\":\"https:\\\/\\\/evergetikon.eu\\\/shop\\\/\"},{\"@type\":\"ListItem\",\"position\":3,\"name\":\"Shakti Mat \u2013 Voor ontspanning, pijnverlichting en beter slapen \u2013 Inclusief Draagtas | Pure Health Store\"}]},{\"@type\":\"WebSite\",\"@id\":\"https:\\\/\\\/evergetikon.eu\\\/#website\",\"url\":\"https:\\\/\\\/evergetikon.eu\\\/\",\"name\":\"evergetikon\",\"description\":\"\",\"publisher\":{\"@id\":\"https:\\\/\\\/evergetikon.eu\\\/#organization\"},\"potentialAction\":[{\"@type\":\"SearchAction\",\"target\":{\"@type\":\"EntryPoint\",\"urlTemplate\":\"https:\\\/\\\/evergetikon.eu\\\/?s={search_term_string}\"},\"query-input\":{\"@type\":\"PropertyValueSpecification\",\"valueRequired\":true,\"valueName\":\"search_term_string\"}}],\"inLanguage\":\"pt-PT\"},{\"@type\":\"Organization\",\"@id\":\"https:\\\/\\\/evergetikon.eu\\\/#organization\",\"name\":\"evergetikon\",\"url\":\"https:\\\/\\\/evergetikon.eu\\\/\",\"logo\":{\"@type\":\"ImageObject\",\"inLanguage\":\"pt-PT\",\"@id\":\"https:\\\/\\\/evergetikon.eu\\\/#\\\/schema\\\/logo\\\/image\\\/\",\"url\":\"https:\\\/\\\/evergetikon.eu\\\/wp-content\\\/uploads\\\/2025\\\/06\\\/Evergetikon-non-of.svg\",\"contentUrl\":\"https:\\\/\\\/evergetikon.eu\\\/wp-content\\\/uploads\\\/2025\\\/06\\\/Evergetikon-non-of.svg\",\"width\":229,\"height\":70,\"caption\":\"evergetikon\"},\"image\":{\"@id\":\"https:\\\/\\\/evergetikon.eu\\\/#\\\/schema\\\/logo\\\/image\\\/\"}}]}<\/script>\n<!-- \/ Yoast SEO plugin. -->","yoast_head_json":{"title":"Tapete Shakti - Para relaxar, aliviar as dores e dormir melhor - Inclui saco de transporte | Pure Health Store - evergetikon","robots":{"index":"index","follow":"follow","max-snippet":"max-snippet:-1","max-image-preview":"max-image-preview:large","max-video-preview":"max-video-preview:-1"},"canonical":"https:\/\/evergetikon.eu\/pt\/produto\/tapete-shakti\/","og_locale":"pt_PT","og_type":"article","og_title":"Shakti Mat \u2013 Voor ontspanning, pijnverlichting en beter slapen \u2013 Inclusief Draagtas | Pure Health Store - evergetikon","og_description":"Ervaar ultieme ontspanning met de Shakti Mat en merk al snel het verschil in welzijn. Verlicht pijn, verbeter je bloedsomloop en verminder stress met dagelijks gebruik. Bestel nu en geef je lichaam de aandacht die het verdient!","og_url":"https:\/\/evergetikon.eu\/pt\/produto\/tapete-shakti\/","og_site_name":"evergetikon","article_modified_time":"2025-12-15T21:55:56+00:00","twitter_card":"summary_large_image","twitter_misc":{"Tempo estimado de leitura":"1 minuto"},"schema":{"@context":"https:\/\/schema.org","@graph":[{"@type":"WebPage","@id":"https:\/\/evergetikon.eu\/product\/shakti-mat\/","url":"https:\/\/evergetikon.eu\/product\/shakti-mat\/","name":"Tapete Shakti - Para relaxar, aliviar as dores e dormir melhor - Inclui saco de transporte | Pure Health Store - evergetikon","isPartOf":{"@id":"https:\/\/evergetikon.eu\/#website"},"primaryImageOfPage":{"@id":"https:\/\/evergetikon.eu\/product\/shakti-mat\/#primaryimage"},"image":{"@id":"https:\/\/evergetikon.eu\/product\/shakti-mat\/#primaryimage"},"thumbnailUrl":"https:\/\/purehealthstore.nl\/wp-content\/uploads\/2024\/06\/acupressuur-mat.jpeg","datePublished":"2024-06-22T13:35:56+00:00","dateModified":"2025-12-15T21:55:56+00:00","breadcrumb":{"@id":"https:\/\/evergetikon.eu\/product\/shakti-mat\/#breadcrumb"},"inLanguage":"pt-PT","potentialAction":[{"@type":"ReadAction","target":["https:\/\/evergetikon.eu\/product\/shakti-mat\/"]}]},{"@type":"ImageObject","inLanguage":"pt-PT","@id":"https:\/\/evergetikon.eu\/product\/shakti-mat\/#primaryimage","url":"https:\/\/purehealthstore.nl\/wp-content\/uploads\/2024\/06\/acupressuur-mat.jpeg","contentUrl":"https:\/\/purehealthstore.nl\/wp-content\/uploads\/2024\/06\/acupressuur-mat.jpeg"},{"@type":"BreadcrumbList","@id":"https:\/\/evergetikon.eu\/product\/shakti-mat\/#breadcrumb","itemListElement":[{"@type":"ListItem","position":1,"name":"Home","item":"https:\/\/evergetikon.eu\/"},{"@type":"ListItem","position":2,"name":"Shop","item":"https:\/\/evergetikon.eu\/shop\/"},{"@type":"ListItem","position":3,"name":"Shakti Mat \u2013 Voor ontspanning, pijnverlichting en beter slapen \u2013 Inclusief Draagtas | Pure Health Store"}]},{"@type":"WebSite","@id":"https:\/\/evergetikon.eu\/#website","url":"https:\/\/evergetikon.eu\/","name":"evergetikon","description":"","publisher":{"@id":"https:\/\/evergetikon.eu\/#organization"},"potentialAction":[{"@type":"SearchAction","target":{"@type":"EntryPoint","urlTemplate":"https:\/\/evergetikon.eu\/?s={search_term_string}"},"query-input":{"@type":"PropertyValueSpecification","valueRequired":true,"valueName":"search_term_string"}}],"inLanguage":"pt-PT"},{"@type":"Organization","@id":"https:\/\/evergetikon.eu\/#organization","name":"evergetikon","url":"https:\/\/evergetikon.eu\/","logo":{"@type":"ImageObject","inLanguage":"pt-PT","@id":"https:\/\/evergetikon.eu\/#\/schema\/logo\/image\/","url":"https:\/\/evergetikon.eu\/wp-content\/uploads\/2025\/06\/Evergetikon-non-of.svg","contentUrl":"https:\/\/evergetikon.eu\/wp-content\/uploads\/2025\/06\/Evergetikon-non-of.svg","width":229,"height":70,"caption":"evergetikon"},"image":{"@id":"https:\/\/evergetikon.eu\/#\/schema\/logo\/image\/"}}]}},"_links":{"self":[{"href":"https:\/\/evergetikon.eu\/pt\/wp-json\/wp\/v2\/product\/10906","targetHints":{"allow":["GET"]}}],"collection":[{"href":"https:\/\/evergetikon.eu\/pt\/wp-json\/wp\/v2\/product"}],"about":[{"href":"https:\/\/evergetikon.eu\/pt\/wp-json\/wp\/v2\/types\/product"}],"replies":[{"embeddable":true,"href":"https:\/\/evergetikon.eu\/pt\/wp-json\/wp\/v2\/comments?post=10906"}],"version-history":[{"count":0,"href":"https:\/\/evergetikon.eu\/pt\/wp-json\/wp\/v2\/product\/10906\/revisions"}],"wp:featuredmedia":[{"embeddable":true,"href":"https:\/\/evergetikon.eu\/pt\/wp-json\/"}],"wp:attachment":[{"href":"https:\/\/evergetikon.eu\/pt\/wp-json\/wp\/v2\/media?parent=10906"}],"wp:term":[{"taxonomy":"product_brand","embeddable":true,"href":"https:\/\/evergetikon.eu\/pt\/wp-json\/wp\/v2\/product_brand?post=10906"},{"taxonomy":"product_cat","embeddable":true,"href":"https:\/\/evergetikon.eu\/pt\/wp-json\/wp\/v2\/product_cat?post=10906"},{"taxonomy":"product_tag","embeddable":true,"href":"https:\/\/evergetikon.eu\/pt\/wp-json\/wp\/v2\/product_tag?post=10906"}],"curies":[{"name":"wp","href":"https:\/\/api.w.org\/{rel}","templated":true}]}}