{"id":9050,"date":"2024-08-29T18:26:35","date_gmt":"2024-08-29T18:26:35","guid":{"rendered":"https:\/\/evergetikon.eu\/product\/etherische-olie-set-van-eucalyptus-rozemarijn-pepermunt\/"},"modified":"2025-10-11T17:44:20","modified_gmt":"2025-10-11T17:44:20","slug":"etherische-olie-set-van-eucalyptus-rozemarijn-pepermunt","status":"publish","type":"product","link":"https:\/\/evergetikon.eu\/it\/prodotto\/set-di-oli-essenziali-di-eucalipto-rosmarino-menta-piperita\/","title":{"rendered":"Olio essenziale - set di eucalipto, rosmarino e menta piperita"},"content":{"rendered":"<h2>Provate il potere del ristoro naturale<\/h2>\n<p>Scoprite la versatilit\u00e0 e la freschezza del <strong>Set di oli essenziali<\/strong>Una combinazione unica di eucalipto, rosmarino e menta piperita. Questo set accuratamente curato non solo porta i meravigliosi aromi della natura direttamente a casa vostra, ma offre anche una serie di benefici per il vostro benessere.<\/p>\n<h2>Perch\u00e9 scegliere il nostro set di oli essenziali?<\/h2>\n<p><strong>Olio di eucalipto<\/strong> \u00e8 noto per le sue propriet\u00e0 purificanti. \u00c8 ideale per alleviare le vie respiratorie e creare un'atmosfera rinvigorente. Sia che si soffra di allergie stagionali o che si voglia semplicemente respirare in modo fresco, l'eucalipto offre sollievo e una sensazione di pulizia.<\/p>\n<p>Con <strong>Olio di rosmarino<\/strong> non solo aggiunge un profumo caldo e legnoso all'ambiente, ma stimola anche la mente. Ideale per migliorare la concentrazione e favorire la chiarezza di pensiero durante gli sforzi mentali pi\u00f9 intensi.<\/p>\n<p>Inoltre, <strong>Olio di menta piperita<\/strong> Una sensazione rinfrescante e refrigerante. Ideale per alleviare la tensione dopo una lunga giornata, l'olio di menta piperita stimola sia il corpo che la mente. Sia che abbiate bisogno di un'iniezione di energia, sia che vogliate semplicemente rilassarvi, la menta piperita \u00e8 la scelta perfetta.<\/p>\n<h2>Create la vostra oasi personale<\/h2>\n<p>Questo set di oli essenziali invita a un mondo di benessere naturale nella vostra vita quotidiana. Perfetto per l'aromaterapia o semplicemente per abbellire e rinfrescare il vostro spazio personale. Trasforma ogni stanza in un'oasi personale di benessere e tranquillit\u00e0.<\/p>\n<p>Abbracciate la natura nella sua forma pi\u00f9 pura e portate i vostri sensi al livello successivo con il nostro esclusivo set di oli essenziali. Aprite la porta a un mondo di salute naturale e scoprite oggi stesso l'armonia di eucalipto, rosmarino e menta piperita.<\/p>","protected":false},"excerpt":{"rendered":"<p>Immergetevi in profumi freschi e naturali con il nostro set di oli essenziali. Provate un'atmosfera rinvigorente grazie alla potente combinazione di eucalipto, rosmarino e menta piperita. Portate benessere e tranquillit\u00e0 in ogni stanza e sperimentate i benefici di questa composizione unica a casa vostra.<\/p>","protected":false},"featured_media":9049,"comment_status":"closed","ping_status":"closed","template":"","meta":[],"product_brand":[],"product_cat":[216,33,34],"product_tag":[],"class_list":{"0":"post-9050","1":"product","2":"type-product","3":"status-publish","4":"has-post-thumbnail","6":"product_cat-black-friday","7":"product_cat-cadeaus","8":"product_cat-verzorgingssets","10":"first","11":"instock","12":"taxable","13":"shipping-taxable","14":"purchasable","15":"product-type-simple"},"yoast_head":"<!-- This site is optimized with the Yoast SEO plugin v27.4 - https:\/\/yoast.com\/product\/yoast-seo-wordpress\/ -->\n<title>Etherische olie - set van eucalyptus, rozemarijn, pepermunt - evergetikon<\/title>\n<meta name=\"robots\" content=\"index, follow, max-snippet:-1, max-image-preview:large, max-video-preview:-1\" \/>\n<link rel=\"canonical\" href=\"https:\/\/evergetikon.eu\/it\/prodotto\/set-di-oli-essenziali-di-eucalipto-rosmarino-menta-piperita\/\" \/>\n<meta property=\"og:locale\" content=\"it_IT\" \/>\n<meta property=\"og:type\" content=\"article\" \/>\n<meta property=\"og:title\" content=\"Etherische olie - set van eucalyptus, rozemarijn, pepermunt - evergetikon\" \/>\n<meta property=\"og:description\" content=\"Dompel jezelf onder in de frisse, natuurlijke geuren met onze Etherische Olie Set. Beleef een verkwikkende atmosfeer dankzij de krachtige combinatie van eucalyptus, rozemarijn en pepermunt. Breng welzijn en rust in elke ruimte en ervaar de voordelen van deze unieke samenstelling in uw eigen huis.\" \/>\n<meta property=\"og:url\" content=\"https:\/\/evergetikon.eu\/it\/prodotto\/set-di-oli-essenziali-di-eucalipto-rosmarino-menta-piperita\/\" \/>\n<meta property=\"og:site_name\" content=\"evergetikon\" \/>\n<meta property=\"article:modified_time\" content=\"2025-10-11T17:44:20+00:00\" \/>\n<meta property=\"og:image\" content=\"https:\/\/evergetikon.eu\/wp-content\/uploads\/2024\/12\/etherische-olie-set-2.png\" \/>\n\t<meta property=\"og:image:width\" content=\"1024\" \/>\n\t<meta property=\"og:image:height\" content=\"861\" \/>\n\t<meta property=\"og:image:type\" content=\"image\/png\" \/>\n<meta name=\"twitter:card\" content=\"summary_large_image\" \/>\n<meta name=\"twitter:label1\" content=\"Tempo di lettura stimato\" \/>\n\t<meta name=\"twitter:data1\" content=\"1 minuto\" \/>\n<script type=\"application\/ld+json\" class=\"yoast-schema-graph\">{\"@context\":\"https:\\\/\\\/schema.org\",\"@graph\":[{\"@type\":\"WebPage\",\"@id\":\"https:\\\/\\\/evergetikon.eu\\\/product\\\/etherische-olie-set-van-eucalyptus-rozemarijn-pepermunt\\\/\",\"url\":\"https:\\\/\\\/evergetikon.eu\\\/product\\\/etherische-olie-set-van-eucalyptus-rozemarijn-pepermunt\\\/\",\"name\":\"Etherische olie - set van eucalyptus, rozemarijn, pepermunt - evergetikon\",\"isPartOf\":{\"@id\":\"https:\\\/\\\/evergetikon.eu\\\/#website\"},\"primaryImageOfPage\":{\"@id\":\"https:\\\/\\\/evergetikon.eu\\\/product\\\/etherische-olie-set-van-eucalyptus-rozemarijn-pepermunt\\\/#primaryimage\"},\"image\":{\"@id\":\"https:\\\/\\\/evergetikon.eu\\\/product\\\/etherische-olie-set-van-eucalyptus-rozemarijn-pepermunt\\\/#primaryimage\"},\"thumbnailUrl\":\"https:\\\/\\\/evergetikon.eu\\\/wp-content\\\/uploads\\\/2024\\\/12\\\/etherische-olie-set-2.png\",\"datePublished\":\"2024-08-29T18:26:35+00:00\",\"dateModified\":\"2025-10-11T17:44:20+00:00\",\"breadcrumb\":{\"@id\":\"https:\\\/\\\/evergetikon.eu\\\/product\\\/etherische-olie-set-van-eucalyptus-rozemarijn-pepermunt\\\/#breadcrumb\"},\"inLanguage\":\"it-IT\",\"potentialAction\":[{\"@type\":\"ReadAction\",\"target\":[\"https:\\\/\\\/evergetikon.eu\\\/product\\\/etherische-olie-set-van-eucalyptus-rozemarijn-pepermunt\\\/\"]}]},{\"@type\":\"ImageObject\",\"inLanguage\":\"it-IT\",\"@id\":\"https:\\\/\\\/evergetikon.eu\\\/product\\\/etherische-olie-set-van-eucalyptus-rozemarijn-pepermunt\\\/#primaryimage\",\"url\":\"https:\\\/\\\/evergetikon.eu\\\/wp-content\\\/uploads\\\/2024\\\/12\\\/etherische-olie-set-2.png\",\"contentUrl\":\"https:\\\/\\\/evergetikon.eu\\\/wp-content\\\/uploads\\\/2024\\\/12\\\/etherische-olie-set-2.png\",\"width\":1024,\"height\":861,\"caption\":\"etherische olie set 2\"},{\"@type\":\"BreadcrumbList\",\"@id\":\"https:\\\/\\\/evergetikon.eu\\\/product\\\/etherische-olie-set-van-eucalyptus-rozemarijn-pepermunt\\\/#breadcrumb\",\"itemListElement\":[{\"@type\":\"ListItem\",\"position\":1,\"name\":\"Home\",\"item\":\"https:\\\/\\\/evergetikon.eu\\\/\"},{\"@type\":\"ListItem\",\"position\":2,\"name\":\"Shop\",\"item\":\"https:\\\/\\\/evergetikon.eu\\\/shop\\\/\"},{\"@type\":\"ListItem\",\"position\":3,\"name\":\"Etherische olie &#8211; set van eucalyptus, rozemarijn, pepermunt\"}]},{\"@type\":\"WebSite\",\"@id\":\"https:\\\/\\\/evergetikon.eu\\\/#website\",\"url\":\"https:\\\/\\\/evergetikon.eu\\\/\",\"name\":\"evergetikon\",\"description\":\"\",\"publisher\":{\"@id\":\"https:\\\/\\\/evergetikon.eu\\\/#organization\"},\"potentialAction\":[{\"@type\":\"SearchAction\",\"target\":{\"@type\":\"EntryPoint\",\"urlTemplate\":\"https:\\\/\\\/evergetikon.eu\\\/?s={search_term_string}\"},\"query-input\":{\"@type\":\"PropertyValueSpecification\",\"valueRequired\":true,\"valueName\":\"search_term_string\"}}],\"inLanguage\":\"it-IT\"},{\"@type\":\"Organization\",\"@id\":\"https:\\\/\\\/evergetikon.eu\\\/#organization\",\"name\":\"evergetikon\",\"url\":\"https:\\\/\\\/evergetikon.eu\\\/\",\"logo\":{\"@type\":\"ImageObject\",\"inLanguage\":\"it-IT\",\"@id\":\"https:\\\/\\\/evergetikon.eu\\\/#\\\/schema\\\/logo\\\/image\\\/\",\"url\":\"https:\\\/\\\/evergetikon.eu\\\/wp-content\\\/uploads\\\/2025\\\/06\\\/Evergetikon-non-of.svg\",\"contentUrl\":\"https:\\\/\\\/evergetikon.eu\\\/wp-content\\\/uploads\\\/2025\\\/06\\\/Evergetikon-non-of.svg\",\"width\":229,\"height\":70,\"caption\":\"evergetikon\"},\"image\":{\"@id\":\"https:\\\/\\\/evergetikon.eu\\\/#\\\/schema\\\/logo\\\/image\\\/\"}}]}<\/script>\n<!-- \/ Yoast SEO plugin. -->","yoast_head_json":{"title":"Olio essenziale - set di eucalipto, rosmarino, menta piperita - evergetikon","robots":{"index":"index","follow":"follow","max-snippet":"max-snippet:-1","max-image-preview":"max-image-preview:large","max-video-preview":"max-video-preview:-1"},"canonical":"https:\/\/evergetikon.eu\/it\/prodotto\/set-di-oli-essenziali-di-eucalipto-rosmarino-menta-piperita\/","og_locale":"it_IT","og_type":"article","og_title":"Etherische olie - set van eucalyptus, rozemarijn, pepermunt - evergetikon","og_description":"Dompel jezelf onder in de frisse, natuurlijke geuren met onze Etherische Olie Set. Beleef een verkwikkende atmosfeer dankzij de krachtige combinatie van eucalyptus, rozemarijn en pepermunt. Breng welzijn en rust in elke ruimte en ervaar de voordelen van deze unieke samenstelling in uw eigen huis.","og_url":"https:\/\/evergetikon.eu\/it\/prodotto\/set-di-oli-essenziali-di-eucalipto-rosmarino-menta-piperita\/","og_site_name":"evergetikon","article_modified_time":"2025-10-11T17:44:20+00:00","og_image":[{"width":1024,"height":861,"url":"https:\/\/evergetikon.eu\/wp-content\/uploads\/2024\/12\/etherische-olie-set-2.png","type":"image\/png"}],"twitter_card":"summary_large_image","twitter_misc":{"Tempo di lettura stimato":"1 minuto"},"schema":{"@context":"https:\/\/schema.org","@graph":[{"@type":"WebPage","@id":"https:\/\/evergetikon.eu\/product\/etherische-olie-set-van-eucalyptus-rozemarijn-pepermunt\/","url":"https:\/\/evergetikon.eu\/product\/etherische-olie-set-van-eucalyptus-rozemarijn-pepermunt\/","name":"Olio essenziale - set di eucalipto, rosmarino, menta piperita - evergetikon","isPartOf":{"@id":"https:\/\/evergetikon.eu\/#website"},"primaryImageOfPage":{"@id":"https:\/\/evergetikon.eu\/product\/etherische-olie-set-van-eucalyptus-rozemarijn-pepermunt\/#primaryimage"},"image":{"@id":"https:\/\/evergetikon.eu\/product\/etherische-olie-set-van-eucalyptus-rozemarijn-pepermunt\/#primaryimage"},"thumbnailUrl":"https:\/\/evergetikon.eu\/wp-content\/uploads\/2024\/12\/etherische-olie-set-2.png","datePublished":"2024-08-29T18:26:35+00:00","dateModified":"2025-10-11T17:44:20+00:00","breadcrumb":{"@id":"https:\/\/evergetikon.eu\/product\/etherische-olie-set-van-eucalyptus-rozemarijn-pepermunt\/#breadcrumb"},"inLanguage":"it-IT","potentialAction":[{"@type":"ReadAction","target":["https:\/\/evergetikon.eu\/product\/etherische-olie-set-van-eucalyptus-rozemarijn-pepermunt\/"]}]},{"@type":"ImageObject","inLanguage":"it-IT","@id":"https:\/\/evergetikon.eu\/product\/etherische-olie-set-van-eucalyptus-rozemarijn-pepermunt\/#primaryimage","url":"https:\/\/evergetikon.eu\/wp-content\/uploads\/2024\/12\/etherische-olie-set-2.png","contentUrl":"https:\/\/evergetikon.eu\/wp-content\/uploads\/2024\/12\/etherische-olie-set-2.png","width":1024,"height":861,"caption":"etherische olie set 2"},{"@type":"BreadcrumbList","@id":"https:\/\/evergetikon.eu\/product\/etherische-olie-set-van-eucalyptus-rozemarijn-pepermunt\/#breadcrumb","itemListElement":[{"@type":"ListItem","position":1,"name":"Home","item":"https:\/\/evergetikon.eu\/"},{"@type":"ListItem","position":2,"name":"Shop","item":"https:\/\/evergetikon.eu\/shop\/"},{"@type":"ListItem","position":3,"name":"Etherische olie &#8211; set van eucalyptus, rozemarijn, pepermunt"}]},{"@type":"WebSite","@id":"https:\/\/evergetikon.eu\/#website","url":"https:\/\/evergetikon.eu\/","name":"evergetikon","description":"","publisher":{"@id":"https:\/\/evergetikon.eu\/#organization"},"potentialAction":[{"@type":"SearchAction","target":{"@type":"EntryPoint","urlTemplate":"https:\/\/evergetikon.eu\/?s={search_term_string}"},"query-input":{"@type":"PropertyValueSpecification","valueRequired":true,"valueName":"search_term_string"}}],"inLanguage":"it-IT"},{"@type":"Organization","@id":"https:\/\/evergetikon.eu\/#organization","name":"evergetikon","url":"https:\/\/evergetikon.eu\/","logo":{"@type":"ImageObject","inLanguage":"it-IT","@id":"https:\/\/evergetikon.eu\/#\/schema\/logo\/image\/","url":"https:\/\/evergetikon.eu\/wp-content\/uploads\/2025\/06\/Evergetikon-non-of.svg","contentUrl":"https:\/\/evergetikon.eu\/wp-content\/uploads\/2025\/06\/Evergetikon-non-of.svg","width":229,"height":70,"caption":"evergetikon"},"image":{"@id":"https:\/\/evergetikon.eu\/#\/schema\/logo\/image\/"}}]}},"_links":{"self":[{"href":"https:\/\/evergetikon.eu\/it\/wp-json\/wp\/v2\/product\/9050","targetHints":{"allow":["GET"]}}],"collection":[{"href":"https:\/\/evergetikon.eu\/it\/wp-json\/wp\/v2\/product"}],"about":[{"href":"https:\/\/evergetikon.eu\/it\/wp-json\/wp\/v2\/types\/product"}],"replies":[{"embeddable":true,"href":"https:\/\/evergetikon.eu\/it\/wp-json\/wp\/v2\/comments?post=9050"}],"version-history":[{"count":0,"href":"https:\/\/evergetikon.eu\/it\/wp-json\/wp\/v2\/product\/9050\/revisions"}],"wp:featuredmedia":[{"embeddable":true,"href":"https:\/\/evergetikon.eu\/it\/wp-json\/wp\/v2\/media\/9049"}],"wp:attachment":[{"href":"https:\/\/evergetikon.eu\/it\/wp-json\/wp\/v2\/media?parent=9050"}],"wp:term":[{"taxonomy":"product_brand","embeddable":true,"href":"https:\/\/evergetikon.eu\/it\/wp-json\/wp\/v2\/product_brand?post=9050"},{"taxonomy":"product_cat","embeddable":true,"href":"https:\/\/evergetikon.eu\/it\/wp-json\/wp\/v2\/product_cat?post=9050"},{"taxonomy":"product_tag","embeddable":true,"href":"https:\/\/evergetikon.eu\/it\/wp-json\/wp\/v2\/product_tag?post=9050"}],"curies":[{"name":"wp","href":"https:\/\/api.w.org\/{rel}","templated":true}]}}