{"id":235,"date":"2022-09-27T18:29:33","date_gmt":"2022-09-27T18:29:33","guid":{"rendered":"https:\/\/evergetikon.nl\/?product=after-sun-aloe-evergetikon"},"modified":"2026-04-16T10:12:51","modified_gmt":"2026-04-16T10:12:51","slug":"after-sun-aloe-evergetikon","status":"publish","type":"product","link":"https:\/\/evergetikon.eu\/it\/prodotto\/doposole-allaloe-evergetikon\/","title":{"rendered":"Gel doposole con aloe vera - Evergetikon"},"content":{"rendered":"<p>L'olio di mandorle e l'olio extravergine di oliva ammorbidiscono la pelle, proteggono dalla perdita di idratazione e sono ricchi di vitamina E. La vitamina E \u00e8 un forte antiossidante che impedisce ai raggi solari nocivi di danneggiare la pelle. La calendula contenuta nel gel \u00e8 nota fin dall'antichit\u00e0 ed \u00e8 stata utilizzata per secoli come uno dei primi rimedi per le scottature solari gravi quando la pelle \u00e8 fortemente screpolata. L'olio di calendula \u00e8 ricco di vitamine naturali A, B1, B2, C ed E. L'olio di calendula ha eccellenti propriet\u00e0 curative per la pelle leggermente irritata, lenisce e calma la pelle sensibile.<\/p>\n<p>La lavanda \u00e8 uno dei primi rimedi per le ustioni, in quanto lenisce la pelle e riduce il dolore della scottatura. Gli antichi usavano la lavanda per trattare anche le ustioni pi\u00f9 gravi sulla pelle. La camomilla lenisce e ammorbidisce, quindi \u00e8 perfetta quando la pelle diventa estremamente sensibile e secca dopo un'ustione.<\/p>\n<p>Utilizzabile! Conservare questo gel in frigorifero per mantenerlo fresco dopo l'abbronzatura e ricordarsi di bere molta acqua dopo l'abbronzatura. Adatto a tutta la famiglia.<\/p>\n<p><strong>Come si usa:<\/strong>\u00a0Applicare delicatamente il \"Gel doposole Aloe Vera e Camomilla\" sulla pelle pulita e lasciare agire.<\/p>\n<p><strong>Ingredienti:\u00a0<\/strong>\u00a0Succo di foglie di Aloe barbadensis, olio di fiori di Calendula Officinalis (\u03bfil di calendula), olio di Prunus Amygdalus Dulcis (mandorle dolci), olio di frutti di Olea Europaea (oliva) olio extravergine di oliva \"cretese\", olio di Lavandula Angustifolia (lavanda), olio di Hypericum Perforatum (olio di iperico), olio di frutti di Citrus Aurantium Bergamia (bergamotto), olio di fiori di Anthemis Nobilis.<\/p>","protected":false},"excerpt":{"rendered":"<p>Gel doposole delicato e rinfrescante con Aloe Vera e camomilla per corpo e viso. Questo gel si assorbe molto facilmente dopo l'esposizione al sole e ravviva la pelle accaldata, che richiede la massima idratazione possibile dopo il sole cocente. La sua consistenza morbida \u00e8 facile da applicare e non lascia residui oleosi sulla pelle. Aloe Vera dopo l'abbronzatura (Aljo\u0161ius, alavijas), nota come uno degli ingredienti pi\u00f9 preziosi per la pelle danneggiata dal sole. Questo gel con aloe vera \u00e8 stato studiato per aiutare la pelle a recuperare e reidratarsi pi\u00f9 velocemente, quindi tutti gli ingredienti si completano a vicenda.<\/p>","protected":false},"featured_media":234,"comment_status":"open","ping_status":"closed","template":"","meta":[],"product_brand":[],"product_cat":[132,26,41],"product_tag":[],"class_list":{"0":"post-235","1":"product","2":"type-product","3":"status-publish","4":"has-post-thumbnail","6":"product_cat-aloe-vera","7":"product_cat-lichaamsverzorging","8":"product_cat-zon-bescherming-lichaam","10":"first","11":"instock","12":"taxable","13":"shipping-taxable","14":"purchasable","15":"product-type-simple"},"yoast_head":"<!-- This site is optimized with the Yoast SEO plugin v27.3 - https:\/\/yoast.com\/product\/yoast-seo-wordpress\/ -->\n<title>After sun gel met alo\u00eb vera - Evergetikon - evergetikon<\/title>\n<meta name=\"robots\" content=\"index, follow, max-snippet:-1, max-image-preview:large, max-video-preview:-1\" \/>\n<link rel=\"canonical\" href=\"https:\/\/evergetikon.eu\/it\/prodotto\/doposole-allaloe-evergetikon\/\" \/>\n<meta property=\"og:locale\" content=\"it_IT\" \/>\n<meta property=\"og:type\" content=\"article\" \/>\n<meta property=\"og:title\" content=\"After sun gel met alo\u00eb vera - Evergetikon - evergetikon\" \/>\n<meta property=\"og:description\" content=\"Zachte en verfrissende aftersungel met Alo\u00eb Vera en kamille voor lichaam en gezicht.\u00a0Deze gel wordt zeer gemakkelijk opgenomen na het zonnebaden en doet de verwarmde huid herleven, die na de hete zon om een \u200b\u200bzo sterk mogelijke hydratatie vraagt.\u00a0De zachte consistentie is gemakkelijk aan te brengen en laat geen olieachtig residu achter op de huid.\u00a0Alo\u00eb Vera na het bruinen (Aljo\u0161ius, alavijas), bekend als een van de meest waardevolle ingredi\u00ebnten voor de door de zon beschadigde huid.\u00a0Deze gel met alo\u00eb vera is ontworpen om de huid sneller te laten herstellen en rehydrateren, zodat alle ingredi\u00ebnten elkaar aanvullen.\" \/>\n<meta property=\"og:url\" content=\"https:\/\/evergetikon.eu\/it\/prodotto\/doposole-allaloe-evergetikon\/\" \/>\n<meta property=\"og:site_name\" content=\"evergetikon\" \/>\n<meta property=\"article:modified_time\" content=\"2026-04-16T10:12:51+00:00\" \/>\n<meta property=\"og:image\" content=\"https:\/\/evergetikon.eu\/wp-content\/uploads\/2024\/06\/after-sun-aloe-vera.jpg\" \/>\n\t<meta property=\"og:image:width\" content=\"800\" \/>\n\t<meta property=\"og:image:height\" content=\"800\" \/>\n\t<meta property=\"og:image:type\" content=\"image\/jpeg\" \/>\n<meta name=\"twitter:card\" content=\"summary_large_image\" \/>\n<meta name=\"twitter:label1\" content=\"Tempo di lettura stimato\" \/>\n\t<meta name=\"twitter:data1\" content=\"1 minuto\" \/>\n<script type=\"application\/ld+json\" class=\"yoast-schema-graph\">{\"@context\":\"https:\\\/\\\/schema.org\",\"@graph\":[{\"@type\":\"WebPage\",\"@id\":\"https:\\\/\\\/evergetikon.eu\\\/product\\\/after-sun-aloe-evergetikon\\\/\",\"url\":\"https:\\\/\\\/evergetikon.eu\\\/product\\\/after-sun-aloe-evergetikon\\\/\",\"name\":\"After sun gel met alo\u00eb vera - Evergetikon - evergetikon\",\"isPartOf\":{\"@id\":\"https:\\\/\\\/evergetikon.eu\\\/#website\"},\"primaryImageOfPage\":{\"@id\":\"https:\\\/\\\/evergetikon.eu\\\/product\\\/after-sun-aloe-evergetikon\\\/#primaryimage\"},\"image\":{\"@id\":\"https:\\\/\\\/evergetikon.eu\\\/product\\\/after-sun-aloe-evergetikon\\\/#primaryimage\"},\"thumbnailUrl\":\"https:\\\/\\\/exomh4ku2ih.exactdn.com\\\/wp-content\\\/uploads\\\/2024\\\/06\\\/after-sun-aloe-vera.jpg?strip=all\",\"datePublished\":\"2022-09-27T18:29:33+00:00\",\"dateModified\":\"2026-04-16T10:12:51+00:00\",\"breadcrumb\":{\"@id\":\"https:\\\/\\\/evergetikon.eu\\\/product\\\/after-sun-aloe-evergetikon\\\/#breadcrumb\"},\"inLanguage\":\"it-IT\",\"potentialAction\":[{\"@type\":\"ReadAction\",\"target\":[\"https:\\\/\\\/evergetikon.eu\\\/product\\\/after-sun-aloe-evergetikon\\\/\"]}]},{\"@type\":\"ImageObject\",\"inLanguage\":\"it-IT\",\"@id\":\"https:\\\/\\\/evergetikon.eu\\\/product\\\/after-sun-aloe-evergetikon\\\/#primaryimage\",\"url\":\"https:\\\/\\\/exomh4ku2ih.exactdn.com\\\/wp-content\\\/uploads\\\/2024\\\/06\\\/after-sun-aloe-vera.jpg?strip=all\",\"contentUrl\":\"https:\\\/\\\/exomh4ku2ih.exactdn.com\\\/wp-content\\\/uploads\\\/2024\\\/06\\\/after-sun-aloe-vera.jpg?strip=all\",\"width\":800,\"height\":800,\"caption\":\"after sun aloe vera\"},{\"@type\":\"BreadcrumbList\",\"@id\":\"https:\\\/\\\/evergetikon.eu\\\/product\\\/after-sun-aloe-evergetikon\\\/#breadcrumb\",\"itemListElement\":[{\"@type\":\"ListItem\",\"position\":1,\"name\":\"Home\",\"item\":\"https:\\\/\\\/evergetikon.eu\\\/\"},{\"@type\":\"ListItem\",\"position\":2,\"name\":\"Shop\",\"item\":\"https:\\\/\\\/evergetikon.eu\\\/shop\\\/\"},{\"@type\":\"ListItem\",\"position\":3,\"name\":\"After sun gel met alo\u00eb vera &#8211; Evergetikon\"}]},{\"@type\":\"WebSite\",\"@id\":\"https:\\\/\\\/evergetikon.eu\\\/#website\",\"url\":\"https:\\\/\\\/evergetikon.eu\\\/\",\"name\":\"evergetikon\",\"description\":\"\",\"publisher\":{\"@id\":\"https:\\\/\\\/evergetikon.eu\\\/#organization\"},\"potentialAction\":[{\"@type\":\"SearchAction\",\"target\":{\"@type\":\"EntryPoint\",\"urlTemplate\":\"https:\\\/\\\/evergetikon.eu\\\/?s={search_term_string}\"},\"query-input\":{\"@type\":\"PropertyValueSpecification\",\"valueRequired\":true,\"valueName\":\"search_term_string\"}}],\"inLanguage\":\"it-IT\"},{\"@type\":\"Organization\",\"@id\":\"https:\\\/\\\/evergetikon.eu\\\/#organization\",\"name\":\"evergetikon\",\"url\":\"https:\\\/\\\/evergetikon.eu\\\/\",\"logo\":{\"@type\":\"ImageObject\",\"inLanguage\":\"it-IT\",\"@id\":\"https:\\\/\\\/evergetikon.eu\\\/#\\\/schema\\\/logo\\\/image\\\/\",\"url\":\"https:\\\/\\\/exomh4ku2ih.exactdn.com\\\/wp-content\\\/uploads\\\/2025\\\/06\\\/Evergetikon-non-of.svg\",\"contentUrl\":\"https:\\\/\\\/exomh4ku2ih.exactdn.com\\\/wp-content\\\/uploads\\\/2025\\\/06\\\/Evergetikon-non-of.svg\",\"width\":229,\"height\":70,\"caption\":\"evergetikon\"},\"image\":{\"@id\":\"https:\\\/\\\/evergetikon.eu\\\/#\\\/schema\\\/logo\\\/image\\\/\"}}]}<\/script>\n<!-- \/ Yoast SEO plugin. -->","yoast_head_json":{"title":"Gel doposole con aloe vera - Evergetikon","robots":{"index":"index","follow":"follow","max-snippet":"max-snippet:-1","max-image-preview":"max-image-preview:large","max-video-preview":"max-video-preview:-1"},"canonical":"https:\/\/evergetikon.eu\/it\/prodotto\/doposole-allaloe-evergetikon\/","og_locale":"it_IT","og_type":"article","og_title":"After sun gel met alo\u00eb vera - Evergetikon - evergetikon","og_description":"Zachte en verfrissende aftersungel met Alo\u00eb Vera en kamille voor lichaam en gezicht.\u00a0Deze gel wordt zeer gemakkelijk opgenomen na het zonnebaden en doet de verwarmde huid herleven, die na de hete zon om een \u200b\u200bzo sterk mogelijke hydratatie vraagt.\u00a0De zachte consistentie is gemakkelijk aan te brengen en laat geen olieachtig residu achter op de huid.\u00a0Alo\u00eb Vera na het bruinen (Aljo\u0161ius, alavijas), bekend als een van de meest waardevolle ingredi\u00ebnten voor de door de zon beschadigde huid.\u00a0Deze gel met alo\u00eb vera is ontworpen om de huid sneller te laten herstellen en rehydrateren, zodat alle ingredi\u00ebnten elkaar aanvullen.","og_url":"https:\/\/evergetikon.eu\/it\/prodotto\/doposole-allaloe-evergetikon\/","og_site_name":"evergetikon","article_modified_time":"2026-04-16T10:12:51+00:00","og_image":[{"width":800,"height":800,"url":"https:\/\/evergetikon.eu\/wp-content\/uploads\/2024\/06\/after-sun-aloe-vera.jpg","type":"image\/jpeg"}],"twitter_card":"summary_large_image","twitter_misc":{"Tempo di lettura stimato":"1 minuto"},"schema":{"@context":"https:\/\/schema.org","@graph":[{"@type":"WebPage","@id":"https:\/\/evergetikon.eu\/product\/after-sun-aloe-evergetikon\/","url":"https:\/\/evergetikon.eu\/product\/after-sun-aloe-evergetikon\/","name":"Gel doposole con aloe vera - Evergetikon","isPartOf":{"@id":"https:\/\/evergetikon.eu\/#website"},"primaryImageOfPage":{"@id":"https:\/\/evergetikon.eu\/product\/after-sun-aloe-evergetikon\/#primaryimage"},"image":{"@id":"https:\/\/evergetikon.eu\/product\/after-sun-aloe-evergetikon\/#primaryimage"},"thumbnailUrl":"https:\/\/exomh4ku2ih.exactdn.com\/wp-content\/uploads\/2024\/06\/after-sun-aloe-vera.jpg?strip=all","datePublished":"2022-09-27T18:29:33+00:00","dateModified":"2026-04-16T10:12:51+00:00","breadcrumb":{"@id":"https:\/\/evergetikon.eu\/product\/after-sun-aloe-evergetikon\/#breadcrumb"},"inLanguage":"it-IT","potentialAction":[{"@type":"ReadAction","target":["https:\/\/evergetikon.eu\/product\/after-sun-aloe-evergetikon\/"]}]},{"@type":"ImageObject","inLanguage":"it-IT","@id":"https:\/\/evergetikon.eu\/product\/after-sun-aloe-evergetikon\/#primaryimage","url":"https:\/\/exomh4ku2ih.exactdn.com\/wp-content\/uploads\/2024\/06\/after-sun-aloe-vera.jpg?strip=all","contentUrl":"https:\/\/exomh4ku2ih.exactdn.com\/wp-content\/uploads\/2024\/06\/after-sun-aloe-vera.jpg?strip=all","width":800,"height":800,"caption":"after sun aloe vera"},{"@type":"BreadcrumbList","@id":"https:\/\/evergetikon.eu\/product\/after-sun-aloe-evergetikon\/#breadcrumb","itemListElement":[{"@type":"ListItem","position":1,"name":"Home","item":"https:\/\/evergetikon.eu\/"},{"@type":"ListItem","position":2,"name":"Shop","item":"https:\/\/evergetikon.eu\/shop\/"},{"@type":"ListItem","position":3,"name":"After sun gel met alo\u00eb vera &#8211; Evergetikon"}]},{"@type":"WebSite","@id":"https:\/\/evergetikon.eu\/#website","url":"https:\/\/evergetikon.eu\/","name":"evergetikon","description":"","publisher":{"@id":"https:\/\/evergetikon.eu\/#organization"},"potentialAction":[{"@type":"SearchAction","target":{"@type":"EntryPoint","urlTemplate":"https:\/\/evergetikon.eu\/?s={search_term_string}"},"query-input":{"@type":"PropertyValueSpecification","valueRequired":true,"valueName":"search_term_string"}}],"inLanguage":"it-IT"},{"@type":"Organization","@id":"https:\/\/evergetikon.eu\/#organization","name":"evergetikon","url":"https:\/\/evergetikon.eu\/","logo":{"@type":"ImageObject","inLanguage":"it-IT","@id":"https:\/\/evergetikon.eu\/#\/schema\/logo\/image\/","url":"https:\/\/exomh4ku2ih.exactdn.com\/wp-content\/uploads\/2025\/06\/Evergetikon-non-of.svg","contentUrl":"https:\/\/exomh4ku2ih.exactdn.com\/wp-content\/uploads\/2025\/06\/Evergetikon-non-of.svg","width":229,"height":70,"caption":"evergetikon"},"image":{"@id":"https:\/\/evergetikon.eu\/#\/schema\/logo\/image\/"}}]}},"_links":{"self":[{"href":"https:\/\/evergetikon.eu\/it\/wp-json\/wp\/v2\/product\/235","targetHints":{"allow":["GET"]}}],"collection":[{"href":"https:\/\/evergetikon.eu\/it\/wp-json\/wp\/v2\/product"}],"about":[{"href":"https:\/\/evergetikon.eu\/it\/wp-json\/wp\/v2\/types\/product"}],"replies":[{"embeddable":true,"href":"https:\/\/evergetikon.eu\/it\/wp-json\/wp\/v2\/comments?post=235"}],"version-history":[{"count":0,"href":"https:\/\/evergetikon.eu\/it\/wp-json\/wp\/v2\/product\/235\/revisions"}],"wp:featuredmedia":[{"embeddable":true,"href":"https:\/\/evergetikon.eu\/it\/wp-json\/wp\/v2\/media\/234"}],"wp:attachment":[{"href":"https:\/\/evergetikon.eu\/it\/wp-json\/wp\/v2\/media?parent=235"}],"wp:term":[{"taxonomy":"product_brand","embeddable":true,"href":"https:\/\/evergetikon.eu\/it\/wp-json\/wp\/v2\/product_brand?post=235"},{"taxonomy":"product_cat","embeddable":true,"href":"https:\/\/evergetikon.eu\/it\/wp-json\/wp\/v2\/product_cat?post=235"},{"taxonomy":"product_tag","embeddable":true,"href":"https:\/\/evergetikon.eu\/it\/wp-json\/wp\/v2\/product_tag?post=235"}],"curies":[{"name":"wp","href":"https:\/\/api.w.org\/{rel}","templated":true}]}}