{"id":111,"date":"2023-06-10T22:04:36","date_gmt":"2023-06-10T22:04:36","guid":{"rendered":"https:\/\/evergetikon.nl\/?product=natuurlijke-douchegel-bergamot-evergetikon"},"modified":"2026-03-24T20:43:00","modified_gmt":"2026-03-24T20:43:00","slug":"natuurlijke-douchegel-bergamot-evergetikon","status":"publish","type":"product","link":"https:\/\/evergetikon.eu\/it\/prodotto\/gel-doccia-naturale-al-bergamotto-evergetikon\/","title":{"rendered":"Gel doccia naturale - Bergamotto - Evergetikon"},"content":{"rendered":"<h2>Rilassatevi e rivitalizzatevi con il gel doccia naturale al bergamotto<\/h2>\n<p>Provate gli effetti benefici del nostro Gel Doccia Naturale, un piacere per il corpo e per la mente. La formula, ricca di ingredienti naturali 99%, \u00e8 stata appositamente studiata per mantenere la pelle morbida, idratata e luminosa mentre si gode di una doccia rinfrescante.<\/p>\n<p>L'olio di bergamotto \u00e8 il protagonista di questo delizioso gel doccia. Quest'olio essenziale \u00e8 noto per la sua capacit\u00e0 di risollevare l'umore e portare calma. Ideale quando ci si sente tristi o stressati, trasforma la doccia in un momento di puro relax.<\/p>\n<p>Il nostro gel doccia combina l'aloe vera, nutriente, e l'olivello spinoso, idratante, che contribuiscono a rendere la pelle liscia come la seta. L'olivello spinoso, ricca fonte di vitamina E, aiuta a proteggere la pelle dall'invecchiamento grazie alle sue potenti propriet\u00e0 antiossidanti.<\/p>\n<p>Inoltre, l'olio d'oliva naturale e l'olio di argan assicurano una pulizia profonda ma delicata, mantenendo gli oli essenziali e l'idratazione della pelle. Questo gel doccia \u00e8 perfetto per la pelle secca e sensibile di adulti e bambini.<\/p>\n<p>Portate l'esperienza della spa nel vostro bagno e godetevi il profumo persistente delle erbe dopo ogni doccia. Per una maggiore cura, seguite la doccia con oli naturali per mantenere la pelle morbida ed elastica.<\/p>","protected":false},"excerpt":{"rendered":"<p>Godetevi un momento di puro relax con il nostro Gel doccia al bergamotto naturale. La sua formula arricchita con 99% ingredienti naturali lascia la pelle liscia come la seta, idratata e luminosa. Lasciate che il profumo rinfrescante del bergamotto plachi i vostri sensi, anche quando vi sentite stressati.<\/p>","protected":false},"featured_media":100000017714,"comment_status":"closed","ping_status":"closed","template":"","meta":[],"product_brand":[],"product_cat":[46],"product_tag":[],"class_list":{"0":"post-111","1":"product","2":"type-product","3":"status-publish","4":"has-post-thumbnail","6":"product_cat-natuurlijke-douchegel","8":"first","9":"instock","10":"taxable","11":"shipping-taxable","12":"purchasable","13":"product-type-simple"},"yoast_head":"<!-- This site is optimized with the Yoast SEO plugin v27.4 - https:\/\/yoast.com\/product\/yoast-seo-wordpress\/ -->\n<title>Natuurlijke douchegel - Bergamot - Evergetikon - evergetikon<\/title>\n<meta name=\"robots\" content=\"index, follow, max-snippet:-1, max-image-preview:large, max-video-preview:-1\" \/>\n<link rel=\"canonical\" href=\"https:\/\/evergetikon.eu\/it\/prodotto\/gel-doccia-naturale-al-bergamotto-evergetikon\/\" \/>\n<meta property=\"og:locale\" content=\"it_IT\" \/>\n<meta property=\"og:type\" content=\"article\" \/>\n<meta property=\"og:title\" content=\"Natuurlijke douchegel - Bergamot - Evergetikon - evergetikon\" \/>\n<meta property=\"og:description\" content=\"Geniet van een moment van pure ontspanning met onze Natuurlijke Bergamot Douchegel. De verrijkte formule met 99% natuurlijke ingredi\u00ebnten zorgt voor een zijdezachte, gehydrateerde en stralende huid. Laat de verfrissende geur van bergamot je zintuigen kalmeren, zelfs als je je gestrest voelt.\" \/>\n<meta property=\"og:url\" content=\"https:\/\/evergetikon.eu\/it\/prodotto\/gel-doccia-naturale-al-bergamotto-evergetikon\/\" \/>\n<meta property=\"og:site_name\" content=\"evergetikon\" \/>\n<meta property=\"article:modified_time\" content=\"2026-03-24T20:43:00+00:00\" \/>\n<meta name=\"twitter:card\" content=\"summary_large_image\" \/>\n<meta name=\"twitter:label1\" content=\"Tempo di lettura stimato\" \/>\n\t<meta name=\"twitter:data1\" content=\"1 minuto\" \/>\n<script type=\"application\/ld+json\" class=\"yoast-schema-graph\">{\"@context\":\"https:\\\/\\\/schema.org\",\"@graph\":[{\"@type\":\"WebPage\",\"@id\":\"https:\\\/\\\/evergetikon.eu\\\/product\\\/natuurlijke-douchegel-bergamot-evergetikon\\\/\",\"url\":\"https:\\\/\\\/evergetikon.eu\\\/product\\\/natuurlijke-douchegel-bergamot-evergetikon\\\/\",\"name\":\"Natuurlijke douchegel - Bergamot - Evergetikon - evergetikon\",\"isPartOf\":{\"@id\":\"https:\\\/\\\/evergetikon.eu\\\/#website\"},\"primaryImageOfPage\":{\"@id\":\"https:\\\/\\\/evergetikon.eu\\\/product\\\/natuurlijke-douchegel-bergamot-evergetikon\\\/#primaryimage\"},\"image\":{\"@id\":\"https:\\\/\\\/evergetikon.eu\\\/product\\\/natuurlijke-douchegel-bergamot-evergetikon\\\/#primaryimage\"},\"thumbnailUrl\":\"https:\\\/\\\/purehealthstore.nl\\\/wp-content\\\/uploads\\\/2023\\\/06\\\/natuurlijke-douchegel-bergamot-evergetikon.png\",\"datePublished\":\"2023-06-10T22:04:36+00:00\",\"dateModified\":\"2026-03-24T20:43:00+00:00\",\"breadcrumb\":{\"@id\":\"https:\\\/\\\/evergetikon.eu\\\/product\\\/natuurlijke-douchegel-bergamot-evergetikon\\\/#breadcrumb\"},\"inLanguage\":\"it-IT\",\"potentialAction\":[{\"@type\":\"ReadAction\",\"target\":[\"https:\\\/\\\/evergetikon.eu\\\/product\\\/natuurlijke-douchegel-bergamot-evergetikon\\\/\"]}]},{\"@type\":\"ImageObject\",\"inLanguage\":\"it-IT\",\"@id\":\"https:\\\/\\\/evergetikon.eu\\\/product\\\/natuurlijke-douchegel-bergamot-evergetikon\\\/#primaryimage\",\"url\":\"https:\\\/\\\/purehealthstore.nl\\\/wp-content\\\/uploads\\\/2023\\\/06\\\/natuurlijke-douchegel-bergamot-evergetikon.png\",\"contentUrl\":\"https:\\\/\\\/purehealthstore.nl\\\/wp-content\\\/uploads\\\/2023\\\/06\\\/natuurlijke-douchegel-bergamot-evergetikon.png\"},{\"@type\":\"BreadcrumbList\",\"@id\":\"https:\\\/\\\/evergetikon.eu\\\/product\\\/natuurlijke-douchegel-bergamot-evergetikon\\\/#breadcrumb\",\"itemListElement\":[{\"@type\":\"ListItem\",\"position\":1,\"name\":\"Home\",\"item\":\"https:\\\/\\\/evergetikon.eu\\\/\"},{\"@type\":\"ListItem\",\"position\":2,\"name\":\"Shop\",\"item\":\"https:\\\/\\\/evergetikon.eu\\\/shop\\\/\"},{\"@type\":\"ListItem\",\"position\":3,\"name\":\"Natuurlijke douchegel &#8211; Bergamot &#8211; Evergetikon\"}]},{\"@type\":\"WebSite\",\"@id\":\"https:\\\/\\\/evergetikon.eu\\\/#website\",\"url\":\"https:\\\/\\\/evergetikon.eu\\\/\",\"name\":\"evergetikon\",\"description\":\"\",\"publisher\":{\"@id\":\"https:\\\/\\\/evergetikon.eu\\\/#organization\"},\"potentialAction\":[{\"@type\":\"SearchAction\",\"target\":{\"@type\":\"EntryPoint\",\"urlTemplate\":\"https:\\\/\\\/evergetikon.eu\\\/?s={search_term_string}\"},\"query-input\":{\"@type\":\"PropertyValueSpecification\",\"valueRequired\":true,\"valueName\":\"search_term_string\"}}],\"inLanguage\":\"it-IT\"},{\"@type\":\"Organization\",\"@id\":\"https:\\\/\\\/evergetikon.eu\\\/#organization\",\"name\":\"evergetikon\",\"url\":\"https:\\\/\\\/evergetikon.eu\\\/\",\"logo\":{\"@type\":\"ImageObject\",\"inLanguage\":\"it-IT\",\"@id\":\"https:\\\/\\\/evergetikon.eu\\\/#\\\/schema\\\/logo\\\/image\\\/\",\"url\":\"https:\\\/\\\/exomh4ku2ih.exactdn.com\\\/wp-content\\\/uploads\\\/2025\\\/06\\\/Evergetikon-non-of.svg\",\"contentUrl\":\"https:\\\/\\\/exomh4ku2ih.exactdn.com\\\/wp-content\\\/uploads\\\/2025\\\/06\\\/Evergetikon-non-of.svg\",\"width\":229,\"height\":70,\"caption\":\"evergetikon\"},\"image\":{\"@id\":\"https:\\\/\\\/evergetikon.eu\\\/#\\\/schema\\\/logo\\\/image\\\/\"}}]}<\/script>\n<!-- \/ Yoast SEO plugin. -->","yoast_head_json":{"title":"Gel doccia naturale - Bergamotto - Evergetikon","robots":{"index":"index","follow":"follow","max-snippet":"max-snippet:-1","max-image-preview":"max-image-preview:large","max-video-preview":"max-video-preview:-1"},"canonical":"https:\/\/evergetikon.eu\/it\/prodotto\/gel-doccia-naturale-al-bergamotto-evergetikon\/","og_locale":"it_IT","og_type":"article","og_title":"Natuurlijke douchegel - Bergamot - Evergetikon - evergetikon","og_description":"Geniet van een moment van pure ontspanning met onze Natuurlijke Bergamot Douchegel. De verrijkte formule met 99% natuurlijke ingredi\u00ebnten zorgt voor een zijdezachte, gehydrateerde en stralende huid. Laat de verfrissende geur van bergamot je zintuigen kalmeren, zelfs als je je gestrest voelt.","og_url":"https:\/\/evergetikon.eu\/it\/prodotto\/gel-doccia-naturale-al-bergamotto-evergetikon\/","og_site_name":"evergetikon","article_modified_time":"2026-03-24T20:43:00+00:00","twitter_card":"summary_large_image","twitter_misc":{"Tempo di lettura stimato":"1 minuto"},"schema":{"@context":"https:\/\/schema.org","@graph":[{"@type":"WebPage","@id":"https:\/\/evergetikon.eu\/product\/natuurlijke-douchegel-bergamot-evergetikon\/","url":"https:\/\/evergetikon.eu\/product\/natuurlijke-douchegel-bergamot-evergetikon\/","name":"Gel doccia naturale - Bergamotto - Evergetikon","isPartOf":{"@id":"https:\/\/evergetikon.eu\/#website"},"primaryImageOfPage":{"@id":"https:\/\/evergetikon.eu\/product\/natuurlijke-douchegel-bergamot-evergetikon\/#primaryimage"},"image":{"@id":"https:\/\/evergetikon.eu\/product\/natuurlijke-douchegel-bergamot-evergetikon\/#primaryimage"},"thumbnailUrl":"https:\/\/purehealthstore.nl\/wp-content\/uploads\/2023\/06\/natuurlijke-douchegel-bergamot-evergetikon.png","datePublished":"2023-06-10T22:04:36+00:00","dateModified":"2026-03-24T20:43:00+00:00","breadcrumb":{"@id":"https:\/\/evergetikon.eu\/product\/natuurlijke-douchegel-bergamot-evergetikon\/#breadcrumb"},"inLanguage":"it-IT","potentialAction":[{"@type":"ReadAction","target":["https:\/\/evergetikon.eu\/product\/natuurlijke-douchegel-bergamot-evergetikon\/"]}]},{"@type":"ImageObject","inLanguage":"it-IT","@id":"https:\/\/evergetikon.eu\/product\/natuurlijke-douchegel-bergamot-evergetikon\/#primaryimage","url":"https:\/\/purehealthstore.nl\/wp-content\/uploads\/2023\/06\/natuurlijke-douchegel-bergamot-evergetikon.png","contentUrl":"https:\/\/purehealthstore.nl\/wp-content\/uploads\/2023\/06\/natuurlijke-douchegel-bergamot-evergetikon.png"},{"@type":"BreadcrumbList","@id":"https:\/\/evergetikon.eu\/product\/natuurlijke-douchegel-bergamot-evergetikon\/#breadcrumb","itemListElement":[{"@type":"ListItem","position":1,"name":"Home","item":"https:\/\/evergetikon.eu\/"},{"@type":"ListItem","position":2,"name":"Shop","item":"https:\/\/evergetikon.eu\/shop\/"},{"@type":"ListItem","position":3,"name":"Natuurlijke douchegel &#8211; Bergamot &#8211; Evergetikon"}]},{"@type":"WebSite","@id":"https:\/\/evergetikon.eu\/#website","url":"https:\/\/evergetikon.eu\/","name":"evergetikon","description":"","publisher":{"@id":"https:\/\/evergetikon.eu\/#organization"},"potentialAction":[{"@type":"SearchAction","target":{"@type":"EntryPoint","urlTemplate":"https:\/\/evergetikon.eu\/?s={search_term_string}"},"query-input":{"@type":"PropertyValueSpecification","valueRequired":true,"valueName":"search_term_string"}}],"inLanguage":"it-IT"},{"@type":"Organization","@id":"https:\/\/evergetikon.eu\/#organization","name":"evergetikon","url":"https:\/\/evergetikon.eu\/","logo":{"@type":"ImageObject","inLanguage":"it-IT","@id":"https:\/\/evergetikon.eu\/#\/schema\/logo\/image\/","url":"https:\/\/exomh4ku2ih.exactdn.com\/wp-content\/uploads\/2025\/06\/Evergetikon-non-of.svg","contentUrl":"https:\/\/exomh4ku2ih.exactdn.com\/wp-content\/uploads\/2025\/06\/Evergetikon-non-of.svg","width":229,"height":70,"caption":"evergetikon"},"image":{"@id":"https:\/\/evergetikon.eu\/#\/schema\/logo\/image\/"}}]}},"_links":{"self":[{"href":"https:\/\/evergetikon.eu\/it\/wp-json\/wp\/v2\/product\/111","targetHints":{"allow":["GET"]}}],"collection":[{"href":"https:\/\/evergetikon.eu\/it\/wp-json\/wp\/v2\/product"}],"about":[{"href":"https:\/\/evergetikon.eu\/it\/wp-json\/wp\/v2\/types\/product"}],"replies":[{"embeddable":true,"href":"https:\/\/evergetikon.eu\/it\/wp-json\/wp\/v2\/comments?post=111"}],"version-history":[{"count":0,"href":"https:\/\/evergetikon.eu\/it\/wp-json\/wp\/v2\/product\/111\/revisions"}],"wp:featuredmedia":[{"embeddable":true,"href":"https:\/\/evergetikon.eu\/it\/wp-json\/"}],"wp:attachment":[{"href":"https:\/\/evergetikon.eu\/it\/wp-json\/wp\/v2\/media?parent=111"}],"wp:term":[{"taxonomy":"product_brand","embeddable":true,"href":"https:\/\/evergetikon.eu\/it\/wp-json\/wp\/v2\/product_brand?post=111"},{"taxonomy":"product_cat","embeddable":true,"href":"https:\/\/evergetikon.eu\/it\/wp-json\/wp\/v2\/product_cat?post=111"},{"taxonomy":"product_tag","embeddable":true,"href":"https:\/\/evergetikon.eu\/it\/wp-json\/wp\/v2\/product_tag?post=111"}],"curies":[{"name":"wp","href":"https:\/\/api.w.org\/{rel}","templated":true}]}}