{"id":10999,"date":"2025-12-21T13:20:20","date_gmt":"2025-12-21T13:20:20","guid":{"rendered":"https:\/\/evergetikon.eu\/?post_type=product&p=10999"},"modified":"2026-04-02T05:45:14","modified_gmt":"2026-04-02T05:45:14","slug":"gezichtsscrub-evergetikon-15ml","status":"publish","type":"product","link":"https:\/\/evergetikon.eu\/it\/prodotto\/scrub-viso-evergetikon-15ml\/","title":{"rendered":"Scrub viso - Evergetikon - 15ml"},"content":{"rendered":"<h2>Scrub per il viso Evergetikon per una pelle luminosa<\/h2>\n<p><strong>Sperimentate una pelle radiosa con lo scrub naturale per il viso di Evergetikon.<\/strong><\/p>\n<p>Questo scrub combina il potere illuminante dell'arancia con quello esfoliante dei noccioli di albicocca, per una carnagione liscia come la seta e rivitalizzata.<\/p>\n<h3><strong>Benefici dello scrub per il viso<\/strong><\/h3>\n<p><strong>Pelle liscia e ringiovanita<\/strong><br \/>\nLo scrub rimuove le cellule morte e le impurit\u00e0 della pelle, rendendola pi\u00f9 liscia, pi\u00f9 giovane e luminosa.<\/p>\n<p><strong>Aumenta la luminosit\u00e0 della pelle<\/strong><br \/>\nL'arancia \u00e8 nota per la sua capacit\u00e0 di illuminare l'incarnato, donando un aspetto uniforme e luminoso.<\/p>\n<p><strong>Miglioramento della circolazione sanguigna<\/strong><br \/>\nL'esfoliazione delicata stimola il flusso sanguigno e la produzione di collagene, rendendo la pelle pi\u00f9 soda e resistente.<\/p>\n<h3><strong>Suggerimenti per l'uso<\/strong><\/h3>\n<p><strong>La routine serale:<\/strong><br \/>\nUtilizzare lo scrub la sera per lasciare che la pelle si riprenda durante la notte.<\/p>\n<p><strong>Idratazione:<\/strong><br \/>\nDopo l'esfoliazione, una crema idratante o un siero forniscono un'ulteriore cura.<\/p>\n<p><strong>Protezione solare:<\/strong><br \/>\nDopo aver utilizzato lo scrub, proteggersi con una buona crema solare.<\/p>\n<p><strong>Attenzione:<\/strong><br \/>\nTestare prima su una piccola porzione di pelle per evitare reazioni.<\/p>\n<p><strong>Provate la differenza con Evergetikon e regalate alla vostra pelle le coccole che merita.<\/strong><\/p>","protected":false},"excerpt":{"rendered":"<p>Trasformate la vostra routine di cura della pelle con lo scrub naturale per il viso di Evergetikon. Questa miscela unica di noccioli di arancia e albicocca crea una pelle radiosa, morbida e ringiovanita. Ora date alla vostra pelle la cura che merita con un aspetto sano e chiaro!<\/p>","protected":false},"featured_media":274,"comment_status":"open","ping_status":"closed","template":"","meta":[],"product_brand":[],"product_cat":[89,24],"product_tag":[],"class_list":{"0":"post-10999","1":"product","2":"type-product","3":"status-publish","4":"has-post-thumbnail","6":"product_cat-gezichtsscrubs","7":"product_cat-natuurlijke-gezichtsverzorging","9":"first","10":"instock","11":"taxable","12":"shipping-taxable","13":"purchasable","14":"product-type-simple"},"yoast_head":"<!-- This site is optimized with the Yoast SEO plugin v27.4 - https:\/\/yoast.com\/product\/yoast-seo-wordpress\/ -->\n<title>Gezichtsscrub - Evergetikon - 15ml - evergetikon<\/title>\n<meta name=\"robots\" content=\"index, follow, max-snippet:-1, max-image-preview:large, max-video-preview:-1\" \/>\n<link rel=\"canonical\" href=\"https:\/\/evergetikon.eu\/it\/prodotto\/scrub-viso-evergetikon-15ml\/\" \/>\n<meta property=\"og:locale\" content=\"it_IT\" \/>\n<meta property=\"og:type\" content=\"article\" \/>\n<meta property=\"og:title\" content=\"Gezichtsscrub - Evergetikon - 15ml - evergetikon\" \/>\n<meta property=\"og:description\" content=\"Transformeer je huidverzorgingsroutine met Evergetikon&#039;s natuurlijke gezichtsscrub. Deze unieke mix van sinaasappel en abrikoospitten zorgt voor een stralende, zachte en verjongde huid. Geef je huid nu de zorg die het verdient met een gezonde en heldere uitstraling!\" \/>\n<meta property=\"og:url\" content=\"https:\/\/evergetikon.eu\/it\/prodotto\/scrub-viso-evergetikon-15ml\/\" \/>\n<meta property=\"og:site_name\" content=\"evergetikon\" \/>\n<meta property=\"article:modified_time\" content=\"2026-04-02T05:45:14+00:00\" \/>\n<meta property=\"og:image\" content=\"https:\/\/exomh4ku2ih.exactdn.com\/wp-content\/uploads\/2024\/06\/natuurlijke-gezichtsscrub.jpg?strip=all\" \/>\n\t<meta property=\"og:image:width\" content=\"1024\" \/>\n\t<meta property=\"og:image:height\" content=\"861\" \/>\n\t<meta property=\"og:image:type\" content=\"image\/jpeg\" \/>\n<meta name=\"twitter:card\" content=\"summary_large_image\" \/>\n<meta name=\"twitter:label1\" content=\"Tempo di lettura stimato\" \/>\n\t<meta name=\"twitter:data1\" content=\"1 minuto\" \/>\n<script type=\"application\/ld+json\" class=\"yoast-schema-graph\">{\"@context\":\"https:\\\/\\\/schema.org\",\"@graph\":[{\"@type\":\"WebPage\",\"@id\":\"https:\\\/\\\/evergetikon.eu\\\/product\\\/gezichtsscrub-evergetikon-15ml\\\/\",\"url\":\"https:\\\/\\\/evergetikon.eu\\\/product\\\/gezichtsscrub-evergetikon-15ml\\\/\",\"name\":\"Gezichtsscrub - Evergetikon - 15ml - evergetikon\",\"isPartOf\":{\"@id\":\"https:\\\/\\\/evergetikon.eu\\\/#website\"},\"primaryImageOfPage\":{\"@id\":\"https:\\\/\\\/evergetikon.eu\\\/product\\\/gezichtsscrub-evergetikon-15ml\\\/#primaryimage\"},\"image\":{\"@id\":\"https:\\\/\\\/evergetikon.eu\\\/product\\\/gezichtsscrub-evergetikon-15ml\\\/#primaryimage\"},\"thumbnailUrl\":\"https:\\\/\\\/evergetikon.eu\\\/wp-content\\\/uploads\\\/2024\\\/06\\\/natuurlijke-gezichtsscrub.jpg\",\"datePublished\":\"2025-12-21T13:20:20+00:00\",\"dateModified\":\"2026-04-02T05:45:14+00:00\",\"breadcrumb\":{\"@id\":\"https:\\\/\\\/evergetikon.eu\\\/product\\\/gezichtsscrub-evergetikon-15ml\\\/#breadcrumb\"},\"inLanguage\":\"it-IT\",\"potentialAction\":[{\"@type\":\"ReadAction\",\"target\":[\"https:\\\/\\\/evergetikon.eu\\\/product\\\/gezichtsscrub-evergetikon-15ml\\\/\"]}]},{\"@type\":\"ImageObject\",\"inLanguage\":\"it-IT\",\"@id\":\"https:\\\/\\\/evergetikon.eu\\\/product\\\/gezichtsscrub-evergetikon-15ml\\\/#primaryimage\",\"url\":\"https:\\\/\\\/evergetikon.eu\\\/wp-content\\\/uploads\\\/2024\\\/06\\\/natuurlijke-gezichtsscrub.jpg\",\"contentUrl\":\"https:\\\/\\\/evergetikon.eu\\\/wp-content\\\/uploads\\\/2024\\\/06\\\/natuurlijke-gezichtsscrub.jpg\",\"width\":1024,\"height\":861,\"caption\":\"natuurlijke gezichtsscrub\"},{\"@type\":\"BreadcrumbList\",\"@id\":\"https:\\\/\\\/evergetikon.eu\\\/product\\\/gezichtsscrub-evergetikon-15ml\\\/#breadcrumb\",\"itemListElement\":[{\"@type\":\"ListItem\",\"position\":1,\"name\":\"Home\",\"item\":\"https:\\\/\\\/evergetikon.eu\\\/\"},{\"@type\":\"ListItem\",\"position\":2,\"name\":\"Shop\",\"item\":\"https:\\\/\\\/evergetikon.eu\\\/shop\\\/\"},{\"@type\":\"ListItem\",\"position\":3,\"name\":\"Gezichtsscrub &#8211; Evergetikon &#8211; 15ml\"}]},{\"@type\":\"WebSite\",\"@id\":\"https:\\\/\\\/evergetikon.eu\\\/#website\",\"url\":\"https:\\\/\\\/evergetikon.eu\\\/\",\"name\":\"evergetikon\",\"description\":\"\",\"publisher\":{\"@id\":\"https:\\\/\\\/evergetikon.eu\\\/#organization\"},\"potentialAction\":[{\"@type\":\"SearchAction\",\"target\":{\"@type\":\"EntryPoint\",\"urlTemplate\":\"https:\\\/\\\/evergetikon.eu\\\/?s={search_term_string}\"},\"query-input\":{\"@type\":\"PropertyValueSpecification\",\"valueRequired\":true,\"valueName\":\"search_term_string\"}}],\"inLanguage\":\"it-IT\"},{\"@type\":\"Organization\",\"@id\":\"https:\\\/\\\/evergetikon.eu\\\/#organization\",\"name\":\"evergetikon\",\"url\":\"https:\\\/\\\/evergetikon.eu\\\/\",\"logo\":{\"@type\":\"ImageObject\",\"inLanguage\":\"it-IT\",\"@id\":\"https:\\\/\\\/evergetikon.eu\\\/#\\\/schema\\\/logo\\\/image\\\/\",\"url\":\"https:\\\/\\\/evergetikon.eu\\\/wp-content\\\/uploads\\\/2025\\\/06\\\/Evergetikon-non-of.svg\",\"contentUrl\":\"https:\\\/\\\/evergetikon.eu\\\/wp-content\\\/uploads\\\/2025\\\/06\\\/Evergetikon-non-of.svg\",\"width\":229,\"height\":70,\"caption\":\"evergetikon\"},\"image\":{\"@id\":\"https:\\\/\\\/evergetikon.eu\\\/#\\\/schema\\\/logo\\\/image\\\/\"}}]}<\/script>\n<!-- \/ Yoast SEO plugin. -->","yoast_head_json":{"title":"Scrub viso - Evergetikon - 15ml - evergetikon","robots":{"index":"index","follow":"follow","max-snippet":"max-snippet:-1","max-image-preview":"max-image-preview:large","max-video-preview":"max-video-preview:-1"},"canonical":"https:\/\/evergetikon.eu\/it\/prodotto\/scrub-viso-evergetikon-15ml\/","og_locale":"it_IT","og_type":"article","og_title":"Gezichtsscrub - Evergetikon - 15ml - evergetikon","og_description":"Transformeer je huidverzorgingsroutine met Evergetikon's natuurlijke gezichtsscrub. Deze unieke mix van sinaasappel en abrikoospitten zorgt voor een stralende, zachte en verjongde huid. Geef je huid nu de zorg die het verdient met een gezonde en heldere uitstraling!","og_url":"https:\/\/evergetikon.eu\/it\/prodotto\/scrub-viso-evergetikon-15ml\/","og_site_name":"evergetikon","article_modified_time":"2026-04-02T05:45:14+00:00","og_image":[{"width":1024,"height":861,"url":"https:\/\/exomh4ku2ih.exactdn.com\/wp-content\/uploads\/2024\/06\/natuurlijke-gezichtsscrub.jpg?strip=all","type":"image\/jpeg"}],"twitter_card":"summary_large_image","twitter_misc":{"Tempo di lettura stimato":"1 minuto"},"schema":{"@context":"https:\/\/schema.org","@graph":[{"@type":"WebPage","@id":"https:\/\/evergetikon.eu\/product\/gezichtsscrub-evergetikon-15ml\/","url":"https:\/\/evergetikon.eu\/product\/gezichtsscrub-evergetikon-15ml\/","name":"Scrub viso - Evergetikon - 15ml - evergetikon","isPartOf":{"@id":"https:\/\/evergetikon.eu\/#website"},"primaryImageOfPage":{"@id":"https:\/\/evergetikon.eu\/product\/gezichtsscrub-evergetikon-15ml\/#primaryimage"},"image":{"@id":"https:\/\/evergetikon.eu\/product\/gezichtsscrub-evergetikon-15ml\/#primaryimage"},"thumbnailUrl":"https:\/\/evergetikon.eu\/wp-content\/uploads\/2024\/06\/natuurlijke-gezichtsscrub.jpg","datePublished":"2025-12-21T13:20:20+00:00","dateModified":"2026-04-02T05:45:14+00:00","breadcrumb":{"@id":"https:\/\/evergetikon.eu\/product\/gezichtsscrub-evergetikon-15ml\/#breadcrumb"},"inLanguage":"it-IT","potentialAction":[{"@type":"ReadAction","target":["https:\/\/evergetikon.eu\/product\/gezichtsscrub-evergetikon-15ml\/"]}]},{"@type":"ImageObject","inLanguage":"it-IT","@id":"https:\/\/evergetikon.eu\/product\/gezichtsscrub-evergetikon-15ml\/#primaryimage","url":"https:\/\/evergetikon.eu\/wp-content\/uploads\/2024\/06\/natuurlijke-gezichtsscrub.jpg","contentUrl":"https:\/\/evergetikon.eu\/wp-content\/uploads\/2024\/06\/natuurlijke-gezichtsscrub.jpg","width":1024,"height":861,"caption":"natuurlijke gezichtsscrub"},{"@type":"BreadcrumbList","@id":"https:\/\/evergetikon.eu\/product\/gezichtsscrub-evergetikon-15ml\/#breadcrumb","itemListElement":[{"@type":"ListItem","position":1,"name":"Home","item":"https:\/\/evergetikon.eu\/"},{"@type":"ListItem","position":2,"name":"Shop","item":"https:\/\/evergetikon.eu\/shop\/"},{"@type":"ListItem","position":3,"name":"Gezichtsscrub &#8211; Evergetikon &#8211; 15ml"}]},{"@type":"WebSite","@id":"https:\/\/evergetikon.eu\/#website","url":"https:\/\/evergetikon.eu\/","name":"evergetikon","description":"","publisher":{"@id":"https:\/\/evergetikon.eu\/#organization"},"potentialAction":[{"@type":"SearchAction","target":{"@type":"EntryPoint","urlTemplate":"https:\/\/evergetikon.eu\/?s={search_term_string}"},"query-input":{"@type":"PropertyValueSpecification","valueRequired":true,"valueName":"search_term_string"}}],"inLanguage":"it-IT"},{"@type":"Organization","@id":"https:\/\/evergetikon.eu\/#organization","name":"evergetikon","url":"https:\/\/evergetikon.eu\/","logo":{"@type":"ImageObject","inLanguage":"it-IT","@id":"https:\/\/evergetikon.eu\/#\/schema\/logo\/image\/","url":"https:\/\/evergetikon.eu\/wp-content\/uploads\/2025\/06\/Evergetikon-non-of.svg","contentUrl":"https:\/\/evergetikon.eu\/wp-content\/uploads\/2025\/06\/Evergetikon-non-of.svg","width":229,"height":70,"caption":"evergetikon"},"image":{"@id":"https:\/\/evergetikon.eu\/#\/schema\/logo\/image\/"}}]}},"_links":{"self":[{"href":"https:\/\/evergetikon.eu\/it\/wp-json\/wp\/v2\/product\/10999","targetHints":{"allow":["GET"]}}],"collection":[{"href":"https:\/\/evergetikon.eu\/it\/wp-json\/wp\/v2\/product"}],"about":[{"href":"https:\/\/evergetikon.eu\/it\/wp-json\/wp\/v2\/types\/product"}],"replies":[{"embeddable":true,"href":"https:\/\/evergetikon.eu\/it\/wp-json\/wp\/v2\/comments?post=10999"}],"version-history":[{"count":0,"href":"https:\/\/evergetikon.eu\/it\/wp-json\/wp\/v2\/product\/10999\/revisions"}],"wp:featuredmedia":[{"embeddable":true,"href":"https:\/\/evergetikon.eu\/it\/wp-json\/wp\/v2\/media\/274"}],"wp:attachment":[{"href":"https:\/\/evergetikon.eu\/it\/wp-json\/wp\/v2\/media?parent=10999"}],"wp:term":[{"taxonomy":"product_brand","embeddable":true,"href":"https:\/\/evergetikon.eu\/it\/wp-json\/wp\/v2\/product_brand?post=10999"},{"taxonomy":"product_cat","embeddable":true,"href":"https:\/\/evergetikon.eu\/it\/wp-json\/wp\/v2\/product_cat?post=10999"},{"taxonomy":"product_tag","embeddable":true,"href":"https:\/\/evergetikon.eu\/it\/wp-json\/wp\/v2\/product_tag?post=10999"}],"curies":[{"name":"wp","href":"https:\/\/api.w.org\/{rel}","templated":true}]}}