{"id":9050,"date":"2024-08-29T18:26:35","date_gmt":"2024-08-29T18:26:35","guid":{"rendered":"https:\/\/evergetikon.eu\/product\/etherische-olie-set-van-eucalyptus-rozemarijn-pepermunt\/"},"modified":"2025-10-11T17:44:20","modified_gmt":"2025-10-11T17:44:20","slug":"etherische-olie-set-van-eucalyptus-rozemarijn-pepermunt","status":"publish","type":"product","link":"https:\/\/evergetikon.eu\/fr\/produit\/coffret-dhuiles-essentielles-deucalyptus-romarin-menthe-poivree\/","title":{"rendered":"Huile essentielle - set d'eucalyptus, de romarin, de menthe poivr\u00e9e"},"content":{"rendered":"<h2>D\u00e9couvrez le pouvoir d'un rafra\u00eechissement naturel<\/h2>\n<p>D\u00e9couvrez la polyvalence et la fra\u00eecheur de la <strong>Coffret d'huiles essentielles<\/strong>Ce coffret est compos\u00e9 d'une combinaison unique d'eucalyptus, de romarin et de menthe poivr\u00e9e. Cet ensemble soigneusement s\u00e9lectionn\u00e9 apporte non seulement les merveilleux ar\u00f4mes de la nature directement dans votre maison, mais offre \u00e9galement une s\u00e9rie de bienfaits pour votre bien-\u00eatre.<\/p>\n<h2>Pourquoi choisir notre coffret d'huiles essentielles ?<\/h2>\n<p><strong>Huile d'eucalyptus<\/strong> est connu pour ses propri\u00e9t\u00e9s purifiantes. Il est id\u00e9al pour soulager les voies respiratoires et cr\u00e9er une atmosph\u00e8re vivifiante. Que vous souffriez d'allergies saisonni\u00e8res ou que vous souhaitiez simplement respirer un air frais, l'eucalyptus vous soulage et vous procure une sensation de propret\u00e9.<\/p>\n<p>Avec <strong>Huile de romarin<\/strong> n'ajoute pas seulement un parfum chaud et bois\u00e9 \u00e0 votre environnement, mais il stimule \u00e9galement votre esprit. Id\u00e9al pour am\u00e9liorer la concentration et favoriser la clart\u00e9 d'esprit lors d'efforts mentaux intenses.<\/p>\n<p>En outre, <strong>Huile de menthe poivr\u00e9e<\/strong> une sensation de fra\u00eecheur et de fra\u00eecheur. Id\u00e9ale pour soulager les tensions apr\u00e8s une longue journ\u00e9e, l'huile de menthe poivr\u00e9e stimule \u00e0 la fois le corps et l'esprit. Que vous ayez besoin d'un remontant ou que vous souhaitiez simplement vous d\u00e9tendre, la menthe poivr\u00e9e est le choix id\u00e9al.<\/p>\n<h2>Cr\u00e9ez votre oasis personnelle<\/h2>\n<p>Ce coffret d'huiles essentielles invite un monde de bien-\u00eatre naturel dans votre vie quotidienne. Parfait pour l'aromath\u00e9rapie ou simplement pour embellir et rafra\u00eechir votre espace personnel. Transformez n'importe quelle pi\u00e8ce en une oasis personnelle de bien-\u00eatre et de tranquillit\u00e9.<\/p>\n<p>Embrassez la nature dans sa forme la plus pure et mettez vos sens en \u00e9veil avec notre coffret exclusif d'huiles essentielles. Ouvrez la porte \u00e0 un monde de sant\u00e9 naturelle et d\u00e9couvrez l'harmonie de l'eucalyptus, du romarin et de la menthe poivr\u00e9e d\u00e8s aujourd'hui.<\/p>","protected":false},"excerpt":{"rendered":"<p>Plongez dans des senteurs fra\u00eeches et naturelles gr\u00e2ce \u00e0 notre coffret d'huiles essentielles. D\u00e9couvrez une atmosph\u00e8re vivifiante gr\u00e2ce \u00e0 la puissante combinaison d'eucalyptus, de romarin et de menthe poivr\u00e9e. Apportez bien-\u00eatre et tranquillit\u00e9 dans n'importe quelle pi\u00e8ce et d\u00e9couvrez les bienfaits de cette composition unique dans votre propre maison.<\/p>","protected":false},"featured_media":9049,"comment_status":"closed","ping_status":"closed","template":"","meta":[],"product_brand":[],"product_cat":[216,33,34],"product_tag":[],"class_list":{"0":"post-9050","1":"product","2":"type-product","3":"status-publish","4":"has-post-thumbnail","6":"product_cat-black-friday","7":"product_cat-cadeaus","8":"product_cat-verzorgingssets","10":"first","11":"instock","12":"taxable","13":"shipping-taxable","14":"purchasable","15":"product-type-simple"},"yoast_head":"<!-- This site is optimized with the Yoast SEO plugin v27.3 - https:\/\/yoast.com\/product\/yoast-seo-wordpress\/ -->\n<title>Etherische olie - set van eucalyptus, rozemarijn, pepermunt - evergetikon<\/title>\n<meta name=\"robots\" content=\"index, follow, max-snippet:-1, max-image-preview:large, max-video-preview:-1\" \/>\n<link rel=\"canonical\" href=\"https:\/\/evergetikon.eu\/fr\/produit\/coffret-dhuiles-essentielles-deucalyptus-romarin-menthe-poivree\/\" \/>\n<meta property=\"og:locale\" content=\"fr_FR\" \/>\n<meta property=\"og:type\" content=\"article\" \/>\n<meta property=\"og:title\" content=\"Etherische olie - set van eucalyptus, rozemarijn, pepermunt - evergetikon\" \/>\n<meta property=\"og:description\" content=\"Dompel jezelf onder in de frisse, natuurlijke geuren met onze Etherische Olie Set. Beleef een verkwikkende atmosfeer dankzij de krachtige combinatie van eucalyptus, rozemarijn en pepermunt. Breng welzijn en rust in elke ruimte en ervaar de voordelen van deze unieke samenstelling in uw eigen huis.\" \/>\n<meta property=\"og:url\" content=\"https:\/\/evergetikon.eu\/fr\/produit\/coffret-dhuiles-essentielles-deucalyptus-romarin-menthe-poivree\/\" \/>\n<meta property=\"og:site_name\" content=\"evergetikon\" \/>\n<meta property=\"article:modified_time\" content=\"2025-10-11T17:44:20+00:00\" \/>\n<meta property=\"og:image\" content=\"https:\/\/evergetikon.eu\/wp-content\/uploads\/2024\/12\/etherische-olie-set-2.png\" \/>\n\t<meta property=\"og:image:width\" content=\"1024\" \/>\n\t<meta property=\"og:image:height\" content=\"861\" \/>\n\t<meta property=\"og:image:type\" content=\"image\/png\" \/>\n<meta name=\"twitter:card\" content=\"summary_large_image\" \/>\n<meta name=\"twitter:label1\" content=\"Dur\u00e9e de lecture estim\u00e9e\" \/>\n\t<meta name=\"twitter:data1\" content=\"1 minute\" \/>\n<script type=\"application\/ld+json\" class=\"yoast-schema-graph\">{\"@context\":\"https:\\\/\\\/schema.org\",\"@graph\":[{\"@type\":\"WebPage\",\"@id\":\"https:\\\/\\\/evergetikon.eu\\\/product\\\/etherische-olie-set-van-eucalyptus-rozemarijn-pepermunt\\\/\",\"url\":\"https:\\\/\\\/evergetikon.eu\\\/product\\\/etherische-olie-set-van-eucalyptus-rozemarijn-pepermunt\\\/\",\"name\":\"Etherische olie - set van eucalyptus, rozemarijn, pepermunt - evergetikon\",\"isPartOf\":{\"@id\":\"https:\\\/\\\/evergetikon.eu\\\/#website\"},\"primaryImageOfPage\":{\"@id\":\"https:\\\/\\\/evergetikon.eu\\\/product\\\/etherische-olie-set-van-eucalyptus-rozemarijn-pepermunt\\\/#primaryimage\"},\"image\":{\"@id\":\"https:\\\/\\\/evergetikon.eu\\\/product\\\/etherische-olie-set-van-eucalyptus-rozemarijn-pepermunt\\\/#primaryimage\"},\"thumbnailUrl\":\"https:\\\/\\\/exomh4ku2ih.exactdn.com\\\/wp-content\\\/uploads\\\/2024\\\/12\\\/etherische-olie-set-2.png?strip=all\",\"datePublished\":\"2024-08-29T18:26:35+00:00\",\"dateModified\":\"2025-10-11T17:44:20+00:00\",\"breadcrumb\":{\"@id\":\"https:\\\/\\\/evergetikon.eu\\\/product\\\/etherische-olie-set-van-eucalyptus-rozemarijn-pepermunt\\\/#breadcrumb\"},\"inLanguage\":\"fr-FR\",\"potentialAction\":[{\"@type\":\"ReadAction\",\"target\":[\"https:\\\/\\\/evergetikon.eu\\\/product\\\/etherische-olie-set-van-eucalyptus-rozemarijn-pepermunt\\\/\"]}]},{\"@type\":\"ImageObject\",\"inLanguage\":\"fr-FR\",\"@id\":\"https:\\\/\\\/evergetikon.eu\\\/product\\\/etherische-olie-set-van-eucalyptus-rozemarijn-pepermunt\\\/#primaryimage\",\"url\":\"https:\\\/\\\/exomh4ku2ih.exactdn.com\\\/wp-content\\\/uploads\\\/2024\\\/12\\\/etherische-olie-set-2.png?strip=all\",\"contentUrl\":\"https:\\\/\\\/exomh4ku2ih.exactdn.com\\\/wp-content\\\/uploads\\\/2024\\\/12\\\/etherische-olie-set-2.png?strip=all\",\"width\":1024,\"height\":861,\"caption\":\"etherische olie set 2\"},{\"@type\":\"BreadcrumbList\",\"@id\":\"https:\\\/\\\/evergetikon.eu\\\/product\\\/etherische-olie-set-van-eucalyptus-rozemarijn-pepermunt\\\/#breadcrumb\",\"itemListElement\":[{\"@type\":\"ListItem\",\"position\":1,\"name\":\"Home\",\"item\":\"https:\\\/\\\/evergetikon.eu\\\/\"},{\"@type\":\"ListItem\",\"position\":2,\"name\":\"Shop\",\"item\":\"https:\\\/\\\/evergetikon.eu\\\/shop\\\/\"},{\"@type\":\"ListItem\",\"position\":3,\"name\":\"Etherische olie &#8211; set van eucalyptus, rozemarijn, pepermunt\"}]},{\"@type\":\"WebSite\",\"@id\":\"https:\\\/\\\/evergetikon.eu\\\/#website\",\"url\":\"https:\\\/\\\/evergetikon.eu\\\/\",\"name\":\"evergetikon\",\"description\":\"\",\"publisher\":{\"@id\":\"https:\\\/\\\/evergetikon.eu\\\/#organization\"},\"potentialAction\":[{\"@type\":\"SearchAction\",\"target\":{\"@type\":\"EntryPoint\",\"urlTemplate\":\"https:\\\/\\\/evergetikon.eu\\\/?s={search_term_string}\"},\"query-input\":{\"@type\":\"PropertyValueSpecification\",\"valueRequired\":true,\"valueName\":\"search_term_string\"}}],\"inLanguage\":\"fr-FR\"},{\"@type\":\"Organization\",\"@id\":\"https:\\\/\\\/evergetikon.eu\\\/#organization\",\"name\":\"evergetikon\",\"url\":\"https:\\\/\\\/evergetikon.eu\\\/\",\"logo\":{\"@type\":\"ImageObject\",\"inLanguage\":\"fr-FR\",\"@id\":\"https:\\\/\\\/evergetikon.eu\\\/#\\\/schema\\\/logo\\\/image\\\/\",\"url\":\"https:\\\/\\\/exomh4ku2ih.exactdn.com\\\/wp-content\\\/uploads\\\/2025\\\/06\\\/Evergetikon-non-of.svg\",\"contentUrl\":\"https:\\\/\\\/exomh4ku2ih.exactdn.com\\\/wp-content\\\/uploads\\\/2025\\\/06\\\/Evergetikon-non-of.svg\",\"width\":229,\"height\":70,\"caption\":\"evergetikon\"},\"image\":{\"@id\":\"https:\\\/\\\/evergetikon.eu\\\/#\\\/schema\\\/logo\\\/image\\\/\"}}]}<\/script>\n<!-- \/ Yoast SEO plugin. -->","yoast_head_json":{"title":"Huile essentielle - set d'eucalyptus, romarin, menthe poivr\u00e9e - evergetikon","robots":{"index":"index","follow":"follow","max-snippet":"max-snippet:-1","max-image-preview":"max-image-preview:large","max-video-preview":"max-video-preview:-1"},"canonical":"https:\/\/evergetikon.eu\/fr\/produit\/coffret-dhuiles-essentielles-deucalyptus-romarin-menthe-poivree\/","og_locale":"fr_FR","og_type":"article","og_title":"Etherische olie - set van eucalyptus, rozemarijn, pepermunt - evergetikon","og_description":"Dompel jezelf onder in de frisse, natuurlijke geuren met onze Etherische Olie Set. Beleef een verkwikkende atmosfeer dankzij de krachtige combinatie van eucalyptus, rozemarijn en pepermunt. Breng welzijn en rust in elke ruimte en ervaar de voordelen van deze unieke samenstelling in uw eigen huis.","og_url":"https:\/\/evergetikon.eu\/fr\/produit\/coffret-dhuiles-essentielles-deucalyptus-romarin-menthe-poivree\/","og_site_name":"evergetikon","article_modified_time":"2025-10-11T17:44:20+00:00","og_image":[{"width":1024,"height":861,"url":"https:\/\/evergetikon.eu\/wp-content\/uploads\/2024\/12\/etherische-olie-set-2.png","type":"image\/png"}],"twitter_card":"summary_large_image","twitter_misc":{"Dur\u00e9e de lecture estim\u00e9e":"1 minute"},"schema":{"@context":"https:\/\/schema.org","@graph":[{"@type":"WebPage","@id":"https:\/\/evergetikon.eu\/product\/etherische-olie-set-van-eucalyptus-rozemarijn-pepermunt\/","url":"https:\/\/evergetikon.eu\/product\/etherische-olie-set-van-eucalyptus-rozemarijn-pepermunt\/","name":"Huile essentielle - set d'eucalyptus, romarin, menthe poivr\u00e9e - evergetikon","isPartOf":{"@id":"https:\/\/evergetikon.eu\/#website"},"primaryImageOfPage":{"@id":"https:\/\/evergetikon.eu\/product\/etherische-olie-set-van-eucalyptus-rozemarijn-pepermunt\/#primaryimage"},"image":{"@id":"https:\/\/evergetikon.eu\/product\/etherische-olie-set-van-eucalyptus-rozemarijn-pepermunt\/#primaryimage"},"thumbnailUrl":"https:\/\/exomh4ku2ih.exactdn.com\/wp-content\/uploads\/2024\/12\/etherische-olie-set-2.png?strip=all","datePublished":"2024-08-29T18:26:35+00:00","dateModified":"2025-10-11T17:44:20+00:00","breadcrumb":{"@id":"https:\/\/evergetikon.eu\/product\/etherische-olie-set-van-eucalyptus-rozemarijn-pepermunt\/#breadcrumb"},"inLanguage":"fr-FR","potentialAction":[{"@type":"ReadAction","target":["https:\/\/evergetikon.eu\/product\/etherische-olie-set-van-eucalyptus-rozemarijn-pepermunt\/"]}]},{"@type":"ImageObject","inLanguage":"fr-FR","@id":"https:\/\/evergetikon.eu\/product\/etherische-olie-set-van-eucalyptus-rozemarijn-pepermunt\/#primaryimage","url":"https:\/\/exomh4ku2ih.exactdn.com\/wp-content\/uploads\/2024\/12\/etherische-olie-set-2.png?strip=all","contentUrl":"https:\/\/exomh4ku2ih.exactdn.com\/wp-content\/uploads\/2024\/12\/etherische-olie-set-2.png?strip=all","width":1024,"height":861,"caption":"etherische olie set 2"},{"@type":"BreadcrumbList","@id":"https:\/\/evergetikon.eu\/product\/etherische-olie-set-van-eucalyptus-rozemarijn-pepermunt\/#breadcrumb","itemListElement":[{"@type":"ListItem","position":1,"name":"Home","item":"https:\/\/evergetikon.eu\/"},{"@type":"ListItem","position":2,"name":"Shop","item":"https:\/\/evergetikon.eu\/shop\/"},{"@type":"ListItem","position":3,"name":"Etherische olie &#8211; set van eucalyptus, rozemarijn, pepermunt"}]},{"@type":"WebSite","@id":"https:\/\/evergetikon.eu\/#website","url":"https:\/\/evergetikon.eu\/","name":"evergetikon","description":"","publisher":{"@id":"https:\/\/evergetikon.eu\/#organization"},"potentialAction":[{"@type":"SearchAction","target":{"@type":"EntryPoint","urlTemplate":"https:\/\/evergetikon.eu\/?s={search_term_string}"},"query-input":{"@type":"PropertyValueSpecification","valueRequired":true,"valueName":"search_term_string"}}],"inLanguage":"fr-FR"},{"@type":"Organization","@id":"https:\/\/evergetikon.eu\/#organization","name":"evergetikon","url":"https:\/\/evergetikon.eu\/","logo":{"@type":"ImageObject","inLanguage":"fr-FR","@id":"https:\/\/evergetikon.eu\/#\/schema\/logo\/image\/","url":"https:\/\/exomh4ku2ih.exactdn.com\/wp-content\/uploads\/2025\/06\/Evergetikon-non-of.svg","contentUrl":"https:\/\/exomh4ku2ih.exactdn.com\/wp-content\/uploads\/2025\/06\/Evergetikon-non-of.svg","width":229,"height":70,"caption":"evergetikon"},"image":{"@id":"https:\/\/evergetikon.eu\/#\/schema\/logo\/image\/"}}]}},"_links":{"self":[{"href":"https:\/\/evergetikon.eu\/fr\/wp-json\/wp\/v2\/product\/9050","targetHints":{"allow":["GET"]}}],"collection":[{"href":"https:\/\/evergetikon.eu\/fr\/wp-json\/wp\/v2\/product"}],"about":[{"href":"https:\/\/evergetikon.eu\/fr\/wp-json\/wp\/v2\/types\/product"}],"replies":[{"embeddable":true,"href":"https:\/\/evergetikon.eu\/fr\/wp-json\/wp\/v2\/comments?post=9050"}],"version-history":[{"count":0,"href":"https:\/\/evergetikon.eu\/fr\/wp-json\/wp\/v2\/product\/9050\/revisions"}],"wp:featuredmedia":[{"embeddable":true,"href":"https:\/\/evergetikon.eu\/fr\/wp-json\/wp\/v2\/media\/9049"}],"wp:attachment":[{"href":"https:\/\/evergetikon.eu\/fr\/wp-json\/wp\/v2\/media?parent=9050"}],"wp:term":[{"taxonomy":"product_brand","embeddable":true,"href":"https:\/\/evergetikon.eu\/fr\/wp-json\/wp\/v2\/product_brand?post=9050"},{"taxonomy":"product_cat","embeddable":true,"href":"https:\/\/evergetikon.eu\/fr\/wp-json\/wp\/v2\/product_cat?post=9050"},{"taxonomy":"product_tag","embeddable":true,"href":"https:\/\/evergetikon.eu\/fr\/wp-json\/wp\/v2\/product_tag?post=9050"}],"curies":[{"name":"wp","href":"https:\/\/api.w.org\/{rel}","templated":true}]}}