{"id":212,"date":"2022-10-08T18:40:47","date_gmt":"2022-10-08T18:40:47","guid":{"rendered":"https:\/\/evergetikon.nl\/?product=etherische-olie-jasmijn-evergetikon"},"modified":"2026-03-23T21:22:19","modified_gmt":"2026-03-23T21:22:19","slug":"etherische-olie-jasmijn-evergetikon","status":"publish","type":"product","link":"https:\/\/evergetikon.eu\/fr\/produit\/huile-essentielle-jasmin-evergetikon\/","title":{"rendered":"Huile essentielle - Jasmin - Evergetikon"},"content":{"rendered":"<h2>Huile \u00e9th\u00e9r\u00e9e jasmin<\/h2>\n<p>L'huile essentielle de jasmin d'Evergetikon provient des fleurs du jasmin qui pousse sur l'\u00eele de Cr\u00e8te en Gr\u00e8ce. Les fleurs sont cueillies \u00e0 la main, puis s\u00e9ch\u00e9es et transform\u00e9es en huile par distillation \u00e0 la vapeur d'eau. Ce processus garantit la puret\u00e9 et la qualit\u00e9 de l'huile essentielle de jasmin d'Evergetikon.<\/p>\n<p>L'huile a un joli parfum floral connu pour ses propri\u00e9t\u00e9s relaxantes et apaisantes. Elle peut \u00eatre utilis\u00e9e dans diverses applications, telles que l'aromath\u00e9rapie, les massages et les soins de la peau.<\/p>\n<h3>Aromath\u00e9rapie<\/h3>\n<p>L'huile essentielle de jasmin peut \u00eatre utilis\u00e9e dans un diffuseur ou un vaporisateur pour cr\u00e9er une atmosph\u00e8re apaisante \u00e0 la maison ou au travail. Son parfum contribue \u00e0 r\u00e9duire le stress et l'anxi\u00e9t\u00e9, et peut \u00e9galement am\u00e9liorer l'humeur.<\/p>\n<h3>Massage<\/h3>\n<p>L'huile essentielle de jasmin peut \u00eatre m\u00e9lang\u00e9e \u00e0 une huile de support, telle que l'huile d'amande ou l'huile de jojoba, pour \u00eatre utilis\u00e9e lors des massages. Elle peut aider \u00e0 soulager les douleurs musculaires, favoriser la relaxation et am\u00e9liorer la circulation sanguine.<\/p>\n<h3>Soins de la peau<\/h3>\n<p>L'huile essentielle de jasmin poss\u00e8de \u00e9galement des propri\u00e9t\u00e9s antiseptiques et anti-inflammatoires, ce qui la rend id\u00e9ale pour les produits de soins de la peau. Elle peut aider \u00e0 r\u00e9duire l'acn\u00e9, \u00e0 soulager les peaux s\u00e8ches et irrit\u00e9es et \u00e0 favoriser la cicatrisation des plaies.<\/p>","protected":false},"excerpt":{"rendered":"<p>Le jasmin est un parfum doux, chaud et romantique. L'huile essentielle de jasmin, avec son \u00e9nergie et son parfum, convient et est g\u00e9n\u00e9ralement appr\u00e9ci\u00e9e par les hommes et les femmes. Le parfum exaltant du jasmin et ses propri\u00e9t\u00e9s aromatiques b\u00e9n\u00e9fiques sont appr\u00e9ci\u00e9s dans diff\u00e9rents pays depuis l'Antiquit\u00e9 et le parfum du jasmin a re\u00e7u de nombreux noms. Le jasmin peut aider \u00e0 se d\u00e9tendre et \u00e0 calmer les \u00e9motions, il donne de la tendresse \u00e0 une personne et favorise la proximit\u00e9, c'est pourquoi on l'appelle aussi le \"parfum de l'amour\". Les huiles essentielles aphrodisiaques aident \u00e0 calmer une personne, \u00e0 la d\u00e9tendre et \u00e0 susciter la passion. Le jasmin est appr\u00e9ci\u00e9 en aromath\u00e9rapie comme un puissant aphrodisiaque. Le jasmin et son parfum sont tr\u00e8s populaires dans la cr\u00e9ation et la production de parfums pour hommes et femmes. Le jasmin est utilis\u00e9 en cosm\u00e9tique pour ses excellentes propri\u00e9t\u00e9s antibact\u00e9riennes et hydratantes. L'huile de jasmin pour le visage peut aider la peau \u00e0 se r\u00e9g\u00e9n\u00e9rer et \u00e0 s'\u00e9claircir plus rapidement.<\/p>","protected":false},"featured_media":211,"comment_status":"open","ping_status":"closed","template":"","meta":[],"product_brand":[],"product_cat":[68],"product_tag":[],"class_list":{"0":"post-212","1":"product","2":"type-product","3":"status-publish","4":"has-post-thumbnail","6":"product_cat-etherische-olie","8":"first","9":"outofstock","10":"taxable","11":"shipping-taxable","12":"purchasable","13":"product-type-simple"},"yoast_head":"<!-- This site is optimized with the Yoast SEO plugin v27.3 - https:\/\/yoast.com\/product\/yoast-seo-wordpress\/ -->\n<title>Etherische olie - Jasmijn - Evergetikon - evergetikon<\/title>\n<meta name=\"robots\" content=\"index, follow, max-snippet:-1, max-image-preview:large, max-video-preview:-1\" \/>\n<link rel=\"canonical\" href=\"https:\/\/evergetikon.eu\/fr\/produit\/huile-essentielle-jasmin-evergetikon\/\" \/>\n<meta property=\"og:locale\" content=\"fr_FR\" \/>\n<meta property=\"og:type\" content=\"article\" \/>\n<meta property=\"og:title\" content=\"Etherische olie - Jasmijn - Evergetikon - evergetikon\" \/>\n<meta property=\"og:description\" content=\"Jasmijn is een zoete, warme en romantische geur.\u00a0Essenti\u00eble olie van jasmijn met zijn energie en geur is geschikt en wordt meestal gewaardeerd door zowel mannen als vrouwen.\u00a0De opwekkende geur van jasmijn en zijn heilzame aromatische eigenschappen worden al sinds de oudheid in verschillende landen gewaardeerd en de geur van jasmijn heeft vele namen gekregen.\u00a0Jasmijn kan helpen bij het ontspannen en kalmeren van emoties, geeft een persoon tederheid en bevordert de nabijheid, daarom wordt het ook wel het &quot;parfum van de liefde&quot; genoemd.\u00a0Essenti\u00eble oli\u00ebn met afrodisiacum helpen een persoon te kalmeren, te ontspannen en passie op te wekken.\u00a0Jasmijn - gewaardeerd in de aromatherapie als een sterk afrodisiacum.\u00a0Jasmijn en zijn geur zijn erg populair bij het cre\u00ebren en produceren van parfums voor mannen en vrouwen.\u00a0Jasmijn wordt in cosmetica gebruikt vanwege zijn uitstekende antibacteri\u00eble en hydraterende eigenschappen.\u00a0Jasmijnolie voor het gezicht kan de huid helpen sneller te regenereren en verhelderen.\" \/>\n<meta property=\"og:url\" content=\"https:\/\/evergetikon.eu\/fr\/produit\/huile-essentielle-jasmin-evergetikon\/\" \/>\n<meta property=\"og:site_name\" content=\"evergetikon\" \/>\n<meta property=\"article:modified_time\" content=\"2026-03-23T21:22:19+00:00\" \/>\n<meta property=\"og:image\" content=\"https:\/\/evergetikon.eu\/wp-content\/uploads\/2024\/06\/essentiele-olie-jasmijn.jpg\" \/>\n\t<meta property=\"og:image:width\" content=\"1024\" \/>\n\t<meta property=\"og:image:height\" content=\"861\" \/>\n\t<meta property=\"og:image:type\" content=\"image\/jpeg\" \/>\n<meta name=\"twitter:card\" content=\"summary_large_image\" \/>\n<meta name=\"twitter:label1\" content=\"Dur\u00e9e de lecture estim\u00e9e\" \/>\n\t<meta name=\"twitter:data1\" content=\"1 minute\" \/>\n<script type=\"application\/ld+json\" class=\"yoast-schema-graph\">{\"@context\":\"https:\\\/\\\/schema.org\",\"@graph\":[{\"@type\":\"WebPage\",\"@id\":\"https:\\\/\\\/evergetikon.eu\\\/product\\\/etherische-olie-jasmijn-evergetikon\\\/\",\"url\":\"https:\\\/\\\/evergetikon.eu\\\/product\\\/etherische-olie-jasmijn-evergetikon\\\/\",\"name\":\"Etherische olie - Jasmijn - Evergetikon - evergetikon\",\"isPartOf\":{\"@id\":\"https:\\\/\\\/evergetikon.eu\\\/#website\"},\"primaryImageOfPage\":{\"@id\":\"https:\\\/\\\/evergetikon.eu\\\/product\\\/etherische-olie-jasmijn-evergetikon\\\/#primaryimage\"},\"image\":{\"@id\":\"https:\\\/\\\/evergetikon.eu\\\/product\\\/etherische-olie-jasmijn-evergetikon\\\/#primaryimage\"},\"thumbnailUrl\":\"https:\\\/\\\/exomh4ku2ih.exactdn.com\\\/wp-content\\\/uploads\\\/2024\\\/06\\\/essentiele-olie-jasmijn.jpg?strip=all\",\"datePublished\":\"2022-10-08T18:40:47+00:00\",\"dateModified\":\"2026-03-23T21:22:19+00:00\",\"breadcrumb\":{\"@id\":\"https:\\\/\\\/evergetikon.eu\\\/product\\\/etherische-olie-jasmijn-evergetikon\\\/#breadcrumb\"},\"inLanguage\":\"fr-FR\",\"potentialAction\":[{\"@type\":\"ReadAction\",\"target\":[\"https:\\\/\\\/evergetikon.eu\\\/product\\\/etherische-olie-jasmijn-evergetikon\\\/\"]}]},{\"@type\":\"ImageObject\",\"inLanguage\":\"fr-FR\",\"@id\":\"https:\\\/\\\/evergetikon.eu\\\/product\\\/etherische-olie-jasmijn-evergetikon\\\/#primaryimage\",\"url\":\"https:\\\/\\\/exomh4ku2ih.exactdn.com\\\/wp-content\\\/uploads\\\/2024\\\/06\\\/essentiele-olie-jasmijn.jpg?strip=all\",\"contentUrl\":\"https:\\\/\\\/exomh4ku2ih.exactdn.com\\\/wp-content\\\/uploads\\\/2024\\\/06\\\/essentiele-olie-jasmijn.jpg?strip=all\",\"width\":1024,\"height\":861,\"caption\":\"essenti\u00eble olie jasmijn\"},{\"@type\":\"BreadcrumbList\",\"@id\":\"https:\\\/\\\/evergetikon.eu\\\/product\\\/etherische-olie-jasmijn-evergetikon\\\/#breadcrumb\",\"itemListElement\":[{\"@type\":\"ListItem\",\"position\":1,\"name\":\"Home\",\"item\":\"https:\\\/\\\/evergetikon.eu\\\/\"},{\"@type\":\"ListItem\",\"position\":2,\"name\":\"Shop\",\"item\":\"https:\\\/\\\/evergetikon.eu\\\/shop\\\/\"},{\"@type\":\"ListItem\",\"position\":3,\"name\":\"Etherische olie &#8211; Jasmijn &#8211; Evergetikon\"}]},{\"@type\":\"WebSite\",\"@id\":\"https:\\\/\\\/evergetikon.eu\\\/#website\",\"url\":\"https:\\\/\\\/evergetikon.eu\\\/\",\"name\":\"evergetikon\",\"description\":\"\",\"publisher\":{\"@id\":\"https:\\\/\\\/evergetikon.eu\\\/#organization\"},\"potentialAction\":[{\"@type\":\"SearchAction\",\"target\":{\"@type\":\"EntryPoint\",\"urlTemplate\":\"https:\\\/\\\/evergetikon.eu\\\/?s={search_term_string}\"},\"query-input\":{\"@type\":\"PropertyValueSpecification\",\"valueRequired\":true,\"valueName\":\"search_term_string\"}}],\"inLanguage\":\"fr-FR\"},{\"@type\":\"Organization\",\"@id\":\"https:\\\/\\\/evergetikon.eu\\\/#organization\",\"name\":\"evergetikon\",\"url\":\"https:\\\/\\\/evergetikon.eu\\\/\",\"logo\":{\"@type\":\"ImageObject\",\"inLanguage\":\"fr-FR\",\"@id\":\"https:\\\/\\\/evergetikon.eu\\\/#\\\/schema\\\/logo\\\/image\\\/\",\"url\":\"https:\\\/\\\/exomh4ku2ih.exactdn.com\\\/wp-content\\\/uploads\\\/2025\\\/06\\\/Evergetikon-non-of.svg\",\"contentUrl\":\"https:\\\/\\\/exomh4ku2ih.exactdn.com\\\/wp-content\\\/uploads\\\/2025\\\/06\\\/Evergetikon-non-of.svg\",\"width\":229,\"height\":70,\"caption\":\"evergetikon\"},\"image\":{\"@id\":\"https:\\\/\\\/evergetikon.eu\\\/#\\\/schema\\\/logo\\\/image\\\/\"}}]}<\/script>\n<!-- \/ Yoast SEO plugin. -->","yoast_head_json":{"title":"Huile essentielle - Jasmin - evergetikon","robots":{"index":"index","follow":"follow","max-snippet":"max-snippet:-1","max-image-preview":"max-image-preview:large","max-video-preview":"max-video-preview:-1"},"canonical":"https:\/\/evergetikon.eu\/fr\/produit\/huile-essentielle-jasmin-evergetikon\/","og_locale":"fr_FR","og_type":"article","og_title":"Etherische olie - Jasmijn - Evergetikon - evergetikon","og_description":"Jasmijn is een zoete, warme en romantische geur.\u00a0Essenti\u00eble olie van jasmijn met zijn energie en geur is geschikt en wordt meestal gewaardeerd door zowel mannen als vrouwen.\u00a0De opwekkende geur van jasmijn en zijn heilzame aromatische eigenschappen worden al sinds de oudheid in verschillende landen gewaardeerd en de geur van jasmijn heeft vele namen gekregen.\u00a0Jasmijn kan helpen bij het ontspannen en kalmeren van emoties, geeft een persoon tederheid en bevordert de nabijheid, daarom wordt het ook wel het \"parfum van de liefde\" genoemd.\u00a0Essenti\u00eble oli\u00ebn met afrodisiacum helpen een persoon te kalmeren, te ontspannen en passie op te wekken.\u00a0Jasmijn - gewaardeerd in de aromatherapie als een sterk afrodisiacum.\u00a0Jasmijn en zijn geur zijn erg populair bij het cre\u00ebren en produceren van parfums voor mannen en vrouwen.\u00a0Jasmijn wordt in cosmetica gebruikt vanwege zijn uitstekende antibacteri\u00eble en hydraterende eigenschappen.\u00a0Jasmijnolie voor het gezicht kan de huid helpen sneller te regenereren en verhelderen.","og_url":"https:\/\/evergetikon.eu\/fr\/produit\/huile-essentielle-jasmin-evergetikon\/","og_site_name":"evergetikon","article_modified_time":"2026-03-23T21:22:19+00:00","og_image":[{"width":1024,"height":861,"url":"https:\/\/evergetikon.eu\/wp-content\/uploads\/2024\/06\/essentiele-olie-jasmijn.jpg","type":"image\/jpeg"}],"twitter_card":"summary_large_image","twitter_misc":{"Dur\u00e9e de lecture estim\u00e9e":"1 minute"},"schema":{"@context":"https:\/\/schema.org","@graph":[{"@type":"WebPage","@id":"https:\/\/evergetikon.eu\/product\/etherische-olie-jasmijn-evergetikon\/","url":"https:\/\/evergetikon.eu\/product\/etherische-olie-jasmijn-evergetikon\/","name":"Huile essentielle - Jasmin - evergetikon","isPartOf":{"@id":"https:\/\/evergetikon.eu\/#website"},"primaryImageOfPage":{"@id":"https:\/\/evergetikon.eu\/product\/etherische-olie-jasmijn-evergetikon\/#primaryimage"},"image":{"@id":"https:\/\/evergetikon.eu\/product\/etherische-olie-jasmijn-evergetikon\/#primaryimage"},"thumbnailUrl":"https:\/\/exomh4ku2ih.exactdn.com\/wp-content\/uploads\/2024\/06\/essentiele-olie-jasmijn.jpg?strip=all","datePublished":"2022-10-08T18:40:47+00:00","dateModified":"2026-03-23T21:22:19+00:00","breadcrumb":{"@id":"https:\/\/evergetikon.eu\/product\/etherische-olie-jasmijn-evergetikon\/#breadcrumb"},"inLanguage":"fr-FR","potentialAction":[{"@type":"ReadAction","target":["https:\/\/evergetikon.eu\/product\/etherische-olie-jasmijn-evergetikon\/"]}]},{"@type":"ImageObject","inLanguage":"fr-FR","@id":"https:\/\/evergetikon.eu\/product\/etherische-olie-jasmijn-evergetikon\/#primaryimage","url":"https:\/\/exomh4ku2ih.exactdn.com\/wp-content\/uploads\/2024\/06\/essentiele-olie-jasmijn.jpg?strip=all","contentUrl":"https:\/\/exomh4ku2ih.exactdn.com\/wp-content\/uploads\/2024\/06\/essentiele-olie-jasmijn.jpg?strip=all","width":1024,"height":861,"caption":"essenti\u00eble olie jasmijn"},{"@type":"BreadcrumbList","@id":"https:\/\/evergetikon.eu\/product\/etherische-olie-jasmijn-evergetikon\/#breadcrumb","itemListElement":[{"@type":"ListItem","position":1,"name":"Home","item":"https:\/\/evergetikon.eu\/"},{"@type":"ListItem","position":2,"name":"Shop","item":"https:\/\/evergetikon.eu\/shop\/"},{"@type":"ListItem","position":3,"name":"Etherische olie &#8211; Jasmijn &#8211; Evergetikon"}]},{"@type":"WebSite","@id":"https:\/\/evergetikon.eu\/#website","url":"https:\/\/evergetikon.eu\/","name":"evergetikon","description":"","publisher":{"@id":"https:\/\/evergetikon.eu\/#organization"},"potentialAction":[{"@type":"SearchAction","target":{"@type":"EntryPoint","urlTemplate":"https:\/\/evergetikon.eu\/?s={search_term_string}"},"query-input":{"@type":"PropertyValueSpecification","valueRequired":true,"valueName":"search_term_string"}}],"inLanguage":"fr-FR"},{"@type":"Organization","@id":"https:\/\/evergetikon.eu\/#organization","name":"evergetikon","url":"https:\/\/evergetikon.eu\/","logo":{"@type":"ImageObject","inLanguage":"fr-FR","@id":"https:\/\/evergetikon.eu\/#\/schema\/logo\/image\/","url":"https:\/\/exomh4ku2ih.exactdn.com\/wp-content\/uploads\/2025\/06\/Evergetikon-non-of.svg","contentUrl":"https:\/\/exomh4ku2ih.exactdn.com\/wp-content\/uploads\/2025\/06\/Evergetikon-non-of.svg","width":229,"height":70,"caption":"evergetikon"},"image":{"@id":"https:\/\/evergetikon.eu\/#\/schema\/logo\/image\/"}}]}},"_links":{"self":[{"href":"https:\/\/evergetikon.eu\/fr\/wp-json\/wp\/v2\/product\/212","targetHints":{"allow":["GET"]}}],"collection":[{"href":"https:\/\/evergetikon.eu\/fr\/wp-json\/wp\/v2\/product"}],"about":[{"href":"https:\/\/evergetikon.eu\/fr\/wp-json\/wp\/v2\/types\/product"}],"replies":[{"embeddable":true,"href":"https:\/\/evergetikon.eu\/fr\/wp-json\/wp\/v2\/comments?post=212"}],"version-history":[{"count":0,"href":"https:\/\/evergetikon.eu\/fr\/wp-json\/wp\/v2\/product\/212\/revisions"}],"wp:featuredmedia":[{"embeddable":true,"href":"https:\/\/evergetikon.eu\/fr\/wp-json\/wp\/v2\/media\/211"}],"wp:attachment":[{"href":"https:\/\/evergetikon.eu\/fr\/wp-json\/wp\/v2\/media?parent=212"}],"wp:term":[{"taxonomy":"product_brand","embeddable":true,"href":"https:\/\/evergetikon.eu\/fr\/wp-json\/wp\/v2\/product_brand?post=212"},{"taxonomy":"product_cat","embeddable":true,"href":"https:\/\/evergetikon.eu\/fr\/wp-json\/wp\/v2\/product_cat?post=212"},{"taxonomy":"product_tag","embeddable":true,"href":"https:\/\/evergetikon.eu\/fr\/wp-json\/wp\/v2\/product_tag?post=212"}],"curies":[{"name":"wp","href":"https:\/\/api.w.org\/{rel}","templated":true}]}}