{"id":206,"date":"2022-10-08T18:40:47","date_gmt":"2022-10-08T18:40:47","guid":{"rendered":"https:\/\/evergetikon.nl\/?product=etherische-olie-sinaasappel-evergetikon"},"modified":"2026-04-08T08:49:36","modified_gmt":"2026-04-08T08:49:36","slug":"etherische-olie-sinaasappel-evergetikon","status":"publish","type":"product","link":"https:\/\/evergetikon.eu\/fr\/produit\/huile-essentielle-orange-evergetikon\/","title":{"rendered":"Huile essentielle - Orange - Evergetikon"},"content":{"rendered":"<p>Dans la Chine ancienne, les huiles essentielles d'orange \u00e9taient utilis\u00e9es pour soigner plus rapidement les rhumes.<\/p>\n<p>En cosm\u00e9tique, l'huile essentielle d'orange est utilis\u00e9e pour lutter contre les radicaux libres qui endommagent la peau. L'huile est riche en antioxydants qui aident \u00e0 prot\u00e9ger la peau. L'huile d'orange am\u00e9liore \u00e9galement la circulation sanguine dans la peau, l'assimilation de la vitamine C, ce qui augmente \u00e9galement la production de collag\u00e8ne. Les huiles essentielles naturelles ont g\u00e9n\u00e9ralement des effets antibact\u00e9riens et antiseptiques, comme l'huile essentielle d'orange, c'est pourquoi cette huile est utilis\u00e9e dans la production de cosm\u00e9tiques, aussi bien pour le soin des peaux acn\u00e9iques que pour celui des peaux matures.<\/p>\n<p>Les produits de soins capillaires sont \u00e9galement fabriqu\u00e9s \u00e0 partir d'oranges. Les personnes qui ont des cheveux secs ou des pellicules doivent rechercher des produits \u00e0 base d'orange. L'huile essentielle d'orange peut aider \u00e0 \u00e9liminer les pellicules et aider les cheveux \u00e0 se r\u00e9g\u00e9n\u00e9rer et \u00e0 devenir plus \u00e9lastiques.<\/p>\n<p><strong>Utilisation :\u00a0<\/strong>\u00a0Lorsque vous utilisez des huiles essentielles, commencez par 1 \u00e0 2 gouttes dans un vaporisateur, vaporisez apr\u00e8s 15 \u00e0 30 minutes, augmentez progressivement ou m\u00e9langez avec d'autres huiles essentielles et obtenez de superbes ar\u00f4mes pour la maison. Les huiles essentielles naturelles doivent \u00eatre utilis\u00e9es de mani\u00e8re responsable, et pour \u00eatre utiles, elles doivent \u00eatre utilis\u00e9es avec mod\u00e9ration. Ne les utilisez pas sur une peau particuli\u00e8rement sensible et irrit\u00e9e. Dans les cosm\u00e9tiques fabriqu\u00e9s par les industriels, les quantit\u00e9s d'huiles essentielles sont extr\u00eamement faibles, mais tr\u00e8s importantes. Il faut donc \u00eatre prudent et s'assurer au pr\u00e9alable qu'elles ne provoquent pas de r\u00e9actions ind\u00e9sirables.<\/p>\n<p>\u00c9viter le contact avec les yeux. Les femmes enceintes ou qui allaitent doivent consulter leur m\u00e9decin traitant.<\/p>\n<p>Si vous \u00eates enceinte, consultez votre m\u00e9decin traitant sur l'utilisation des huiles essentielles.<\/p>\n<p><strong>Ingr\u00e9dients :<\/strong>\u00a0huile essentielle d'orange\u00a0<em>Citrus sinensis<\/em><\/p>","protected":false},"excerpt":{"rendered":"<p>Huile essentielle pure d'orange douce qui cr\u00e9e instantan\u00e9ment une agr\u00e9able sensation de chaleur. C'est l'une des pens\u00e9es tristes et des angoisses qui vous coupent le souffle. L'orange douce et raffermissante est parfaite lorsque vous manquez d'\u00e9nergie et que vous vous sentez tendu. C'est souvent le parfum le plus agr\u00e9able pour les jeunes enfants, ainsi que pour les adolescents. L'huile essentielle d'orange est un excellent rem\u00e8de contre l'insomnie. Vous pouvez m\u00e9langer quelques gouttes d'huile essentielle de lavande \u00e0 l'orange. D\u00e9posez-le dans un vaporisateur ou sur un mouchoir et ces deux senteurs vous d\u00e9tendront doucement tout en vous donnant la force de vous endormir paisiblement et rapidement.<\/p>","protected":false},"featured_media":100000015047,"comment_status":"open","ping_status":"closed","template":"","meta":[],"product_brand":[],"product_cat":[68],"product_tag":[],"class_list":{"0":"post-206","1":"product","2":"type-product","3":"status-publish","4":"has-post-thumbnail","6":"product_cat-etherische-olie","8":"first","9":"instock","10":"taxable","11":"shipping-taxable","12":"purchasable","13":"product-type-simple"},"yoast_head":"<!-- This site is optimized with the Yoast SEO plugin v27.4 - https:\/\/yoast.com\/product\/yoast-seo-wordpress\/ -->\n<title>Etherische olie - Sinaasappel - Evergetikon - evergetikon<\/title>\n<meta name=\"robots\" content=\"index, follow, max-snippet:-1, max-image-preview:large, max-video-preview:-1\" \/>\n<link rel=\"canonical\" href=\"https:\/\/evergetikon.eu\/fr\/produit\/huile-essentielle-orange-evergetikon\/\" \/>\n<meta property=\"og:locale\" content=\"fr_FR\" \/>\n<meta property=\"og:type\" content=\"article\" \/>\n<meta property=\"og:title\" content=\"Etherische olie - Sinaasappel - Evergetikon - evergetikon\" \/>\n<meta property=\"og:description\" content=\"Pure zoete sinaasappel etherische olie die direct een aangenaam warm gevoel cre\u00ebert.\u00a0Dit is een van de droevige gedachten en angsten die de adem benemen.\u00a0De zacht verstevigende sinaasappel is perfect voor als je geen energie hebt en je gespannen voelt.\u00a0Het is vaak de meest aangename geur voor kleine kinderen, maar ook voor tieners.\u00a0Essenti\u00eble olie van sinaasappel is een uitstekend middel tegen slapeloosheid.\u00a0Je kunt een paar druppels etherische olie van lavendel mengen met sinaasappel.\u00a0Laat het in een stomer of op een zakdoek vallen en deze twee geuren zullen je zachtjes ontspannen en tegelijkertijd de kracht geven om rustig en snel in slaap te vallen.\" \/>\n<meta property=\"og:url\" content=\"https:\/\/evergetikon.eu\/fr\/produit\/huile-essentielle-orange-evergetikon\/\" \/>\n<meta property=\"og:site_name\" content=\"evergetikon\" \/>\n<meta property=\"article:modified_time\" content=\"2026-04-08T08:49:36+00:00\" \/>\n<meta name=\"twitter:card\" content=\"summary_large_image\" \/>\n<meta name=\"twitter:label1\" content=\"Dur\u00e9e de lecture estim\u00e9e\" \/>\n\t<meta name=\"twitter:data1\" content=\"1 minute\" \/>\n<script type=\"application\/ld+json\" class=\"yoast-schema-graph\">{\"@context\":\"https:\\\/\\\/schema.org\",\"@graph\":[{\"@type\":\"WebPage\",\"@id\":\"https:\\\/\\\/evergetikon.eu\\\/product\\\/etherische-olie-sinaasappel-evergetikon\\\/\",\"url\":\"https:\\\/\\\/evergetikon.eu\\\/product\\\/etherische-olie-sinaasappel-evergetikon\\\/\",\"name\":\"Etherische olie - Sinaasappel - Evergetikon - evergetikon\",\"isPartOf\":{\"@id\":\"https:\\\/\\\/evergetikon.eu\\\/#website\"},\"primaryImageOfPage\":{\"@id\":\"https:\\\/\\\/evergetikon.eu\\\/product\\\/etherische-olie-sinaasappel-evergetikon\\\/#primaryimage\"},\"image\":{\"@id\":\"https:\\\/\\\/evergetikon.eu\\\/product\\\/etherische-olie-sinaasappel-evergetikon\\\/#primaryimage\"},\"thumbnailUrl\":\"https:\\\/\\\/purehealthstore.nl\\\/wp-content\\\/uploads\\\/2022\\\/10\\\/etherische-olie-sinaasappel.png\",\"datePublished\":\"2022-10-08T18:40:47+00:00\",\"dateModified\":\"2026-04-08T08:49:36+00:00\",\"breadcrumb\":{\"@id\":\"https:\\\/\\\/evergetikon.eu\\\/product\\\/etherische-olie-sinaasappel-evergetikon\\\/#breadcrumb\"},\"inLanguage\":\"fr-FR\",\"potentialAction\":[{\"@type\":\"ReadAction\",\"target\":[\"https:\\\/\\\/evergetikon.eu\\\/product\\\/etherische-olie-sinaasappel-evergetikon\\\/\"]}]},{\"@type\":\"ImageObject\",\"inLanguage\":\"fr-FR\",\"@id\":\"https:\\\/\\\/evergetikon.eu\\\/product\\\/etherische-olie-sinaasappel-evergetikon\\\/#primaryimage\",\"url\":\"https:\\\/\\\/purehealthstore.nl\\\/wp-content\\\/uploads\\\/2022\\\/10\\\/etherische-olie-sinaasappel.png\",\"contentUrl\":\"https:\\\/\\\/purehealthstore.nl\\\/wp-content\\\/uploads\\\/2022\\\/10\\\/etherische-olie-sinaasappel.png\"},{\"@type\":\"BreadcrumbList\",\"@id\":\"https:\\\/\\\/evergetikon.eu\\\/product\\\/etherische-olie-sinaasappel-evergetikon\\\/#breadcrumb\",\"itemListElement\":[{\"@type\":\"ListItem\",\"position\":1,\"name\":\"Home\",\"item\":\"https:\\\/\\\/evergetikon.eu\\\/\"},{\"@type\":\"ListItem\",\"position\":2,\"name\":\"Shop\",\"item\":\"https:\\\/\\\/evergetikon.eu\\\/shop\\\/\"},{\"@type\":\"ListItem\",\"position\":3,\"name\":\"Etherische olie &#8211; Sinaasappel &#8211; Evergetikon\"}]},{\"@type\":\"WebSite\",\"@id\":\"https:\\\/\\\/evergetikon.eu\\\/#website\",\"url\":\"https:\\\/\\\/evergetikon.eu\\\/\",\"name\":\"evergetikon\",\"description\":\"\",\"publisher\":{\"@id\":\"https:\\\/\\\/evergetikon.eu\\\/#organization\"},\"potentialAction\":[{\"@type\":\"SearchAction\",\"target\":{\"@type\":\"EntryPoint\",\"urlTemplate\":\"https:\\\/\\\/evergetikon.eu\\\/?s={search_term_string}\"},\"query-input\":{\"@type\":\"PropertyValueSpecification\",\"valueRequired\":true,\"valueName\":\"search_term_string\"}}],\"inLanguage\":\"fr-FR\"},{\"@type\":\"Organization\",\"@id\":\"https:\\\/\\\/evergetikon.eu\\\/#organization\",\"name\":\"evergetikon\",\"url\":\"https:\\\/\\\/evergetikon.eu\\\/\",\"logo\":{\"@type\":\"ImageObject\",\"inLanguage\":\"fr-FR\",\"@id\":\"https:\\\/\\\/evergetikon.eu\\\/#\\\/schema\\\/logo\\\/image\\\/\",\"url\":\"https:\\\/\\\/evergetikon.eu\\\/wp-content\\\/uploads\\\/2025\\\/06\\\/Evergetikon-non-of.svg\",\"contentUrl\":\"https:\\\/\\\/evergetikon.eu\\\/wp-content\\\/uploads\\\/2025\\\/06\\\/Evergetikon-non-of.svg\",\"width\":229,\"height\":70,\"caption\":\"evergetikon\"},\"image\":{\"@id\":\"https:\\\/\\\/evergetikon.eu\\\/#\\\/schema\\\/logo\\\/image\\\/\"}}]}<\/script>\n<!-- \/ Yoast SEO plugin. -->","yoast_head_json":{"title":"Huile essentielle - Orange - Evergetikon","robots":{"index":"index","follow":"follow","max-snippet":"max-snippet:-1","max-image-preview":"max-image-preview:large","max-video-preview":"max-video-preview:-1"},"canonical":"https:\/\/evergetikon.eu\/fr\/produit\/huile-essentielle-orange-evergetikon\/","og_locale":"fr_FR","og_type":"article","og_title":"Etherische olie - Sinaasappel - Evergetikon - evergetikon","og_description":"Pure zoete sinaasappel etherische olie die direct een aangenaam warm gevoel cre\u00ebert.\u00a0Dit is een van de droevige gedachten en angsten die de adem benemen.\u00a0De zacht verstevigende sinaasappel is perfect voor als je geen energie hebt en je gespannen voelt.\u00a0Het is vaak de meest aangename geur voor kleine kinderen, maar ook voor tieners.\u00a0Essenti\u00eble olie van sinaasappel is een uitstekend middel tegen slapeloosheid.\u00a0Je kunt een paar druppels etherische olie van lavendel mengen met sinaasappel.\u00a0Laat het in een stomer of op een zakdoek vallen en deze twee geuren zullen je zachtjes ontspannen en tegelijkertijd de kracht geven om rustig en snel in slaap te vallen.","og_url":"https:\/\/evergetikon.eu\/fr\/produit\/huile-essentielle-orange-evergetikon\/","og_site_name":"evergetikon","article_modified_time":"2026-04-08T08:49:36+00:00","twitter_card":"summary_large_image","twitter_misc":{"Dur\u00e9e de lecture estim\u00e9e":"1 minute"},"schema":{"@context":"https:\/\/schema.org","@graph":[{"@type":"WebPage","@id":"https:\/\/evergetikon.eu\/product\/etherische-olie-sinaasappel-evergetikon\/","url":"https:\/\/evergetikon.eu\/product\/etherische-olie-sinaasappel-evergetikon\/","name":"Huile essentielle - Orange - Evergetikon","isPartOf":{"@id":"https:\/\/evergetikon.eu\/#website"},"primaryImageOfPage":{"@id":"https:\/\/evergetikon.eu\/product\/etherische-olie-sinaasappel-evergetikon\/#primaryimage"},"image":{"@id":"https:\/\/evergetikon.eu\/product\/etherische-olie-sinaasappel-evergetikon\/#primaryimage"},"thumbnailUrl":"https:\/\/purehealthstore.nl\/wp-content\/uploads\/2022\/10\/etherische-olie-sinaasappel.png","datePublished":"2022-10-08T18:40:47+00:00","dateModified":"2026-04-08T08:49:36+00:00","breadcrumb":{"@id":"https:\/\/evergetikon.eu\/product\/etherische-olie-sinaasappel-evergetikon\/#breadcrumb"},"inLanguage":"fr-FR","potentialAction":[{"@type":"ReadAction","target":["https:\/\/evergetikon.eu\/product\/etherische-olie-sinaasappel-evergetikon\/"]}]},{"@type":"ImageObject","inLanguage":"fr-FR","@id":"https:\/\/evergetikon.eu\/product\/etherische-olie-sinaasappel-evergetikon\/#primaryimage","url":"https:\/\/purehealthstore.nl\/wp-content\/uploads\/2022\/10\/etherische-olie-sinaasappel.png","contentUrl":"https:\/\/purehealthstore.nl\/wp-content\/uploads\/2022\/10\/etherische-olie-sinaasappel.png"},{"@type":"BreadcrumbList","@id":"https:\/\/evergetikon.eu\/product\/etherische-olie-sinaasappel-evergetikon\/#breadcrumb","itemListElement":[{"@type":"ListItem","position":1,"name":"Home","item":"https:\/\/evergetikon.eu\/"},{"@type":"ListItem","position":2,"name":"Shop","item":"https:\/\/evergetikon.eu\/shop\/"},{"@type":"ListItem","position":3,"name":"Etherische olie &#8211; Sinaasappel &#8211; Evergetikon"}]},{"@type":"WebSite","@id":"https:\/\/evergetikon.eu\/#website","url":"https:\/\/evergetikon.eu\/","name":"evergetikon","description":"","publisher":{"@id":"https:\/\/evergetikon.eu\/#organization"},"potentialAction":[{"@type":"SearchAction","target":{"@type":"EntryPoint","urlTemplate":"https:\/\/evergetikon.eu\/?s={search_term_string}"},"query-input":{"@type":"PropertyValueSpecification","valueRequired":true,"valueName":"search_term_string"}}],"inLanguage":"fr-FR"},{"@type":"Organization","@id":"https:\/\/evergetikon.eu\/#organization","name":"evergetikon","url":"https:\/\/evergetikon.eu\/","logo":{"@type":"ImageObject","inLanguage":"fr-FR","@id":"https:\/\/evergetikon.eu\/#\/schema\/logo\/image\/","url":"https:\/\/evergetikon.eu\/wp-content\/uploads\/2025\/06\/Evergetikon-non-of.svg","contentUrl":"https:\/\/evergetikon.eu\/wp-content\/uploads\/2025\/06\/Evergetikon-non-of.svg","width":229,"height":70,"caption":"evergetikon"},"image":{"@id":"https:\/\/evergetikon.eu\/#\/schema\/logo\/image\/"}}]}},"_links":{"self":[{"href":"https:\/\/evergetikon.eu\/fr\/wp-json\/wp\/v2\/product\/206","targetHints":{"allow":["GET"]}}],"collection":[{"href":"https:\/\/evergetikon.eu\/fr\/wp-json\/wp\/v2\/product"}],"about":[{"href":"https:\/\/evergetikon.eu\/fr\/wp-json\/wp\/v2\/types\/product"}],"replies":[{"embeddable":true,"href":"https:\/\/evergetikon.eu\/fr\/wp-json\/wp\/v2\/comments?post=206"}],"version-history":[{"count":0,"href":"https:\/\/evergetikon.eu\/fr\/wp-json\/wp\/v2\/product\/206\/revisions"}],"wp:featuredmedia":[{"embeddable":true,"href":"https:\/\/evergetikon.eu\/fr\/wp-json\/"}],"wp:attachment":[{"href":"https:\/\/evergetikon.eu\/fr\/wp-json\/wp\/v2\/media?parent=206"}],"wp:term":[{"taxonomy":"product_brand","embeddable":true,"href":"https:\/\/evergetikon.eu\/fr\/wp-json\/wp\/v2\/product_brand?post=206"},{"taxonomy":"product_cat","embeddable":true,"href":"https:\/\/evergetikon.eu\/fr\/wp-json\/wp\/v2\/product_cat?post=206"},{"taxonomy":"product_tag","embeddable":true,"href":"https:\/\/evergetikon.eu\/fr\/wp-json\/wp\/v2\/product_tag?post=206"}],"curies":[{"name":"wp","href":"https:\/\/api.w.org\/{rel}","templated":true}]}}