{"id":199,"date":"2022-10-09T13:55:19","date_gmt":"2022-10-09T13:55:19","guid":{"rendered":"https:\/\/evergetikon.nl\/?product=gezichtsmasker-zeoliet-evergetikon"},"modified":"2026-03-07T13:12:53","modified_gmt":"2026-03-07T13:12:53","slug":"gezichtsmasker-zeoliet-evergetikon","status":"publish","type":"product","link":"https:\/\/evergetikon.eu\/fr\/produit\/masque-de-beaute-zeolite-evergetikon\/","title":{"rendered":"Masque visage z\u00e9olithe - Evergetikon"},"content":{"rendered":"<p>La z\u00e9olite est un min\u00e9ral qui poss\u00e8de des propri\u00e9t\u00e9s anti-inflammatoires et antioxydantes et qui nettoie en profondeur la peau du visage de la salet\u00e9 et des polluants, des r\u00e9sidus de maquillage. La z\u00e9olithe ne p\u00e9n\u00e8tre pas dans la peau, de sorte que ce masque absorbe les m\u00e9taux lourds et autres substances nocives. Il ne reste plus qu'\u00e0 laver facilement la peau avec le masque \u00e0 l'eau. La z\u00e9olithe ajuste \u00e9galement le pH de la peau. Ce min\u00e9ral poss\u00e8de \u00e9galement d'excellentes propri\u00e9t\u00e9s de renforcement et de r\u00e9g\u00e9n\u00e9ration des cheveux. La z\u00e9olithe est \u00e9galement un rem\u00e8de naturel contre l'acn\u00e9 et l'ecz\u00e9ma (dermatite). Lorsque la peau devient sensible et souffre d'ecz\u00e9ma, on peut l'aider en la d\u00e9barrassant des polluants accumul\u00e9s et des graisses superflues, qui emp\u00eachent la peau de se renouveler et de r\u00e9absorber les substances n\u00e9cessaires.<\/p>\n<p>Les huiles essentielles d'agrumes utilis\u00e9es dans le masque offrent non seulement des avantages aromath\u00e9rapeutiques, mais ont \u00e9galement des propri\u00e9t\u00e9s nettoyantes pour la peau, \u00e9claircissent et favorisent le renouvellement cellulaire. L'huile essentielle de citron \u00e9claircit et att\u00e9nue les rides. L'huile essentielle d'orange \u00e9limine les toxines de la peau.<\/p>\n<p>L'huile essentielle de lavande favorise la cicatrisation des \u00e9gratignures et des blessures, et adoucit la peau. Le parfum de la lavande et des agrumes vous apaise et vous donne de l'\u00e9nergie pendant que vous profitez d'un masque naturel qui ne contient PAS de parab\u00e8nes, de silicones, de propyl\u00e8ne glycol, d'huile min\u00e9rale, d'\u00e9thanolamine, de phtalates, de muskusxyl\u00e8ne, de triclosan, de m\u00e9thylisothiazolinone ou d'autres additifs chimiques.<\/p>\n<p><strong>Comment l'utiliser ?\u00a0<\/strong>\u00a0M\u00e9langer 1 \u00e0 2 cuill\u00e8res \u00e0 caf\u00e9 du masque avec 1 \u00e0 2 cuill\u00e8res \u00e0 caf\u00e9 d'eau ou d'hydrolat de rose pour obtenir une masse de la consistance d'une cr\u00e8me aigre. M\u00e9langez bien et appliquez une couche plus \u00e9paisse sur le visage, en \u00e9vitant les l\u00e8vres et les yeux. Laisser agir pendant 10 minutes, sans laisser s\u00e9cher le masque. Rincer \u00e0 l'eau ti\u00e8de.<\/p>\n<p><strong>Ingr\u00e9dients :<\/strong>\u00a0Z\u00e9olithe, Citrus Medica Limonum (huile de citron), Lavandula Angustifolia (huile de lavande), Citrus Reticulata, fleur de lavande.<\/p>","protected":false},"excerpt":{"rendered":"<p>Les masques \u00e0 base de min\u00e9raux sont un excellent moyen de renouveler la peau en \u00e9liminant les cellules mortes et en la d\u00e9barrassant en douceur des polluants environnementaux nocifs qui nous entourent.<\/p>","protected":false},"featured_media":198,"comment_status":"closed","ping_status":"closed","template":"","meta":[],"product_brand":[],"product_cat":[84,24],"product_tag":[],"class_list":{"0":"post-199","1":"product","2":"type-product","3":"status-publish","4":"has-post-thumbnail","6":"product_cat-natuurlijke-gezichtsmaskers","7":"product_cat-natuurlijke-gezichtsverzorging","9":"first","10":"instock","11":"taxable","12":"shipping-taxable","13":"purchasable","14":"product-type-simple"},"yoast_head":"<!-- This site is optimized with the Yoast SEO plugin v27.3 - https:\/\/yoast.com\/product\/yoast-seo-wordpress\/ -->\n<title>Gezichtsmasker zeoliet - Evergetikon - evergetikon<\/title>\n<meta name=\"robots\" content=\"index, follow, max-snippet:-1, max-image-preview:large, max-video-preview:-1\" \/>\n<link rel=\"canonical\" href=\"https:\/\/evergetikon.eu\/fr\/produit\/masque-de-beaute-zeolite-evergetikon\/\" \/>\n<meta property=\"og:locale\" content=\"fr_FR\" \/>\n<meta property=\"og:type\" content=\"article\" \/>\n<meta property=\"og:title\" content=\"Gezichtsmasker zeoliet - Evergetikon - evergetikon\" \/>\n<meta property=\"og:description\" content=\"Maskers van minerale oorsprong zijn een geweldige manier om de huid te vernieuwen door dode huidcellen te verwijderen en deze voorzichtig te reinigen van de schadelijke milieuverontreinigende stoffen die ons omringen.\" \/>\n<meta property=\"og:url\" content=\"https:\/\/evergetikon.eu\/fr\/produit\/masque-de-beaute-zeolite-evergetikon\/\" \/>\n<meta property=\"og:site_name\" content=\"evergetikon\" \/>\n<meta property=\"article:modified_time\" content=\"2026-03-07T13:12:53+00:00\" \/>\n<meta property=\"og:image\" content=\"https:\/\/evergetikon.eu\/wp-content\/uploads\/2024\/06\/zeoliet-gezichtsmasker.jpg\" \/>\n\t<meta property=\"og:image:width\" content=\"1024\" \/>\n\t<meta property=\"og:image:height\" content=\"861\" \/>\n\t<meta property=\"og:image:type\" content=\"image\/jpeg\" \/>\n<meta name=\"twitter:card\" content=\"summary_large_image\" \/>\n<meta name=\"twitter:label1\" content=\"Dur\u00e9e de lecture estim\u00e9e\" \/>\n\t<meta name=\"twitter:data1\" content=\"2 minutes\" \/>\n<script type=\"application\/ld+json\" class=\"yoast-schema-graph\">{\"@context\":\"https:\\\/\\\/schema.org\",\"@graph\":[{\"@type\":\"WebPage\",\"@id\":\"https:\\\/\\\/evergetikon.eu\\\/product\\\/gezichtsmasker-zeoliet-evergetikon\\\/\",\"url\":\"https:\\\/\\\/evergetikon.eu\\\/product\\\/gezichtsmasker-zeoliet-evergetikon\\\/\",\"name\":\"Gezichtsmasker zeoliet - Evergetikon - evergetikon\",\"isPartOf\":{\"@id\":\"https:\\\/\\\/evergetikon.eu\\\/#website\"},\"primaryImageOfPage\":{\"@id\":\"https:\\\/\\\/evergetikon.eu\\\/product\\\/gezichtsmasker-zeoliet-evergetikon\\\/#primaryimage\"},\"image\":{\"@id\":\"https:\\\/\\\/evergetikon.eu\\\/product\\\/gezichtsmasker-zeoliet-evergetikon\\\/#primaryimage\"},\"thumbnailUrl\":\"https:\\\/\\\/exomh4ku2ih.exactdn.com\\\/wp-content\\\/uploads\\\/2024\\\/06\\\/zeoliet-gezichtsmasker.jpg?strip=all\",\"datePublished\":\"2022-10-09T13:55:19+00:00\",\"dateModified\":\"2026-03-07T13:12:53+00:00\",\"breadcrumb\":{\"@id\":\"https:\\\/\\\/evergetikon.eu\\\/product\\\/gezichtsmasker-zeoliet-evergetikon\\\/#breadcrumb\"},\"inLanguage\":\"fr-FR\",\"potentialAction\":[{\"@type\":\"ReadAction\",\"target\":[\"https:\\\/\\\/evergetikon.eu\\\/product\\\/gezichtsmasker-zeoliet-evergetikon\\\/\"]}]},{\"@type\":\"ImageObject\",\"inLanguage\":\"fr-FR\",\"@id\":\"https:\\\/\\\/evergetikon.eu\\\/product\\\/gezichtsmasker-zeoliet-evergetikon\\\/#primaryimage\",\"url\":\"https:\\\/\\\/exomh4ku2ih.exactdn.com\\\/wp-content\\\/uploads\\\/2024\\\/06\\\/zeoliet-gezichtsmasker.jpg?strip=all\",\"contentUrl\":\"https:\\\/\\\/exomh4ku2ih.exactdn.com\\\/wp-content\\\/uploads\\\/2024\\\/06\\\/zeoliet-gezichtsmasker.jpg?strip=all\",\"width\":1024,\"height\":861,\"caption\":\"gezichtsmasker zeoliet\"},{\"@type\":\"BreadcrumbList\",\"@id\":\"https:\\\/\\\/evergetikon.eu\\\/product\\\/gezichtsmasker-zeoliet-evergetikon\\\/#breadcrumb\",\"itemListElement\":[{\"@type\":\"ListItem\",\"position\":1,\"name\":\"Home\",\"item\":\"https:\\\/\\\/evergetikon.eu\\\/\"},{\"@type\":\"ListItem\",\"position\":2,\"name\":\"Shop\",\"item\":\"https:\\\/\\\/evergetikon.eu\\\/shop\\\/\"},{\"@type\":\"ListItem\",\"position\":3,\"name\":\"Gezichtsmasker zeoliet &#8211; Evergetikon\"}]},{\"@type\":\"WebSite\",\"@id\":\"https:\\\/\\\/evergetikon.eu\\\/#website\",\"url\":\"https:\\\/\\\/evergetikon.eu\\\/\",\"name\":\"evergetikon\",\"description\":\"\",\"publisher\":{\"@id\":\"https:\\\/\\\/evergetikon.eu\\\/#organization\"},\"potentialAction\":[{\"@type\":\"SearchAction\",\"target\":{\"@type\":\"EntryPoint\",\"urlTemplate\":\"https:\\\/\\\/evergetikon.eu\\\/?s={search_term_string}\"},\"query-input\":{\"@type\":\"PropertyValueSpecification\",\"valueRequired\":true,\"valueName\":\"search_term_string\"}}],\"inLanguage\":\"fr-FR\"},{\"@type\":\"Organization\",\"@id\":\"https:\\\/\\\/evergetikon.eu\\\/#organization\",\"name\":\"evergetikon\",\"url\":\"https:\\\/\\\/evergetikon.eu\\\/\",\"logo\":{\"@type\":\"ImageObject\",\"inLanguage\":\"fr-FR\",\"@id\":\"https:\\\/\\\/evergetikon.eu\\\/#\\\/schema\\\/logo\\\/image\\\/\",\"url\":\"https:\\\/\\\/exomh4ku2ih.exactdn.com\\\/wp-content\\\/uploads\\\/2025\\\/06\\\/Evergetikon-non-of.svg\",\"contentUrl\":\"https:\\\/\\\/exomh4ku2ih.exactdn.com\\\/wp-content\\\/uploads\\\/2025\\\/06\\\/Evergetikon-non-of.svg\",\"width\":229,\"height\":70,\"caption\":\"evergetikon\"},\"image\":{\"@id\":\"https:\\\/\\\/evergetikon.eu\\\/#\\\/schema\\\/logo\\\/image\\\/\"}}]}<\/script>\n<!-- \/ Yoast SEO plugin. -->","yoast_head_json":{"title":"Masque visage z\u00e9olithe - Evergetikon - evergetikon","robots":{"index":"index","follow":"follow","max-snippet":"max-snippet:-1","max-image-preview":"max-image-preview:large","max-video-preview":"max-video-preview:-1"},"canonical":"https:\/\/evergetikon.eu\/fr\/produit\/masque-de-beaute-zeolite-evergetikon\/","og_locale":"fr_FR","og_type":"article","og_title":"Gezichtsmasker zeoliet - Evergetikon - evergetikon","og_description":"Maskers van minerale oorsprong zijn een geweldige manier om de huid te vernieuwen door dode huidcellen te verwijderen en deze voorzichtig te reinigen van de schadelijke milieuverontreinigende stoffen die ons omringen.","og_url":"https:\/\/evergetikon.eu\/fr\/produit\/masque-de-beaute-zeolite-evergetikon\/","og_site_name":"evergetikon","article_modified_time":"2026-03-07T13:12:53+00:00","og_image":[{"width":1024,"height":861,"url":"https:\/\/evergetikon.eu\/wp-content\/uploads\/2024\/06\/zeoliet-gezichtsmasker.jpg","type":"image\/jpeg"}],"twitter_card":"summary_large_image","twitter_misc":{"Dur\u00e9e de lecture estim\u00e9e":"2 minutes"},"schema":{"@context":"https:\/\/schema.org","@graph":[{"@type":"WebPage","@id":"https:\/\/evergetikon.eu\/product\/gezichtsmasker-zeoliet-evergetikon\/","url":"https:\/\/evergetikon.eu\/product\/gezichtsmasker-zeoliet-evergetikon\/","name":"Masque visage z\u00e9olithe - Evergetikon - evergetikon","isPartOf":{"@id":"https:\/\/evergetikon.eu\/#website"},"primaryImageOfPage":{"@id":"https:\/\/evergetikon.eu\/product\/gezichtsmasker-zeoliet-evergetikon\/#primaryimage"},"image":{"@id":"https:\/\/evergetikon.eu\/product\/gezichtsmasker-zeoliet-evergetikon\/#primaryimage"},"thumbnailUrl":"https:\/\/exomh4ku2ih.exactdn.com\/wp-content\/uploads\/2024\/06\/zeoliet-gezichtsmasker.jpg?strip=all","datePublished":"2022-10-09T13:55:19+00:00","dateModified":"2026-03-07T13:12:53+00:00","breadcrumb":{"@id":"https:\/\/evergetikon.eu\/product\/gezichtsmasker-zeoliet-evergetikon\/#breadcrumb"},"inLanguage":"fr-FR","potentialAction":[{"@type":"ReadAction","target":["https:\/\/evergetikon.eu\/product\/gezichtsmasker-zeoliet-evergetikon\/"]}]},{"@type":"ImageObject","inLanguage":"fr-FR","@id":"https:\/\/evergetikon.eu\/product\/gezichtsmasker-zeoliet-evergetikon\/#primaryimage","url":"https:\/\/exomh4ku2ih.exactdn.com\/wp-content\/uploads\/2024\/06\/zeoliet-gezichtsmasker.jpg?strip=all","contentUrl":"https:\/\/exomh4ku2ih.exactdn.com\/wp-content\/uploads\/2024\/06\/zeoliet-gezichtsmasker.jpg?strip=all","width":1024,"height":861,"caption":"gezichtsmasker zeoliet"},{"@type":"BreadcrumbList","@id":"https:\/\/evergetikon.eu\/product\/gezichtsmasker-zeoliet-evergetikon\/#breadcrumb","itemListElement":[{"@type":"ListItem","position":1,"name":"Home","item":"https:\/\/evergetikon.eu\/"},{"@type":"ListItem","position":2,"name":"Shop","item":"https:\/\/evergetikon.eu\/shop\/"},{"@type":"ListItem","position":3,"name":"Gezichtsmasker zeoliet &#8211; Evergetikon"}]},{"@type":"WebSite","@id":"https:\/\/evergetikon.eu\/#website","url":"https:\/\/evergetikon.eu\/","name":"evergetikon","description":"","publisher":{"@id":"https:\/\/evergetikon.eu\/#organization"},"potentialAction":[{"@type":"SearchAction","target":{"@type":"EntryPoint","urlTemplate":"https:\/\/evergetikon.eu\/?s={search_term_string}"},"query-input":{"@type":"PropertyValueSpecification","valueRequired":true,"valueName":"search_term_string"}}],"inLanguage":"fr-FR"},{"@type":"Organization","@id":"https:\/\/evergetikon.eu\/#organization","name":"evergetikon","url":"https:\/\/evergetikon.eu\/","logo":{"@type":"ImageObject","inLanguage":"fr-FR","@id":"https:\/\/evergetikon.eu\/#\/schema\/logo\/image\/","url":"https:\/\/exomh4ku2ih.exactdn.com\/wp-content\/uploads\/2025\/06\/Evergetikon-non-of.svg","contentUrl":"https:\/\/exomh4ku2ih.exactdn.com\/wp-content\/uploads\/2025\/06\/Evergetikon-non-of.svg","width":229,"height":70,"caption":"evergetikon"},"image":{"@id":"https:\/\/evergetikon.eu\/#\/schema\/logo\/image\/"}}]}},"_links":{"self":[{"href":"https:\/\/evergetikon.eu\/fr\/wp-json\/wp\/v2\/product\/199","targetHints":{"allow":["GET"]}}],"collection":[{"href":"https:\/\/evergetikon.eu\/fr\/wp-json\/wp\/v2\/product"}],"about":[{"href":"https:\/\/evergetikon.eu\/fr\/wp-json\/wp\/v2\/types\/product"}],"replies":[{"embeddable":true,"href":"https:\/\/evergetikon.eu\/fr\/wp-json\/wp\/v2\/comments?post=199"}],"version-history":[{"count":0,"href":"https:\/\/evergetikon.eu\/fr\/wp-json\/wp\/v2\/product\/199\/revisions"}],"wp:featuredmedia":[{"embeddable":true,"href":"https:\/\/evergetikon.eu\/fr\/wp-json\/wp\/v2\/media\/198"}],"wp:attachment":[{"href":"https:\/\/evergetikon.eu\/fr\/wp-json\/wp\/v2\/media?parent=199"}],"wp:term":[{"taxonomy":"product_brand","embeddable":true,"href":"https:\/\/evergetikon.eu\/fr\/wp-json\/wp\/v2\/product_brand?post=199"},{"taxonomy":"product_cat","embeddable":true,"href":"https:\/\/evergetikon.eu\/fr\/wp-json\/wp\/v2\/product_cat?post=199"},{"taxonomy":"product_tag","embeddable":true,"href":"https:\/\/evergetikon.eu\/fr\/wp-json\/wp\/v2\/product_tag?post=199"}],"curies":[{"name":"wp","href":"https:\/\/api.w.org\/{rel}","templated":true}]}}