{"id":186,"date":"2022-11-02T22:02:36","date_gmt":"2022-11-02T22:02:36","guid":{"rendered":"https:\/\/evergetikon.nl\/?product=aloe-vera-dagcreme"},"modified":"2026-04-16T18:15:33","modified_gmt":"2026-04-16T18:15:33","slug":"aloe-vera-dagcreme","status":"publish","type":"product","link":"https:\/\/evergetikon.eu\/fr\/produit\/creme-de-jour-a-laloe-vera\/","title":{"rendered":"Cr\u00e8me de jour et de nuit \u00e0 l'aloe vera - Hydratante - Evergetikon"},"content":{"rendered":"<h2 data-start=\"604\" data-end=\"659\">La sagesse de la Cr\u00e8te antique, dans une cr\u00e8me soyeuse<\/h2>\n<p data-start=\"661\" data-end=\"1003\">Sur les pentes ensoleill\u00e9es de Cr\u00e8te, les femmes savent depuis des g\u00e9n\u00e9rations comment nourrir, prot\u00e9ger et faire briller leur peau. Non pas avec des produits synth\u00e9tiques ou des emballages de luxe, mais avec ce que la nature leur a donn\u00e9 : <strong data-start=\"869\" data-end=\"930\">aloe vera, huile d'olive extra vierge et huiles de fleurs parfum\u00e9es<\/strong>. Ce savoir ancestral se perp\u00e9tue dans notre <strong data-start=\"975\" data-end=\"1002\">Cr\u00e8me pour le visage \u00e0 l'aloe vera<\/strong>.<\/p>\n<p data-start=\"1005\" data-end=\"1448\">Avec <strong data-start=\"1009\" data-end=\"1022\">aloe vera<\/strong> comme base, cette cr\u00e8me offre un rafra\u00eechissement et une hydratation instantan\u00e9s. <strong data-start=\"1084\" data-end=\"1110\">Huile d'olive cr\u00e9toise<\/strong>, <strong data-start=\"1112\" data-end=\"1133\">huile d'amande douce<\/strong>, <strong data-start=\"1135\" data-end=\"1153\">huile de p\u00e9pins de raisin<\/strong>, <strong data-start=\"1155\" data-end=\"1165\">jojoba<\/strong> et <strong data-start=\"1169\" data-end=\"1187\">huile de fleurs du soir<\/strong> forment un complexe nourrissant qui renforce la barri\u00e8re cutan\u00e9e et lutte contre le dess\u00e8chement. <strong data-start=\"1275\" data-end=\"1298\">Extrait de th\u00e9 vert<\/strong> et <strong data-start=\"1302\" data-end=\"1316\">vitamine E<\/strong> prot\u00e8gent contre les influences ext\u00e9rieures, tandis que <strong data-start=\"1366\" data-end=\"1400\">huile de rose, jasmin et g\u00e9ranium<\/strong> enveloppent votre peau d'un parfum doux et subtil.<\/p>\n<p data-start=\"1450\" data-end=\"1574\">Cette cr\u00e8me est une ode au luxe simple de la Cr\u00e8te : riche mais pure. Nourrissante, mais l\u00e9g\u00e8re. Et toujours fid\u00e8le \u00e0 la nature.<\/p>\n<p data-start=\"1576\" data-end=\"1700\"><strong data-start=\"1576\" data-end=\"1700\">Pour ceux qui recherchent l'\u00e9quilibre, la paix et la beaut\u00e9 naturelle, comme le font les femmes de Cr\u00e8te depuis des si\u00e8cles.<\/strong><\/p>","protected":false},"excerpt":{"rendered":"<p>D\u00e9couvrez le pouvoir de l'hydratation naturelle avec la cr\u00e8me \u00e0 l'aloe vera d'Evergetikon, qui prend soin de votre peau jour et nuit. Cette cr\u00e8me luxueuse offre une hydratation profonde et durable \u00e0 tous les types de peau, sans laisser de film gras. Choyez votre peau et profitez chaque matin d'un \u00e9clat et d'une r\u00e9sistance in\u00e9gal\u00e9s.<\/p>","protected":false},"featured_media":100000017663,"comment_status":"open","ping_status":"closed","template":"","meta":[],"product_brand":[],"product_cat":[132,24,65],"product_tag":[],"class_list":{"0":"post-186","1":"product","2":"type-product","3":"status-publish","4":"has-post-thumbnail","6":"product_cat-aloe-vera","7":"product_cat-natuurlijke-gezichtsverzorging","8":"product_cat-natuurlijke-gezichtscreme","10":"first","11":"instock","12":"taxable","13":"shipping-taxable","14":"purchasable","15":"product-type-simple"},"yoast_head":"<!-- This site is optimized with the Yoast SEO plugin v27.4 - https:\/\/yoast.com\/product\/yoast-seo-wordpress\/ -->\n<title>Alo\u00eb Vera dag- en nachtcr\u00e8me - Hydraterend - Evergetikon - evergetikon<\/title>\n<meta name=\"robots\" content=\"index, follow, max-snippet:-1, max-image-preview:large, max-video-preview:-1\" \/>\n<link rel=\"canonical\" href=\"https:\/\/evergetikon.eu\/fr\/produit\/creme-de-jour-a-laloe-vera\/\" \/>\n<meta property=\"og:locale\" content=\"fr_FR\" \/>\n<meta property=\"og:type\" content=\"article\" \/>\n<meta property=\"og:title\" content=\"Alo\u00eb Vera dag- en nachtcr\u00e8me - Hydraterend - Evergetikon - evergetikon\" \/>\n<meta property=\"og:description\" content=\"Ontdek de kracht van natuurlijke hydratatie met Evergetikon&#039;s Alo\u00eb Vera Cr\u00e8me die je huid zowel overdag als &#039;s nachts verzorgt. Deze luxueuze cr\u00e8me biedt diepe en langdurige hydratatie voor elk huidtype, zonder een vettige laag achter te laten. Verwen je huid en ervaar elke ochtend een onge\u00ebvenaarde glans en veerkracht.\" \/>\n<meta property=\"og:url\" content=\"https:\/\/evergetikon.eu\/fr\/produit\/creme-de-jour-a-laloe-vera\/\" \/>\n<meta property=\"og:site_name\" content=\"evergetikon\" \/>\n<meta property=\"article:modified_time\" content=\"2026-04-16T18:15:33+00:00\" \/>\n<meta name=\"twitter:card\" content=\"summary_large_image\" \/>\n<meta name=\"twitter:label1\" content=\"Dur\u00e9e de lecture estim\u00e9e\" \/>\n\t<meta name=\"twitter:data1\" content=\"1 minute\" \/>\n<script type=\"application\/ld+json\" class=\"yoast-schema-graph\">{\"@context\":\"https:\\\/\\\/schema.org\",\"@graph\":[{\"@type\":\"WebPage\",\"@id\":\"https:\\\/\\\/evergetikon.eu\\\/product\\\/aloe-vera-dagcreme\\\/\",\"url\":\"https:\\\/\\\/evergetikon.eu\\\/product\\\/aloe-vera-dagcreme\\\/\",\"name\":\"Alo\u00eb Vera dag- en nachtcr\u00e8me - Hydraterend - Evergetikon - evergetikon\",\"isPartOf\":{\"@id\":\"https:\\\/\\\/evergetikon.eu\\\/#website\"},\"primaryImageOfPage\":{\"@id\":\"https:\\\/\\\/evergetikon.eu\\\/product\\\/aloe-vera-dagcreme\\\/#primaryimage\"},\"image\":{\"@id\":\"https:\\\/\\\/evergetikon.eu\\\/product\\\/aloe-vera-dagcreme\\\/#primaryimage\"},\"thumbnailUrl\":\"https:\\\/\\\/purehealthstore.nl\\\/wp-content\\\/uploads\\\/2022\\\/11\\\/aloe-vera-creme-evegretikon.png\",\"datePublished\":\"2022-11-02T22:02:36+00:00\",\"dateModified\":\"2026-04-16T18:15:33+00:00\",\"breadcrumb\":{\"@id\":\"https:\\\/\\\/evergetikon.eu\\\/product\\\/aloe-vera-dagcreme\\\/#breadcrumb\"},\"inLanguage\":\"fr-FR\",\"potentialAction\":[{\"@type\":\"ReadAction\",\"target\":[\"https:\\\/\\\/evergetikon.eu\\\/product\\\/aloe-vera-dagcreme\\\/\"]}]},{\"@type\":\"ImageObject\",\"inLanguage\":\"fr-FR\",\"@id\":\"https:\\\/\\\/evergetikon.eu\\\/product\\\/aloe-vera-dagcreme\\\/#primaryimage\",\"url\":\"https:\\\/\\\/purehealthstore.nl\\\/wp-content\\\/uploads\\\/2022\\\/11\\\/aloe-vera-creme-evegretikon.png\",\"contentUrl\":\"https:\\\/\\\/purehealthstore.nl\\\/wp-content\\\/uploads\\\/2022\\\/11\\\/aloe-vera-creme-evegretikon.png\"},{\"@type\":\"BreadcrumbList\",\"@id\":\"https:\\\/\\\/evergetikon.eu\\\/product\\\/aloe-vera-dagcreme\\\/#breadcrumb\",\"itemListElement\":[{\"@type\":\"ListItem\",\"position\":1,\"name\":\"Home\",\"item\":\"https:\\\/\\\/evergetikon.eu\\\/\"},{\"@type\":\"ListItem\",\"position\":2,\"name\":\"Shop\",\"item\":\"https:\\\/\\\/evergetikon.eu\\\/shop\\\/\"},{\"@type\":\"ListItem\",\"position\":3,\"name\":\"Alo\u00eb Vera dag- en nachtcr\u00e8me &#8211; Hydraterend &#8211; Evergetikon\"}]},{\"@type\":\"WebSite\",\"@id\":\"https:\\\/\\\/evergetikon.eu\\\/#website\",\"url\":\"https:\\\/\\\/evergetikon.eu\\\/\",\"name\":\"evergetikon\",\"description\":\"\",\"publisher\":{\"@id\":\"https:\\\/\\\/evergetikon.eu\\\/#organization\"},\"potentialAction\":[{\"@type\":\"SearchAction\",\"target\":{\"@type\":\"EntryPoint\",\"urlTemplate\":\"https:\\\/\\\/evergetikon.eu\\\/?s={search_term_string}\"},\"query-input\":{\"@type\":\"PropertyValueSpecification\",\"valueRequired\":true,\"valueName\":\"search_term_string\"}}],\"inLanguage\":\"fr-FR\"},{\"@type\":\"Organization\",\"@id\":\"https:\\\/\\\/evergetikon.eu\\\/#organization\",\"name\":\"evergetikon\",\"url\":\"https:\\\/\\\/evergetikon.eu\\\/\",\"logo\":{\"@type\":\"ImageObject\",\"inLanguage\":\"fr-FR\",\"@id\":\"https:\\\/\\\/evergetikon.eu\\\/#\\\/schema\\\/logo\\\/image\\\/\",\"url\":\"https:\\\/\\\/evergetikon.eu\\\/wp-content\\\/uploads\\\/2025\\\/06\\\/Evergetikon-non-of.svg\",\"contentUrl\":\"https:\\\/\\\/evergetikon.eu\\\/wp-content\\\/uploads\\\/2025\\\/06\\\/Evergetikon-non-of.svg\",\"width\":229,\"height\":70,\"caption\":\"evergetikon\"},\"image\":{\"@id\":\"https:\\\/\\\/evergetikon.eu\\\/#\\\/schema\\\/logo\\\/image\\\/\"}}]}<\/script>\n<!-- \/ Yoast SEO plugin. -->","yoast_head_json":{"title":"Cr\u00e8me de jour et de nuit \u00e0 l'aloe vera - Hydratante - Evergetikon - Evergetikon","robots":{"index":"index","follow":"follow","max-snippet":"max-snippet:-1","max-image-preview":"max-image-preview:large","max-video-preview":"max-video-preview:-1"},"canonical":"https:\/\/evergetikon.eu\/fr\/produit\/creme-de-jour-a-laloe-vera\/","og_locale":"fr_FR","og_type":"article","og_title":"Alo\u00eb Vera dag- en nachtcr\u00e8me - Hydraterend - Evergetikon - evergetikon","og_description":"Ontdek de kracht van natuurlijke hydratatie met Evergetikon's Alo\u00eb Vera Cr\u00e8me die je huid zowel overdag als 's nachts verzorgt. Deze luxueuze cr\u00e8me biedt diepe en langdurige hydratatie voor elk huidtype, zonder een vettige laag achter te laten. Verwen je huid en ervaar elke ochtend een onge\u00ebvenaarde glans en veerkracht.","og_url":"https:\/\/evergetikon.eu\/fr\/produit\/creme-de-jour-a-laloe-vera\/","og_site_name":"evergetikon","article_modified_time":"2026-04-16T18:15:33+00:00","twitter_card":"summary_large_image","twitter_misc":{"Dur\u00e9e de lecture estim\u00e9e":"1 minute"},"schema":{"@context":"https:\/\/schema.org","@graph":[{"@type":"WebPage","@id":"https:\/\/evergetikon.eu\/product\/aloe-vera-dagcreme\/","url":"https:\/\/evergetikon.eu\/product\/aloe-vera-dagcreme\/","name":"Cr\u00e8me de jour et de nuit \u00e0 l'aloe vera - Hydratante - Evergetikon - Evergetikon","isPartOf":{"@id":"https:\/\/evergetikon.eu\/#website"},"primaryImageOfPage":{"@id":"https:\/\/evergetikon.eu\/product\/aloe-vera-dagcreme\/#primaryimage"},"image":{"@id":"https:\/\/evergetikon.eu\/product\/aloe-vera-dagcreme\/#primaryimage"},"thumbnailUrl":"https:\/\/purehealthstore.nl\/wp-content\/uploads\/2022\/11\/aloe-vera-creme-evegretikon.png","datePublished":"2022-11-02T22:02:36+00:00","dateModified":"2026-04-16T18:15:33+00:00","breadcrumb":{"@id":"https:\/\/evergetikon.eu\/product\/aloe-vera-dagcreme\/#breadcrumb"},"inLanguage":"fr-FR","potentialAction":[{"@type":"ReadAction","target":["https:\/\/evergetikon.eu\/product\/aloe-vera-dagcreme\/"]}]},{"@type":"ImageObject","inLanguage":"fr-FR","@id":"https:\/\/evergetikon.eu\/product\/aloe-vera-dagcreme\/#primaryimage","url":"https:\/\/purehealthstore.nl\/wp-content\/uploads\/2022\/11\/aloe-vera-creme-evegretikon.png","contentUrl":"https:\/\/purehealthstore.nl\/wp-content\/uploads\/2022\/11\/aloe-vera-creme-evegretikon.png"},{"@type":"BreadcrumbList","@id":"https:\/\/evergetikon.eu\/product\/aloe-vera-dagcreme\/#breadcrumb","itemListElement":[{"@type":"ListItem","position":1,"name":"Home","item":"https:\/\/evergetikon.eu\/"},{"@type":"ListItem","position":2,"name":"Shop","item":"https:\/\/evergetikon.eu\/shop\/"},{"@type":"ListItem","position":3,"name":"Alo\u00eb Vera dag- en nachtcr\u00e8me &#8211; Hydraterend &#8211; Evergetikon"}]},{"@type":"WebSite","@id":"https:\/\/evergetikon.eu\/#website","url":"https:\/\/evergetikon.eu\/","name":"evergetikon","description":"","publisher":{"@id":"https:\/\/evergetikon.eu\/#organization"},"potentialAction":[{"@type":"SearchAction","target":{"@type":"EntryPoint","urlTemplate":"https:\/\/evergetikon.eu\/?s={search_term_string}"},"query-input":{"@type":"PropertyValueSpecification","valueRequired":true,"valueName":"search_term_string"}}],"inLanguage":"fr-FR"},{"@type":"Organization","@id":"https:\/\/evergetikon.eu\/#organization","name":"evergetikon","url":"https:\/\/evergetikon.eu\/","logo":{"@type":"ImageObject","inLanguage":"fr-FR","@id":"https:\/\/evergetikon.eu\/#\/schema\/logo\/image\/","url":"https:\/\/evergetikon.eu\/wp-content\/uploads\/2025\/06\/Evergetikon-non-of.svg","contentUrl":"https:\/\/evergetikon.eu\/wp-content\/uploads\/2025\/06\/Evergetikon-non-of.svg","width":229,"height":70,"caption":"evergetikon"},"image":{"@id":"https:\/\/evergetikon.eu\/#\/schema\/logo\/image\/"}}]}},"_links":{"self":[{"href":"https:\/\/evergetikon.eu\/fr\/wp-json\/wp\/v2\/product\/186","targetHints":{"allow":["GET"]}}],"collection":[{"href":"https:\/\/evergetikon.eu\/fr\/wp-json\/wp\/v2\/product"}],"about":[{"href":"https:\/\/evergetikon.eu\/fr\/wp-json\/wp\/v2\/types\/product"}],"replies":[{"embeddable":true,"href":"https:\/\/evergetikon.eu\/fr\/wp-json\/wp\/v2\/comments?post=186"}],"version-history":[{"count":0,"href":"https:\/\/evergetikon.eu\/fr\/wp-json\/wp\/v2\/product\/186\/revisions"}],"wp:featuredmedia":[{"embeddable":true,"href":"https:\/\/evergetikon.eu\/fr\/wp-json\/"}],"wp:attachment":[{"href":"https:\/\/evergetikon.eu\/fr\/wp-json\/wp\/v2\/media?parent=186"}],"wp:term":[{"taxonomy":"product_brand","embeddable":true,"href":"https:\/\/evergetikon.eu\/fr\/wp-json\/wp\/v2\/product_brand?post=186"},{"taxonomy":"product_cat","embeddable":true,"href":"https:\/\/evergetikon.eu\/fr\/wp-json\/wp\/v2\/product_cat?post=186"},{"taxonomy":"product_tag","embeddable":true,"href":"https:\/\/evergetikon.eu\/fr\/wp-json\/wp\/v2\/product_tag?post=186"}],"curies":[{"name":"wp","href":"https:\/\/api.w.org\/{rel}","templated":true}]}}