{"id":184,"date":"2022-11-08T19:53:45","date_gmt":"2022-11-08T19:53:45","guid":{"rendered":"https:\/\/evergetikon.nl\/?product=haarconditioner-met-aloe-vera-evergetikon"},"modified":"2026-04-18T17:49:00","modified_gmt":"2026-04-18T17:49:00","slug":"haarconditioner-met-aloe-vera-evergetikon","status":"publish","type":"product","link":"https:\/\/evergetikon.eu\/fr\/produit\/apres-shampoing-a-laloe-vera-evergetikon\/","title":{"rendered":"Apr\u00e8s-shampoing \u00e0 l'aloe vera - 100 ml"},"content":{"rendered":"<h3 class=\"\" data-start=\"716\" data-end=\"746\">\ud83c\udf3f Principaux avantages<\/h3>\n<ul data-start=\"747\" data-end=\"1370\">\n<li class=\"\" data-start=\"747\" data-end=\"925\">\n<p class=\"\" data-start=\"749\" data-end=\"925\"><strong data-start=\"749\" data-end=\"769\">Hydratation en profondeur<\/strong>: L'aloe vera est connu pour ses propri\u00e9t\u00e9s hydratantes exceptionnelles. Il aide \u00e0 r\u00e9parer les cheveux secs et ab\u00eem\u00e9s et leur donne un \u00e9clat sain.<\/p>\n<\/li>\n<li class=\"\" data-start=\"926\" data-end=\"1082\">\n<p class=\"\" data-start=\"928\" data-end=\"1082\"><strong data-start=\"928\" data-end=\"950\">Renforce et nourrit<\/strong>: Les huiles naturelles et les extraits de plantes rendent vos cheveux plus forts, moins susceptibles de se casser et plus faciles \u00e0 coiffer.<\/p>\n<\/li>\n<li class=\"\" data-start=\"1083\" data-end=\"1225\">\n<p class=\"\" data-start=\"1085\" data-end=\"1225\"><strong data-start=\"1085\" data-end=\"1116\">Apaisant pour le cuir chevelu<\/strong>: L'aloe vera est apaisant et peut aider \u00e0 r\u00e9duire l'irritation et la s\u00e9cheresse du cuir chevelu.<\/p>\n<\/li>\n<li class=\"\" data-start=\"1226\" data-end=\"1370\">\n<p class=\"\" data-start=\"1228\" data-end=\"1370\"><strong data-start=\"1228\" data-end=\"1262\">Sans parab\u00e8nes ni sulfates<\/strong>Les soins du cheveu : parfaits pour celles qui recherchent des soins doux et naturels qui respectent le cheveu et la plan\u00e8te.<\/p>\n<\/li>\n<\/ul>\n<h3 class=\"\" data-start=\"1372\" data-end=\"1417\">\ud83c\udf31 \u00c0 qui ce revitalisant convient-il ?<\/h3>\n<ul data-start=\"1418\" data-end=\"1604\">\n<li class=\"\" data-start=\"1418\" data-end=\"1443\">\n<p class=\"\" data-start=\"1420\" data-end=\"1443\">Cheveux secs et cassants<\/p>\n<\/li>\n<li class=\"\" data-start=\"1444\" data-end=\"1496\">\n<p class=\"\" data-start=\"1446\" data-end=\"1496\">Cheveux ab\u00eem\u00e9s par des traitements de coiffage ou de coloration<\/p>\n<\/li>\n<li class=\"\" data-start=\"1497\" data-end=\"1545\">\n<p class=\"\" data-start=\"1499\" data-end=\"1545\">Cuir chevelu sensible qui s'irrite facilement<\/p>\n<\/li>\n<li class=\"\" data-start=\"1546\" data-end=\"1604\">\n<p class=\"\" data-start=\"1548\" data-end=\"1604\">Toute personne qui opte pour des soins capillaires purs et naturels<\/p>\n<\/li>\n<\/ul>\n<p class=\"\" data-start=\"110\" data-end=\"133\"><strong data-start=\"110\" data-end=\"133\">Comprend :<\/strong><\/p>\n<ul data-start=\"134\" data-end=\"629\">\n<li class=\"\" data-start=\"134\" data-end=\"200\">\n<p class=\"\" data-start=\"136\" data-end=\"200\">Biologique <strong data-start=\"148\" data-end=\"161\">Beurre de karit\u00e9<\/strong> - nourrit et adoucit intens\u00e9ment les cheveux<\/p>\n<\/li>\n<li class=\"\" data-start=\"201\" data-end=\"276\">\n<p class=\"\" data-start=\"203\" data-end=\"276\">Extra vierge <strong data-start=\"216\" data-end=\"229\">Huile d'olive<\/strong> de Cr\u00e8te - riche en antioxydants et en acides gras<\/p>\n<\/li>\n<li class=\"\" data-start=\"277\" data-end=\"338\">\n<p class=\"\" data-start=\"279\" data-end=\"338\">Pure <strong data-start=\"287\" data-end=\"300\">Aloe Vera<\/strong> - hydrate et apaise le cuir chevelu<\/p>\n<\/li>\n<li class=\"\" data-start=\"339\" data-end=\"421\">\n<p class=\"\" data-start=\"341\" data-end=\"421\">Biologique <strong data-start=\"353\" data-end=\"368\">Huile de jojoba<\/strong> - r\u00e9gule la production de s\u00e9bum et apporte une brillance naturelle<\/p>\n<\/li>\n<li class=\"\" data-start=\"422\" data-end=\"495\">\n<p class=\"\" data-start=\"424\" data-end=\"495\"><strong data-start=\"424\" data-end=\"437\">Huile de coco<\/strong> et <strong data-start=\"441\" data-end=\"459\">Huile de tournesol<\/strong> - renforcer et prot\u00e9ger les cheveux<\/p>\n<\/li>\n<li class=\"\" data-start=\"496\" data-end=\"629\">\n<p class=\"\" data-start=\"498\" data-end=\"629\">Huiles essentielles naturelles de <strong data-start=\"531\" data-end=\"543\">Bergamote<\/strong>, <strong data-start=\"545\" data-end=\"560\">Orange<\/strong>, <strong data-start=\"562\" data-end=\"575\">Mandarin<\/strong> et <strong data-start=\"579\" data-end=\"589\">Diktam<\/strong> - offrent un parfum frais et subtil<\/p>\n<\/li>\n<\/ul>\n<h3 class=\"\" data-start=\"1606\" data-end=\"1645\">\ud83d\udee1\ufe0f Pourquoi choisir Evergetikon ?<\/h3>\n<p class=\"\" data-start=\"1646\" data-end=\"1837\">Evergetikon n'utilise que des ingr\u00e9dients biologiques de haute qualit\u00e9 provenant de Cr\u00e8te, en Gr\u00e8ce. Pas de silicones, de parab\u00e8nes ou de parfums artificiels - seulement un pouvoir naturel pur pour vos cheveux.<\/p>","protected":false},"excerpt":{"rendered":"<p>D\u00e9couvrez le pouvoir de la nature avec notre <strong data-start=\"444\" data-end=\"475\">Evergetikon Conditionneur pour cheveux<\/strong> enrichie de <strong data-start=\"489\" data-end=\"507\">aloe vera pur<\/strong>. Cet apr\u00e8s-shampoing naturel hydrate intens\u00e9ment, nourrit les cheveux ab\u00eem\u00e9s et leur donne un \u00e9clat sain, sans les alourdir.<\/p>","protected":false},"featured_media":100000017532,"comment_status":"open","ping_status":"closed","template":"","meta":[],"product_brand":[],"product_cat":[132,80],"product_tag":[],"class_list":{"0":"post-184","1":"product","2":"type-product","3":"status-publish","4":"has-post-thumbnail","6":"product_cat-aloe-vera","7":"product_cat-haarconditioner","9":"first","10":"instock","11":"taxable","12":"shipping-taxable","13":"purchasable","14":"product-type-simple"},"yoast_head":"<!-- This site is optimized with the Yoast SEO plugin v27.4 - https:\/\/yoast.com\/product\/yoast-seo-wordpress\/ -->\n<title>Haarconditioner met alo\u00eb vera - 100 ml - evergetikon<\/title>\n<meta name=\"robots\" content=\"index, follow, max-snippet:-1, max-image-preview:large, max-video-preview:-1\" \/>\n<link rel=\"canonical\" href=\"https:\/\/evergetikon.eu\/fr\/produit\/apres-shampoing-a-laloe-vera-evergetikon\/\" \/>\n<meta property=\"og:locale\" content=\"fr_FR\" \/>\n<meta property=\"og:type\" content=\"article\" \/>\n<meta property=\"og:title\" content=\"Haarconditioner met alo\u00eb vera - 100 ml - evergetikon\" \/>\n<meta property=\"og:description\" content=\"Ervaar de kracht van de natuur met onze Evergetikon Haarconditioner verrijkt met pure alo\u00eb vera. Deze natuurlijke conditioner hydrateert intensief, voedt beschadigd haar en geeft je lokken een gezonde glans, zonder het te verzwaren.\" \/>\n<meta property=\"og:url\" content=\"https:\/\/evergetikon.eu\/fr\/produit\/apres-shampoing-a-laloe-vera-evergetikon\/\" \/>\n<meta property=\"og:site_name\" content=\"evergetikon\" \/>\n<meta property=\"article:modified_time\" content=\"2026-04-18T17:49:00+00:00\" \/>\n<meta name=\"twitter:card\" content=\"summary_large_image\" \/>\n<meta name=\"twitter:label1\" content=\"Dur\u00e9e de lecture estim\u00e9e\" \/>\n\t<meta name=\"twitter:data1\" content=\"1 minute\" \/>\n<script type=\"application\/ld+json\" class=\"yoast-schema-graph\">{\"@context\":\"https:\\\/\\\/schema.org\",\"@graph\":[{\"@type\":\"WebPage\",\"@id\":\"https:\\\/\\\/evergetikon.eu\\\/product\\\/haarconditioner-met-aloe-vera-evergetikon\\\/\",\"url\":\"https:\\\/\\\/evergetikon.eu\\\/product\\\/haarconditioner-met-aloe-vera-evergetikon\\\/\",\"name\":\"Haarconditioner met alo\u00eb vera - 100 ml - evergetikon\",\"isPartOf\":{\"@id\":\"https:\\\/\\\/evergetikon.eu\\\/#website\"},\"primaryImageOfPage\":{\"@id\":\"https:\\\/\\\/evergetikon.eu\\\/product\\\/haarconditioner-met-aloe-vera-evergetikon\\\/#primaryimage\"},\"image\":{\"@id\":\"https:\\\/\\\/evergetikon.eu\\\/product\\\/haarconditioner-met-aloe-vera-evergetikon\\\/#primaryimage\"},\"thumbnailUrl\":\"https:\\\/\\\/purehealthstore.nl\\\/wp-content\\\/uploads\\\/2022\\\/11\\\/natuurlijke-haarconditioner.png\",\"datePublished\":\"2022-11-08T19:53:45+00:00\",\"dateModified\":\"2026-04-18T17:49:00+00:00\",\"breadcrumb\":{\"@id\":\"https:\\\/\\\/evergetikon.eu\\\/product\\\/haarconditioner-met-aloe-vera-evergetikon\\\/#breadcrumb\"},\"inLanguage\":\"fr-FR\",\"potentialAction\":[{\"@type\":\"ReadAction\",\"target\":[\"https:\\\/\\\/evergetikon.eu\\\/product\\\/haarconditioner-met-aloe-vera-evergetikon\\\/\"]}]},{\"@type\":\"ImageObject\",\"inLanguage\":\"fr-FR\",\"@id\":\"https:\\\/\\\/evergetikon.eu\\\/product\\\/haarconditioner-met-aloe-vera-evergetikon\\\/#primaryimage\",\"url\":\"https:\\\/\\\/purehealthstore.nl\\\/wp-content\\\/uploads\\\/2022\\\/11\\\/natuurlijke-haarconditioner.png\",\"contentUrl\":\"https:\\\/\\\/purehealthstore.nl\\\/wp-content\\\/uploads\\\/2022\\\/11\\\/natuurlijke-haarconditioner.png\"},{\"@type\":\"BreadcrumbList\",\"@id\":\"https:\\\/\\\/evergetikon.eu\\\/product\\\/haarconditioner-met-aloe-vera-evergetikon\\\/#breadcrumb\",\"itemListElement\":[{\"@type\":\"ListItem\",\"position\":1,\"name\":\"Home\",\"item\":\"https:\\\/\\\/evergetikon.eu\\\/\"},{\"@type\":\"ListItem\",\"position\":2,\"name\":\"Shop\",\"item\":\"https:\\\/\\\/evergetikon.eu\\\/shop\\\/\"},{\"@type\":\"ListItem\",\"position\":3,\"name\":\"Haarconditioner met alo\u00eb vera &#8211; 100 ml\"}]},{\"@type\":\"WebSite\",\"@id\":\"https:\\\/\\\/evergetikon.eu\\\/#website\",\"url\":\"https:\\\/\\\/evergetikon.eu\\\/\",\"name\":\"evergetikon\",\"description\":\"\",\"publisher\":{\"@id\":\"https:\\\/\\\/evergetikon.eu\\\/#organization\"},\"potentialAction\":[{\"@type\":\"SearchAction\",\"target\":{\"@type\":\"EntryPoint\",\"urlTemplate\":\"https:\\\/\\\/evergetikon.eu\\\/?s={search_term_string}\"},\"query-input\":{\"@type\":\"PropertyValueSpecification\",\"valueRequired\":true,\"valueName\":\"search_term_string\"}}],\"inLanguage\":\"fr-FR\"},{\"@type\":\"Organization\",\"@id\":\"https:\\\/\\\/evergetikon.eu\\\/#organization\",\"name\":\"evergetikon\",\"url\":\"https:\\\/\\\/evergetikon.eu\\\/\",\"logo\":{\"@type\":\"ImageObject\",\"inLanguage\":\"fr-FR\",\"@id\":\"https:\\\/\\\/evergetikon.eu\\\/#\\\/schema\\\/logo\\\/image\\\/\",\"url\":\"https:\\\/\\\/evergetikon.eu\\\/wp-content\\\/uploads\\\/2025\\\/06\\\/Evergetikon-non-of.svg\",\"contentUrl\":\"https:\\\/\\\/evergetikon.eu\\\/wp-content\\\/uploads\\\/2025\\\/06\\\/Evergetikon-non-of.svg\",\"width\":229,\"height\":70,\"caption\":\"evergetikon\"},\"image\":{\"@id\":\"https:\\\/\\\/evergetikon.eu\\\/#\\\/schema\\\/logo\\\/image\\\/\"}}]}<\/script>\n<!-- \/ Yoast SEO plugin. -->","yoast_head_json":{"title":"Apr\u00e8s-shampoing \u00e0 l'aloe vera - 100 ml - evergetikon","robots":{"index":"index","follow":"follow","max-snippet":"max-snippet:-1","max-image-preview":"max-image-preview:large","max-video-preview":"max-video-preview:-1"},"canonical":"https:\/\/evergetikon.eu\/fr\/produit\/apres-shampoing-a-laloe-vera-evergetikon\/","og_locale":"fr_FR","og_type":"article","og_title":"Haarconditioner met alo\u00eb vera - 100 ml - evergetikon","og_description":"Ervaar de kracht van de natuur met onze Evergetikon Haarconditioner verrijkt met pure alo\u00eb vera. Deze natuurlijke conditioner hydrateert intensief, voedt beschadigd haar en geeft je lokken een gezonde glans, zonder het te verzwaren.","og_url":"https:\/\/evergetikon.eu\/fr\/produit\/apres-shampoing-a-laloe-vera-evergetikon\/","og_site_name":"evergetikon","article_modified_time":"2026-04-18T17:49:00+00:00","twitter_card":"summary_large_image","twitter_misc":{"Dur\u00e9e de lecture estim\u00e9e":"1 minute"},"schema":{"@context":"https:\/\/schema.org","@graph":[{"@type":"WebPage","@id":"https:\/\/evergetikon.eu\/product\/haarconditioner-met-aloe-vera-evergetikon\/","url":"https:\/\/evergetikon.eu\/product\/haarconditioner-met-aloe-vera-evergetikon\/","name":"Apr\u00e8s-shampoing \u00e0 l'aloe vera - 100 ml - evergetikon","isPartOf":{"@id":"https:\/\/evergetikon.eu\/#website"},"primaryImageOfPage":{"@id":"https:\/\/evergetikon.eu\/product\/haarconditioner-met-aloe-vera-evergetikon\/#primaryimage"},"image":{"@id":"https:\/\/evergetikon.eu\/product\/haarconditioner-met-aloe-vera-evergetikon\/#primaryimage"},"thumbnailUrl":"https:\/\/purehealthstore.nl\/wp-content\/uploads\/2022\/11\/natuurlijke-haarconditioner.png","datePublished":"2022-11-08T19:53:45+00:00","dateModified":"2026-04-18T17:49:00+00:00","breadcrumb":{"@id":"https:\/\/evergetikon.eu\/product\/haarconditioner-met-aloe-vera-evergetikon\/#breadcrumb"},"inLanguage":"fr-FR","potentialAction":[{"@type":"ReadAction","target":["https:\/\/evergetikon.eu\/product\/haarconditioner-met-aloe-vera-evergetikon\/"]}]},{"@type":"ImageObject","inLanguage":"fr-FR","@id":"https:\/\/evergetikon.eu\/product\/haarconditioner-met-aloe-vera-evergetikon\/#primaryimage","url":"https:\/\/purehealthstore.nl\/wp-content\/uploads\/2022\/11\/natuurlijke-haarconditioner.png","contentUrl":"https:\/\/purehealthstore.nl\/wp-content\/uploads\/2022\/11\/natuurlijke-haarconditioner.png"},{"@type":"BreadcrumbList","@id":"https:\/\/evergetikon.eu\/product\/haarconditioner-met-aloe-vera-evergetikon\/#breadcrumb","itemListElement":[{"@type":"ListItem","position":1,"name":"Home","item":"https:\/\/evergetikon.eu\/"},{"@type":"ListItem","position":2,"name":"Shop","item":"https:\/\/evergetikon.eu\/shop\/"},{"@type":"ListItem","position":3,"name":"Haarconditioner met alo\u00eb vera &#8211; 100 ml"}]},{"@type":"WebSite","@id":"https:\/\/evergetikon.eu\/#website","url":"https:\/\/evergetikon.eu\/","name":"evergetikon","description":"","publisher":{"@id":"https:\/\/evergetikon.eu\/#organization"},"potentialAction":[{"@type":"SearchAction","target":{"@type":"EntryPoint","urlTemplate":"https:\/\/evergetikon.eu\/?s={search_term_string}"},"query-input":{"@type":"PropertyValueSpecification","valueRequired":true,"valueName":"search_term_string"}}],"inLanguage":"fr-FR"},{"@type":"Organization","@id":"https:\/\/evergetikon.eu\/#organization","name":"evergetikon","url":"https:\/\/evergetikon.eu\/","logo":{"@type":"ImageObject","inLanguage":"fr-FR","@id":"https:\/\/evergetikon.eu\/#\/schema\/logo\/image\/","url":"https:\/\/evergetikon.eu\/wp-content\/uploads\/2025\/06\/Evergetikon-non-of.svg","contentUrl":"https:\/\/evergetikon.eu\/wp-content\/uploads\/2025\/06\/Evergetikon-non-of.svg","width":229,"height":70,"caption":"evergetikon"},"image":{"@id":"https:\/\/evergetikon.eu\/#\/schema\/logo\/image\/"}}]}},"_links":{"self":[{"href":"https:\/\/evergetikon.eu\/fr\/wp-json\/wp\/v2\/product\/184","targetHints":{"allow":["GET"]}}],"collection":[{"href":"https:\/\/evergetikon.eu\/fr\/wp-json\/wp\/v2\/product"}],"about":[{"href":"https:\/\/evergetikon.eu\/fr\/wp-json\/wp\/v2\/types\/product"}],"replies":[{"embeddable":true,"href":"https:\/\/evergetikon.eu\/fr\/wp-json\/wp\/v2\/comments?post=184"}],"version-history":[{"count":0,"href":"https:\/\/evergetikon.eu\/fr\/wp-json\/wp\/v2\/product\/184\/revisions"}],"wp:featuredmedia":[{"embeddable":true,"href":"https:\/\/evergetikon.eu\/fr\/wp-json\/"}],"wp:attachment":[{"href":"https:\/\/evergetikon.eu\/fr\/wp-json\/wp\/v2\/media?parent=184"}],"wp:term":[{"taxonomy":"product_brand","embeddable":true,"href":"https:\/\/evergetikon.eu\/fr\/wp-json\/wp\/v2\/product_brand?post=184"},{"taxonomy":"product_cat","embeddable":true,"href":"https:\/\/evergetikon.eu\/fr\/wp-json\/wp\/v2\/product_cat?post=184"},{"taxonomy":"product_tag","embeddable":true,"href":"https:\/\/evergetikon.eu\/fr\/wp-json\/wp\/v2\/product_tag?post=184"}],"curies":[{"name":"wp","href":"https:\/\/api.w.org\/{rel}","templated":true}]}}