{"id":182,"date":"2022-11-08T20:01:34","date_gmt":"2022-11-08T20:01:34","guid":{"rendered":"https:\/\/evergetikon.nl\/?product=natuurlijk-haarmasker"},"modified":"2026-04-17T08:12:12","modified_gmt":"2026-04-17T08:12:12","slug":"natuurlijk-haarmasker","status":"publish","type":"product","link":"https:\/\/evergetikon.eu\/fr\/produit\/masque-capillaire-naturel\/","title":{"rendered":"Masque capillaire naturel \u00e0 l'huile d'argan et de coco - Evergetikon"},"content":{"rendered":"<h2>Masque naturel pour les cheveux : r\u00e9parer et nourrir avec l'huile d'argan et de noix de coco<\/h2>\n<p>D\u00e9couvrez la puissance de notre approche naturelle avec le masque capillaire naturel enrichi en huile d'argan et de noix de coco. Ce masque est con\u00e7u pour celles qui ont envie de cheveux sains et brillants sans les effets nocifs des silicones, des sulfates et des parab\u00e8nes.<\/p>\n<p>Expos\u00e9s quotidiennement \u00e0 la chaleur, aux traitements chimiques et aux conditions climatiques, nos cheveux souffrent souvent de s\u00e9cheresse et de dommages. Il en r\u00e9sulte souvent une fragilit\u00e9 et des pointes fourchues. Notre masque capillaire offre un traitement intensif qui p\u00e9n\u00e8tre en profondeur dans les fibres capillaires pour nourrir et r\u00e9parer les cheveux de l'int\u00e9rieur.<\/p>\n<p>L'huile d'argan, r\u00e9put\u00e9e pour ses propri\u00e9t\u00e9s nourrissantes, contribue \u00e0 am\u00e9liorer l'\u00e9lasticit\u00e9 des cheveux et \u00e0 promouvoir la sant\u00e9 en g\u00e9n\u00e9ral. Parall\u00e8lement, l'huile de noix de coco apporte de l'hydratation et agit comme une protection contre les dommages suppl\u00e9mentaires. Ensemble, elles forment la combinaison id\u00e9ale pour un rajeunissement complet des cheveux.<\/p>\n<p>L'utilisation r\u00e9guli\u00e8re de notre masque capillaire naturel transforme vos cheveux en une chevelure soyeuse et brillante, riche en hydratation et en vitalit\u00e9. C'est un moyen parfait d'apporter \u00e0 vos cheveux le soin r\u00e9parateur qu'ils m\u00e9ritent.<\/p>","protected":false},"excerpt":{"rendered":"<p>Transformez vos cheveux d\u00e8s aujourd'hui avec notre masque capillaire naturel, enrichi en huiles d'argan et de noix de coco. D\u00e9couvrez les bienfaits d'une nutrition et d'une restauration en profondeur sans produits chimiques nocifs. Donnez \u00e0 vos cheveux l'\u00e9clat et la sant\u00e9 qu'ils m\u00e9ritent !<\/p>","protected":false},"featured_media":100000030165,"comment_status":"closed","ping_status":"closed","template":"","meta":[],"product_brand":[],"product_cat":[137,18,17],"product_tag":[],"class_list":{"0":"post-182","1":"product","2":"type-product","3":"status-publish","4":"has-post-thumbnail","6":"product_cat-argan-olie","7":"product_cat-natuurlijke-haarmaskers","8":"product_cat-haarolie","10":"first","11":"instock","12":"taxable","13":"shipping-taxable","14":"purchasable","15":"product-type-simple"},"yoast_head":"<!-- This site is optimized with the Yoast SEO plugin v27.4 - https:\/\/yoast.com\/product\/yoast-seo-wordpress\/ -->\n<title>Natuurlijk haarmasker met argan- &amp; kokosolie - Evergetikon - evergetikon<\/title>\n<meta name=\"robots\" content=\"index, follow, max-snippet:-1, max-image-preview:large, max-video-preview:-1\" \/>\n<link rel=\"canonical\" href=\"https:\/\/evergetikon.eu\/fr\/produit\/masque-capillaire-naturel\/\" \/>\n<meta property=\"og:locale\" content=\"fr_FR\" \/>\n<meta property=\"og:type\" content=\"article\" \/>\n<meta property=\"og:title\" content=\"Natuurlijk haarmasker met argan- &amp; kokosolie - Evergetikon - evergetikon\" \/>\n<meta property=\"og:description\" content=\"Transformeer je haar vandaag met ons Natuurlijk Haarmasker, verrijkt met Argan- en Kokosolie. Ervaar de voordelen van diepgaande voeding en herstel zonder schadelijke chemicali\u00ebn. Geef je haar de glans en gezondheid die het verdient!\" \/>\n<meta property=\"og:url\" content=\"https:\/\/evergetikon.eu\/fr\/produit\/masque-capillaire-naturel\/\" \/>\n<meta property=\"og:site_name\" content=\"evergetikon\" \/>\n<meta property=\"article:modified_time\" content=\"2026-04-17T08:12:12+00:00\" \/>\n<meta name=\"twitter:card\" content=\"summary_large_image\" \/>\n<meta name=\"twitter:label1\" content=\"Dur\u00e9e de lecture estim\u00e9e\" \/>\n\t<meta name=\"twitter:data1\" content=\"1 minute\" \/>\n<script type=\"application\/ld+json\" class=\"yoast-schema-graph\">{\"@context\":\"https:\\\/\\\/schema.org\",\"@graph\":[{\"@type\":\"WebPage\",\"@id\":\"https:\\\/\\\/evergetikon.eu\\\/product\\\/natuurlijk-haarmasker\\\/\",\"url\":\"https:\\\/\\\/evergetikon.eu\\\/product\\\/natuurlijk-haarmasker\\\/\",\"name\":\"Natuurlijk haarmasker met argan- &amp; kokosolie - Evergetikon - evergetikon\",\"isPartOf\":{\"@id\":\"https:\\\/\\\/evergetikon.eu\\\/#website\"},\"primaryImageOfPage\":{\"@id\":\"https:\\\/\\\/evergetikon.eu\\\/product\\\/natuurlijk-haarmasker\\\/#primaryimage\"},\"image\":{\"@id\":\"https:\\\/\\\/evergetikon.eu\\\/product\\\/natuurlijk-haarmasker\\\/#primaryimage\"},\"thumbnailUrl\":\"https:\\\/\\\/purehealthstore.nl\\\/wp-content\\\/uploads\\\/2022\\\/11\\\/argan-kokos-haarmasker-evergetikon.png\",\"datePublished\":\"2022-11-08T20:01:34+00:00\",\"dateModified\":\"2026-04-17T08:12:12+00:00\",\"breadcrumb\":{\"@id\":\"https:\\\/\\\/evergetikon.eu\\\/product\\\/natuurlijk-haarmasker\\\/#breadcrumb\"},\"inLanguage\":\"fr-FR\",\"potentialAction\":[{\"@type\":\"ReadAction\",\"target\":[\"https:\\\/\\\/evergetikon.eu\\\/product\\\/natuurlijk-haarmasker\\\/\"]}]},{\"@type\":\"ImageObject\",\"inLanguage\":\"fr-FR\",\"@id\":\"https:\\\/\\\/evergetikon.eu\\\/product\\\/natuurlijk-haarmasker\\\/#primaryimage\",\"url\":\"https:\\\/\\\/purehealthstore.nl\\\/wp-content\\\/uploads\\\/2022\\\/11\\\/argan-kokos-haarmasker-evergetikon.png\",\"contentUrl\":\"https:\\\/\\\/purehealthstore.nl\\\/wp-content\\\/uploads\\\/2022\\\/11\\\/argan-kokos-haarmasker-evergetikon.png\"},{\"@type\":\"BreadcrumbList\",\"@id\":\"https:\\\/\\\/evergetikon.eu\\\/product\\\/natuurlijk-haarmasker\\\/#breadcrumb\",\"itemListElement\":[{\"@type\":\"ListItem\",\"position\":1,\"name\":\"Home\",\"item\":\"https:\\\/\\\/evergetikon.eu\\\/\"},{\"@type\":\"ListItem\",\"position\":2,\"name\":\"Shop\",\"item\":\"https:\\\/\\\/evergetikon.eu\\\/shop\\\/\"},{\"@type\":\"ListItem\",\"position\":3,\"name\":\"Natuurlijk haarmasker met argan- &amp; kokosolie &#8211; Evergetikon\"}]},{\"@type\":\"WebSite\",\"@id\":\"https:\\\/\\\/evergetikon.eu\\\/#website\",\"url\":\"https:\\\/\\\/evergetikon.eu\\\/\",\"name\":\"evergetikon\",\"description\":\"\",\"publisher\":{\"@id\":\"https:\\\/\\\/evergetikon.eu\\\/#organization\"},\"potentialAction\":[{\"@type\":\"SearchAction\",\"target\":{\"@type\":\"EntryPoint\",\"urlTemplate\":\"https:\\\/\\\/evergetikon.eu\\\/?s={search_term_string}\"},\"query-input\":{\"@type\":\"PropertyValueSpecification\",\"valueRequired\":true,\"valueName\":\"search_term_string\"}}],\"inLanguage\":\"fr-FR\"},{\"@type\":\"Organization\",\"@id\":\"https:\\\/\\\/evergetikon.eu\\\/#organization\",\"name\":\"evergetikon\",\"url\":\"https:\\\/\\\/evergetikon.eu\\\/\",\"logo\":{\"@type\":\"ImageObject\",\"inLanguage\":\"fr-FR\",\"@id\":\"https:\\\/\\\/evergetikon.eu\\\/#\\\/schema\\\/logo\\\/image\\\/\",\"url\":\"https:\\\/\\\/evergetikon.eu\\\/wp-content\\\/uploads\\\/2025\\\/06\\\/Evergetikon-non-of.svg\",\"contentUrl\":\"https:\\\/\\\/evergetikon.eu\\\/wp-content\\\/uploads\\\/2025\\\/06\\\/Evergetikon-non-of.svg\",\"width\":229,\"height\":70,\"caption\":\"evergetikon\"},\"image\":{\"@id\":\"https:\\\/\\\/evergetikon.eu\\\/#\\\/schema\\\/logo\\\/image\\\/\"}}]}<\/script>\n<!-- \/ Yoast SEO plugin. -->","yoast_head_json":{"title":"Masque capillaire naturel \u00e0 l'huile d'argan et de coco - Evergetikon - evergetikon","robots":{"index":"index","follow":"follow","max-snippet":"max-snippet:-1","max-image-preview":"max-image-preview:large","max-video-preview":"max-video-preview:-1"},"canonical":"https:\/\/evergetikon.eu\/fr\/produit\/masque-capillaire-naturel\/","og_locale":"fr_FR","og_type":"article","og_title":"Natuurlijk haarmasker met argan- &amp; kokosolie - Evergetikon - evergetikon","og_description":"Transformeer je haar vandaag met ons Natuurlijk Haarmasker, verrijkt met Argan- en Kokosolie. Ervaar de voordelen van diepgaande voeding en herstel zonder schadelijke chemicali\u00ebn. Geef je haar de glans en gezondheid die het verdient!","og_url":"https:\/\/evergetikon.eu\/fr\/produit\/masque-capillaire-naturel\/","og_site_name":"evergetikon","article_modified_time":"2026-04-17T08:12:12+00:00","twitter_card":"summary_large_image","twitter_misc":{"Dur\u00e9e de lecture estim\u00e9e":"1 minute"},"schema":{"@context":"https:\/\/schema.org","@graph":[{"@type":"WebPage","@id":"https:\/\/evergetikon.eu\/product\/natuurlijk-haarmasker\/","url":"https:\/\/evergetikon.eu\/product\/natuurlijk-haarmasker\/","name":"Masque capillaire naturel \u00e0 l'huile d'argan et de coco - Evergetikon - evergetikon","isPartOf":{"@id":"https:\/\/evergetikon.eu\/#website"},"primaryImageOfPage":{"@id":"https:\/\/evergetikon.eu\/product\/natuurlijk-haarmasker\/#primaryimage"},"image":{"@id":"https:\/\/evergetikon.eu\/product\/natuurlijk-haarmasker\/#primaryimage"},"thumbnailUrl":"https:\/\/purehealthstore.nl\/wp-content\/uploads\/2022\/11\/argan-kokos-haarmasker-evergetikon.png","datePublished":"2022-11-08T20:01:34+00:00","dateModified":"2026-04-17T08:12:12+00:00","breadcrumb":{"@id":"https:\/\/evergetikon.eu\/product\/natuurlijk-haarmasker\/#breadcrumb"},"inLanguage":"fr-FR","potentialAction":[{"@type":"ReadAction","target":["https:\/\/evergetikon.eu\/product\/natuurlijk-haarmasker\/"]}]},{"@type":"ImageObject","inLanguage":"fr-FR","@id":"https:\/\/evergetikon.eu\/product\/natuurlijk-haarmasker\/#primaryimage","url":"https:\/\/purehealthstore.nl\/wp-content\/uploads\/2022\/11\/argan-kokos-haarmasker-evergetikon.png","contentUrl":"https:\/\/purehealthstore.nl\/wp-content\/uploads\/2022\/11\/argan-kokos-haarmasker-evergetikon.png"},{"@type":"BreadcrumbList","@id":"https:\/\/evergetikon.eu\/product\/natuurlijk-haarmasker\/#breadcrumb","itemListElement":[{"@type":"ListItem","position":1,"name":"Home","item":"https:\/\/evergetikon.eu\/"},{"@type":"ListItem","position":2,"name":"Shop","item":"https:\/\/evergetikon.eu\/shop\/"},{"@type":"ListItem","position":3,"name":"Natuurlijk haarmasker met argan- &amp; kokosolie &#8211; Evergetikon"}]},{"@type":"WebSite","@id":"https:\/\/evergetikon.eu\/#website","url":"https:\/\/evergetikon.eu\/","name":"evergetikon","description":"","publisher":{"@id":"https:\/\/evergetikon.eu\/#organization"},"potentialAction":[{"@type":"SearchAction","target":{"@type":"EntryPoint","urlTemplate":"https:\/\/evergetikon.eu\/?s={search_term_string}"},"query-input":{"@type":"PropertyValueSpecification","valueRequired":true,"valueName":"search_term_string"}}],"inLanguage":"fr-FR"},{"@type":"Organization","@id":"https:\/\/evergetikon.eu\/#organization","name":"evergetikon","url":"https:\/\/evergetikon.eu\/","logo":{"@type":"ImageObject","inLanguage":"fr-FR","@id":"https:\/\/evergetikon.eu\/#\/schema\/logo\/image\/","url":"https:\/\/evergetikon.eu\/wp-content\/uploads\/2025\/06\/Evergetikon-non-of.svg","contentUrl":"https:\/\/evergetikon.eu\/wp-content\/uploads\/2025\/06\/Evergetikon-non-of.svg","width":229,"height":70,"caption":"evergetikon"},"image":{"@id":"https:\/\/evergetikon.eu\/#\/schema\/logo\/image\/"}}]}},"_links":{"self":[{"href":"https:\/\/evergetikon.eu\/fr\/wp-json\/wp\/v2\/product\/182","targetHints":{"allow":["GET"]}}],"collection":[{"href":"https:\/\/evergetikon.eu\/fr\/wp-json\/wp\/v2\/product"}],"about":[{"href":"https:\/\/evergetikon.eu\/fr\/wp-json\/wp\/v2\/types\/product"}],"replies":[{"embeddable":true,"href":"https:\/\/evergetikon.eu\/fr\/wp-json\/wp\/v2\/comments?post=182"}],"version-history":[{"count":0,"href":"https:\/\/evergetikon.eu\/fr\/wp-json\/wp\/v2\/product\/182\/revisions"}],"wp:featuredmedia":[{"embeddable":true,"href":"https:\/\/evergetikon.eu\/fr\/wp-json\/"}],"wp:attachment":[{"href":"https:\/\/evergetikon.eu\/fr\/wp-json\/wp\/v2\/media?parent=182"}],"wp:term":[{"taxonomy":"product_brand","embeddable":true,"href":"https:\/\/evergetikon.eu\/fr\/wp-json\/wp\/v2\/product_brand?post=182"},{"taxonomy":"product_cat","embeddable":true,"href":"https:\/\/evergetikon.eu\/fr\/wp-json\/wp\/v2\/product_cat?post=182"},{"taxonomy":"product_tag","embeddable":true,"href":"https:\/\/evergetikon.eu\/fr\/wp-json\/wp\/v2\/product_tag?post=182"}],"curies":[{"name":"wp","href":"https:\/\/api.w.org\/{rel}","templated":true}]}}