{"id":111,"date":"2023-06-10T22:04:36","date_gmt":"2023-06-10T22:04:36","guid":{"rendered":"https:\/\/evergetikon.nl\/?product=natuurlijke-douchegel-bergamot-evergetikon"},"modified":"2026-03-24T20:43:00","modified_gmt":"2026-03-24T20:43:00","slug":"natuurlijke-douchegel-bergamot-evergetikon","status":"publish","type":"product","link":"https:\/\/evergetikon.eu\/fr\/produit\/gel-douche-naturel-bergamote-evergetikon\/","title":{"rendered":"Gel douche naturel - Bergamote - Evergetikon"},"content":{"rendered":"<h2>D\u00e9tendez-vous et revitalisez avec le gel douche \u00e0 la bergamote naturelle<\/h2>\n<p>D\u00e9couvrez les effets b\u00e9n\u00e9fiques de notre gel douche naturel - un plaisir pour le corps et l'esprit. La formule, riche en ingr\u00e9dients naturels 99%, est sp\u00e9cialement con\u00e7ue pour garder votre peau douce, hydrat\u00e9e et radieuse tout en vous offrant une douche rafra\u00eechissante.<\/p>\n<p>L'huile de bergamote est la star de ce d\u00e9licieux gel douche. Cette huile essentielle est connue pour sa capacit\u00e9 \u00e0 remonter le moral et \u00e0 apporter du calme. Id\u00e9ale en cas de morosit\u00e9 ou de stress, elle transforme votre douche en un moment de pure d\u00e9tente.<\/p>\n<p>Notre gel douche associe l'aloe vera nourrissant et l'argousier hydratant, qui contribuent tous deux \u00e0 une peau douce et soyeuse. L'argousier, riche en vitamine E, aide \u00e0 prot\u00e9ger la peau du vieillissement gr\u00e2ce \u00e0 ses puissantes propri\u00e9t\u00e9s antioxydantes.<\/p>\n<p>En outre, l'huile d'olive naturelle et l'huile d'argan garantissent que votre peau est nettoy\u00e9e en profondeur mais en douceur, tout en conservant les huiles essentielles et l'hydratation de votre peau. Ce gel douche est donc parfait pour les peaux s\u00e8ches et sensibles des adultes et des enfants.<\/p>\n<p>Apportez l'exp\u00e9rience d'un spa dans votre propre salle de bain et profitez du parfum persistant des herbes apr\u00e8s chaque douche. Pour plus de soin, utilisez ensuite des huiles naturelles pour garder votre peau souple et \u00e9lastique.<\/p>","protected":false},"excerpt":{"rendered":"<p>Profitez d'un moment de pure d\u00e9tente avec notre gel douche \u00e0 la bergamote naturelle. Sa formule enrichie de 99% ingr\u00e9dients naturels laisse votre peau soyeuse, hydrat\u00e9e et radieuse. Laissez le parfum rafra\u00eechissant de la bergamote apaiser vos sens, m\u00eame lorsque vous vous sentez stress\u00e9.<\/p>","protected":false},"featured_media":100000017714,"comment_status":"closed","ping_status":"closed","template":"","meta":[],"product_brand":[],"product_cat":[46],"product_tag":[],"class_list":{"0":"post-111","1":"product","2":"type-product","3":"status-publish","4":"has-post-thumbnail","6":"product_cat-natuurlijke-douchegel","8":"first","9":"instock","10":"taxable","11":"shipping-taxable","12":"purchasable","13":"product-type-simple"},"yoast_head":"<!-- This site is optimized with the Yoast SEO plugin v27.3 - https:\/\/yoast.com\/product\/yoast-seo-wordpress\/ -->\n<title>Natuurlijke douchegel - Bergamot - Evergetikon - evergetikon<\/title>\n<meta name=\"robots\" content=\"index, follow, max-snippet:-1, max-image-preview:large, max-video-preview:-1\" \/>\n<link rel=\"canonical\" href=\"https:\/\/evergetikon.eu\/fr\/produit\/gel-douche-naturel-bergamote-evergetikon\/\" \/>\n<meta property=\"og:locale\" content=\"fr_FR\" \/>\n<meta property=\"og:type\" content=\"article\" \/>\n<meta property=\"og:title\" content=\"Natuurlijke douchegel - Bergamot - Evergetikon - evergetikon\" \/>\n<meta property=\"og:description\" content=\"Geniet van een moment van pure ontspanning met onze Natuurlijke Bergamot Douchegel. De verrijkte formule met 99% natuurlijke ingredi\u00ebnten zorgt voor een zijdezachte, gehydrateerde en stralende huid. Laat de verfrissende geur van bergamot je zintuigen kalmeren, zelfs als je je gestrest voelt.\" \/>\n<meta property=\"og:url\" content=\"https:\/\/evergetikon.eu\/fr\/produit\/gel-douche-naturel-bergamote-evergetikon\/\" \/>\n<meta property=\"og:site_name\" content=\"evergetikon\" \/>\n<meta property=\"article:modified_time\" content=\"2026-03-24T20:43:00+00:00\" \/>\n<meta name=\"twitter:card\" content=\"summary_large_image\" \/>\n<meta name=\"twitter:label1\" content=\"Dur\u00e9e de lecture estim\u00e9e\" \/>\n\t<meta name=\"twitter:data1\" content=\"1 minute\" \/>\n<script type=\"application\/ld+json\" class=\"yoast-schema-graph\">{\"@context\":\"https:\\\/\\\/schema.org\",\"@graph\":[{\"@type\":\"WebPage\",\"@id\":\"https:\\\/\\\/evergetikon.eu\\\/product\\\/natuurlijke-douchegel-bergamot-evergetikon\\\/\",\"url\":\"https:\\\/\\\/evergetikon.eu\\\/product\\\/natuurlijke-douchegel-bergamot-evergetikon\\\/\",\"name\":\"Natuurlijke douchegel - Bergamot - Evergetikon - evergetikon\",\"isPartOf\":{\"@id\":\"https:\\\/\\\/evergetikon.eu\\\/#website\"},\"primaryImageOfPage\":{\"@id\":\"https:\\\/\\\/evergetikon.eu\\\/product\\\/natuurlijke-douchegel-bergamot-evergetikon\\\/#primaryimage\"},\"image\":{\"@id\":\"https:\\\/\\\/evergetikon.eu\\\/product\\\/natuurlijke-douchegel-bergamot-evergetikon\\\/#primaryimage\"},\"thumbnailUrl\":\"https:\\\/\\\/purehealthstore.nl\\\/wp-content\\\/uploads\\\/2023\\\/06\\\/natuurlijke-douchegel-bergamot-evergetikon.png\",\"datePublished\":\"2023-06-10T22:04:36+00:00\",\"dateModified\":\"2026-03-24T20:43:00+00:00\",\"breadcrumb\":{\"@id\":\"https:\\\/\\\/evergetikon.eu\\\/product\\\/natuurlijke-douchegel-bergamot-evergetikon\\\/#breadcrumb\"},\"inLanguage\":\"fr-FR\",\"potentialAction\":[{\"@type\":\"ReadAction\",\"target\":[\"https:\\\/\\\/evergetikon.eu\\\/product\\\/natuurlijke-douchegel-bergamot-evergetikon\\\/\"]}]},{\"@type\":\"ImageObject\",\"inLanguage\":\"fr-FR\",\"@id\":\"https:\\\/\\\/evergetikon.eu\\\/product\\\/natuurlijke-douchegel-bergamot-evergetikon\\\/#primaryimage\",\"url\":\"https:\\\/\\\/purehealthstore.nl\\\/wp-content\\\/uploads\\\/2023\\\/06\\\/natuurlijke-douchegel-bergamot-evergetikon.png\",\"contentUrl\":\"https:\\\/\\\/purehealthstore.nl\\\/wp-content\\\/uploads\\\/2023\\\/06\\\/natuurlijke-douchegel-bergamot-evergetikon.png\"},{\"@type\":\"BreadcrumbList\",\"@id\":\"https:\\\/\\\/evergetikon.eu\\\/product\\\/natuurlijke-douchegel-bergamot-evergetikon\\\/#breadcrumb\",\"itemListElement\":[{\"@type\":\"ListItem\",\"position\":1,\"name\":\"Home\",\"item\":\"https:\\\/\\\/evergetikon.eu\\\/\"},{\"@type\":\"ListItem\",\"position\":2,\"name\":\"Shop\",\"item\":\"https:\\\/\\\/evergetikon.eu\\\/shop\\\/\"},{\"@type\":\"ListItem\",\"position\":3,\"name\":\"Natuurlijke douchegel &#8211; Bergamot &#8211; Evergetikon\"}]},{\"@type\":\"WebSite\",\"@id\":\"https:\\\/\\\/evergetikon.eu\\\/#website\",\"url\":\"https:\\\/\\\/evergetikon.eu\\\/\",\"name\":\"evergetikon\",\"description\":\"\",\"publisher\":{\"@id\":\"https:\\\/\\\/evergetikon.eu\\\/#organization\"},\"potentialAction\":[{\"@type\":\"SearchAction\",\"target\":{\"@type\":\"EntryPoint\",\"urlTemplate\":\"https:\\\/\\\/evergetikon.eu\\\/?s={search_term_string}\"},\"query-input\":{\"@type\":\"PropertyValueSpecification\",\"valueRequired\":true,\"valueName\":\"search_term_string\"}}],\"inLanguage\":\"fr-FR\"},{\"@type\":\"Organization\",\"@id\":\"https:\\\/\\\/evergetikon.eu\\\/#organization\",\"name\":\"evergetikon\",\"url\":\"https:\\\/\\\/evergetikon.eu\\\/\",\"logo\":{\"@type\":\"ImageObject\",\"inLanguage\":\"fr-FR\",\"@id\":\"https:\\\/\\\/evergetikon.eu\\\/#\\\/schema\\\/logo\\\/image\\\/\",\"url\":\"https:\\\/\\\/exomh4ku2ih.exactdn.com\\\/wp-content\\\/uploads\\\/2025\\\/06\\\/Evergetikon-non-of.svg\",\"contentUrl\":\"https:\\\/\\\/exomh4ku2ih.exactdn.com\\\/wp-content\\\/uploads\\\/2025\\\/06\\\/Evergetikon-non-of.svg\",\"width\":229,\"height\":70,\"caption\":\"evergetikon\"},\"image\":{\"@id\":\"https:\\\/\\\/evergetikon.eu\\\/#\\\/schema\\\/logo\\\/image\\\/\"}}]}<\/script>\n<!-- \/ Yoast SEO plugin. -->","yoast_head_json":{"title":"Gel douche naturel - Bergamote - Evergetikon","robots":{"index":"index","follow":"follow","max-snippet":"max-snippet:-1","max-image-preview":"max-image-preview:large","max-video-preview":"max-video-preview:-1"},"canonical":"https:\/\/evergetikon.eu\/fr\/produit\/gel-douche-naturel-bergamote-evergetikon\/","og_locale":"fr_FR","og_type":"article","og_title":"Natuurlijke douchegel - Bergamot - Evergetikon - evergetikon","og_description":"Geniet van een moment van pure ontspanning met onze Natuurlijke Bergamot Douchegel. De verrijkte formule met 99% natuurlijke ingredi\u00ebnten zorgt voor een zijdezachte, gehydrateerde en stralende huid. Laat de verfrissende geur van bergamot je zintuigen kalmeren, zelfs als je je gestrest voelt.","og_url":"https:\/\/evergetikon.eu\/fr\/produit\/gel-douche-naturel-bergamote-evergetikon\/","og_site_name":"evergetikon","article_modified_time":"2026-03-24T20:43:00+00:00","twitter_card":"summary_large_image","twitter_misc":{"Dur\u00e9e de lecture estim\u00e9e":"1 minute"},"schema":{"@context":"https:\/\/schema.org","@graph":[{"@type":"WebPage","@id":"https:\/\/evergetikon.eu\/product\/natuurlijke-douchegel-bergamot-evergetikon\/","url":"https:\/\/evergetikon.eu\/product\/natuurlijke-douchegel-bergamot-evergetikon\/","name":"Gel douche naturel - Bergamote - Evergetikon","isPartOf":{"@id":"https:\/\/evergetikon.eu\/#website"},"primaryImageOfPage":{"@id":"https:\/\/evergetikon.eu\/product\/natuurlijke-douchegel-bergamot-evergetikon\/#primaryimage"},"image":{"@id":"https:\/\/evergetikon.eu\/product\/natuurlijke-douchegel-bergamot-evergetikon\/#primaryimage"},"thumbnailUrl":"https:\/\/purehealthstore.nl\/wp-content\/uploads\/2023\/06\/natuurlijke-douchegel-bergamot-evergetikon.png","datePublished":"2023-06-10T22:04:36+00:00","dateModified":"2026-03-24T20:43:00+00:00","breadcrumb":{"@id":"https:\/\/evergetikon.eu\/product\/natuurlijke-douchegel-bergamot-evergetikon\/#breadcrumb"},"inLanguage":"fr-FR","potentialAction":[{"@type":"ReadAction","target":["https:\/\/evergetikon.eu\/product\/natuurlijke-douchegel-bergamot-evergetikon\/"]}]},{"@type":"ImageObject","inLanguage":"fr-FR","@id":"https:\/\/evergetikon.eu\/product\/natuurlijke-douchegel-bergamot-evergetikon\/#primaryimage","url":"https:\/\/purehealthstore.nl\/wp-content\/uploads\/2023\/06\/natuurlijke-douchegel-bergamot-evergetikon.png","contentUrl":"https:\/\/purehealthstore.nl\/wp-content\/uploads\/2023\/06\/natuurlijke-douchegel-bergamot-evergetikon.png"},{"@type":"BreadcrumbList","@id":"https:\/\/evergetikon.eu\/product\/natuurlijke-douchegel-bergamot-evergetikon\/#breadcrumb","itemListElement":[{"@type":"ListItem","position":1,"name":"Home","item":"https:\/\/evergetikon.eu\/"},{"@type":"ListItem","position":2,"name":"Shop","item":"https:\/\/evergetikon.eu\/shop\/"},{"@type":"ListItem","position":3,"name":"Natuurlijke douchegel &#8211; Bergamot &#8211; Evergetikon"}]},{"@type":"WebSite","@id":"https:\/\/evergetikon.eu\/#website","url":"https:\/\/evergetikon.eu\/","name":"evergetikon","description":"","publisher":{"@id":"https:\/\/evergetikon.eu\/#organization"},"potentialAction":[{"@type":"SearchAction","target":{"@type":"EntryPoint","urlTemplate":"https:\/\/evergetikon.eu\/?s={search_term_string}"},"query-input":{"@type":"PropertyValueSpecification","valueRequired":true,"valueName":"search_term_string"}}],"inLanguage":"fr-FR"},{"@type":"Organization","@id":"https:\/\/evergetikon.eu\/#organization","name":"evergetikon","url":"https:\/\/evergetikon.eu\/","logo":{"@type":"ImageObject","inLanguage":"fr-FR","@id":"https:\/\/evergetikon.eu\/#\/schema\/logo\/image\/","url":"https:\/\/exomh4ku2ih.exactdn.com\/wp-content\/uploads\/2025\/06\/Evergetikon-non-of.svg","contentUrl":"https:\/\/exomh4ku2ih.exactdn.com\/wp-content\/uploads\/2025\/06\/Evergetikon-non-of.svg","width":229,"height":70,"caption":"evergetikon"},"image":{"@id":"https:\/\/evergetikon.eu\/#\/schema\/logo\/image\/"}}]}},"_links":{"self":[{"href":"https:\/\/evergetikon.eu\/fr\/wp-json\/wp\/v2\/product\/111","targetHints":{"allow":["GET"]}}],"collection":[{"href":"https:\/\/evergetikon.eu\/fr\/wp-json\/wp\/v2\/product"}],"about":[{"href":"https:\/\/evergetikon.eu\/fr\/wp-json\/wp\/v2\/types\/product"}],"replies":[{"embeddable":true,"href":"https:\/\/evergetikon.eu\/fr\/wp-json\/wp\/v2\/comments?post=111"}],"version-history":[{"count":0,"href":"https:\/\/evergetikon.eu\/fr\/wp-json\/wp\/v2\/product\/111\/revisions"}],"wp:featuredmedia":[{"embeddable":true,"href":"https:\/\/evergetikon.eu\/fr\/wp-json\/"}],"wp:attachment":[{"href":"https:\/\/evergetikon.eu\/fr\/wp-json\/wp\/v2\/media?parent=111"}],"wp:term":[{"taxonomy":"product_brand","embeddable":true,"href":"https:\/\/evergetikon.eu\/fr\/wp-json\/wp\/v2\/product_brand?post=111"},{"taxonomy":"product_cat","embeddable":true,"href":"https:\/\/evergetikon.eu\/fr\/wp-json\/wp\/v2\/product_cat?post=111"},{"taxonomy":"product_tag","embeddable":true,"href":"https:\/\/evergetikon.eu\/fr\/wp-json\/wp\/v2\/product_tag?post=111"}],"curies":[{"name":"wp","href":"https:\/\/api.w.org\/{rel}","templated":true}]}}