{"id":10999,"date":"2025-12-21T13:20:20","date_gmt":"2025-12-21T13:20:20","guid":{"rendered":"https:\/\/evergetikon.eu\/?post_type=product&p=10999"},"modified":"2026-04-02T05:45:14","modified_gmt":"2026-04-02T05:45:14","slug":"gezichtsscrub-evergetikon-15ml","status":"publish","type":"product","link":"https:\/\/evergetikon.eu\/fr\/produit\/gommage-visage-evergetikon-15ml\/","title":{"rendered":"Gommage visage - Evergetikon - 15ml"},"content":{"rendered":"<h2>Exfoliant pour le visage Evergetikon pour une peau radieuse<\/h2>\n<p><strong>D\u00e9couvrez une peau radieuse gr\u00e2ce \u00e0 l'exfoliant naturel pour le visage Evergetikon.<\/strong><\/p>\n<p>Ce gommage associe le pouvoir \u00e9claircissant de l'orange au pouvoir exfoliant des noyaux d'abricot pour un teint soyeux et revitalis\u00e9.<\/p>\n<h3><strong>Avantages de l'exfoliant pour le visage<\/strong><\/h3>\n<p><strong>Une peau lisse et rajeunie<\/strong><br \/>\nLe gommage \u00e9limine les cellules mortes et les impuret\u00e9s, pour une peau plus lisse, plus jeune et plus lumineuse.<\/p>\n<p><strong>Augmente l'\u00e9clat de la peau<\/strong><br \/>\nL'orange est connue pour sa capacit\u00e9 \u00e0 \u00e9claircir le teint et \u00e0 donner une apparence uniforme et lumineuse.<\/p>\n<p><strong>Am\u00e9lioration de la circulation sanguine<\/strong><br \/>\nL'exfoliation douce stimule la circulation sanguine et la production de collag\u00e8ne, ce qui permet d'obtenir une peau plus ferme et plus r\u00e9sistante.<\/p>\n<h3><strong>Conseils d'utilisation<\/strong><\/h3>\n<p><strong>Routine du soir :<\/strong><br \/>\nUtilisez le gommage le soir pour permettre \u00e0 votre peau de se r\u00e9g\u00e9n\u00e9rer pendant la nuit.<\/p>\n<p><strong>Hydratation :<\/strong><br \/>\nApr\u00e8s l'exfoliation, une cr\u00e8me hydratante ou un s\u00e9rum apporte un soin suppl\u00e9mentaire.<\/p>\n<p><strong>Protection solaire :<\/strong><br \/>\nApr\u00e8s avoir utilis\u00e9 le gommage, veillez \u00e0 vous prot\u00e9ger du soleil \u00e0 l'aide d'un bon \u00e9cran solaire.<\/p>\n<p><strong>Attention :<\/strong><br \/>\nTestez d'abord sur une petite partie de la peau pour \u00e9viter toute r\u00e9action.<\/p>\n<p><strong>D\u00e9couvrez la diff\u00e9rence avec Evergetikon et offrez \u00e0 votre peau le soin qu'elle m\u00e9rite.<\/strong><\/p>","protected":false},"excerpt":{"rendered":"<p>Transformez votre routine de soins de la peau avec le gommage naturel pour le visage Evergetikon. Ce m\u00e9lange unique de noyaux d'orange et d'abricot cr\u00e9e une peau radieuse, douce et rajeunie. Donnez maintenant \u00e0 votre peau le soin qu'elle m\u00e9rite avec une apparence saine et claire !<\/p>","protected":false},"featured_media":274,"comment_status":"open","ping_status":"closed","template":"","meta":[],"product_brand":[],"product_cat":[89,24],"product_tag":[],"class_list":{"0":"post-10999","1":"product","2":"type-product","3":"status-publish","4":"has-post-thumbnail","6":"product_cat-gezichtsscrubs","7":"product_cat-natuurlijke-gezichtsverzorging","9":"first","10":"instock","11":"taxable","12":"shipping-taxable","13":"purchasable","14":"product-type-simple"},"yoast_head":"<!-- This site is optimized with the Yoast SEO plugin v27.4 - https:\/\/yoast.com\/product\/yoast-seo-wordpress\/ -->\n<title>Gezichtsscrub - Evergetikon - 15ml - evergetikon<\/title>\n<meta name=\"robots\" content=\"index, follow, max-snippet:-1, max-image-preview:large, max-video-preview:-1\" \/>\n<link rel=\"canonical\" href=\"https:\/\/evergetikon.eu\/fr\/produit\/gommage-visage-evergetikon-15ml\/\" \/>\n<meta property=\"og:locale\" content=\"fr_FR\" \/>\n<meta property=\"og:type\" content=\"article\" \/>\n<meta property=\"og:title\" content=\"Gezichtsscrub - Evergetikon - 15ml - evergetikon\" \/>\n<meta property=\"og:description\" content=\"Transformeer je huidverzorgingsroutine met Evergetikon&#039;s natuurlijke gezichtsscrub. Deze unieke mix van sinaasappel en abrikoospitten zorgt voor een stralende, zachte en verjongde huid. Geef je huid nu de zorg die het verdient met een gezonde en heldere uitstraling!\" \/>\n<meta property=\"og:url\" content=\"https:\/\/evergetikon.eu\/fr\/produit\/gommage-visage-evergetikon-15ml\/\" \/>\n<meta property=\"og:site_name\" content=\"evergetikon\" \/>\n<meta property=\"article:modified_time\" content=\"2026-04-02T05:45:14+00:00\" \/>\n<meta property=\"og:image\" content=\"https:\/\/exomh4ku2ih.exactdn.com\/wp-content\/uploads\/2024\/06\/natuurlijke-gezichtsscrub.jpg?strip=all\" \/>\n\t<meta property=\"og:image:width\" content=\"1024\" \/>\n\t<meta property=\"og:image:height\" content=\"861\" \/>\n\t<meta property=\"og:image:type\" content=\"image\/jpeg\" \/>\n<meta name=\"twitter:card\" content=\"summary_large_image\" \/>\n<meta name=\"twitter:label1\" content=\"Dur\u00e9e de lecture estim\u00e9e\" \/>\n\t<meta name=\"twitter:data1\" content=\"1 minute\" \/>\n<script type=\"application\/ld+json\" class=\"yoast-schema-graph\">{\"@context\":\"https:\\\/\\\/schema.org\",\"@graph\":[{\"@type\":\"WebPage\",\"@id\":\"https:\\\/\\\/evergetikon.eu\\\/product\\\/gezichtsscrub-evergetikon-15ml\\\/\",\"url\":\"https:\\\/\\\/evergetikon.eu\\\/product\\\/gezichtsscrub-evergetikon-15ml\\\/\",\"name\":\"Gezichtsscrub - Evergetikon - 15ml - evergetikon\",\"isPartOf\":{\"@id\":\"https:\\\/\\\/evergetikon.eu\\\/#website\"},\"primaryImageOfPage\":{\"@id\":\"https:\\\/\\\/evergetikon.eu\\\/product\\\/gezichtsscrub-evergetikon-15ml\\\/#primaryimage\"},\"image\":{\"@id\":\"https:\\\/\\\/evergetikon.eu\\\/product\\\/gezichtsscrub-evergetikon-15ml\\\/#primaryimage\"},\"thumbnailUrl\":\"https:\\\/\\\/evergetikon.eu\\\/wp-content\\\/uploads\\\/2024\\\/06\\\/natuurlijke-gezichtsscrub.jpg\",\"datePublished\":\"2025-12-21T13:20:20+00:00\",\"dateModified\":\"2026-04-02T05:45:14+00:00\",\"breadcrumb\":{\"@id\":\"https:\\\/\\\/evergetikon.eu\\\/product\\\/gezichtsscrub-evergetikon-15ml\\\/#breadcrumb\"},\"inLanguage\":\"fr-FR\",\"potentialAction\":[{\"@type\":\"ReadAction\",\"target\":[\"https:\\\/\\\/evergetikon.eu\\\/product\\\/gezichtsscrub-evergetikon-15ml\\\/\"]}]},{\"@type\":\"ImageObject\",\"inLanguage\":\"fr-FR\",\"@id\":\"https:\\\/\\\/evergetikon.eu\\\/product\\\/gezichtsscrub-evergetikon-15ml\\\/#primaryimage\",\"url\":\"https:\\\/\\\/evergetikon.eu\\\/wp-content\\\/uploads\\\/2024\\\/06\\\/natuurlijke-gezichtsscrub.jpg\",\"contentUrl\":\"https:\\\/\\\/evergetikon.eu\\\/wp-content\\\/uploads\\\/2024\\\/06\\\/natuurlijke-gezichtsscrub.jpg\",\"width\":1024,\"height\":861,\"caption\":\"natuurlijke gezichtsscrub\"},{\"@type\":\"BreadcrumbList\",\"@id\":\"https:\\\/\\\/evergetikon.eu\\\/product\\\/gezichtsscrub-evergetikon-15ml\\\/#breadcrumb\",\"itemListElement\":[{\"@type\":\"ListItem\",\"position\":1,\"name\":\"Home\",\"item\":\"https:\\\/\\\/evergetikon.eu\\\/\"},{\"@type\":\"ListItem\",\"position\":2,\"name\":\"Shop\",\"item\":\"https:\\\/\\\/evergetikon.eu\\\/shop\\\/\"},{\"@type\":\"ListItem\",\"position\":3,\"name\":\"Gezichtsscrub &#8211; Evergetikon &#8211; 15ml\"}]},{\"@type\":\"WebSite\",\"@id\":\"https:\\\/\\\/evergetikon.eu\\\/#website\",\"url\":\"https:\\\/\\\/evergetikon.eu\\\/\",\"name\":\"evergetikon\",\"description\":\"\",\"publisher\":{\"@id\":\"https:\\\/\\\/evergetikon.eu\\\/#organization\"},\"potentialAction\":[{\"@type\":\"SearchAction\",\"target\":{\"@type\":\"EntryPoint\",\"urlTemplate\":\"https:\\\/\\\/evergetikon.eu\\\/?s={search_term_string}\"},\"query-input\":{\"@type\":\"PropertyValueSpecification\",\"valueRequired\":true,\"valueName\":\"search_term_string\"}}],\"inLanguage\":\"fr-FR\"},{\"@type\":\"Organization\",\"@id\":\"https:\\\/\\\/evergetikon.eu\\\/#organization\",\"name\":\"evergetikon\",\"url\":\"https:\\\/\\\/evergetikon.eu\\\/\",\"logo\":{\"@type\":\"ImageObject\",\"inLanguage\":\"fr-FR\",\"@id\":\"https:\\\/\\\/evergetikon.eu\\\/#\\\/schema\\\/logo\\\/image\\\/\",\"url\":\"https:\\\/\\\/evergetikon.eu\\\/wp-content\\\/uploads\\\/2025\\\/06\\\/Evergetikon-non-of.svg\",\"contentUrl\":\"https:\\\/\\\/evergetikon.eu\\\/wp-content\\\/uploads\\\/2025\\\/06\\\/Evergetikon-non-of.svg\",\"width\":229,\"height\":70,\"caption\":\"evergetikon\"},\"image\":{\"@id\":\"https:\\\/\\\/evergetikon.eu\\\/#\\\/schema\\\/logo\\\/image\\\/\"}}]}<\/script>\n<!-- \/ Yoast SEO plugin. -->","yoast_head_json":{"title":"Gommage visage - Evergetikon - 15ml - evergetikon","robots":{"index":"index","follow":"follow","max-snippet":"max-snippet:-1","max-image-preview":"max-image-preview:large","max-video-preview":"max-video-preview:-1"},"canonical":"https:\/\/evergetikon.eu\/fr\/produit\/gommage-visage-evergetikon-15ml\/","og_locale":"fr_FR","og_type":"article","og_title":"Gezichtsscrub - Evergetikon - 15ml - evergetikon","og_description":"Transformeer je huidverzorgingsroutine met Evergetikon's natuurlijke gezichtsscrub. Deze unieke mix van sinaasappel en abrikoospitten zorgt voor een stralende, zachte en verjongde huid. Geef je huid nu de zorg die het verdient met een gezonde en heldere uitstraling!","og_url":"https:\/\/evergetikon.eu\/fr\/produit\/gommage-visage-evergetikon-15ml\/","og_site_name":"evergetikon","article_modified_time":"2026-04-02T05:45:14+00:00","og_image":[{"width":1024,"height":861,"url":"https:\/\/exomh4ku2ih.exactdn.com\/wp-content\/uploads\/2024\/06\/natuurlijke-gezichtsscrub.jpg?strip=all","type":"image\/jpeg"}],"twitter_card":"summary_large_image","twitter_misc":{"Dur\u00e9e de lecture estim\u00e9e":"1 minute"},"schema":{"@context":"https:\/\/schema.org","@graph":[{"@type":"WebPage","@id":"https:\/\/evergetikon.eu\/product\/gezichtsscrub-evergetikon-15ml\/","url":"https:\/\/evergetikon.eu\/product\/gezichtsscrub-evergetikon-15ml\/","name":"Gommage visage - Evergetikon - 15ml - evergetikon","isPartOf":{"@id":"https:\/\/evergetikon.eu\/#website"},"primaryImageOfPage":{"@id":"https:\/\/evergetikon.eu\/product\/gezichtsscrub-evergetikon-15ml\/#primaryimage"},"image":{"@id":"https:\/\/evergetikon.eu\/product\/gezichtsscrub-evergetikon-15ml\/#primaryimage"},"thumbnailUrl":"https:\/\/evergetikon.eu\/wp-content\/uploads\/2024\/06\/natuurlijke-gezichtsscrub.jpg","datePublished":"2025-12-21T13:20:20+00:00","dateModified":"2026-04-02T05:45:14+00:00","breadcrumb":{"@id":"https:\/\/evergetikon.eu\/product\/gezichtsscrub-evergetikon-15ml\/#breadcrumb"},"inLanguage":"fr-FR","potentialAction":[{"@type":"ReadAction","target":["https:\/\/evergetikon.eu\/product\/gezichtsscrub-evergetikon-15ml\/"]}]},{"@type":"ImageObject","inLanguage":"fr-FR","@id":"https:\/\/evergetikon.eu\/product\/gezichtsscrub-evergetikon-15ml\/#primaryimage","url":"https:\/\/evergetikon.eu\/wp-content\/uploads\/2024\/06\/natuurlijke-gezichtsscrub.jpg","contentUrl":"https:\/\/evergetikon.eu\/wp-content\/uploads\/2024\/06\/natuurlijke-gezichtsscrub.jpg","width":1024,"height":861,"caption":"natuurlijke gezichtsscrub"},{"@type":"BreadcrumbList","@id":"https:\/\/evergetikon.eu\/product\/gezichtsscrub-evergetikon-15ml\/#breadcrumb","itemListElement":[{"@type":"ListItem","position":1,"name":"Home","item":"https:\/\/evergetikon.eu\/"},{"@type":"ListItem","position":2,"name":"Shop","item":"https:\/\/evergetikon.eu\/shop\/"},{"@type":"ListItem","position":3,"name":"Gezichtsscrub &#8211; Evergetikon &#8211; 15ml"}]},{"@type":"WebSite","@id":"https:\/\/evergetikon.eu\/#website","url":"https:\/\/evergetikon.eu\/","name":"evergetikon","description":"","publisher":{"@id":"https:\/\/evergetikon.eu\/#organization"},"potentialAction":[{"@type":"SearchAction","target":{"@type":"EntryPoint","urlTemplate":"https:\/\/evergetikon.eu\/?s={search_term_string}"},"query-input":{"@type":"PropertyValueSpecification","valueRequired":true,"valueName":"search_term_string"}}],"inLanguage":"fr-FR"},{"@type":"Organization","@id":"https:\/\/evergetikon.eu\/#organization","name":"evergetikon","url":"https:\/\/evergetikon.eu\/","logo":{"@type":"ImageObject","inLanguage":"fr-FR","@id":"https:\/\/evergetikon.eu\/#\/schema\/logo\/image\/","url":"https:\/\/evergetikon.eu\/wp-content\/uploads\/2025\/06\/Evergetikon-non-of.svg","contentUrl":"https:\/\/evergetikon.eu\/wp-content\/uploads\/2025\/06\/Evergetikon-non-of.svg","width":229,"height":70,"caption":"evergetikon"},"image":{"@id":"https:\/\/evergetikon.eu\/#\/schema\/logo\/image\/"}}]}},"_links":{"self":[{"href":"https:\/\/evergetikon.eu\/fr\/wp-json\/wp\/v2\/product\/10999","targetHints":{"allow":["GET"]}}],"collection":[{"href":"https:\/\/evergetikon.eu\/fr\/wp-json\/wp\/v2\/product"}],"about":[{"href":"https:\/\/evergetikon.eu\/fr\/wp-json\/wp\/v2\/types\/product"}],"replies":[{"embeddable":true,"href":"https:\/\/evergetikon.eu\/fr\/wp-json\/wp\/v2\/comments?post=10999"}],"version-history":[{"count":0,"href":"https:\/\/evergetikon.eu\/fr\/wp-json\/wp\/v2\/product\/10999\/revisions"}],"wp:featuredmedia":[{"embeddable":true,"href":"https:\/\/evergetikon.eu\/fr\/wp-json\/wp\/v2\/media\/274"}],"wp:attachment":[{"href":"https:\/\/evergetikon.eu\/fr\/wp-json\/wp\/v2\/media?parent=10999"}],"wp:term":[{"taxonomy":"product_brand","embeddable":true,"href":"https:\/\/evergetikon.eu\/fr\/wp-json\/wp\/v2\/product_brand?post=10999"},{"taxonomy":"product_cat","embeddable":true,"href":"https:\/\/evergetikon.eu\/fr\/wp-json\/wp\/v2\/product_cat?post=10999"},{"taxonomy":"product_tag","embeddable":true,"href":"https:\/\/evergetikon.eu\/fr\/wp-json\/wp\/v2\/product_tag?post=10999"}],"curies":[{"name":"wp","href":"https:\/\/api.w.org\/{rel}","templated":true}]}}