{"id":9050,"date":"2024-08-29T18:26:35","date_gmt":"2024-08-29T18:26:35","guid":{"rendered":"https:\/\/evergetikon.eu\/product\/etherische-olie-set-van-eucalyptus-rozemarijn-pepermunt\/"},"modified":"2025-10-11T17:44:20","modified_gmt":"2025-10-11T17:44:20","slug":"etherische-olie-set-van-eucalyptus-rozemarijn-pepermunt","status":"publish","type":"product","link":"https:\/\/evergetikon.eu\/es\/producto\/set-de-aceites-esenciales-de-eucalipto-romero-menta-piperita\/","title":{"rendered":"Aceite esencial - set de eucalipto, romero, menta piperita"},"content":{"rendered":"<h2>Experimenta el poder del refresco natural<\/h2>\n<p>Descubra la versatilidad y frescura del <strong>Set de aceites esenciales<\/strong>Una combinaci\u00f3n \u00fanica de eucalipto, romero y menta. Este set cuidadosamente elaborado no s\u00f3lo lleva los maravillosos aromas de la naturaleza directamente a su hogar, sino que tambi\u00e9n ofrece una serie de beneficios para su bienestar.<\/p>\n<h2>\u00bfPor qu\u00e9 elegir nuestro set de aceites esenciales?<\/h2>\n<p><strong>Aceite de eucalipto<\/strong> es conocido por sus propiedades purificadoras. Es ideal para aliviar las v\u00edas respiratorias y crear una atm\u00f3sfera tonificante. Tanto si padece alergias estacionales como si s\u00f3lo desea disfrutar de una respiraci\u00f3n fresca, el eucalipto proporciona alivio y una sensaci\u00f3n de limpieza.<\/p>\n<p>Con <strong>Aceite de romero<\/strong> no s\u00f3lo a\u00f1ade un aroma c\u00e1lido y amaderado a su entorno, sino que tambi\u00e9n estimula su mente. Ideal para mejorar la concentraci\u00f3n y promover el pensamiento claro durante esfuerzos mentales intensos.<\/p>\n<p>Adem\u00e1s, <strong>Aceite de menta<\/strong> una sensaci\u00f3n refrescante y refrescante. Ideal para aliviar la tensi\u00f3n despu\u00e9s de un largo d\u00eda, el aceite de menta estimula el cuerpo y la mente. Tanto si necesita un estimulante como si simplemente desea relajarse, la menta es la elecci\u00f3n perfecta.<\/p>\n<h2>Cree su oasis personal<\/h2>\n<p>Este set de aceites esenciales invita a un mundo de bienestar natural en su vida cotidiana. Perfecto para aromaterapia o simplemente para embellecer y refrescar su espacio personal. Convierta cualquier habitaci\u00f3n en un oasis personal de bienestar y tranquilidad.<\/p>\n<p>Abrace la naturaleza en su forma m\u00e1s pura y lleve sus sentidos al siguiente nivel con nuestro exclusivo set de aceites esenciales. Abra la puerta a un mundo de salud natural y descubra hoy mismo la armon\u00eda del eucalipto, el romero y la menta.<\/p>","protected":false},"excerpt":{"rendered":"<p>Sum\u00e9rjase en aromas frescos y naturales con nuestro Set de Aceites Esenciales. Experimente una atm\u00f3sfera vigorizante gracias a la potente combinaci\u00f3n de eucalipto, romero y menta piperita. Aporte bienestar y tranquilidad a cualquier estancia y experimente los beneficios de esta composici\u00f3n \u00fanica en su propio hogar.<\/p>","protected":false},"featured_media":9049,"comment_status":"closed","ping_status":"closed","template":"","meta":[],"product_brand":[],"product_cat":[216,33,34],"product_tag":[],"class_list":{"0":"post-9050","1":"product","2":"type-product","3":"status-publish","4":"has-post-thumbnail","6":"product_cat-black-friday","7":"product_cat-cadeaus","8":"product_cat-verzorgingssets","10":"first","11":"instock","12":"taxable","13":"shipping-taxable","14":"purchasable","15":"product-type-simple"},"yoast_head":"<!-- This site is optimized with the Yoast SEO plugin v27.3 - https:\/\/yoast.com\/product\/yoast-seo-wordpress\/ -->\n<title>Etherische olie - set van eucalyptus, rozemarijn, pepermunt - evergetikon<\/title>\n<meta name=\"robots\" content=\"index, follow, max-snippet:-1, max-image-preview:large, max-video-preview:-1\" \/>\n<link rel=\"canonical\" href=\"https:\/\/evergetikon.eu\/es\/producto\/set-de-aceites-esenciales-de-eucalipto-romero-menta-piperita\/\" \/>\n<meta property=\"og:locale\" content=\"es_ES\" \/>\n<meta property=\"og:type\" content=\"article\" \/>\n<meta property=\"og:title\" content=\"Etherische olie - set van eucalyptus, rozemarijn, pepermunt - evergetikon\" \/>\n<meta property=\"og:description\" content=\"Dompel jezelf onder in de frisse, natuurlijke geuren met onze Etherische Olie Set. Beleef een verkwikkende atmosfeer dankzij de krachtige combinatie van eucalyptus, rozemarijn en pepermunt. Breng welzijn en rust in elke ruimte en ervaar de voordelen van deze unieke samenstelling in uw eigen huis.\" \/>\n<meta property=\"og:url\" content=\"https:\/\/evergetikon.eu\/es\/producto\/set-de-aceites-esenciales-de-eucalipto-romero-menta-piperita\/\" \/>\n<meta property=\"og:site_name\" content=\"evergetikon\" \/>\n<meta property=\"article:modified_time\" content=\"2025-10-11T17:44:20+00:00\" \/>\n<meta property=\"og:image\" content=\"https:\/\/evergetikon.eu\/wp-content\/uploads\/2024\/12\/etherische-olie-set-2.png\" \/>\n\t<meta property=\"og:image:width\" content=\"1024\" \/>\n\t<meta property=\"og:image:height\" content=\"861\" \/>\n\t<meta property=\"og:image:type\" content=\"image\/png\" \/>\n<meta name=\"twitter:card\" content=\"summary_large_image\" \/>\n<meta name=\"twitter:label1\" content=\"Tiempo de lectura\" \/>\n\t<meta name=\"twitter:data1\" content=\"1 minuto\" \/>\n<script type=\"application\/ld+json\" class=\"yoast-schema-graph\">{\"@context\":\"https:\\\/\\\/schema.org\",\"@graph\":[{\"@type\":\"WebPage\",\"@id\":\"https:\\\/\\\/evergetikon.eu\\\/product\\\/etherische-olie-set-van-eucalyptus-rozemarijn-pepermunt\\\/\",\"url\":\"https:\\\/\\\/evergetikon.eu\\\/product\\\/etherische-olie-set-van-eucalyptus-rozemarijn-pepermunt\\\/\",\"name\":\"Etherische olie - set van eucalyptus, rozemarijn, pepermunt - evergetikon\",\"isPartOf\":{\"@id\":\"https:\\\/\\\/evergetikon.eu\\\/#website\"},\"primaryImageOfPage\":{\"@id\":\"https:\\\/\\\/evergetikon.eu\\\/product\\\/etherische-olie-set-van-eucalyptus-rozemarijn-pepermunt\\\/#primaryimage\"},\"image\":{\"@id\":\"https:\\\/\\\/evergetikon.eu\\\/product\\\/etherische-olie-set-van-eucalyptus-rozemarijn-pepermunt\\\/#primaryimage\"},\"thumbnailUrl\":\"https:\\\/\\\/exomh4ku2ih.exactdn.com\\\/wp-content\\\/uploads\\\/2024\\\/12\\\/etherische-olie-set-2.png?strip=all\",\"datePublished\":\"2024-08-29T18:26:35+00:00\",\"dateModified\":\"2025-10-11T17:44:20+00:00\",\"breadcrumb\":{\"@id\":\"https:\\\/\\\/evergetikon.eu\\\/product\\\/etherische-olie-set-van-eucalyptus-rozemarijn-pepermunt\\\/#breadcrumb\"},\"inLanguage\":\"es\",\"potentialAction\":[{\"@type\":\"ReadAction\",\"target\":[\"https:\\\/\\\/evergetikon.eu\\\/product\\\/etherische-olie-set-van-eucalyptus-rozemarijn-pepermunt\\\/\"]}]},{\"@type\":\"ImageObject\",\"inLanguage\":\"es\",\"@id\":\"https:\\\/\\\/evergetikon.eu\\\/product\\\/etherische-olie-set-van-eucalyptus-rozemarijn-pepermunt\\\/#primaryimage\",\"url\":\"https:\\\/\\\/exomh4ku2ih.exactdn.com\\\/wp-content\\\/uploads\\\/2024\\\/12\\\/etherische-olie-set-2.png?strip=all\",\"contentUrl\":\"https:\\\/\\\/exomh4ku2ih.exactdn.com\\\/wp-content\\\/uploads\\\/2024\\\/12\\\/etherische-olie-set-2.png?strip=all\",\"width\":1024,\"height\":861,\"caption\":\"etherische olie set 2\"},{\"@type\":\"BreadcrumbList\",\"@id\":\"https:\\\/\\\/evergetikon.eu\\\/product\\\/etherische-olie-set-van-eucalyptus-rozemarijn-pepermunt\\\/#breadcrumb\",\"itemListElement\":[{\"@type\":\"ListItem\",\"position\":1,\"name\":\"Home\",\"item\":\"https:\\\/\\\/evergetikon.eu\\\/\"},{\"@type\":\"ListItem\",\"position\":2,\"name\":\"Shop\",\"item\":\"https:\\\/\\\/evergetikon.eu\\\/shop\\\/\"},{\"@type\":\"ListItem\",\"position\":3,\"name\":\"Etherische olie &#8211; set van eucalyptus, rozemarijn, pepermunt\"}]},{\"@type\":\"WebSite\",\"@id\":\"https:\\\/\\\/evergetikon.eu\\\/#website\",\"url\":\"https:\\\/\\\/evergetikon.eu\\\/\",\"name\":\"evergetikon\",\"description\":\"\",\"publisher\":{\"@id\":\"https:\\\/\\\/evergetikon.eu\\\/#organization\"},\"potentialAction\":[{\"@type\":\"SearchAction\",\"target\":{\"@type\":\"EntryPoint\",\"urlTemplate\":\"https:\\\/\\\/evergetikon.eu\\\/?s={search_term_string}\"},\"query-input\":{\"@type\":\"PropertyValueSpecification\",\"valueRequired\":true,\"valueName\":\"search_term_string\"}}],\"inLanguage\":\"es\"},{\"@type\":\"Organization\",\"@id\":\"https:\\\/\\\/evergetikon.eu\\\/#organization\",\"name\":\"evergetikon\",\"url\":\"https:\\\/\\\/evergetikon.eu\\\/\",\"logo\":{\"@type\":\"ImageObject\",\"inLanguage\":\"es\",\"@id\":\"https:\\\/\\\/evergetikon.eu\\\/#\\\/schema\\\/logo\\\/image\\\/\",\"url\":\"https:\\\/\\\/exomh4ku2ih.exactdn.com\\\/wp-content\\\/uploads\\\/2025\\\/06\\\/Evergetikon-non-of.svg\",\"contentUrl\":\"https:\\\/\\\/exomh4ku2ih.exactdn.com\\\/wp-content\\\/uploads\\\/2025\\\/06\\\/Evergetikon-non-of.svg\",\"width\":229,\"height\":70,\"caption\":\"evergetikon\"},\"image\":{\"@id\":\"https:\\\/\\\/evergetikon.eu\\\/#\\\/schema\\\/logo\\\/image\\\/\"}}]}<\/script>\n<!-- \/ Yoast SEO plugin. -->","yoast_head_json":{"title":"Aceite esencial - set de eucalipto, romero, menta - evergetikon","robots":{"index":"index","follow":"follow","max-snippet":"max-snippet:-1","max-image-preview":"max-image-preview:large","max-video-preview":"max-video-preview:-1"},"canonical":"https:\/\/evergetikon.eu\/es\/producto\/set-de-aceites-esenciales-de-eucalipto-romero-menta-piperita\/","og_locale":"es_ES","og_type":"article","og_title":"Etherische olie - set van eucalyptus, rozemarijn, pepermunt - evergetikon","og_description":"Dompel jezelf onder in de frisse, natuurlijke geuren met onze Etherische Olie Set. Beleef een verkwikkende atmosfeer dankzij de krachtige combinatie van eucalyptus, rozemarijn en pepermunt. Breng welzijn en rust in elke ruimte en ervaar de voordelen van deze unieke samenstelling in uw eigen huis.","og_url":"https:\/\/evergetikon.eu\/es\/producto\/set-de-aceites-esenciales-de-eucalipto-romero-menta-piperita\/","og_site_name":"evergetikon","article_modified_time":"2025-10-11T17:44:20+00:00","og_image":[{"width":1024,"height":861,"url":"https:\/\/evergetikon.eu\/wp-content\/uploads\/2024\/12\/etherische-olie-set-2.png","type":"image\/png"}],"twitter_card":"summary_large_image","twitter_misc":{"Tiempo de lectura":"1 minuto"},"schema":{"@context":"https:\/\/schema.org","@graph":[{"@type":"WebPage","@id":"https:\/\/evergetikon.eu\/product\/etherische-olie-set-van-eucalyptus-rozemarijn-pepermunt\/","url":"https:\/\/evergetikon.eu\/product\/etherische-olie-set-van-eucalyptus-rozemarijn-pepermunt\/","name":"Aceite esencial - set de eucalipto, romero, menta - evergetikon","isPartOf":{"@id":"https:\/\/evergetikon.eu\/#website"},"primaryImageOfPage":{"@id":"https:\/\/evergetikon.eu\/product\/etherische-olie-set-van-eucalyptus-rozemarijn-pepermunt\/#primaryimage"},"image":{"@id":"https:\/\/evergetikon.eu\/product\/etherische-olie-set-van-eucalyptus-rozemarijn-pepermunt\/#primaryimage"},"thumbnailUrl":"https:\/\/exomh4ku2ih.exactdn.com\/wp-content\/uploads\/2024\/12\/etherische-olie-set-2.png?strip=all","datePublished":"2024-08-29T18:26:35+00:00","dateModified":"2025-10-11T17:44:20+00:00","breadcrumb":{"@id":"https:\/\/evergetikon.eu\/product\/etherische-olie-set-van-eucalyptus-rozemarijn-pepermunt\/#breadcrumb"},"inLanguage":"es","potentialAction":[{"@type":"ReadAction","target":["https:\/\/evergetikon.eu\/product\/etherische-olie-set-van-eucalyptus-rozemarijn-pepermunt\/"]}]},{"@type":"ImageObject","inLanguage":"es","@id":"https:\/\/evergetikon.eu\/product\/etherische-olie-set-van-eucalyptus-rozemarijn-pepermunt\/#primaryimage","url":"https:\/\/exomh4ku2ih.exactdn.com\/wp-content\/uploads\/2024\/12\/etherische-olie-set-2.png?strip=all","contentUrl":"https:\/\/exomh4ku2ih.exactdn.com\/wp-content\/uploads\/2024\/12\/etherische-olie-set-2.png?strip=all","width":1024,"height":861,"caption":"etherische olie set 2"},{"@type":"BreadcrumbList","@id":"https:\/\/evergetikon.eu\/product\/etherische-olie-set-van-eucalyptus-rozemarijn-pepermunt\/#breadcrumb","itemListElement":[{"@type":"ListItem","position":1,"name":"Home","item":"https:\/\/evergetikon.eu\/"},{"@type":"ListItem","position":2,"name":"Shop","item":"https:\/\/evergetikon.eu\/shop\/"},{"@type":"ListItem","position":3,"name":"Etherische olie &#8211; set van eucalyptus, rozemarijn, pepermunt"}]},{"@type":"WebSite","@id":"https:\/\/evergetikon.eu\/#website","url":"https:\/\/evergetikon.eu\/","name":"evergetikon","description":"","publisher":{"@id":"https:\/\/evergetikon.eu\/#organization"},"potentialAction":[{"@type":"SearchAction","target":{"@type":"EntryPoint","urlTemplate":"https:\/\/evergetikon.eu\/?s={search_term_string}"},"query-input":{"@type":"PropertyValueSpecification","valueRequired":true,"valueName":"search_term_string"}}],"inLanguage":"es"},{"@type":"Organization","@id":"https:\/\/evergetikon.eu\/#organization","name":"evergetikon","url":"https:\/\/evergetikon.eu\/","logo":{"@type":"ImageObject","inLanguage":"es","@id":"https:\/\/evergetikon.eu\/#\/schema\/logo\/image\/","url":"https:\/\/exomh4ku2ih.exactdn.com\/wp-content\/uploads\/2025\/06\/Evergetikon-non-of.svg","contentUrl":"https:\/\/exomh4ku2ih.exactdn.com\/wp-content\/uploads\/2025\/06\/Evergetikon-non-of.svg","width":229,"height":70,"caption":"evergetikon"},"image":{"@id":"https:\/\/evergetikon.eu\/#\/schema\/logo\/image\/"}}]}},"_links":{"self":[{"href":"https:\/\/evergetikon.eu\/es\/wp-json\/wp\/v2\/product\/9050","targetHints":{"allow":["GET"]}}],"collection":[{"href":"https:\/\/evergetikon.eu\/es\/wp-json\/wp\/v2\/product"}],"about":[{"href":"https:\/\/evergetikon.eu\/es\/wp-json\/wp\/v2\/types\/product"}],"replies":[{"embeddable":true,"href":"https:\/\/evergetikon.eu\/es\/wp-json\/wp\/v2\/comments?post=9050"}],"version-history":[{"count":0,"href":"https:\/\/evergetikon.eu\/es\/wp-json\/wp\/v2\/product\/9050\/revisions"}],"wp:featuredmedia":[{"embeddable":true,"href":"https:\/\/evergetikon.eu\/es\/wp-json\/wp\/v2\/media\/9049"}],"wp:attachment":[{"href":"https:\/\/evergetikon.eu\/es\/wp-json\/wp\/v2\/media?parent=9050"}],"wp:term":[{"taxonomy":"product_brand","embeddable":true,"href":"https:\/\/evergetikon.eu\/es\/wp-json\/wp\/v2\/product_brand?post=9050"},{"taxonomy":"product_cat","embeddable":true,"href":"https:\/\/evergetikon.eu\/es\/wp-json\/wp\/v2\/product_cat?post=9050"},{"taxonomy":"product_tag","embeddable":true,"href":"https:\/\/evergetikon.eu\/es\/wp-json\/wp\/v2\/product_tag?post=9050"}],"curies":[{"name":"wp","href":"https:\/\/api.w.org\/{rel}","templated":true}]}}