{"id":370,"date":"2022-09-08T20:36:55","date_gmt":"2022-09-08T20:36:55","guid":{"rendered":"https:\/\/evergetikon.nl\/?product=100-natuurlijk-gezichtsreiniger-evergetikon"},"modified":"2026-04-11T09:21:35","modified_gmt":"2026-04-11T09:21:35","slug":"100-natuurlijk-gezichtsreiniger-evergetikon","status":"publish","type":"product","link":"https:\/\/evergetikon.eu\/es\/producto\/100-limpiador-facial-natural-evergetikon\/","title":{"rendered":"Limpiador facial Aloe &amp; Espino Amarillo - Evergetikon"},"content":{"rendered":"<h2>Limpiador facial natural con aloe y espino amarillo<\/h2>\n<p>El aloe hidrata y nutre. El espino amarillo es una de las mayores fuentes naturales de vitamina E, que tiene propiedades antibacterianas. Suaviza y regenera la piel.<\/p>\n<h2>Hecho a mano en Grecia con mucho amor<\/h2>\n<p>Este limpiador facial natural est\u00e1 hecho con un solo prop\u00f3sito en mente. A saber, limpiar su cara de la mejor manera posible. Por lo tanto, el limpiador facial contiene s\u00f3lo los mejores ingredientes que son muy suaves en su piel y sin aditivos qu\u00edmicos sin sentido (que s\u00f3lo sirven como rellenos).<\/p>\n<h2>Limpiador facial ideal contra los granos<\/h2>\n<p>El limpiador facial es 100% natural y no contiene sustancias que puedan irritar la piel propensa al acn\u00e9.<\/p>\n<p>El aceite de espino amarillo tiene el mayor contenido de vitamina E de todos los aceites vegetales. La vitamina E es altamente antibacteriana y, por tanto, muy \u00fatil para tratar y prevenir el acn\u00e9.<\/p>","protected":false},"excerpt":{"rendered":"<ul>\n<li>Con 99% ingredientes naturales<\/li>\n<li>No reseca la piel<\/li>\n<li>Muy hidratante<\/li>\n<\/ul>","protected":false},"featured_media":100000015023,"comment_status":"open","ping_status":"closed","template":"","meta":[],"product_brand":[],"product_cat":[132,95,24],"product_tag":[],"class_list":{"0":"post-370","1":"product","2":"type-product","3":"status-publish","4":"has-post-thumbnail","6":"product_cat-aloe-vera","7":"product_cat-natuurlijke-gezichtsreinigers","8":"product_cat-natuurlijke-gezichtsverzorging","10":"first","11":"onbackorder","12":"taxable","13":"shipping-taxable","14":"purchasable","15":"product-type-simple"},"yoast_head":"<!-- This site is optimized with the Yoast SEO plugin v27.4 - https:\/\/yoast.com\/product\/yoast-seo-wordpress\/ -->\n<title>Gezichtsreiniger Aloe &amp; Duindoorn - Evergetikon - evergetikon<\/title>\n<meta name=\"robots\" content=\"index, follow, max-snippet:-1, max-image-preview:large, max-video-preview:-1\" \/>\n<link rel=\"canonical\" href=\"https:\/\/evergetikon.eu\/es\/producto\/100-limpiador-facial-natural-evergetikon\/\" \/>\n<meta property=\"og:locale\" content=\"es_ES\" \/>\n<meta property=\"og:type\" content=\"article\" \/>\n<meta property=\"og:title\" content=\"Gezichtsreiniger Aloe &amp; Duindoorn - Evergetikon - evergetikon\" \/>\n<meta property=\"og:description\" content=\"Met 99% natuurlijke ingredienten  Droogt de huid niet uit  Zeer hydraterende werking\" \/>\n<meta property=\"og:url\" content=\"https:\/\/evergetikon.eu\/es\/producto\/100-limpiador-facial-natural-evergetikon\/\" \/>\n<meta property=\"og:site_name\" content=\"evergetikon\" \/>\n<meta property=\"article:modified_time\" content=\"2026-04-11T09:21:35+00:00\" \/>\n<meta name=\"twitter:card\" content=\"summary_large_image\" \/>\n<meta name=\"twitter:label1\" content=\"Tiempo de lectura\" \/>\n\t<meta name=\"twitter:data1\" content=\"1 minuto\" \/>\n<script type=\"application\/ld+json\" class=\"yoast-schema-graph\">{\"@context\":\"https:\\\/\\\/schema.org\",\"@graph\":[{\"@type\":\"WebPage\",\"@id\":\"https:\\\/\\\/evergetikon.eu\\\/product\\\/100-natuurlijk-gezichtsreiniger-evergetikon\\\/\",\"url\":\"https:\\\/\\\/evergetikon.eu\\\/product\\\/100-natuurlijk-gezichtsreiniger-evergetikon\\\/\",\"name\":\"Gezichtsreiniger Aloe &amp; Duindoorn - Evergetikon - evergetikon\",\"isPartOf\":{\"@id\":\"https:\\\/\\\/evergetikon.eu\\\/#website\"},\"primaryImageOfPage\":{\"@id\":\"https:\\\/\\\/evergetikon.eu\\\/product\\\/100-natuurlijk-gezichtsreiniger-evergetikon\\\/#primaryimage\"},\"image\":{\"@id\":\"https:\\\/\\\/evergetikon.eu\\\/product\\\/100-natuurlijk-gezichtsreiniger-evergetikon\\\/#primaryimage\"},\"thumbnailUrl\":\"https:\\\/\\\/purehealthstore.nl\\\/wp-content\\\/uploads\\\/2022\\\/09\\\/natuurlijke-gezichtsreiniger-aloe-duindoorn-evergetikon.png\",\"datePublished\":\"2022-09-08T20:36:55+00:00\",\"dateModified\":\"2026-04-11T09:21:35+00:00\",\"breadcrumb\":{\"@id\":\"https:\\\/\\\/evergetikon.eu\\\/product\\\/100-natuurlijk-gezichtsreiniger-evergetikon\\\/#breadcrumb\"},\"inLanguage\":\"es\",\"potentialAction\":[{\"@type\":\"ReadAction\",\"target\":[\"https:\\\/\\\/evergetikon.eu\\\/product\\\/100-natuurlijk-gezichtsreiniger-evergetikon\\\/\"]}]},{\"@type\":\"ImageObject\",\"inLanguage\":\"es\",\"@id\":\"https:\\\/\\\/evergetikon.eu\\\/product\\\/100-natuurlijk-gezichtsreiniger-evergetikon\\\/#primaryimage\",\"url\":\"https:\\\/\\\/purehealthstore.nl\\\/wp-content\\\/uploads\\\/2022\\\/09\\\/natuurlijke-gezichtsreiniger-aloe-duindoorn-evergetikon.png\",\"contentUrl\":\"https:\\\/\\\/purehealthstore.nl\\\/wp-content\\\/uploads\\\/2022\\\/09\\\/natuurlijke-gezichtsreiniger-aloe-duindoorn-evergetikon.png\"},{\"@type\":\"BreadcrumbList\",\"@id\":\"https:\\\/\\\/evergetikon.eu\\\/product\\\/100-natuurlijk-gezichtsreiniger-evergetikon\\\/#breadcrumb\",\"itemListElement\":[{\"@type\":\"ListItem\",\"position\":1,\"name\":\"Home\",\"item\":\"https:\\\/\\\/evergetikon.eu\\\/\"},{\"@type\":\"ListItem\",\"position\":2,\"name\":\"Shop\",\"item\":\"https:\\\/\\\/evergetikon.eu\\\/shop\\\/\"},{\"@type\":\"ListItem\",\"position\":3,\"name\":\"Gezichtsreiniger Aloe &amp; Duindoorn &#8211; Evergetikon\"}]},{\"@type\":\"WebSite\",\"@id\":\"https:\\\/\\\/evergetikon.eu\\\/#website\",\"url\":\"https:\\\/\\\/evergetikon.eu\\\/\",\"name\":\"evergetikon\",\"description\":\"\",\"publisher\":{\"@id\":\"https:\\\/\\\/evergetikon.eu\\\/#organization\"},\"potentialAction\":[{\"@type\":\"SearchAction\",\"target\":{\"@type\":\"EntryPoint\",\"urlTemplate\":\"https:\\\/\\\/evergetikon.eu\\\/?s={search_term_string}\"},\"query-input\":{\"@type\":\"PropertyValueSpecification\",\"valueRequired\":true,\"valueName\":\"search_term_string\"}}],\"inLanguage\":\"es\"},{\"@type\":\"Organization\",\"@id\":\"https:\\\/\\\/evergetikon.eu\\\/#organization\",\"name\":\"evergetikon\",\"url\":\"https:\\\/\\\/evergetikon.eu\\\/\",\"logo\":{\"@type\":\"ImageObject\",\"inLanguage\":\"es\",\"@id\":\"https:\\\/\\\/evergetikon.eu\\\/#\\\/schema\\\/logo\\\/image\\\/\",\"url\":\"https:\\\/\\\/evergetikon.eu\\\/wp-content\\\/uploads\\\/2025\\\/06\\\/Evergetikon-non-of.svg\",\"contentUrl\":\"https:\\\/\\\/evergetikon.eu\\\/wp-content\\\/uploads\\\/2025\\\/06\\\/Evergetikon-non-of.svg\",\"width\":229,\"height\":70,\"caption\":\"evergetikon\"},\"image\":{\"@id\":\"https:\\\/\\\/evergetikon.eu\\\/#\\\/schema\\\/logo\\\/image\\\/\"}}]}<\/script>\n<!-- \/ Yoast SEO plugin. -->","yoast_head_json":{"title":"Limpiador Facial Aloe &amp; Espino Amarillo - Evergetikon","robots":{"index":"index","follow":"follow","max-snippet":"max-snippet:-1","max-image-preview":"max-image-preview:large","max-video-preview":"max-video-preview:-1"},"canonical":"https:\/\/evergetikon.eu\/es\/producto\/100-limpiador-facial-natural-evergetikon\/","og_locale":"es_ES","og_type":"article","og_title":"Gezichtsreiniger Aloe &amp; Duindoorn - Evergetikon - evergetikon","og_description":"Met 99% natuurlijke ingredienten  Droogt de huid niet uit  Zeer hydraterende werking","og_url":"https:\/\/evergetikon.eu\/es\/producto\/100-limpiador-facial-natural-evergetikon\/","og_site_name":"evergetikon","article_modified_time":"2026-04-11T09:21:35+00:00","twitter_card":"summary_large_image","twitter_misc":{"Tiempo de lectura":"1 minuto"},"schema":{"@context":"https:\/\/schema.org","@graph":[{"@type":"WebPage","@id":"https:\/\/evergetikon.eu\/product\/100-natuurlijk-gezichtsreiniger-evergetikon\/","url":"https:\/\/evergetikon.eu\/product\/100-natuurlijk-gezichtsreiniger-evergetikon\/","name":"Limpiador Facial Aloe &amp; Espino Amarillo - Evergetikon","isPartOf":{"@id":"https:\/\/evergetikon.eu\/#website"},"primaryImageOfPage":{"@id":"https:\/\/evergetikon.eu\/product\/100-natuurlijk-gezichtsreiniger-evergetikon\/#primaryimage"},"image":{"@id":"https:\/\/evergetikon.eu\/product\/100-natuurlijk-gezichtsreiniger-evergetikon\/#primaryimage"},"thumbnailUrl":"https:\/\/purehealthstore.nl\/wp-content\/uploads\/2022\/09\/natuurlijke-gezichtsreiniger-aloe-duindoorn-evergetikon.png","datePublished":"2022-09-08T20:36:55+00:00","dateModified":"2026-04-11T09:21:35+00:00","breadcrumb":{"@id":"https:\/\/evergetikon.eu\/product\/100-natuurlijk-gezichtsreiniger-evergetikon\/#breadcrumb"},"inLanguage":"es","potentialAction":[{"@type":"ReadAction","target":["https:\/\/evergetikon.eu\/product\/100-natuurlijk-gezichtsreiniger-evergetikon\/"]}]},{"@type":"ImageObject","inLanguage":"es","@id":"https:\/\/evergetikon.eu\/product\/100-natuurlijk-gezichtsreiniger-evergetikon\/#primaryimage","url":"https:\/\/purehealthstore.nl\/wp-content\/uploads\/2022\/09\/natuurlijke-gezichtsreiniger-aloe-duindoorn-evergetikon.png","contentUrl":"https:\/\/purehealthstore.nl\/wp-content\/uploads\/2022\/09\/natuurlijke-gezichtsreiniger-aloe-duindoorn-evergetikon.png"},{"@type":"BreadcrumbList","@id":"https:\/\/evergetikon.eu\/product\/100-natuurlijk-gezichtsreiniger-evergetikon\/#breadcrumb","itemListElement":[{"@type":"ListItem","position":1,"name":"Home","item":"https:\/\/evergetikon.eu\/"},{"@type":"ListItem","position":2,"name":"Shop","item":"https:\/\/evergetikon.eu\/shop\/"},{"@type":"ListItem","position":3,"name":"Gezichtsreiniger Aloe &amp; Duindoorn &#8211; Evergetikon"}]},{"@type":"WebSite","@id":"https:\/\/evergetikon.eu\/#website","url":"https:\/\/evergetikon.eu\/","name":"evergetikon","description":"","publisher":{"@id":"https:\/\/evergetikon.eu\/#organization"},"potentialAction":[{"@type":"SearchAction","target":{"@type":"EntryPoint","urlTemplate":"https:\/\/evergetikon.eu\/?s={search_term_string}"},"query-input":{"@type":"PropertyValueSpecification","valueRequired":true,"valueName":"search_term_string"}}],"inLanguage":"es"},{"@type":"Organization","@id":"https:\/\/evergetikon.eu\/#organization","name":"evergetikon","url":"https:\/\/evergetikon.eu\/","logo":{"@type":"ImageObject","inLanguage":"es","@id":"https:\/\/evergetikon.eu\/#\/schema\/logo\/image\/","url":"https:\/\/evergetikon.eu\/wp-content\/uploads\/2025\/06\/Evergetikon-non-of.svg","contentUrl":"https:\/\/evergetikon.eu\/wp-content\/uploads\/2025\/06\/Evergetikon-non-of.svg","width":229,"height":70,"caption":"evergetikon"},"image":{"@id":"https:\/\/evergetikon.eu\/#\/schema\/logo\/image\/"}}]}},"_links":{"self":[{"href":"https:\/\/evergetikon.eu\/es\/wp-json\/wp\/v2\/product\/370","targetHints":{"allow":["GET"]}}],"collection":[{"href":"https:\/\/evergetikon.eu\/es\/wp-json\/wp\/v2\/product"}],"about":[{"href":"https:\/\/evergetikon.eu\/es\/wp-json\/wp\/v2\/types\/product"}],"replies":[{"embeddable":true,"href":"https:\/\/evergetikon.eu\/es\/wp-json\/wp\/v2\/comments?post=370"}],"version-history":[{"count":0,"href":"https:\/\/evergetikon.eu\/es\/wp-json\/wp\/v2\/product\/370\/revisions"}],"wp:featuredmedia":[{"embeddable":true,"href":"https:\/\/evergetikon.eu\/es\/wp-json\/"}],"wp:attachment":[{"href":"https:\/\/evergetikon.eu\/es\/wp-json\/wp\/v2\/media?parent=370"}],"wp:term":[{"taxonomy":"product_brand","embeddable":true,"href":"https:\/\/evergetikon.eu\/es\/wp-json\/wp\/v2\/product_brand?post=370"},{"taxonomy":"product_cat","embeddable":true,"href":"https:\/\/evergetikon.eu\/es\/wp-json\/wp\/v2\/product_cat?post=370"},{"taxonomy":"product_tag","embeddable":true,"href":"https:\/\/evergetikon.eu\/es\/wp-json\/wp\/v2\/product_tag?post=370"}],"curies":[{"name":"wp","href":"https:\/\/api.w.org\/{rel}","templated":true}]}}