{"id":350,"date":"2022-09-11T16:12:39","date_gmt":"2022-09-11T16:12:39","guid":{"rendered":"https:\/\/evergetikon.nl\/?product=natuurlijke-lippenbalsem-granaatappel"},"modified":"2026-03-26T11:33:16","modified_gmt":"2026-03-26T11:33:16","slug":"natuurlijke-lippenbalsem-granaatappel","status":"publish","type":"product","link":"https:\/\/evergetikon.eu\/es\/producto\/balsamo-labial-natural-granada\/","title":{"rendered":"B\u00e1lsamo labial con cera de abeja y granada - 100% natural - Evergetikon"},"content":{"rendered":"<p><strong>Acondiciona tus labios con el poder de la manteca de karit\u00e9 y la cera de abejas.<\/strong><\/p>\n<p>Nuestro b\u00e1lsamo labial est\u00e1 enriquecido con manteca de karit\u00e9, suave y nutritiva, conocida por sus intensas propiedades hidratantes y reparadoras. Gracias a su alta concentraci\u00f3n de vitaminas A, E y F, esta manteca natural proporciona una profunda nutrici\u00f3n y elasticidad, dejando incluso la piel madura flexible y suave.<\/p>\n<p><strong>El poder de la cera de abejas para una protecci\u00f3n \u00f3ptima.<\/strong><br \/>\nLa cera de abeja a\u00f1adida forma una capa protectora en los labios que impide que se evapore la humedad y protege la piel de las inclemencias del tiempo. La cera de abeja cruda tambi\u00e9n contiene una peque\u00f1a cantidad de prop\u00f3leo, un antibi\u00f3tico natural que ayuda a combatir los virus y proporciona a los labios una protecci\u00f3n extra.<\/p>\n<p><strong>Perfecto para j\u00f3venes y mayores.<\/strong><br \/>\nCon s\u00f3lo ingredientes suaves y naturales, este b\u00e1lsamo labial no s\u00f3lo es ideal para los adultos, sino tambi\u00e9n seguro para los ni\u00f1os. Su f\u00f3rmula suave y no irritante lo convierte en una opci\u00f3n fiable para el cuidado diario de los labios de toda la familia.<\/p>\n<p><strong>Consejos de uso:<\/strong><\/p>\n<ol>\n<li>Aplica una peque\u00f1a cantidad de b\u00e1lsamo labial cuando sientas los labios secos o agrietados.<\/li>\n<li>Adecuado para uso diario, tantas veces como sea necesario.<\/li>\n<li>Para un cuidado extra de los labios extremadamente secos, util\u00edcelo en combinaci\u00f3n con nuestro \"Exfoliante facial suave con huesos de albaricoque\". Este exfoliante elimina las c\u00e9lulas muertas de la piel y prepara los labios para una mejor absorci\u00f3n de los nutrientes.<\/li>\n<\/ol>\n<p><strong>Proporcione a sus labios el cuidado natural que se merecen, con el poder hidratante y protector de la manteca de karit\u00e9 y la cera de abejas.<\/strong><\/p>","protected":false},"excerpt":{"rendered":"<ul>\n<li>100% B\u00e1lsamo labial natural con cera de abeja<\/li>\n<li>Proporciona una hidrataci\u00f3n y protecci\u00f3n \u00f3ptimas<\/li>\n<li>No reseca los labios como los b\u00e1lsamos labiales con vaselina<\/li>\n<\/ul>","protected":false},"featured_media":349,"comment_status":"open","ping_status":"closed","template":"","meta":[],"product_brand":[],"product_cat":[136,24,73,140],"product_tag":[],"class_list":{"0":"post-350","1":"product","2":"type-product","3":"status-publish","4":"has-post-thumbnail","6":"product_cat-bijenwas-cosmetica","7":"product_cat-natuurlijke-gezichtsverzorging","8":"product_cat-natuurlijke-lippenbalsem","9":"product_cat-sheaboter","11":"first","12":"outofstock","13":"taxable","14":"shipping-taxable","15":"purchasable","16":"product-type-simple"},"yoast_head":"<!-- This site is optimized with the Yoast SEO plugin v27.4 - https:\/\/yoast.com\/product\/yoast-seo-wordpress\/ -->\n<title>Lippenbalsem met bijenwas en granaatappel - 100% natuurlijk - Evergetikon - evergetikon<\/title>\n<meta name=\"robots\" content=\"index, follow, max-snippet:-1, max-image-preview:large, max-video-preview:-1\" \/>\n<link rel=\"canonical\" href=\"https:\/\/evergetikon.eu\/es\/producto\/balsamo-labial-natural-granada\/\" \/>\n<meta property=\"og:locale\" content=\"es_ES\" \/>\n<meta property=\"og:type\" content=\"article\" \/>\n<meta property=\"og:title\" content=\"Lippenbalsem met bijenwas en granaatappel - 100% natuurlijk - Evergetikon - evergetikon\" \/>\n<meta property=\"og:description\" content=\"100% Natuurlijke lippenbalsem met bijenwas  Biedt optimale hydratatie en bescherming  Droogt de lippen niet uit zoals lippenbalsem met vaseline\" \/>\n<meta property=\"og:url\" content=\"https:\/\/evergetikon.eu\/es\/producto\/balsamo-labial-natural-granada\/\" \/>\n<meta property=\"og:site_name\" content=\"evergetikon\" \/>\n<meta property=\"article:modified_time\" content=\"2026-03-26T11:33:16+00:00\" \/>\n<meta property=\"og:image\" content=\"https:\/\/evergetikon.eu\/wp-content\/uploads\/2024\/06\/lippenbalsem-granaatappel.jpg\" \/>\n\t<meta property=\"og:image:width\" content=\"1024\" \/>\n\t<meta property=\"og:image:height\" content=\"861\" \/>\n\t<meta property=\"og:image:type\" content=\"image\/jpeg\" \/>\n<meta name=\"twitter:card\" content=\"summary_large_image\" \/>\n<meta name=\"twitter:label1\" content=\"Tiempo de lectura\" \/>\n\t<meta name=\"twitter:data1\" content=\"1 minuto\" \/>\n<script type=\"application\/ld+json\" class=\"yoast-schema-graph\">{\"@context\":\"https:\\\/\\\/schema.org\",\"@graph\":[{\"@type\":\"WebPage\",\"@id\":\"https:\\\/\\\/evergetikon.eu\\\/product\\\/natuurlijke-lippenbalsem-granaatappel\\\/\",\"url\":\"https:\\\/\\\/evergetikon.eu\\\/product\\\/natuurlijke-lippenbalsem-granaatappel\\\/\",\"name\":\"Lippenbalsem met bijenwas en granaatappel - 100% natuurlijk - Evergetikon - evergetikon\",\"isPartOf\":{\"@id\":\"https:\\\/\\\/evergetikon.eu\\\/#website\"},\"primaryImageOfPage\":{\"@id\":\"https:\\\/\\\/evergetikon.eu\\\/product\\\/natuurlijke-lippenbalsem-granaatappel\\\/#primaryimage\"},\"image\":{\"@id\":\"https:\\\/\\\/evergetikon.eu\\\/product\\\/natuurlijke-lippenbalsem-granaatappel\\\/#primaryimage\"},\"thumbnailUrl\":\"https:\\\/\\\/evergetikon.eu\\\/wp-content\\\/uploads\\\/2024\\\/06\\\/lippenbalsem-granaatappel.jpg\",\"datePublished\":\"2022-09-11T16:12:39+00:00\",\"dateModified\":\"2026-03-26T11:33:16+00:00\",\"breadcrumb\":{\"@id\":\"https:\\\/\\\/evergetikon.eu\\\/product\\\/natuurlijke-lippenbalsem-granaatappel\\\/#breadcrumb\"},\"inLanguage\":\"es\",\"potentialAction\":[{\"@type\":\"ReadAction\",\"target\":[\"https:\\\/\\\/evergetikon.eu\\\/product\\\/natuurlijke-lippenbalsem-granaatappel\\\/\"]}]},{\"@type\":\"ImageObject\",\"inLanguage\":\"es\",\"@id\":\"https:\\\/\\\/evergetikon.eu\\\/product\\\/natuurlijke-lippenbalsem-granaatappel\\\/#primaryimage\",\"url\":\"https:\\\/\\\/evergetikon.eu\\\/wp-content\\\/uploads\\\/2024\\\/06\\\/lippenbalsem-granaatappel.jpg\",\"contentUrl\":\"https:\\\/\\\/evergetikon.eu\\\/wp-content\\\/uploads\\\/2024\\\/06\\\/lippenbalsem-granaatappel.jpg\",\"width\":1024,\"height\":861,\"caption\":\"natuurlijke lippenbalsem granaatappel\"},{\"@type\":\"BreadcrumbList\",\"@id\":\"https:\\\/\\\/evergetikon.eu\\\/product\\\/natuurlijke-lippenbalsem-granaatappel\\\/#breadcrumb\",\"itemListElement\":[{\"@type\":\"ListItem\",\"position\":1,\"name\":\"Home\",\"item\":\"https:\\\/\\\/evergetikon.eu\\\/\"},{\"@type\":\"ListItem\",\"position\":2,\"name\":\"Shop\",\"item\":\"https:\\\/\\\/evergetikon.eu\\\/shop\\\/\"},{\"@type\":\"ListItem\",\"position\":3,\"name\":\"Lippenbalsem met bijenwas en granaatappel &#8211; 100% natuurlijk &#8211; Evergetikon\"}]},{\"@type\":\"WebSite\",\"@id\":\"https:\\\/\\\/evergetikon.eu\\\/#website\",\"url\":\"https:\\\/\\\/evergetikon.eu\\\/\",\"name\":\"evergetikon\",\"description\":\"\",\"publisher\":{\"@id\":\"https:\\\/\\\/evergetikon.eu\\\/#organization\"},\"potentialAction\":[{\"@type\":\"SearchAction\",\"target\":{\"@type\":\"EntryPoint\",\"urlTemplate\":\"https:\\\/\\\/evergetikon.eu\\\/?s={search_term_string}\"},\"query-input\":{\"@type\":\"PropertyValueSpecification\",\"valueRequired\":true,\"valueName\":\"search_term_string\"}}],\"inLanguage\":\"es\"},{\"@type\":\"Organization\",\"@id\":\"https:\\\/\\\/evergetikon.eu\\\/#organization\",\"name\":\"evergetikon\",\"url\":\"https:\\\/\\\/evergetikon.eu\\\/\",\"logo\":{\"@type\":\"ImageObject\",\"inLanguage\":\"es\",\"@id\":\"https:\\\/\\\/evergetikon.eu\\\/#\\\/schema\\\/logo\\\/image\\\/\",\"url\":\"https:\\\/\\\/evergetikon.eu\\\/wp-content\\\/uploads\\\/2025\\\/06\\\/Evergetikon-non-of.svg\",\"contentUrl\":\"https:\\\/\\\/evergetikon.eu\\\/wp-content\\\/uploads\\\/2025\\\/06\\\/Evergetikon-non-of.svg\",\"width\":229,\"height\":70,\"caption\":\"evergetikon\"},\"image\":{\"@id\":\"https:\\\/\\\/evergetikon.eu\\\/#\\\/schema\\\/logo\\\/image\\\/\"}}]}<\/script>\n<!-- \/ Yoast SEO plugin. -->","yoast_head_json":{"title":"B\u00e1lsamo labial con cera de abeja y granada - 100% natural - Evergetikon","robots":{"index":"index","follow":"follow","max-snippet":"max-snippet:-1","max-image-preview":"max-image-preview:large","max-video-preview":"max-video-preview:-1"},"canonical":"https:\/\/evergetikon.eu\/es\/producto\/balsamo-labial-natural-granada\/","og_locale":"es_ES","og_type":"article","og_title":"Lippenbalsem met bijenwas en granaatappel - 100% natuurlijk - Evergetikon - evergetikon","og_description":"100% Natuurlijke lippenbalsem met bijenwas  Biedt optimale hydratatie en bescherming  Droogt de lippen niet uit zoals lippenbalsem met vaseline","og_url":"https:\/\/evergetikon.eu\/es\/producto\/balsamo-labial-natural-granada\/","og_site_name":"evergetikon","article_modified_time":"2026-03-26T11:33:16+00:00","og_image":[{"width":1024,"height":861,"url":"https:\/\/evergetikon.eu\/wp-content\/uploads\/2024\/06\/lippenbalsem-granaatappel.jpg","type":"image\/jpeg"}],"twitter_card":"summary_large_image","twitter_misc":{"Tiempo de lectura":"1 minuto"},"schema":{"@context":"https:\/\/schema.org","@graph":[{"@type":"WebPage","@id":"https:\/\/evergetikon.eu\/product\/natuurlijke-lippenbalsem-granaatappel\/","url":"https:\/\/evergetikon.eu\/product\/natuurlijke-lippenbalsem-granaatappel\/","name":"B\u00e1lsamo labial con cera de abeja y granada - 100% natural - Evergetikon","isPartOf":{"@id":"https:\/\/evergetikon.eu\/#website"},"primaryImageOfPage":{"@id":"https:\/\/evergetikon.eu\/product\/natuurlijke-lippenbalsem-granaatappel\/#primaryimage"},"image":{"@id":"https:\/\/evergetikon.eu\/product\/natuurlijke-lippenbalsem-granaatappel\/#primaryimage"},"thumbnailUrl":"https:\/\/evergetikon.eu\/wp-content\/uploads\/2024\/06\/lippenbalsem-granaatappel.jpg","datePublished":"2022-09-11T16:12:39+00:00","dateModified":"2026-03-26T11:33:16+00:00","breadcrumb":{"@id":"https:\/\/evergetikon.eu\/product\/natuurlijke-lippenbalsem-granaatappel\/#breadcrumb"},"inLanguage":"es","potentialAction":[{"@type":"ReadAction","target":["https:\/\/evergetikon.eu\/product\/natuurlijke-lippenbalsem-granaatappel\/"]}]},{"@type":"ImageObject","inLanguage":"es","@id":"https:\/\/evergetikon.eu\/product\/natuurlijke-lippenbalsem-granaatappel\/#primaryimage","url":"https:\/\/evergetikon.eu\/wp-content\/uploads\/2024\/06\/lippenbalsem-granaatappel.jpg","contentUrl":"https:\/\/evergetikon.eu\/wp-content\/uploads\/2024\/06\/lippenbalsem-granaatappel.jpg","width":1024,"height":861,"caption":"natuurlijke lippenbalsem granaatappel"},{"@type":"BreadcrumbList","@id":"https:\/\/evergetikon.eu\/product\/natuurlijke-lippenbalsem-granaatappel\/#breadcrumb","itemListElement":[{"@type":"ListItem","position":1,"name":"Home","item":"https:\/\/evergetikon.eu\/"},{"@type":"ListItem","position":2,"name":"Shop","item":"https:\/\/evergetikon.eu\/shop\/"},{"@type":"ListItem","position":3,"name":"Lippenbalsem met bijenwas en granaatappel &#8211; 100% natuurlijk &#8211; Evergetikon"}]},{"@type":"WebSite","@id":"https:\/\/evergetikon.eu\/#website","url":"https:\/\/evergetikon.eu\/","name":"evergetikon","description":"","publisher":{"@id":"https:\/\/evergetikon.eu\/#organization"},"potentialAction":[{"@type":"SearchAction","target":{"@type":"EntryPoint","urlTemplate":"https:\/\/evergetikon.eu\/?s={search_term_string}"},"query-input":{"@type":"PropertyValueSpecification","valueRequired":true,"valueName":"search_term_string"}}],"inLanguage":"es"},{"@type":"Organization","@id":"https:\/\/evergetikon.eu\/#organization","name":"evergetikon","url":"https:\/\/evergetikon.eu\/","logo":{"@type":"ImageObject","inLanguage":"es","@id":"https:\/\/evergetikon.eu\/#\/schema\/logo\/image\/","url":"https:\/\/evergetikon.eu\/wp-content\/uploads\/2025\/06\/Evergetikon-non-of.svg","contentUrl":"https:\/\/evergetikon.eu\/wp-content\/uploads\/2025\/06\/Evergetikon-non-of.svg","width":229,"height":70,"caption":"evergetikon"},"image":{"@id":"https:\/\/evergetikon.eu\/#\/schema\/logo\/image\/"}}]}},"_links":{"self":[{"href":"https:\/\/evergetikon.eu\/es\/wp-json\/wp\/v2\/product\/350","targetHints":{"allow":["GET"]}}],"collection":[{"href":"https:\/\/evergetikon.eu\/es\/wp-json\/wp\/v2\/product"}],"about":[{"href":"https:\/\/evergetikon.eu\/es\/wp-json\/wp\/v2\/types\/product"}],"replies":[{"embeddable":true,"href":"https:\/\/evergetikon.eu\/es\/wp-json\/wp\/v2\/comments?post=350"}],"version-history":[{"count":0,"href":"https:\/\/evergetikon.eu\/es\/wp-json\/wp\/v2\/product\/350\/revisions"}],"wp:featuredmedia":[{"embeddable":true,"href":"https:\/\/evergetikon.eu\/es\/wp-json\/wp\/v2\/media\/349"}],"wp:attachment":[{"href":"https:\/\/evergetikon.eu\/es\/wp-json\/wp\/v2\/media?parent=350"}],"wp:term":[{"taxonomy":"product_brand","embeddable":true,"href":"https:\/\/evergetikon.eu\/es\/wp-json\/wp\/v2\/product_brand?post=350"},{"taxonomy":"product_cat","embeddable":true,"href":"https:\/\/evergetikon.eu\/es\/wp-json\/wp\/v2\/product_cat?post=350"},{"taxonomy":"product_tag","embeddable":true,"href":"https:\/\/evergetikon.eu\/es\/wp-json\/wp\/v2\/product_tag?post=350"}],"curies":[{"name":"wp","href":"https:\/\/api.w.org\/{rel}","templated":true}]}}