{"id":303,"date":"2022-09-18T19:56:01","date_gmt":"2022-09-18T19:56:01","guid":{"rendered":"https:\/\/evergetikon.nl\/?product=baardolie-sandalwood-evergetikon"},"modified":"2026-04-11T09:51:22","modified_gmt":"2026-04-11T09:51:22","slug":"baardolie-sandalwood-evergetikon","status":"publish","type":"product","link":"https:\/\/evergetikon.eu\/es\/producto\/aceite-para-barba-sandalo-evergetikon\/","title":{"rendered":"Aceite para barba de s\u00e1ndalo"},"content":{"rendered":"<p>S\u00c1NDALO Y OTROS INGREDIENTES DEL ACEITE PARA BARBA<\/p>\n<p>El s\u00e1ndalo es adecuado tanto para el cuidado del cabello como de la piel. El s\u00e1ndalo aporta suavidad y un efecto calmante a la piel, reduce las erupciones cut\u00e1neas y el picor. Para las puntas del cabello, el aceite esencial de s\u00e1ndalo previene las puntas abiertas y proporciona un aroma amaderado muy masculino y c\u00e1lido.<\/p>\n<p><span lang=\"LT\">El aceite de arg\u00e1n es adecuado y se utiliza en cosm\u00e9tica tanto para el cuidado de la piel como del cabello. Este aceite suaviza y calma la piel irritada. Este aceite no deja sensaci\u00f3n grasa y hace que el cabello sea m\u00e1s suave y f\u00e1cil de manejar.<\/span><\/p>\n<p><span lang=\"LT\">El aceite de pepitas de uva estimula los fol\u00edculos pilosos y favorece el crecimiento del cabello. Para quienes tienen el pelo quebradizo y corto, lo fortalece y el cabello vuelve a crecer m\u00e1s fuerte y denso.<\/span><\/p>\n<p><span lang=\"LT\">Aceite de oliva - da brillo al cabello, nutre y suaviza la piel y el cabello, aporta elasticidad.<\/span><\/p>\n<p><span lang=\"LT\">El aceite de jojoba Simondsia hidrata la piel, fortalece el cabello y es un gran ingrediente porque es el aceite m\u00e1s cercano a la piel y el cabello humanos.<\/span><\/p>\n<p><span lang=\"LT\">Aceite de ricino - Conocido por su capacidad para estimular el crecimiento del cabello fortaleci\u00e9ndolo desde la ra\u00edz. Hace crecer un cabello fuerte y brillante.<\/span><\/p>\n<p><span lang=\"LT\">El aceite de pino no s\u00f3lo es antibacteriano, sino que tambi\u00e9n ayuda a combatir el picor, tonifica la piel y fortalece el cabello.<\/span><\/p>\n<p><strong><span lang=\"LT\">Ingredientes\u00a0<\/span><\/strong><span lang=\"LT\"><strong>:\u00a0<\/strong>\u00a0<\/span><em><span lang=\"LT\">Aceite de semilla de Argania spinosa, aceite de semilla de uva Vitis Vinifera (uva), aceite de fruto de Europaea (oliva) aceite de oliva virgen extra \"cretense\", aceite de semilla de Simmondsia chinensis Jojoba,<a name=\"_Hlk25315688\"><\/a>Aceite de semilla de Ricinus Communis (ricino), extracto de hoja de Rosmarinus Officinalis (romero), acetato de tocoferol (vitamina E),<a name=\"_Hlk25315712\"><\/a>Aceite de hoja de Pinus sylvestris (pino), Cistus landaniferus, Aceite de Santalum Album (s\u00e1ndalo).<\/span><\/em><\/p>\n<p><strong><span lang=\"LT\">Modo de empleo:\u00a0<\/span><\/strong><span lang=\"LT\">\u00a0Ponga unas gotas en las palmas de las manos, extienda el aceite en las palmas y apl\u00edquelo en la barba con las manos,<\/span><\/p>","protected":false},"excerpt":{"rendered":"<p><span lang=\"LT\">Un aceite natural para barba que hidrata y calma la piel del rostro y deja el vello suave y manejable. El pelo y la piel de la barba obtienen las vitaminas y minerales m\u00e1s beneficiosos de los aceites y extractos vegetales. Cada ingrediente complementa la composici\u00f3n del producto, aportando suavidad y un suave aroma. Por eso el aceite para barba es tan apreciado por los hombres que se dejan crecer una bonita barba. Es como un acondicionador o s\u00e9rum natural, repleto de vitaminas y minerales naturales beneficiosos tanto para la piel como para el cabello. El aceite para barba est\u00e1 repleto de las vitaminas y minerales naturales que necesitan los hombres que quieren una barba bonita, y\u00a0<\/span><span lang=\"LT\">No contiene aditivos qu\u00edmicos nocivos como:\u00a0\u00a0<\/span><span lang=\"LT\">Parabenos, siliconas, propilenglicol, aceite mineral, etanolamina, ftalatos, almizcle xileno, triclos\u00e1n, metilisotiazolinona ni ning\u00fan otro.<\/span><\/p>","protected":false},"featured_media":302,"comment_status":"open","ping_status":"closed","template":"","meta":[],"product_brand":[],"product_cat":[93,64,74,48],"product_tag":[],"class_list":{"0":"post-303","1":"product","2":"type-product","3":"status-publish","4":"has-post-thumbnail","6":"product_cat-natuurlijke-baardolie","7":"product_cat-mannelijke-gezichtsverzorging","8":"product_cat-mannelijke-haarverzorging","9":"product_cat-voor-mannen","11":"first","12":"instock","13":"taxable","14":"shipping-taxable","15":"purchasable","16":"product-type-simple"},"yoast_head":"<!-- This site is optimized with the Yoast SEO plugin v27.4 - https:\/\/yoast.com\/product\/yoast-seo-wordpress\/ -->\n<title>Baardolie sandalwood - evergetikon<\/title>\n<meta name=\"robots\" content=\"index, follow, max-snippet:-1, max-image-preview:large, max-video-preview:-1\" \/>\n<link rel=\"canonical\" href=\"https:\/\/evergetikon.eu\/es\/producto\/aceite-para-barba-sandalo-evergetikon\/\" \/>\n<meta property=\"og:locale\" content=\"es_ES\" \/>\n<meta property=\"og:type\" content=\"article\" \/>\n<meta property=\"og:title\" content=\"Baardolie sandalwood - evergetikon\" \/>\n<meta property=\"og:description\" content=\"Een natuurlijke baardolie die zowel de huid van het gezicht hydrateert en kalmeert als het haar zacht en handelbaar maakt.\u00a0Baardhaar en huid krijgen de meest heilzame vitamines en mineralen uit plantaardige oli\u00ebn en extracten.\u00a0Elk ingredi\u00ebnt complementeert de samenstelling van het product, zorgt voor zachtheid en een mild aroma. Daarom is baardolie zo geliefd bij mannen die een mooie baard laten groeien.\u00a0Het is als een natuurlijke conditioner of serum, dat vol zit met nuttige natuurlijke vitamines en mineralen voor zowel huid als haar.\u00a0Baardolie zit vol met natuurlijke vitamines en mineralen die nodig zijn voor mannen die een mooie baard willen, en\u00a0bevat geen schadelijke chemische toevoegingen zoals:\u00a0\u00a0Parabenen, siliconen, propyleenglycol, minerale olie, ethanolamine, ftalaten, muskusxyleen, triclosan, methylisothiazolinone of iemand anders.\" \/>\n<meta property=\"og:url\" content=\"https:\/\/evergetikon.eu\/es\/producto\/aceite-para-barba-sandalo-evergetikon\/\" \/>\n<meta property=\"og:site_name\" content=\"evergetikon\" \/>\n<meta property=\"article:modified_time\" content=\"2026-04-11T09:51:22+00:00\" \/>\n<meta property=\"og:image\" content=\"https:\/\/evergetikon.eu\/wp-content\/uploads\/2024\/06\/baardolie-sandalwood-evergetikon.jpg\" \/>\n\t<meta property=\"og:image:width\" content=\"1024\" \/>\n\t<meta property=\"og:image:height\" content=\"861\" \/>\n\t<meta property=\"og:image:type\" content=\"image\/jpeg\" \/>\n<meta name=\"twitter:card\" content=\"summary_large_image\" \/>\n<meta name=\"twitter:label1\" content=\"Tiempo de lectura\" \/>\n\t<meta name=\"twitter:data1\" content=\"1 minuto\" \/>\n<script type=\"application\/ld+json\" class=\"yoast-schema-graph\">{\"@context\":\"https:\\\/\\\/schema.org\",\"@graph\":[{\"@type\":\"WebPage\",\"@id\":\"https:\\\/\\\/evergetikon.eu\\\/product\\\/baardolie-sandalwood-evergetikon\\\/\",\"url\":\"https:\\\/\\\/evergetikon.eu\\\/product\\\/baardolie-sandalwood-evergetikon\\\/\",\"name\":\"Baardolie sandalwood - evergetikon\",\"isPartOf\":{\"@id\":\"https:\\\/\\\/evergetikon.eu\\\/#website\"},\"primaryImageOfPage\":{\"@id\":\"https:\\\/\\\/evergetikon.eu\\\/product\\\/baardolie-sandalwood-evergetikon\\\/#primaryimage\"},\"image\":{\"@id\":\"https:\\\/\\\/evergetikon.eu\\\/product\\\/baardolie-sandalwood-evergetikon\\\/#primaryimage\"},\"thumbnailUrl\":\"https:\\\/\\\/evergetikon.eu\\\/wp-content\\\/uploads\\\/2024\\\/06\\\/baardolie-sandalwood-evergetikon.jpg\",\"datePublished\":\"2022-09-18T19:56:01+00:00\",\"dateModified\":\"2026-04-11T09:51:22+00:00\",\"breadcrumb\":{\"@id\":\"https:\\\/\\\/evergetikon.eu\\\/product\\\/baardolie-sandalwood-evergetikon\\\/#breadcrumb\"},\"inLanguage\":\"es\",\"potentialAction\":[{\"@type\":\"ReadAction\",\"target\":[\"https:\\\/\\\/evergetikon.eu\\\/product\\\/baardolie-sandalwood-evergetikon\\\/\"]}]},{\"@type\":\"ImageObject\",\"inLanguage\":\"es\",\"@id\":\"https:\\\/\\\/evergetikon.eu\\\/product\\\/baardolie-sandalwood-evergetikon\\\/#primaryimage\",\"url\":\"https:\\\/\\\/evergetikon.eu\\\/wp-content\\\/uploads\\\/2024\\\/06\\\/baardolie-sandalwood-evergetikon.jpg\",\"contentUrl\":\"https:\\\/\\\/evergetikon.eu\\\/wp-content\\\/uploads\\\/2024\\\/06\\\/baardolie-sandalwood-evergetikon.jpg\",\"width\":1024,\"height\":861,\"caption\":\"baardolie sandalwood evergetikon\"},{\"@type\":\"BreadcrumbList\",\"@id\":\"https:\\\/\\\/evergetikon.eu\\\/product\\\/baardolie-sandalwood-evergetikon\\\/#breadcrumb\",\"itemListElement\":[{\"@type\":\"ListItem\",\"position\":1,\"name\":\"Home\",\"item\":\"https:\\\/\\\/evergetikon.eu\\\/\"},{\"@type\":\"ListItem\",\"position\":2,\"name\":\"Shop\",\"item\":\"https:\\\/\\\/evergetikon.eu\\\/shop\\\/\"},{\"@type\":\"ListItem\",\"position\":3,\"name\":\"Baardolie sandalwood\"}]},{\"@type\":\"WebSite\",\"@id\":\"https:\\\/\\\/evergetikon.eu\\\/#website\",\"url\":\"https:\\\/\\\/evergetikon.eu\\\/\",\"name\":\"evergetikon\",\"description\":\"\",\"publisher\":{\"@id\":\"https:\\\/\\\/evergetikon.eu\\\/#organization\"},\"potentialAction\":[{\"@type\":\"SearchAction\",\"target\":{\"@type\":\"EntryPoint\",\"urlTemplate\":\"https:\\\/\\\/evergetikon.eu\\\/?s={search_term_string}\"},\"query-input\":{\"@type\":\"PropertyValueSpecification\",\"valueRequired\":true,\"valueName\":\"search_term_string\"}}],\"inLanguage\":\"es\"},{\"@type\":\"Organization\",\"@id\":\"https:\\\/\\\/evergetikon.eu\\\/#organization\",\"name\":\"evergetikon\",\"url\":\"https:\\\/\\\/evergetikon.eu\\\/\",\"logo\":{\"@type\":\"ImageObject\",\"inLanguage\":\"es\",\"@id\":\"https:\\\/\\\/evergetikon.eu\\\/#\\\/schema\\\/logo\\\/image\\\/\",\"url\":\"https:\\\/\\\/evergetikon.eu\\\/wp-content\\\/uploads\\\/2025\\\/06\\\/Evergetikon-non-of.svg\",\"contentUrl\":\"https:\\\/\\\/evergetikon.eu\\\/wp-content\\\/uploads\\\/2025\\\/06\\\/Evergetikon-non-of.svg\",\"width\":229,\"height\":70,\"caption\":\"evergetikon\"},\"image\":{\"@id\":\"https:\\\/\\\/evergetikon.eu\\\/#\\\/schema\\\/logo\\\/image\\\/\"}}]}<\/script>\n<!-- \/ Yoast SEO plugin. -->","yoast_head_json":{"title":"Aceite para barba de s\u00e1ndalo - evergetikon","robots":{"index":"index","follow":"follow","max-snippet":"max-snippet:-1","max-image-preview":"max-image-preview:large","max-video-preview":"max-video-preview:-1"},"canonical":"https:\/\/evergetikon.eu\/es\/producto\/aceite-para-barba-sandalo-evergetikon\/","og_locale":"es_ES","og_type":"article","og_title":"Baardolie sandalwood - evergetikon","og_description":"Een natuurlijke baardolie die zowel de huid van het gezicht hydrateert en kalmeert als het haar zacht en handelbaar maakt.\u00a0Baardhaar en huid krijgen de meest heilzame vitamines en mineralen uit plantaardige oli\u00ebn en extracten.\u00a0Elk ingredi\u00ebnt complementeert de samenstelling van het product, zorgt voor zachtheid en een mild aroma. Daarom is baardolie zo geliefd bij mannen die een mooie baard laten groeien.\u00a0Het is als een natuurlijke conditioner of serum, dat vol zit met nuttige natuurlijke vitamines en mineralen voor zowel huid als haar.\u00a0Baardolie zit vol met natuurlijke vitamines en mineralen die nodig zijn voor mannen die een mooie baard willen, en\u00a0bevat geen schadelijke chemische toevoegingen zoals:\u00a0\u00a0Parabenen, siliconen, propyleenglycol, minerale olie, ethanolamine, ftalaten, muskusxyleen, triclosan, methylisothiazolinone of iemand anders.","og_url":"https:\/\/evergetikon.eu\/es\/producto\/aceite-para-barba-sandalo-evergetikon\/","og_site_name":"evergetikon","article_modified_time":"2026-04-11T09:51:22+00:00","og_image":[{"width":1024,"height":861,"url":"https:\/\/evergetikon.eu\/wp-content\/uploads\/2024\/06\/baardolie-sandalwood-evergetikon.jpg","type":"image\/jpeg"}],"twitter_card":"summary_large_image","twitter_misc":{"Tiempo de lectura":"1 minuto"},"schema":{"@context":"https:\/\/schema.org","@graph":[{"@type":"WebPage","@id":"https:\/\/evergetikon.eu\/product\/baardolie-sandalwood-evergetikon\/","url":"https:\/\/evergetikon.eu\/product\/baardolie-sandalwood-evergetikon\/","name":"Aceite para barba de s\u00e1ndalo - evergetikon","isPartOf":{"@id":"https:\/\/evergetikon.eu\/#website"},"primaryImageOfPage":{"@id":"https:\/\/evergetikon.eu\/product\/baardolie-sandalwood-evergetikon\/#primaryimage"},"image":{"@id":"https:\/\/evergetikon.eu\/product\/baardolie-sandalwood-evergetikon\/#primaryimage"},"thumbnailUrl":"https:\/\/evergetikon.eu\/wp-content\/uploads\/2024\/06\/baardolie-sandalwood-evergetikon.jpg","datePublished":"2022-09-18T19:56:01+00:00","dateModified":"2026-04-11T09:51:22+00:00","breadcrumb":{"@id":"https:\/\/evergetikon.eu\/product\/baardolie-sandalwood-evergetikon\/#breadcrumb"},"inLanguage":"es","potentialAction":[{"@type":"ReadAction","target":["https:\/\/evergetikon.eu\/product\/baardolie-sandalwood-evergetikon\/"]}]},{"@type":"ImageObject","inLanguage":"es","@id":"https:\/\/evergetikon.eu\/product\/baardolie-sandalwood-evergetikon\/#primaryimage","url":"https:\/\/evergetikon.eu\/wp-content\/uploads\/2024\/06\/baardolie-sandalwood-evergetikon.jpg","contentUrl":"https:\/\/evergetikon.eu\/wp-content\/uploads\/2024\/06\/baardolie-sandalwood-evergetikon.jpg","width":1024,"height":861,"caption":"baardolie sandalwood evergetikon"},{"@type":"BreadcrumbList","@id":"https:\/\/evergetikon.eu\/product\/baardolie-sandalwood-evergetikon\/#breadcrumb","itemListElement":[{"@type":"ListItem","position":1,"name":"Home","item":"https:\/\/evergetikon.eu\/"},{"@type":"ListItem","position":2,"name":"Shop","item":"https:\/\/evergetikon.eu\/shop\/"},{"@type":"ListItem","position":3,"name":"Baardolie sandalwood"}]},{"@type":"WebSite","@id":"https:\/\/evergetikon.eu\/#website","url":"https:\/\/evergetikon.eu\/","name":"evergetikon","description":"","publisher":{"@id":"https:\/\/evergetikon.eu\/#organization"},"potentialAction":[{"@type":"SearchAction","target":{"@type":"EntryPoint","urlTemplate":"https:\/\/evergetikon.eu\/?s={search_term_string}"},"query-input":{"@type":"PropertyValueSpecification","valueRequired":true,"valueName":"search_term_string"}}],"inLanguage":"es"},{"@type":"Organization","@id":"https:\/\/evergetikon.eu\/#organization","name":"evergetikon","url":"https:\/\/evergetikon.eu\/","logo":{"@type":"ImageObject","inLanguage":"es","@id":"https:\/\/evergetikon.eu\/#\/schema\/logo\/image\/","url":"https:\/\/evergetikon.eu\/wp-content\/uploads\/2025\/06\/Evergetikon-non-of.svg","contentUrl":"https:\/\/evergetikon.eu\/wp-content\/uploads\/2025\/06\/Evergetikon-non-of.svg","width":229,"height":70,"caption":"evergetikon"},"image":{"@id":"https:\/\/evergetikon.eu\/#\/schema\/logo\/image\/"}}]}},"_links":{"self":[{"href":"https:\/\/evergetikon.eu\/es\/wp-json\/wp\/v2\/product\/303","targetHints":{"allow":["GET"]}}],"collection":[{"href":"https:\/\/evergetikon.eu\/es\/wp-json\/wp\/v2\/product"}],"about":[{"href":"https:\/\/evergetikon.eu\/es\/wp-json\/wp\/v2\/types\/product"}],"replies":[{"embeddable":true,"href":"https:\/\/evergetikon.eu\/es\/wp-json\/wp\/v2\/comments?post=303"}],"version-history":[{"count":0,"href":"https:\/\/evergetikon.eu\/es\/wp-json\/wp\/v2\/product\/303\/revisions"}],"wp:featuredmedia":[{"embeddable":true,"href":"https:\/\/evergetikon.eu\/es\/wp-json\/wp\/v2\/media\/302"}],"wp:attachment":[{"href":"https:\/\/evergetikon.eu\/es\/wp-json\/wp\/v2\/media?parent=303"}],"wp:term":[{"taxonomy":"product_brand","embeddable":true,"href":"https:\/\/evergetikon.eu\/es\/wp-json\/wp\/v2\/product_brand?post=303"},{"taxonomy":"product_cat","embeddable":true,"href":"https:\/\/evergetikon.eu\/es\/wp-json\/wp\/v2\/product_cat?post=303"},{"taxonomy":"product_tag","embeddable":true,"href":"https:\/\/evergetikon.eu\/es\/wp-json\/wp\/v2\/product_tag?post=303"}],"curies":[{"name":"wp","href":"https:\/\/api.w.org\/{rel}","templated":true}]}}