{"id":267,"date":"2022-09-27T18:06:36","date_gmt":"2022-09-27T18:06:36","guid":{"rendered":"https:\/\/evergetikon.nl\/?product=handcreme-kreta-evergetikon"},"modified":"2025-11-04T09:51:15","modified_gmt":"2025-11-04T09:51:15","slug":"handcreme-kreta-evergetikon","status":"publish","type":"product","link":"https:\/\/evergetikon.eu\/es\/producto\/crema-de-manos-creta-evergetikon\/","title":{"rendered":"Crema de manos Creta - Evergetikon"},"content":{"rendered":"<p>El eucalipto relaja oxigenando nuestro cerebro, lo que nos facilita conciliar el sue\u00f1o y dormir. Si padece sinusitis o congesti\u00f3n nasal, aplique este ung\u00fcento muy suavemente en el hueco por encima de la clav\u00edcula. Apl\u00edquelo en los ganglios linf\u00e1ticos del cuello, detr\u00e1s de las orejas, en la nariz.<\/p>\n<p>Medida preventiva si estamos af\u00f3nicos por los acondicionadores o por hablar mucho.<\/p>\n<p><strong>Uso:<\/strong>\u00a0\u00a0Aplicar en los ganglios linf\u00e1ticos detr\u00e1s de las orejas, cuello, pecho, plantas de los pies. Apto para toda la familia, ni\u00f1os a partir de 3 a\u00f1os.<\/p>\n<p><strong>Responsable:<\/strong>\u00a0La crema de hierbas para el resfriado contiene ingredientes que pueden causar alergias, aseg\u00farese de no ser al\u00e9rgico a ellos.<\/p>\n<p><strong>Ingredientes:<\/strong>\u00a0Aceite del fruto de Olea Europaea (oliva) Aceite de oliva virgen extra \"cretense\", cera de abejas, aceite de flor de Calendula Officinalis (cal\u00e9ndula \u03bfil), extracto de flor\/hoja\/tallo de Origanum Dictamnus, extracto de hoja de Rosmarinus Officinalis (romero), acetato de tocoferol (vitamina E ), aceite de hoja de Eucalyptus Globulus, aceite de Lavandula Angustifolia (lavanda), aceite de Mentha Piperita (menta piperita), Rosmarinus Officinalis.<\/p>","protected":false},"excerpt":{"rendered":"<p>Crema a base de plantas contra los resfriados. El eucalipto tiene propiedades expectorantes y suprime la tos irritante nocturna. El eucalipto es conocido como uno de los principales ingredientes naturales contra los resfriados. Facilita la respiraci\u00f3n y relaja, eliminando las secreciones m\u00e1s f\u00e1cilmente. Puede aliviar el dolor de garganta porque el eucalipto tiene propiedades analg\u00e9sicas. La lavanda de la crema de hierbas es calmante y ayuda a conciliar el sue\u00f1o. La lavanda tiene propiedades antiinflamatorias y antibacterianas.<\/p>","protected":false},"featured_media":266,"comment_status":"open","ping_status":"closed","template":"","meta":[],"product_brand":[],"product_cat":[87,31,26],"product_tag":[],"class_list":{"0":"post-267","1":"product","2":"type-product","3":"status-publish","4":"has-post-thumbnail","6":"product_cat-natuurlijke-handcreme","7":"product_cat-handen-voeten","8":"product_cat-lichaamsverzorging","10":"first","11":"instock","12":"taxable","13":"shipping-taxable","14":"purchasable","15":"product-type-simple"},"yoast_head":"<!-- This site is optimized with the Yoast SEO plugin v27.4 - https:\/\/yoast.com\/product\/yoast-seo-wordpress\/ -->\n<title>Handcreme Kreta - Evergetikon - evergetikon<\/title>\n<meta name=\"robots\" content=\"index, follow, max-snippet:-1, max-image-preview:large, max-video-preview:-1\" \/>\n<link rel=\"canonical\" href=\"https:\/\/evergetikon.eu\/es\/producto\/crema-de-manos-creta-evergetikon\/\" \/>\n<meta property=\"og:locale\" content=\"es_ES\" \/>\n<meta property=\"og:type\" content=\"article\" \/>\n<meta property=\"og:title\" content=\"Handcreme Kreta - Evergetikon - evergetikon\" \/>\n<meta property=\"og:description\" content=\"Kruidencr\u00e8me tegen verkoudheid.\u00a0Eucalyptus heeft slijmoplossend vermogen en onderdrukt &#039;s nachts een irriterende hoest.\u00a0Eucalyptus staat bekend als een van de belangrijkste natuurlijke ingredi\u00ebnten tegen verkoudheid.\u00a0Vergemakkelijkt de ademhaling en ontspant, verwijdert secreties gemakkelijker.\u00a0Het kan keelpijn helpen omdat eucalyptus pijnstillende eigenschappen heeft.\u00a0De lavendel in de kruidencr\u00e8me werkt verzachtend en helpt je in slaap te vallen.\u00a0Lavendel heeft ontstekingsremmende en antibacteri\u00eble eigenschappen.\" \/>\n<meta property=\"og:url\" content=\"https:\/\/evergetikon.eu\/es\/producto\/crema-de-manos-creta-evergetikon\/\" \/>\n<meta property=\"og:site_name\" content=\"evergetikon\" \/>\n<meta property=\"article:modified_time\" content=\"2025-11-04T09:51:15+00:00\" \/>\n<meta property=\"og:image\" content=\"https:\/\/evergetikon.eu\/wp-content\/uploads\/2024\/06\/handcreme-kreta-1.jpg\" \/>\n\t<meta property=\"og:image:width\" content=\"800\" \/>\n\t<meta property=\"og:image:height\" content=\"800\" \/>\n\t<meta property=\"og:image:type\" content=\"image\/jpeg\" \/>\n<meta name=\"twitter:card\" content=\"summary_large_image\" \/>\n<meta name=\"twitter:label1\" content=\"Tiempo de lectura\" \/>\n\t<meta name=\"twitter:data1\" content=\"1 minuto\" \/>\n<script type=\"application\/ld+json\" class=\"yoast-schema-graph\">{\"@context\":\"https:\\\/\\\/schema.org\",\"@graph\":[{\"@type\":\"WebPage\",\"@id\":\"https:\\\/\\\/evergetikon.eu\\\/product\\\/handcreme-kreta-evergetikon\\\/\",\"url\":\"https:\\\/\\\/evergetikon.eu\\\/product\\\/handcreme-kreta-evergetikon\\\/\",\"name\":\"Handcreme Kreta - Evergetikon - evergetikon\",\"isPartOf\":{\"@id\":\"https:\\\/\\\/evergetikon.eu\\\/#website\"},\"primaryImageOfPage\":{\"@id\":\"https:\\\/\\\/evergetikon.eu\\\/product\\\/handcreme-kreta-evergetikon\\\/#primaryimage\"},\"image\":{\"@id\":\"https:\\\/\\\/evergetikon.eu\\\/product\\\/handcreme-kreta-evergetikon\\\/#primaryimage\"},\"thumbnailUrl\":\"https:\\\/\\\/exomh4ku2ih.exactdn.com\\\/wp-content\\\/uploads\\\/2024\\\/06\\\/handcreme-kreta-1.jpg?strip=all\",\"datePublished\":\"2022-09-27T18:06:36+00:00\",\"dateModified\":\"2025-11-04T09:51:15+00:00\",\"breadcrumb\":{\"@id\":\"https:\\\/\\\/evergetikon.eu\\\/product\\\/handcreme-kreta-evergetikon\\\/#breadcrumb\"},\"inLanguage\":\"es\",\"potentialAction\":[{\"@type\":\"ReadAction\",\"target\":[\"https:\\\/\\\/evergetikon.eu\\\/product\\\/handcreme-kreta-evergetikon\\\/\"]}]},{\"@type\":\"ImageObject\",\"inLanguage\":\"es\",\"@id\":\"https:\\\/\\\/evergetikon.eu\\\/product\\\/handcreme-kreta-evergetikon\\\/#primaryimage\",\"url\":\"https:\\\/\\\/exomh4ku2ih.exactdn.com\\\/wp-content\\\/uploads\\\/2024\\\/06\\\/handcreme-kreta-1.jpg?strip=all\",\"contentUrl\":\"https:\\\/\\\/exomh4ku2ih.exactdn.com\\\/wp-content\\\/uploads\\\/2024\\\/06\\\/handcreme-kreta-1.jpg?strip=all\",\"width\":800,\"height\":800,\"caption\":\"handcreme kreta\"},{\"@type\":\"BreadcrumbList\",\"@id\":\"https:\\\/\\\/evergetikon.eu\\\/product\\\/handcreme-kreta-evergetikon\\\/#breadcrumb\",\"itemListElement\":[{\"@type\":\"ListItem\",\"position\":1,\"name\":\"Home\",\"item\":\"https:\\\/\\\/evergetikon.eu\\\/\"},{\"@type\":\"ListItem\",\"position\":2,\"name\":\"Shop\",\"item\":\"https:\\\/\\\/evergetikon.eu\\\/shop\\\/\"},{\"@type\":\"ListItem\",\"position\":3,\"name\":\"Handcreme Kreta &#8211; Evergetikon\"}]},{\"@type\":\"WebSite\",\"@id\":\"https:\\\/\\\/evergetikon.eu\\\/#website\",\"url\":\"https:\\\/\\\/evergetikon.eu\\\/\",\"name\":\"evergetikon\",\"description\":\"\",\"publisher\":{\"@id\":\"https:\\\/\\\/evergetikon.eu\\\/#organization\"},\"potentialAction\":[{\"@type\":\"SearchAction\",\"target\":{\"@type\":\"EntryPoint\",\"urlTemplate\":\"https:\\\/\\\/evergetikon.eu\\\/?s={search_term_string}\"},\"query-input\":{\"@type\":\"PropertyValueSpecification\",\"valueRequired\":true,\"valueName\":\"search_term_string\"}}],\"inLanguage\":\"es\"},{\"@type\":\"Organization\",\"@id\":\"https:\\\/\\\/evergetikon.eu\\\/#organization\",\"name\":\"evergetikon\",\"url\":\"https:\\\/\\\/evergetikon.eu\\\/\",\"logo\":{\"@type\":\"ImageObject\",\"inLanguage\":\"es\",\"@id\":\"https:\\\/\\\/evergetikon.eu\\\/#\\\/schema\\\/logo\\\/image\\\/\",\"url\":\"https:\\\/\\\/exomh4ku2ih.exactdn.com\\\/wp-content\\\/uploads\\\/2025\\\/06\\\/Evergetikon-non-of.svg\",\"contentUrl\":\"https:\\\/\\\/exomh4ku2ih.exactdn.com\\\/wp-content\\\/uploads\\\/2025\\\/06\\\/Evergetikon-non-of.svg\",\"width\":229,\"height\":70,\"caption\":\"evergetikon\"},\"image\":{\"@id\":\"https:\\\/\\\/evergetikon.eu\\\/#\\\/schema\\\/logo\\\/image\\\/\"}}]}<\/script>\n<!-- \/ Yoast SEO plugin. -->","yoast_head_json":{"title":"Crema de manos Creta - Evergetikon","robots":{"index":"index","follow":"follow","max-snippet":"max-snippet:-1","max-image-preview":"max-image-preview:large","max-video-preview":"max-video-preview:-1"},"canonical":"https:\/\/evergetikon.eu\/es\/producto\/crema-de-manos-creta-evergetikon\/","og_locale":"es_ES","og_type":"article","og_title":"Handcreme Kreta - Evergetikon - evergetikon","og_description":"Kruidencr\u00e8me tegen verkoudheid.\u00a0Eucalyptus heeft slijmoplossend vermogen en onderdrukt 's nachts een irriterende hoest.\u00a0Eucalyptus staat bekend als een van de belangrijkste natuurlijke ingredi\u00ebnten tegen verkoudheid.\u00a0Vergemakkelijkt de ademhaling en ontspant, verwijdert secreties gemakkelijker.\u00a0Het kan keelpijn helpen omdat eucalyptus pijnstillende eigenschappen heeft.\u00a0De lavendel in de kruidencr\u00e8me werkt verzachtend en helpt je in slaap te vallen.\u00a0Lavendel heeft ontstekingsremmende en antibacteri\u00eble eigenschappen.","og_url":"https:\/\/evergetikon.eu\/es\/producto\/crema-de-manos-creta-evergetikon\/","og_site_name":"evergetikon","article_modified_time":"2025-11-04T09:51:15+00:00","og_image":[{"width":800,"height":800,"url":"https:\/\/evergetikon.eu\/wp-content\/uploads\/2024\/06\/handcreme-kreta-1.jpg","type":"image\/jpeg"}],"twitter_card":"summary_large_image","twitter_misc":{"Tiempo de lectura":"1 minuto"},"schema":{"@context":"https:\/\/schema.org","@graph":[{"@type":"WebPage","@id":"https:\/\/evergetikon.eu\/product\/handcreme-kreta-evergetikon\/","url":"https:\/\/evergetikon.eu\/product\/handcreme-kreta-evergetikon\/","name":"Crema de manos Creta - Evergetikon","isPartOf":{"@id":"https:\/\/evergetikon.eu\/#website"},"primaryImageOfPage":{"@id":"https:\/\/evergetikon.eu\/product\/handcreme-kreta-evergetikon\/#primaryimage"},"image":{"@id":"https:\/\/evergetikon.eu\/product\/handcreme-kreta-evergetikon\/#primaryimage"},"thumbnailUrl":"https:\/\/exomh4ku2ih.exactdn.com\/wp-content\/uploads\/2024\/06\/handcreme-kreta-1.jpg?strip=all","datePublished":"2022-09-27T18:06:36+00:00","dateModified":"2025-11-04T09:51:15+00:00","breadcrumb":{"@id":"https:\/\/evergetikon.eu\/product\/handcreme-kreta-evergetikon\/#breadcrumb"},"inLanguage":"es","potentialAction":[{"@type":"ReadAction","target":["https:\/\/evergetikon.eu\/product\/handcreme-kreta-evergetikon\/"]}]},{"@type":"ImageObject","inLanguage":"es","@id":"https:\/\/evergetikon.eu\/product\/handcreme-kreta-evergetikon\/#primaryimage","url":"https:\/\/exomh4ku2ih.exactdn.com\/wp-content\/uploads\/2024\/06\/handcreme-kreta-1.jpg?strip=all","contentUrl":"https:\/\/exomh4ku2ih.exactdn.com\/wp-content\/uploads\/2024\/06\/handcreme-kreta-1.jpg?strip=all","width":800,"height":800,"caption":"handcreme kreta"},{"@type":"BreadcrumbList","@id":"https:\/\/evergetikon.eu\/product\/handcreme-kreta-evergetikon\/#breadcrumb","itemListElement":[{"@type":"ListItem","position":1,"name":"Home","item":"https:\/\/evergetikon.eu\/"},{"@type":"ListItem","position":2,"name":"Shop","item":"https:\/\/evergetikon.eu\/shop\/"},{"@type":"ListItem","position":3,"name":"Handcreme Kreta &#8211; Evergetikon"}]},{"@type":"WebSite","@id":"https:\/\/evergetikon.eu\/#website","url":"https:\/\/evergetikon.eu\/","name":"evergetikon","description":"","publisher":{"@id":"https:\/\/evergetikon.eu\/#organization"},"potentialAction":[{"@type":"SearchAction","target":{"@type":"EntryPoint","urlTemplate":"https:\/\/evergetikon.eu\/?s={search_term_string}"},"query-input":{"@type":"PropertyValueSpecification","valueRequired":true,"valueName":"search_term_string"}}],"inLanguage":"es"},{"@type":"Organization","@id":"https:\/\/evergetikon.eu\/#organization","name":"evergetikon","url":"https:\/\/evergetikon.eu\/","logo":{"@type":"ImageObject","inLanguage":"es","@id":"https:\/\/evergetikon.eu\/#\/schema\/logo\/image\/","url":"https:\/\/exomh4ku2ih.exactdn.com\/wp-content\/uploads\/2025\/06\/Evergetikon-non-of.svg","contentUrl":"https:\/\/exomh4ku2ih.exactdn.com\/wp-content\/uploads\/2025\/06\/Evergetikon-non-of.svg","width":229,"height":70,"caption":"evergetikon"},"image":{"@id":"https:\/\/evergetikon.eu\/#\/schema\/logo\/image\/"}}]}},"_links":{"self":[{"href":"https:\/\/evergetikon.eu\/es\/wp-json\/wp\/v2\/product\/267","targetHints":{"allow":["GET"]}}],"collection":[{"href":"https:\/\/evergetikon.eu\/es\/wp-json\/wp\/v2\/product"}],"about":[{"href":"https:\/\/evergetikon.eu\/es\/wp-json\/wp\/v2\/types\/product"}],"replies":[{"embeddable":true,"href":"https:\/\/evergetikon.eu\/es\/wp-json\/wp\/v2\/comments?post=267"}],"version-history":[{"count":0,"href":"https:\/\/evergetikon.eu\/es\/wp-json\/wp\/v2\/product\/267\/revisions"}],"wp:featuredmedia":[{"embeddable":true,"href":"https:\/\/evergetikon.eu\/es\/wp-json\/wp\/v2\/media\/266"}],"wp:attachment":[{"href":"https:\/\/evergetikon.eu\/es\/wp-json\/wp\/v2\/media?parent=267"}],"wp:term":[{"taxonomy":"product_brand","embeddable":true,"href":"https:\/\/evergetikon.eu\/es\/wp-json\/wp\/v2\/product_brand?post=267"},{"taxonomy":"product_cat","embeddable":true,"href":"https:\/\/evergetikon.eu\/es\/wp-json\/wp\/v2\/product_cat?post=267"},{"taxonomy":"product_tag","embeddable":true,"href":"https:\/\/evergetikon.eu\/es\/wp-json\/wp\/v2\/product_tag?post=267"}],"curies":[{"name":"wp","href":"https:\/\/api.w.org\/{rel}","templated":true}]}}