{"id":258,"date":"2022-09-27T20:06:36","date_gmt":"2022-09-27T20:06:36","guid":{"rendered":"https:\/\/evergetikon.nl\/?product=lichaamsscrub-evergetikon"},"modified":"2026-04-08T09:53:38","modified_gmt":"2026-04-08T09:53:38","slug":"lichaamsscrub-evergetikon","status":"publish","type":"product","link":"https:\/\/evergetikon.eu\/es\/producto\/exfoliante-corporal-evergetikon\/","title":{"rendered":"Exfoliante corporal - Evergetikon"},"content":{"rendered":"<p>Mime su piel con nuestro lujoso exfoliante corporal con sal de Epsom. La combinaci\u00f3n de part\u00edculas exfoliantes y sulfato de magnesio calmante proporciona una limpieza profunda y reduce el dolor muscular, al tiempo que deja la piel hidratada, suave y radiante.<\/p>\n<p><strong>Modo de empleo:<\/strong>\u00a0Aplicar una peque\u00f1a cantidad en las manos, en la piel de todo el cuerpo y masajear suavemente con movimientos circulares. Aclarar suavemente con agua tibia.<\/p>","protected":false},"excerpt":{"rendered":"<p>Disfrute de una piel refinada con nuestro lujoso exfoliante corporal. Al eliminar las c\u00e9lulas muertas, la piel recupera su brillo natural y se siente suave como la seda. Ya sea prepar\u00e1ndose para un autobronceado o mejorando la circulaci\u00f3n sangu\u00ednea, el exfoliante corporal Evergetikon garantiza un aspecto radiante y saludable.<\/p>","protected":false},"featured_media":100000012690,"comment_status":"open","ping_status":"closed","template":"","meta":[],"product_brand":[],"product_cat":[26],"product_tag":[],"class_list":{"0":"post-258","1":"product","2":"type-product","3":"status-publish","4":"has-post-thumbnail","6":"product_cat-lichaamsverzorging","8":"first","9":"instock","10":"taxable","11":"shipping-taxable","12":"purchasable","13":"product-type-simple"},"yoast_head":"<!-- This site is optimized with the Yoast SEO plugin v27.4 - https:\/\/yoast.com\/product\/yoast-seo-wordpress\/ -->\n<title>Lichaamsscrub - Evergetikon - evergetikon<\/title>\n<meta name=\"robots\" content=\"index, follow, max-snippet:-1, max-image-preview:large, max-video-preview:-1\" \/>\n<link rel=\"canonical\" href=\"https:\/\/evergetikon.eu\/es\/producto\/exfoliante-corporal-evergetikon\/\" \/>\n<meta property=\"og:locale\" content=\"es_ES\" \/>\n<meta property=\"og:type\" content=\"article\" \/>\n<meta property=\"og:title\" content=\"Lichaamsscrub - Evergetikon - evergetikon\" \/>\n<meta property=\"og:description\" content=\"Geniet van een verfijnde huid met onze luxueuze body scrub. Door de dode huidcellen te verwijderen, krijgt de huid haar natuurlijke glans terug en voelt zij zijdezacht aan. Of het nu gaat om het voorbereiden van een zelfbruining of het verbeteren van de bloedcirculatie, de Evergetikon body scrub zorgt voor een stralende en gezonde uitstraling.\" \/>\n<meta property=\"og:url\" content=\"https:\/\/evergetikon.eu\/es\/producto\/exfoliante-corporal-evergetikon\/\" \/>\n<meta property=\"og:site_name\" content=\"evergetikon\" \/>\n<meta property=\"article:modified_time\" content=\"2026-04-08T09:53:38+00:00\" \/>\n<meta name=\"twitter:card\" content=\"summary_large_image\" \/>\n<script type=\"application\/ld+json\" class=\"yoast-schema-graph\">{\"@context\":\"https:\\\/\\\/schema.org\",\"@graph\":[{\"@type\":\"WebPage\",\"@id\":\"https:\\\/\\\/evergetikon.eu\\\/product\\\/lichaamsscrub-evergetikon\\\/\",\"url\":\"https:\\\/\\\/evergetikon.eu\\\/product\\\/lichaamsscrub-evergetikon\\\/\",\"name\":\"Lichaamsscrub - Evergetikon - evergetikon\",\"isPartOf\":{\"@id\":\"https:\\\/\\\/evergetikon.eu\\\/#website\"},\"primaryImageOfPage\":{\"@id\":\"https:\\\/\\\/evergetikon.eu\\\/product\\\/lichaamsscrub-evergetikon\\\/#primaryimage\"},\"image\":{\"@id\":\"https:\\\/\\\/evergetikon.eu\\\/product\\\/lichaamsscrub-evergetikon\\\/#primaryimage\"},\"thumbnailUrl\":\"https:\\\/\\\/purehealthstore.nl\\\/wp-content\\\/uploads\\\/2022\\\/09\\\/lichaamsscrub-evergetikon.jpg\",\"datePublished\":\"2022-09-27T20:06:36+00:00\",\"dateModified\":\"2026-04-08T09:53:38+00:00\",\"breadcrumb\":{\"@id\":\"https:\\\/\\\/evergetikon.eu\\\/product\\\/lichaamsscrub-evergetikon\\\/#breadcrumb\"},\"inLanguage\":\"es\",\"potentialAction\":[{\"@type\":\"ReadAction\",\"target\":[\"https:\\\/\\\/evergetikon.eu\\\/product\\\/lichaamsscrub-evergetikon\\\/\"]}]},{\"@type\":\"ImageObject\",\"inLanguage\":\"es\",\"@id\":\"https:\\\/\\\/evergetikon.eu\\\/product\\\/lichaamsscrub-evergetikon\\\/#primaryimage\",\"url\":\"https:\\\/\\\/purehealthstore.nl\\\/wp-content\\\/uploads\\\/2022\\\/09\\\/lichaamsscrub-evergetikon.jpg\",\"contentUrl\":\"https:\\\/\\\/purehealthstore.nl\\\/wp-content\\\/uploads\\\/2022\\\/09\\\/lichaamsscrub-evergetikon.jpg\"},{\"@type\":\"BreadcrumbList\",\"@id\":\"https:\\\/\\\/evergetikon.eu\\\/product\\\/lichaamsscrub-evergetikon\\\/#breadcrumb\",\"itemListElement\":[{\"@type\":\"ListItem\",\"position\":1,\"name\":\"Home\",\"item\":\"https:\\\/\\\/evergetikon.eu\\\/\"},{\"@type\":\"ListItem\",\"position\":2,\"name\":\"Shop\",\"item\":\"https:\\\/\\\/evergetikon.eu\\\/shop\\\/\"},{\"@type\":\"ListItem\",\"position\":3,\"name\":\"Lichaamsscrub &#8211; Evergetikon\"}]},{\"@type\":\"WebSite\",\"@id\":\"https:\\\/\\\/evergetikon.eu\\\/#website\",\"url\":\"https:\\\/\\\/evergetikon.eu\\\/\",\"name\":\"evergetikon\",\"description\":\"\",\"publisher\":{\"@id\":\"https:\\\/\\\/evergetikon.eu\\\/#organization\"},\"potentialAction\":[{\"@type\":\"SearchAction\",\"target\":{\"@type\":\"EntryPoint\",\"urlTemplate\":\"https:\\\/\\\/evergetikon.eu\\\/?s={search_term_string}\"},\"query-input\":{\"@type\":\"PropertyValueSpecification\",\"valueRequired\":true,\"valueName\":\"search_term_string\"}}],\"inLanguage\":\"es\"},{\"@type\":\"Organization\",\"@id\":\"https:\\\/\\\/evergetikon.eu\\\/#organization\",\"name\":\"evergetikon\",\"url\":\"https:\\\/\\\/evergetikon.eu\\\/\",\"logo\":{\"@type\":\"ImageObject\",\"inLanguage\":\"es\",\"@id\":\"https:\\\/\\\/evergetikon.eu\\\/#\\\/schema\\\/logo\\\/image\\\/\",\"url\":\"https:\\\/\\\/exomh4ku2ih.exactdn.com\\\/wp-content\\\/uploads\\\/2025\\\/06\\\/Evergetikon-non-of.svg\",\"contentUrl\":\"https:\\\/\\\/exomh4ku2ih.exactdn.com\\\/wp-content\\\/uploads\\\/2025\\\/06\\\/Evergetikon-non-of.svg\",\"width\":229,\"height\":70,\"caption\":\"evergetikon\"},\"image\":{\"@id\":\"https:\\\/\\\/evergetikon.eu\\\/#\\\/schema\\\/logo\\\/image\\\/\"}}]}<\/script>\n<!-- \/ Yoast SEO plugin. -->","yoast_head_json":{"title":"Exfoliante corporal - evergetikon","robots":{"index":"index","follow":"follow","max-snippet":"max-snippet:-1","max-image-preview":"max-image-preview:large","max-video-preview":"max-video-preview:-1"},"canonical":"https:\/\/evergetikon.eu\/es\/producto\/exfoliante-corporal-evergetikon\/","og_locale":"es_ES","og_type":"article","og_title":"Lichaamsscrub - Evergetikon - evergetikon","og_description":"Geniet van een verfijnde huid met onze luxueuze body scrub. Door de dode huidcellen te verwijderen, krijgt de huid haar natuurlijke glans terug en voelt zij zijdezacht aan. Of het nu gaat om het voorbereiden van een zelfbruining of het verbeteren van de bloedcirculatie, de Evergetikon body scrub zorgt voor een stralende en gezonde uitstraling.","og_url":"https:\/\/evergetikon.eu\/es\/producto\/exfoliante-corporal-evergetikon\/","og_site_name":"evergetikon","article_modified_time":"2026-04-08T09:53:38+00:00","twitter_card":"summary_large_image","schema":{"@context":"https:\/\/schema.org","@graph":[{"@type":"WebPage","@id":"https:\/\/evergetikon.eu\/product\/lichaamsscrub-evergetikon\/","url":"https:\/\/evergetikon.eu\/product\/lichaamsscrub-evergetikon\/","name":"Exfoliante corporal - evergetikon","isPartOf":{"@id":"https:\/\/evergetikon.eu\/#website"},"primaryImageOfPage":{"@id":"https:\/\/evergetikon.eu\/product\/lichaamsscrub-evergetikon\/#primaryimage"},"image":{"@id":"https:\/\/evergetikon.eu\/product\/lichaamsscrub-evergetikon\/#primaryimage"},"thumbnailUrl":"https:\/\/purehealthstore.nl\/wp-content\/uploads\/2022\/09\/lichaamsscrub-evergetikon.jpg","datePublished":"2022-09-27T20:06:36+00:00","dateModified":"2026-04-08T09:53:38+00:00","breadcrumb":{"@id":"https:\/\/evergetikon.eu\/product\/lichaamsscrub-evergetikon\/#breadcrumb"},"inLanguage":"es","potentialAction":[{"@type":"ReadAction","target":["https:\/\/evergetikon.eu\/product\/lichaamsscrub-evergetikon\/"]}]},{"@type":"ImageObject","inLanguage":"es","@id":"https:\/\/evergetikon.eu\/product\/lichaamsscrub-evergetikon\/#primaryimage","url":"https:\/\/purehealthstore.nl\/wp-content\/uploads\/2022\/09\/lichaamsscrub-evergetikon.jpg","contentUrl":"https:\/\/purehealthstore.nl\/wp-content\/uploads\/2022\/09\/lichaamsscrub-evergetikon.jpg"},{"@type":"BreadcrumbList","@id":"https:\/\/evergetikon.eu\/product\/lichaamsscrub-evergetikon\/#breadcrumb","itemListElement":[{"@type":"ListItem","position":1,"name":"Home","item":"https:\/\/evergetikon.eu\/"},{"@type":"ListItem","position":2,"name":"Shop","item":"https:\/\/evergetikon.eu\/shop\/"},{"@type":"ListItem","position":3,"name":"Lichaamsscrub &#8211; Evergetikon"}]},{"@type":"WebSite","@id":"https:\/\/evergetikon.eu\/#website","url":"https:\/\/evergetikon.eu\/","name":"evergetikon","description":"","publisher":{"@id":"https:\/\/evergetikon.eu\/#organization"},"potentialAction":[{"@type":"SearchAction","target":{"@type":"EntryPoint","urlTemplate":"https:\/\/evergetikon.eu\/?s={search_term_string}"},"query-input":{"@type":"PropertyValueSpecification","valueRequired":true,"valueName":"search_term_string"}}],"inLanguage":"es"},{"@type":"Organization","@id":"https:\/\/evergetikon.eu\/#organization","name":"evergetikon","url":"https:\/\/evergetikon.eu\/","logo":{"@type":"ImageObject","inLanguage":"es","@id":"https:\/\/evergetikon.eu\/#\/schema\/logo\/image\/","url":"https:\/\/exomh4ku2ih.exactdn.com\/wp-content\/uploads\/2025\/06\/Evergetikon-non-of.svg","contentUrl":"https:\/\/exomh4ku2ih.exactdn.com\/wp-content\/uploads\/2025\/06\/Evergetikon-non-of.svg","width":229,"height":70,"caption":"evergetikon"},"image":{"@id":"https:\/\/evergetikon.eu\/#\/schema\/logo\/image\/"}}]}},"_links":{"self":[{"href":"https:\/\/evergetikon.eu\/es\/wp-json\/wp\/v2\/product\/258","targetHints":{"allow":["GET"]}}],"collection":[{"href":"https:\/\/evergetikon.eu\/es\/wp-json\/wp\/v2\/product"}],"about":[{"href":"https:\/\/evergetikon.eu\/es\/wp-json\/wp\/v2\/types\/product"}],"replies":[{"embeddable":true,"href":"https:\/\/evergetikon.eu\/es\/wp-json\/wp\/v2\/comments?post=258"}],"version-history":[{"count":0,"href":"https:\/\/evergetikon.eu\/es\/wp-json\/wp\/v2\/product\/258\/revisions"}],"wp:featuredmedia":[{"embeddable":true,"href":"https:\/\/evergetikon.eu\/es\/wp-json\/"}],"wp:attachment":[{"href":"https:\/\/evergetikon.eu\/es\/wp-json\/wp\/v2\/media?parent=258"}],"wp:term":[{"taxonomy":"product_brand","embeddable":true,"href":"https:\/\/evergetikon.eu\/es\/wp-json\/wp\/v2\/product_brand?post=258"},{"taxonomy":"product_cat","embeddable":true,"href":"https:\/\/evergetikon.eu\/es\/wp-json\/wp\/v2\/product_cat?post=258"},{"taxonomy":"product_tag","embeddable":true,"href":"https:\/\/evergetikon.eu\/es\/wp-json\/wp\/v2\/product_tag?post=258"}],"curies":[{"name":"wp","href":"https:\/\/api.w.org\/{rel}","templated":true}]}}