{"id":237,"date":"2022-09-27T20:29:32","date_gmt":"2022-09-27T20:29:32","guid":{"rendered":"https:\/\/evergetikon.nl\/?product=olie-anti-cellulitis-evergetikon"},"modified":"2026-02-13T04:27:13","modified_gmt":"2026-02-13T04:27:13","slug":"olie-anti-cellulitis-evergetikon","status":"publish","type":"product","link":"https:\/\/evergetikon.eu\/es\/producto\/aceite-anticelulitico-evergetikon\/","title":{"rendered":"Aceite anticelul\u00edtico - Evergetikon"},"content":{"rendered":"<h2><strong>Aceite anticelul\u00edtico - Evergetikon<\/strong><\/h2>\n<p>Descubra el poder secreto de nuestro aceite anticelul\u00edtico, especialmente dise\u00f1ado para realzar su belleza natural y combatir la celulitis. Nuestra f\u00f3rmula cuidadosamente formulada contiene aceites esenciales que no solo son eficaces, sino tambi\u00e9n un placer para los sentidos.<\/p>\n<p>El aceite de bayas de enebro, infundido con vitamina C rejuvenecedora, act\u00faa como un potente antioxidante, protegiendo su piel de los efectos da\u00f1inos de los radicales libres. Fortalece el sistema inmunitario, mejora la s\u00edntesis de col\u00e1geno y estimula los vasos sangu\u00edneos. Este preciado aceite act\u00faa como tonificante natural de la piel, reduciendo las manchas cut\u00e1neas y frenando la aparici\u00f3n de celulitis. Tambi\u00e9n favorece el drenaje saludable del agua en el sistema linf\u00e1tico, esencial para reducir la celulitis.<\/p>\n<p>El aceite esencial de pomelo, con enzimas antiinflamatorias, combate eficazmente la celulitis. El aceite de romero, con propiedades antiinflamatorias, antis\u00e9pticas y antimicrobianas, mejora la circulaci\u00f3n sangu\u00ednea y ayuda a descomponer los dep\u00f3sitos de grasa no deseados. La pimienta negra, un poderoso aliado, descompone la grasa y enriquece las buenas propiedades de nuestro aceite.<\/p>\n<p>Pero eso no es todo: nuestro aceite anticelul\u00edtico tambi\u00e9n contiene aceite esencial de cipr\u00e9s. El aceite de cipr\u00e9s tensa las c\u00e9lulas de la piel, mejora la circulaci\u00f3n y el drenaje y favorece la eliminaci\u00f3n de toxinas. Nuestra mezcla de aromaterapia est\u00e1 enriquecida con portadores de alta calidad, aceite de oliva y aceite de almendras dulces. Las aceitunas se recogen en los olivares soleados de Creta, de los que extraemos el mejor \"ACEITE VIRGEN EXTRA\". Este aceite, rico en vitamina E, es un potente antioxidante que combate el envejecimiento cut\u00e1neo, nutre e hidrata en profundidad. El aceite de almendras aporta a nuestra f\u00f3rmula propiedades nutritivas, suavizantes y calmantes de la piel.<\/p>\n<p>Utilice este aceite natural para prevenir o reducir la celulitis. Experimente el lujo de un masaje, frote suavemente las zonas problem\u00e1ticas de su cuerpo con este aceite, preferiblemente durante un masaje de drenaje linf\u00e1tico. D\u00e9jese envolver por el aroma amaderado, especiado y fresco del aceite de enebro, perfectamente combinado con el vigorizante aroma de los c\u00edtricos y la pimienta negra. Mime su piel y abrace su belleza natural con nuestro aceite anticelul\u00edtico. Es m\u00e1s que un producto, es una celebraci\u00f3n de ti misma.<\/p>\n<h3>Ingredientes<\/h3>\n<p>Aceite de Prunus Amygdalus Dulcis (almendra dulce) (aceite de almendra), extracto de hoja de Hedera Helix (hiedra), aceite de fruto de Olea Europaea (oliva) \"Cretense\" aceite de oliva virgen extra, extracto de hoja de Rosmarinus Officinalis (romero), acetato de tocoferol (vitamina E), aceite de fruto de Citrus Aurantium Bergamia (bergamota), aceite de fruto de Juniperus Communis, aceite de frutos de Piper Nigrum (pimienta negra), aceite de c\u00e1scara de Citrus Grandis (pomelo), aceite de Lavandula Angustifolia (lavanda), aceite de hojas de Cupressus sempervirens (cipr\u00e9s), aceite de c\u00e1scara de Citrus Aurantium Dulcis (naranja), aceite de Pogostemon Cablin, Rosmarinus Officinalis, aceite de c\u00e1scara de Citrus Medica Limonum (lim\u00f3n), aceite de hojas de Pinus sylvestris (pino).<\/p>","protected":false},"excerpt":{"rendered":"<p>Aceite corporal rico en sustancias anticelul\u00edticas que hidratan la piel y le aportan elasticidad. En su composici\u00f3n s\u00f3lo se utilizan aceites v\u00edrgenes naturales, especialmente ricos en sus principios activos. La composici\u00f3n del aceite se complementa con ingredientes reductores de la celulitis: aceite de bayas de enebro, pimienta negra, pomelo, bergamota, romero, lavanda, aceites esenciales de pino.<\/p>","protected":false},"featured_media":100000018644,"comment_status":"open","ping_status":"closed","template":"","meta":[],"product_brand":[],"product_cat":[27,26,28],"product_tag":[],"class_list":{"0":"post-237","1":"product","2":"type-product","3":"status-publish","4":"has-post-thumbnail","6":"product_cat-natuurlijke-huidolie","7":"product_cat-lichaamsverzorging","8":"product_cat-natuurlijke-massage-olie","10":"first","11":"instock","12":"taxable","13":"shipping-taxable","14":"purchasable","15":"product-type-simple"},"yoast_head":"<!-- This site is optimized with the Yoast SEO plugin v27.3 - https:\/\/yoast.com\/product\/yoast-seo-wordpress\/ -->\n<title>Anti cellulitis olie - Evergetikon - evergetikon<\/title>\n<meta name=\"robots\" content=\"index, follow, max-snippet:-1, max-image-preview:large, max-video-preview:-1\" \/>\n<link rel=\"canonical\" href=\"https:\/\/evergetikon.eu\/es\/producto\/aceite-anticelulitico-evergetikon\/\" \/>\n<meta property=\"og:locale\" content=\"es_ES\" \/>\n<meta property=\"og:type\" content=\"article\" \/>\n<meta property=\"og:title\" content=\"Anti cellulitis olie - Evergetikon - evergetikon\" \/>\n<meta property=\"og:description\" content=\"Een lichaamsolie die rijk is aan anti-cellulitisstoffen die de huid hydrateren en elasticiteit geven. In de samenstelling worden alleen natuurlijke oli\u00ebn van de eerste persing gebruikt, die bijzonder rijk zijn aan hun werkzame stoffen.\u00a0De samenstelling van de olie wordt aangevuld met cellulitisverminderende ingredi\u00ebnten: jeneverbessenolie, zwarte peper, grapefruit, bergamot, rozemarijn, lavendel, essenti\u00eble oli\u00ebn van dennen.\" \/>\n<meta property=\"og:url\" content=\"https:\/\/evergetikon.eu\/es\/producto\/aceite-anticelulitico-evergetikon\/\" \/>\n<meta property=\"og:site_name\" content=\"evergetikon\" \/>\n<meta property=\"article:modified_time\" content=\"2026-02-13T04:27:13+00:00\" \/>\n<meta property=\"og:image\" content=\"https:\/\/evergetikon.eu\/wp-content\/uploads\/2025\/06\/anti-cellulitus-olie-evergetikon.png\" \/>\n\t<meta property=\"og:image:width\" content=\"1024\" \/>\n\t<meta property=\"og:image:height\" content=\"861\" \/>\n\t<meta property=\"og:image:type\" content=\"image\/png\" \/>\n<meta name=\"twitter:card\" content=\"summary_large_image\" \/>\n<meta name=\"twitter:label1\" content=\"Tiempo de lectura\" \/>\n\t<meta name=\"twitter:data1\" content=\"2 minutos\" \/>\n<script type=\"application\/ld+json\" class=\"yoast-schema-graph\">{\"@context\":\"https:\\\/\\\/schema.org\",\"@graph\":[{\"@type\":\"WebPage\",\"@id\":\"https:\\\/\\\/evergetikon.eu\\\/product\\\/olie-anti-cellulitis-evergetikon\\\/\",\"url\":\"https:\\\/\\\/evergetikon.eu\\\/product\\\/olie-anti-cellulitis-evergetikon\\\/\",\"name\":\"Anti cellulitis olie - Evergetikon - evergetikon\",\"isPartOf\":{\"@id\":\"https:\\\/\\\/evergetikon.eu\\\/#website\"},\"primaryImageOfPage\":{\"@id\":\"https:\\\/\\\/evergetikon.eu\\\/product\\\/olie-anti-cellulitis-evergetikon\\\/#primaryimage\"},\"image\":{\"@id\":\"https:\\\/\\\/evergetikon.eu\\\/product\\\/olie-anti-cellulitis-evergetikon\\\/#primaryimage\"},\"thumbnailUrl\":\"https:\\\/\\\/purehealthstore.nl\\\/wp-content\\\/uploads\\\/2022\\\/09\\\/anti-cellulitus-olie-evergetikon.png\",\"datePublished\":\"2022-09-27T20:29:32+00:00\",\"dateModified\":\"2026-02-13T04:27:13+00:00\",\"breadcrumb\":{\"@id\":\"https:\\\/\\\/evergetikon.eu\\\/product\\\/olie-anti-cellulitis-evergetikon\\\/#breadcrumb\"},\"inLanguage\":\"es\",\"potentialAction\":[{\"@type\":\"ReadAction\",\"target\":[\"https:\\\/\\\/evergetikon.eu\\\/product\\\/olie-anti-cellulitis-evergetikon\\\/\"]}]},{\"@type\":\"ImageObject\",\"inLanguage\":\"es\",\"@id\":\"https:\\\/\\\/evergetikon.eu\\\/product\\\/olie-anti-cellulitis-evergetikon\\\/#primaryimage\",\"url\":\"https:\\\/\\\/purehealthstore.nl\\\/wp-content\\\/uploads\\\/2022\\\/09\\\/anti-cellulitus-olie-evergetikon.png\",\"contentUrl\":\"https:\\\/\\\/purehealthstore.nl\\\/wp-content\\\/uploads\\\/2022\\\/09\\\/anti-cellulitus-olie-evergetikon.png\"},{\"@type\":\"BreadcrumbList\",\"@id\":\"https:\\\/\\\/evergetikon.eu\\\/product\\\/olie-anti-cellulitis-evergetikon\\\/#breadcrumb\",\"itemListElement\":[{\"@type\":\"ListItem\",\"position\":1,\"name\":\"Home\",\"item\":\"https:\\\/\\\/evergetikon.eu\\\/\"},{\"@type\":\"ListItem\",\"position\":2,\"name\":\"Shop\",\"item\":\"https:\\\/\\\/evergetikon.eu\\\/shop\\\/\"},{\"@type\":\"ListItem\",\"position\":3,\"name\":\"Anti cellulitis olie &#8211; Evergetikon\"}]},{\"@type\":\"WebSite\",\"@id\":\"https:\\\/\\\/evergetikon.eu\\\/#website\",\"url\":\"https:\\\/\\\/evergetikon.eu\\\/\",\"name\":\"evergetikon\",\"description\":\"\",\"publisher\":{\"@id\":\"https:\\\/\\\/evergetikon.eu\\\/#organization\"},\"potentialAction\":[{\"@type\":\"SearchAction\",\"target\":{\"@type\":\"EntryPoint\",\"urlTemplate\":\"https:\\\/\\\/evergetikon.eu\\\/?s={search_term_string}\"},\"query-input\":{\"@type\":\"PropertyValueSpecification\",\"valueRequired\":true,\"valueName\":\"search_term_string\"}}],\"inLanguage\":\"es\"},{\"@type\":\"Organization\",\"@id\":\"https:\\\/\\\/evergetikon.eu\\\/#organization\",\"name\":\"evergetikon\",\"url\":\"https:\\\/\\\/evergetikon.eu\\\/\",\"logo\":{\"@type\":\"ImageObject\",\"inLanguage\":\"es\",\"@id\":\"https:\\\/\\\/evergetikon.eu\\\/#\\\/schema\\\/logo\\\/image\\\/\",\"url\":\"https:\\\/\\\/exomh4ku2ih.exactdn.com\\\/wp-content\\\/uploads\\\/2025\\\/06\\\/Evergetikon-non-of.svg\",\"contentUrl\":\"https:\\\/\\\/exomh4ku2ih.exactdn.com\\\/wp-content\\\/uploads\\\/2025\\\/06\\\/Evergetikon-non-of.svg\",\"width\":229,\"height\":70,\"caption\":\"evergetikon\"},\"image\":{\"@id\":\"https:\\\/\\\/evergetikon.eu\\\/#\\\/schema\\\/logo\\\/image\\\/\"}}]}<\/script>\n<!-- \/ Yoast SEO plugin. -->","yoast_head_json":{"title":"Aceite anticelul\u00edtico - Evergetikon - evergetikon","robots":{"index":"index","follow":"follow","max-snippet":"max-snippet:-1","max-image-preview":"max-image-preview:large","max-video-preview":"max-video-preview:-1"},"canonical":"https:\/\/evergetikon.eu\/es\/producto\/aceite-anticelulitico-evergetikon\/","og_locale":"es_ES","og_type":"article","og_title":"Anti cellulitis olie - Evergetikon - evergetikon","og_description":"Een lichaamsolie die rijk is aan anti-cellulitisstoffen die de huid hydrateren en elasticiteit geven. In de samenstelling worden alleen natuurlijke oli\u00ebn van de eerste persing gebruikt, die bijzonder rijk zijn aan hun werkzame stoffen.\u00a0De samenstelling van de olie wordt aangevuld met cellulitisverminderende ingredi\u00ebnten: jeneverbessenolie, zwarte peper, grapefruit, bergamot, rozemarijn, lavendel, essenti\u00eble oli\u00ebn van dennen.","og_url":"https:\/\/evergetikon.eu\/es\/producto\/aceite-anticelulitico-evergetikon\/","og_site_name":"evergetikon","article_modified_time":"2026-02-13T04:27:13+00:00","og_image":[{"width":1024,"height":861,"url":"https:\/\/evergetikon.eu\/wp-content\/uploads\/2025\/06\/anti-cellulitus-olie-evergetikon.png","type":"image\/png"}],"twitter_card":"summary_large_image","twitter_misc":{"Tiempo de lectura":"2 minutos"},"schema":{"@context":"https:\/\/schema.org","@graph":[{"@type":"WebPage","@id":"https:\/\/evergetikon.eu\/product\/olie-anti-cellulitis-evergetikon\/","url":"https:\/\/evergetikon.eu\/product\/olie-anti-cellulitis-evergetikon\/","name":"Aceite anticelul\u00edtico - Evergetikon - evergetikon","isPartOf":{"@id":"https:\/\/evergetikon.eu\/#website"},"primaryImageOfPage":{"@id":"https:\/\/evergetikon.eu\/product\/olie-anti-cellulitis-evergetikon\/#primaryimage"},"image":{"@id":"https:\/\/evergetikon.eu\/product\/olie-anti-cellulitis-evergetikon\/#primaryimage"},"thumbnailUrl":"https:\/\/purehealthstore.nl\/wp-content\/uploads\/2022\/09\/anti-cellulitus-olie-evergetikon.png","datePublished":"2022-09-27T20:29:32+00:00","dateModified":"2026-02-13T04:27:13+00:00","breadcrumb":{"@id":"https:\/\/evergetikon.eu\/product\/olie-anti-cellulitis-evergetikon\/#breadcrumb"},"inLanguage":"es","potentialAction":[{"@type":"ReadAction","target":["https:\/\/evergetikon.eu\/product\/olie-anti-cellulitis-evergetikon\/"]}]},{"@type":"ImageObject","inLanguage":"es","@id":"https:\/\/evergetikon.eu\/product\/olie-anti-cellulitis-evergetikon\/#primaryimage","url":"https:\/\/purehealthstore.nl\/wp-content\/uploads\/2022\/09\/anti-cellulitus-olie-evergetikon.png","contentUrl":"https:\/\/purehealthstore.nl\/wp-content\/uploads\/2022\/09\/anti-cellulitus-olie-evergetikon.png"},{"@type":"BreadcrumbList","@id":"https:\/\/evergetikon.eu\/product\/olie-anti-cellulitis-evergetikon\/#breadcrumb","itemListElement":[{"@type":"ListItem","position":1,"name":"Home","item":"https:\/\/evergetikon.eu\/"},{"@type":"ListItem","position":2,"name":"Shop","item":"https:\/\/evergetikon.eu\/shop\/"},{"@type":"ListItem","position":3,"name":"Anti cellulitis olie &#8211; Evergetikon"}]},{"@type":"WebSite","@id":"https:\/\/evergetikon.eu\/#website","url":"https:\/\/evergetikon.eu\/","name":"evergetikon","description":"","publisher":{"@id":"https:\/\/evergetikon.eu\/#organization"},"potentialAction":[{"@type":"SearchAction","target":{"@type":"EntryPoint","urlTemplate":"https:\/\/evergetikon.eu\/?s={search_term_string}"},"query-input":{"@type":"PropertyValueSpecification","valueRequired":true,"valueName":"search_term_string"}}],"inLanguage":"es"},{"@type":"Organization","@id":"https:\/\/evergetikon.eu\/#organization","name":"evergetikon","url":"https:\/\/evergetikon.eu\/","logo":{"@type":"ImageObject","inLanguage":"es","@id":"https:\/\/evergetikon.eu\/#\/schema\/logo\/image\/","url":"https:\/\/exomh4ku2ih.exactdn.com\/wp-content\/uploads\/2025\/06\/Evergetikon-non-of.svg","contentUrl":"https:\/\/exomh4ku2ih.exactdn.com\/wp-content\/uploads\/2025\/06\/Evergetikon-non-of.svg","width":229,"height":70,"caption":"evergetikon"},"image":{"@id":"https:\/\/evergetikon.eu\/#\/schema\/logo\/image\/"}}]}},"_links":{"self":[{"href":"https:\/\/evergetikon.eu\/es\/wp-json\/wp\/v2\/product\/237","targetHints":{"allow":["GET"]}}],"collection":[{"href":"https:\/\/evergetikon.eu\/es\/wp-json\/wp\/v2\/product"}],"about":[{"href":"https:\/\/evergetikon.eu\/es\/wp-json\/wp\/v2\/types\/product"}],"replies":[{"embeddable":true,"href":"https:\/\/evergetikon.eu\/es\/wp-json\/wp\/v2\/comments?post=237"}],"version-history":[{"count":0,"href":"https:\/\/evergetikon.eu\/es\/wp-json\/wp\/v2\/product\/237\/revisions"}],"wp:featuredmedia":[{"embeddable":true,"href":"https:\/\/evergetikon.eu\/es\/wp-json\/"}],"wp:attachment":[{"href":"https:\/\/evergetikon.eu\/es\/wp-json\/wp\/v2\/media?parent=237"}],"wp:term":[{"taxonomy":"product_brand","embeddable":true,"href":"https:\/\/evergetikon.eu\/es\/wp-json\/wp\/v2\/product_brand?post=237"},{"taxonomy":"product_cat","embeddable":true,"href":"https:\/\/evergetikon.eu\/es\/wp-json\/wp\/v2\/product_cat?post=237"},{"taxonomy":"product_tag","embeddable":true,"href":"https:\/\/evergetikon.eu\/es\/wp-json\/wp\/v2\/product_tag?post=237"}],"curies":[{"name":"wp","href":"https:\/\/api.w.org\/{rel}","templated":true}]}}