{"id":210,"date":"2022-10-08T18:40:47","date_gmt":"2022-10-08T18:40:47","guid":{"rendered":"https:\/\/evergetikon.nl\/?product=etherische-olie-eucalyptus-evergetikon"},"modified":"2026-02-13T21:41:59","modified_gmt":"2026-02-13T21:41:59","slug":"etherische-olie-eucalyptus-evergetikon","status":"publish","type":"product","link":"https:\/\/evergetikon.eu\/es\/producto\/aceite-esencial-de-eucalipto-evergetikon\/","title":{"rendered":"Aceite esencial - Eucalipto - Evergetikon"},"content":{"rendered":"<h2>Aceite esencial de eucalipto<\/h2>\n<p>El aceite esencial de eucalipto es una excelente elecci\u00f3n para cualquiera que busque una alternativa natural y saludable a los aceites perfumados qu\u00edmicos. A diferencia de los perfumes sint\u00e9ticos, nuestro aceite esencial de eucalipto 100% es natural y puro, sin aditivos qu\u00edmicos.<\/p>\n<p>Nuestro aceite esencial de eucalipto se obtiene de las hojas del \u00e1rbol de eucalipto y tiene un aroma maravillosamente refrescante. No s\u00f3lo es estupendo para la aromaterapia, sino tambi\u00e9n para aliviar problemas respiratorios, reducir el estr\u00e9s y favorecer un sue\u00f1o saludable.<\/p>\n<p>Adem\u00e1s, el aceite esencial de eucalipto tambi\u00e9n tiene propiedades antis\u00e9pticas y antibacterianas, por lo que es perfecto para limpiar superficies o a\u00f1adir a productos de limpieza caseros.<\/p>\n<p>Elija nuestro aceite esencial de eucalipto y disfrute de los numerosos beneficios que le ofrece este extracto natural, sin los efectos nocivos de los aceites perfumados qu\u00edmicos.<\/p>","protected":false},"excerpt":{"rendered":"<p>Aceite de eucalipto - Aceite esencial de Eucalyptus globulus. El eucalipto huele a menta con miel. Su aroma puede ayudarle a respirar aire fresco y a concentrarse mientras trabaja, aportando ligereza y armon\u00eda a los pensamientos y emociones. El aroma del eucalipto le ayuda a arregl\u00e1rselas consigo mismo, a fortalecer y mejorar las relaciones con otras personas.<\/p>","protected":false},"featured_media":209,"comment_status":"open","ping_status":"closed","template":"","meta":[],"product_brand":[],"product_cat":[68],"product_tag":[],"class_list":{"0":"post-210","1":"product","2":"type-product","3":"status-publish","4":"has-post-thumbnail","6":"product_cat-etherische-olie","8":"first","9":"instock","10":"taxable","11":"shipping-taxable","12":"purchasable","13":"product-type-simple"},"yoast_head":"<!-- This site is optimized with the Yoast SEO plugin v27.3 - https:\/\/yoast.com\/product\/yoast-seo-wordpress\/ -->\n<title>Etherische olie - Eucalyptus - Evergetikon - evergetikon<\/title>\n<meta name=\"robots\" content=\"index, follow, max-snippet:-1, max-image-preview:large, max-video-preview:-1\" \/>\n<link rel=\"canonical\" href=\"https:\/\/evergetikon.eu\/es\/producto\/aceite-esencial-de-eucalipto-evergetikon\/\" \/>\n<meta property=\"og:locale\" content=\"es_ES\" \/>\n<meta property=\"og:type\" content=\"article\" \/>\n<meta property=\"og:title\" content=\"Etherische olie - Eucalyptus - Evergetikon - evergetikon\" \/>\n<meta property=\"og:description\" content=\"Eucalyptusolie - Essenti\u00eble olie van Eucalyptus globulus.\u00a0Eucalyptus ruikt naar munt met honing.\u00a0De geur kan je helpen frisse lucht in te ademen en je te concentreren tijdens het werken, en brengt lichtheid en harmonie in gedachten en emoties.\u00a0De geur van eucalyptus helpt je om met jezelf om te gaan, de relaties met andere mensen te versterken en te verbeteren.\" \/>\n<meta property=\"og:url\" content=\"https:\/\/evergetikon.eu\/es\/producto\/aceite-esencial-de-eucalipto-evergetikon\/\" \/>\n<meta property=\"og:site_name\" content=\"evergetikon\" \/>\n<meta property=\"article:modified_time\" content=\"2026-02-13T21:41:59+00:00\" \/>\n<meta property=\"og:image\" content=\"https:\/\/evergetikon.eu\/wp-content\/uploads\/2024\/06\/essentiele-olie-eucalyptus.jpg\" \/>\n\t<meta property=\"og:image:width\" content=\"1024\" \/>\n\t<meta property=\"og:image:height\" content=\"861\" \/>\n\t<meta property=\"og:image:type\" content=\"image\/jpeg\" \/>\n<meta name=\"twitter:card\" content=\"summary_large_image\" \/>\n<meta name=\"twitter:label1\" content=\"Tiempo de lectura\" \/>\n\t<meta name=\"twitter:data1\" content=\"1 minuto\" \/>\n<script type=\"application\/ld+json\" class=\"yoast-schema-graph\">{\"@context\":\"https:\\\/\\\/schema.org\",\"@graph\":[{\"@type\":\"WebPage\",\"@id\":\"https:\\\/\\\/evergetikon.eu\\\/product\\\/etherische-olie-eucalyptus-evergetikon\\\/\",\"url\":\"https:\\\/\\\/evergetikon.eu\\\/product\\\/etherische-olie-eucalyptus-evergetikon\\\/\",\"name\":\"Etherische olie - Eucalyptus - Evergetikon - evergetikon\",\"isPartOf\":{\"@id\":\"https:\\\/\\\/evergetikon.eu\\\/#website\"},\"primaryImageOfPage\":{\"@id\":\"https:\\\/\\\/evergetikon.eu\\\/product\\\/etherische-olie-eucalyptus-evergetikon\\\/#primaryimage\"},\"image\":{\"@id\":\"https:\\\/\\\/evergetikon.eu\\\/product\\\/etherische-olie-eucalyptus-evergetikon\\\/#primaryimage\"},\"thumbnailUrl\":\"https:\\\/\\\/exomh4ku2ih.exactdn.com\\\/wp-content\\\/uploads\\\/2024\\\/06\\\/essentiele-olie-eucalyptus.jpg?strip=all\",\"datePublished\":\"2022-10-08T18:40:47+00:00\",\"dateModified\":\"2026-02-13T21:41:59+00:00\",\"breadcrumb\":{\"@id\":\"https:\\\/\\\/evergetikon.eu\\\/product\\\/etherische-olie-eucalyptus-evergetikon\\\/#breadcrumb\"},\"inLanguage\":\"es\",\"potentialAction\":[{\"@type\":\"ReadAction\",\"target\":[\"https:\\\/\\\/evergetikon.eu\\\/product\\\/etherische-olie-eucalyptus-evergetikon\\\/\"]}]},{\"@type\":\"ImageObject\",\"inLanguage\":\"es\",\"@id\":\"https:\\\/\\\/evergetikon.eu\\\/product\\\/etherische-olie-eucalyptus-evergetikon\\\/#primaryimage\",\"url\":\"https:\\\/\\\/exomh4ku2ih.exactdn.com\\\/wp-content\\\/uploads\\\/2024\\\/06\\\/essentiele-olie-eucalyptus.jpg?strip=all\",\"contentUrl\":\"https:\\\/\\\/exomh4ku2ih.exactdn.com\\\/wp-content\\\/uploads\\\/2024\\\/06\\\/essentiele-olie-eucalyptus.jpg?strip=all\",\"width\":1024,\"height\":861,\"caption\":\"etherische olie eucalyptus\"},{\"@type\":\"BreadcrumbList\",\"@id\":\"https:\\\/\\\/evergetikon.eu\\\/product\\\/etherische-olie-eucalyptus-evergetikon\\\/#breadcrumb\",\"itemListElement\":[{\"@type\":\"ListItem\",\"position\":1,\"name\":\"Home\",\"item\":\"https:\\\/\\\/evergetikon.eu\\\/\"},{\"@type\":\"ListItem\",\"position\":2,\"name\":\"Shop\",\"item\":\"https:\\\/\\\/evergetikon.eu\\\/shop\\\/\"},{\"@type\":\"ListItem\",\"position\":3,\"name\":\"Etherische olie &#8211; Eucalyptus &#8211; Evergetikon\"}]},{\"@type\":\"WebSite\",\"@id\":\"https:\\\/\\\/evergetikon.eu\\\/#website\",\"url\":\"https:\\\/\\\/evergetikon.eu\\\/\",\"name\":\"evergetikon\",\"description\":\"\",\"publisher\":{\"@id\":\"https:\\\/\\\/evergetikon.eu\\\/#organization\"},\"potentialAction\":[{\"@type\":\"SearchAction\",\"target\":{\"@type\":\"EntryPoint\",\"urlTemplate\":\"https:\\\/\\\/evergetikon.eu\\\/?s={search_term_string}\"},\"query-input\":{\"@type\":\"PropertyValueSpecification\",\"valueRequired\":true,\"valueName\":\"search_term_string\"}}],\"inLanguage\":\"es\"},{\"@type\":\"Organization\",\"@id\":\"https:\\\/\\\/evergetikon.eu\\\/#organization\",\"name\":\"evergetikon\",\"url\":\"https:\\\/\\\/evergetikon.eu\\\/\",\"logo\":{\"@type\":\"ImageObject\",\"inLanguage\":\"es\",\"@id\":\"https:\\\/\\\/evergetikon.eu\\\/#\\\/schema\\\/logo\\\/image\\\/\",\"url\":\"https:\\\/\\\/exomh4ku2ih.exactdn.com\\\/wp-content\\\/uploads\\\/2025\\\/06\\\/Evergetikon-non-of.svg\",\"contentUrl\":\"https:\\\/\\\/exomh4ku2ih.exactdn.com\\\/wp-content\\\/uploads\\\/2025\\\/06\\\/Evergetikon-non-of.svg\",\"width\":229,\"height\":70,\"caption\":\"evergetikon\"},\"image\":{\"@id\":\"https:\\\/\\\/evergetikon.eu\\\/#\\\/schema\\\/logo\\\/image\\\/\"}}]}<\/script>\n<!-- \/ Yoast SEO plugin. -->","yoast_head_json":{"title":"Aceite esencial - Eucalipto - Evergetikon","robots":{"index":"index","follow":"follow","max-snippet":"max-snippet:-1","max-image-preview":"max-image-preview:large","max-video-preview":"max-video-preview:-1"},"canonical":"https:\/\/evergetikon.eu\/es\/producto\/aceite-esencial-de-eucalipto-evergetikon\/","og_locale":"es_ES","og_type":"article","og_title":"Etherische olie - Eucalyptus - Evergetikon - evergetikon","og_description":"Eucalyptusolie - Essenti\u00eble olie van Eucalyptus globulus.\u00a0Eucalyptus ruikt naar munt met honing.\u00a0De geur kan je helpen frisse lucht in te ademen en je te concentreren tijdens het werken, en brengt lichtheid en harmonie in gedachten en emoties.\u00a0De geur van eucalyptus helpt je om met jezelf om te gaan, de relaties met andere mensen te versterken en te verbeteren.","og_url":"https:\/\/evergetikon.eu\/es\/producto\/aceite-esencial-de-eucalipto-evergetikon\/","og_site_name":"evergetikon","article_modified_time":"2026-02-13T21:41:59+00:00","og_image":[{"width":1024,"height":861,"url":"https:\/\/evergetikon.eu\/wp-content\/uploads\/2024\/06\/essentiele-olie-eucalyptus.jpg","type":"image\/jpeg"}],"twitter_card":"summary_large_image","twitter_misc":{"Tiempo de lectura":"1 minuto"},"schema":{"@context":"https:\/\/schema.org","@graph":[{"@type":"WebPage","@id":"https:\/\/evergetikon.eu\/product\/etherische-olie-eucalyptus-evergetikon\/","url":"https:\/\/evergetikon.eu\/product\/etherische-olie-eucalyptus-evergetikon\/","name":"Aceite esencial - Eucalipto - Evergetikon","isPartOf":{"@id":"https:\/\/evergetikon.eu\/#website"},"primaryImageOfPage":{"@id":"https:\/\/evergetikon.eu\/product\/etherische-olie-eucalyptus-evergetikon\/#primaryimage"},"image":{"@id":"https:\/\/evergetikon.eu\/product\/etherische-olie-eucalyptus-evergetikon\/#primaryimage"},"thumbnailUrl":"https:\/\/exomh4ku2ih.exactdn.com\/wp-content\/uploads\/2024\/06\/essentiele-olie-eucalyptus.jpg?strip=all","datePublished":"2022-10-08T18:40:47+00:00","dateModified":"2026-02-13T21:41:59+00:00","breadcrumb":{"@id":"https:\/\/evergetikon.eu\/product\/etherische-olie-eucalyptus-evergetikon\/#breadcrumb"},"inLanguage":"es","potentialAction":[{"@type":"ReadAction","target":["https:\/\/evergetikon.eu\/product\/etherische-olie-eucalyptus-evergetikon\/"]}]},{"@type":"ImageObject","inLanguage":"es","@id":"https:\/\/evergetikon.eu\/product\/etherische-olie-eucalyptus-evergetikon\/#primaryimage","url":"https:\/\/exomh4ku2ih.exactdn.com\/wp-content\/uploads\/2024\/06\/essentiele-olie-eucalyptus.jpg?strip=all","contentUrl":"https:\/\/exomh4ku2ih.exactdn.com\/wp-content\/uploads\/2024\/06\/essentiele-olie-eucalyptus.jpg?strip=all","width":1024,"height":861,"caption":"etherische olie eucalyptus"},{"@type":"BreadcrumbList","@id":"https:\/\/evergetikon.eu\/product\/etherische-olie-eucalyptus-evergetikon\/#breadcrumb","itemListElement":[{"@type":"ListItem","position":1,"name":"Home","item":"https:\/\/evergetikon.eu\/"},{"@type":"ListItem","position":2,"name":"Shop","item":"https:\/\/evergetikon.eu\/shop\/"},{"@type":"ListItem","position":3,"name":"Etherische olie &#8211; Eucalyptus &#8211; Evergetikon"}]},{"@type":"WebSite","@id":"https:\/\/evergetikon.eu\/#website","url":"https:\/\/evergetikon.eu\/","name":"evergetikon","description":"","publisher":{"@id":"https:\/\/evergetikon.eu\/#organization"},"potentialAction":[{"@type":"SearchAction","target":{"@type":"EntryPoint","urlTemplate":"https:\/\/evergetikon.eu\/?s={search_term_string}"},"query-input":{"@type":"PropertyValueSpecification","valueRequired":true,"valueName":"search_term_string"}}],"inLanguage":"es"},{"@type":"Organization","@id":"https:\/\/evergetikon.eu\/#organization","name":"evergetikon","url":"https:\/\/evergetikon.eu\/","logo":{"@type":"ImageObject","inLanguage":"es","@id":"https:\/\/evergetikon.eu\/#\/schema\/logo\/image\/","url":"https:\/\/exomh4ku2ih.exactdn.com\/wp-content\/uploads\/2025\/06\/Evergetikon-non-of.svg","contentUrl":"https:\/\/exomh4ku2ih.exactdn.com\/wp-content\/uploads\/2025\/06\/Evergetikon-non-of.svg","width":229,"height":70,"caption":"evergetikon"},"image":{"@id":"https:\/\/evergetikon.eu\/#\/schema\/logo\/image\/"}}]}},"_links":{"self":[{"href":"https:\/\/evergetikon.eu\/es\/wp-json\/wp\/v2\/product\/210","targetHints":{"allow":["GET"]}}],"collection":[{"href":"https:\/\/evergetikon.eu\/es\/wp-json\/wp\/v2\/product"}],"about":[{"href":"https:\/\/evergetikon.eu\/es\/wp-json\/wp\/v2\/types\/product"}],"replies":[{"embeddable":true,"href":"https:\/\/evergetikon.eu\/es\/wp-json\/wp\/v2\/comments?post=210"}],"version-history":[{"count":0,"href":"https:\/\/evergetikon.eu\/es\/wp-json\/wp\/v2\/product\/210\/revisions"}],"wp:featuredmedia":[{"embeddable":true,"href":"https:\/\/evergetikon.eu\/es\/wp-json\/wp\/v2\/media\/209"}],"wp:attachment":[{"href":"https:\/\/evergetikon.eu\/es\/wp-json\/wp\/v2\/media?parent=210"}],"wp:term":[{"taxonomy":"product_brand","embeddable":true,"href":"https:\/\/evergetikon.eu\/es\/wp-json\/wp\/v2\/product_brand?post=210"},{"taxonomy":"product_cat","embeddable":true,"href":"https:\/\/evergetikon.eu\/es\/wp-json\/wp\/v2\/product_cat?post=210"},{"taxonomy":"product_tag","embeddable":true,"href":"https:\/\/evergetikon.eu\/es\/wp-json\/wp\/v2\/product_tag?post=210"}],"curies":[{"name":"wp","href":"https:\/\/api.w.org\/{rel}","templated":true}]}}