{"id":182,"date":"2022-11-08T20:01:34","date_gmt":"2022-11-08T20:01:34","guid":{"rendered":"https:\/\/evergetikon.nl\/?product=natuurlijk-haarmasker"},"modified":"2026-04-05T05:18:38","modified_gmt":"2026-04-05T05:18:38","slug":"natuurlijk-haarmasker","status":"publish","type":"product","link":"https:\/\/evergetikon.eu\/es\/producto\/mascarilla-capilar-natural\/","title":{"rendered":"Mascarilla capilar natural con aceite de arg\u00e1n y coco - Evergetikon"},"content":{"rendered":"<h2>Mascarilla Capilar Natural: Repara y Nutre con Aceite de Arg\u00e1n y Coco<\/h2>\n<p>Descubra el poder de nuestro enfoque natural con la Mascarilla Capilar Natural enriquecida con aceite de arg\u00e1n y coco. Esta mascarilla est\u00e1 dise\u00f1ada para quienes anhelan un cabello sano y brillante sin los efectos nocivos de las siliconas, los sulfatos y los parabenos.<\/p>\n<p>Expuesto diariamente al calor, los tratamientos qu\u00edmicos y las condiciones clim\u00e1ticas, nuestro cabello sufre a menudo sequedad y da\u00f1os. Esto suele provocar fragilidad y puntas abiertas. Nuestra mascarilla capilar ofrece un tratamiento intensivo que penetra profundamente en las fibras capilares para nutrir y reparar el cabello desde el interior.<\/p>\n<p>El aceite de Arg\u00e1n, famoso por sus propiedades nutritivas, ayuda a mejorar la elasticidad del cabello y favorece la salud general. Al mismo tiempo, el aceite de coco proporciona hidrataci\u00f3n y act\u00faa como protecci\u00f3n contra da\u00f1os mayores. Juntos, forman la combinaci\u00f3n ideal para rejuvenecer el cabello en profundidad.<\/p>\n<p>El uso regular de nuestra Mascarilla Capilar Natural transforma su cabello en una melena sedosa y brillante, rica en hidrataci\u00f3n y vitalidad. Es una forma perfecta de proporcionar a su cabello el cuidado reparador que se merece.<\/p>","protected":false},"excerpt":{"rendered":"<p>Transforme su cabello hoy mismo con nuestra Mascarilla Capilar Natural, enriquecida con aceites de Arg\u00e1n y Coco. Experimente los beneficios de la nutrici\u00f3n profunda y la restauraci\u00f3n sin productos qu\u00edmicos nocivos. \u00a1Dale a tu cabello el brillo y la salud que se merece!<\/p>","protected":false},"featured_media":100000030165,"comment_status":"closed","ping_status":"closed","template":"","meta":[],"product_brand":[],"product_cat":[137,18,17],"product_tag":[],"class_list":{"0":"post-182","1":"product","2":"type-product","3":"status-publish","4":"has-post-thumbnail","6":"product_cat-argan-olie","7":"product_cat-natuurlijke-haarmaskers","8":"product_cat-haarolie","10":"first","11":"instock","12":"taxable","13":"shipping-taxable","14":"purchasable","15":"product-type-simple"},"yoast_head":"<!-- This site is optimized with the Yoast SEO plugin v27.3 - https:\/\/yoast.com\/product\/yoast-seo-wordpress\/ -->\n<title>Natuurlijk haarmasker met argan- &amp; kokosolie - Evergetikon - evergetikon<\/title>\n<meta name=\"robots\" content=\"index, follow, max-snippet:-1, max-image-preview:large, max-video-preview:-1\" \/>\n<link rel=\"canonical\" href=\"https:\/\/evergetikon.eu\/es\/producto\/mascarilla-capilar-natural\/\" \/>\n<meta property=\"og:locale\" content=\"es_ES\" \/>\n<meta property=\"og:type\" content=\"article\" \/>\n<meta property=\"og:title\" content=\"Natuurlijk haarmasker met argan- &amp; kokosolie - Evergetikon - evergetikon\" \/>\n<meta property=\"og:description\" content=\"Transformeer je haar vandaag met ons Natuurlijk Haarmasker, verrijkt met Argan- en Kokosolie. Ervaar de voordelen van diepgaande voeding en herstel zonder schadelijke chemicali\u00ebn. Geef je haar de glans en gezondheid die het verdient!\" \/>\n<meta property=\"og:url\" content=\"https:\/\/evergetikon.eu\/es\/producto\/mascarilla-capilar-natural\/\" \/>\n<meta property=\"og:site_name\" content=\"evergetikon\" \/>\n<meta property=\"article:modified_time\" content=\"2026-04-05T05:18:38+00:00\" \/>\n<meta name=\"twitter:card\" content=\"summary_large_image\" \/>\n<meta name=\"twitter:label1\" content=\"Tiempo de lectura\" \/>\n\t<meta name=\"twitter:data1\" content=\"1 minuto\" \/>\n<script type=\"application\/ld+json\" class=\"yoast-schema-graph\">{\"@context\":\"https:\\\/\\\/schema.org\",\"@graph\":[{\"@type\":\"WebPage\",\"@id\":\"https:\\\/\\\/evergetikon.eu\\\/product\\\/natuurlijk-haarmasker\\\/\",\"url\":\"https:\\\/\\\/evergetikon.eu\\\/product\\\/natuurlijk-haarmasker\\\/\",\"name\":\"Natuurlijk haarmasker met argan- &amp; kokosolie - Evergetikon - evergetikon\",\"isPartOf\":{\"@id\":\"https:\\\/\\\/evergetikon.eu\\\/#website\"},\"primaryImageOfPage\":{\"@id\":\"https:\\\/\\\/evergetikon.eu\\\/product\\\/natuurlijk-haarmasker\\\/#primaryimage\"},\"image\":{\"@id\":\"https:\\\/\\\/evergetikon.eu\\\/product\\\/natuurlijk-haarmasker\\\/#primaryimage\"},\"thumbnailUrl\":\"https:\\\/\\\/purehealthstore.nl\\\/wp-content\\\/uploads\\\/2022\\\/11\\\/argan-kokos-haarmasker-evergetikon.png\",\"datePublished\":\"2022-11-08T20:01:34+00:00\",\"dateModified\":\"2026-04-05T05:18:38+00:00\",\"breadcrumb\":{\"@id\":\"https:\\\/\\\/evergetikon.eu\\\/product\\\/natuurlijk-haarmasker\\\/#breadcrumb\"},\"inLanguage\":\"es\",\"potentialAction\":[{\"@type\":\"ReadAction\",\"target\":[\"https:\\\/\\\/evergetikon.eu\\\/product\\\/natuurlijk-haarmasker\\\/\"]}]},{\"@type\":\"ImageObject\",\"inLanguage\":\"es\",\"@id\":\"https:\\\/\\\/evergetikon.eu\\\/product\\\/natuurlijk-haarmasker\\\/#primaryimage\",\"url\":\"https:\\\/\\\/purehealthstore.nl\\\/wp-content\\\/uploads\\\/2022\\\/11\\\/argan-kokos-haarmasker-evergetikon.png\",\"contentUrl\":\"https:\\\/\\\/purehealthstore.nl\\\/wp-content\\\/uploads\\\/2022\\\/11\\\/argan-kokos-haarmasker-evergetikon.png\"},{\"@type\":\"BreadcrumbList\",\"@id\":\"https:\\\/\\\/evergetikon.eu\\\/product\\\/natuurlijk-haarmasker\\\/#breadcrumb\",\"itemListElement\":[{\"@type\":\"ListItem\",\"position\":1,\"name\":\"Home\",\"item\":\"https:\\\/\\\/evergetikon.eu\\\/\"},{\"@type\":\"ListItem\",\"position\":2,\"name\":\"Shop\",\"item\":\"https:\\\/\\\/evergetikon.eu\\\/shop\\\/\"},{\"@type\":\"ListItem\",\"position\":3,\"name\":\"Natuurlijk haarmasker met argan- &amp; kokosolie &#8211; Evergetikon\"}]},{\"@type\":\"WebSite\",\"@id\":\"https:\\\/\\\/evergetikon.eu\\\/#website\",\"url\":\"https:\\\/\\\/evergetikon.eu\\\/\",\"name\":\"evergetikon\",\"description\":\"\",\"publisher\":{\"@id\":\"https:\\\/\\\/evergetikon.eu\\\/#organization\"},\"potentialAction\":[{\"@type\":\"SearchAction\",\"target\":{\"@type\":\"EntryPoint\",\"urlTemplate\":\"https:\\\/\\\/evergetikon.eu\\\/?s={search_term_string}\"},\"query-input\":{\"@type\":\"PropertyValueSpecification\",\"valueRequired\":true,\"valueName\":\"search_term_string\"}}],\"inLanguage\":\"es\"},{\"@type\":\"Organization\",\"@id\":\"https:\\\/\\\/evergetikon.eu\\\/#organization\",\"name\":\"evergetikon\",\"url\":\"https:\\\/\\\/evergetikon.eu\\\/\",\"logo\":{\"@type\":\"ImageObject\",\"inLanguage\":\"es\",\"@id\":\"https:\\\/\\\/evergetikon.eu\\\/#\\\/schema\\\/logo\\\/image\\\/\",\"url\":\"https:\\\/\\\/exomh4ku2ih.exactdn.com\\\/wp-content\\\/uploads\\\/2025\\\/06\\\/Evergetikon-non-of.svg\",\"contentUrl\":\"https:\\\/\\\/exomh4ku2ih.exactdn.com\\\/wp-content\\\/uploads\\\/2025\\\/06\\\/Evergetikon-non-of.svg\",\"width\":229,\"height\":70,\"caption\":\"evergetikon\"},\"image\":{\"@id\":\"https:\\\/\\\/evergetikon.eu\\\/#\\\/schema\\\/logo\\\/image\\\/\"}}]}<\/script>\n<!-- \/ Yoast SEO plugin. -->","yoast_head_json":{"title":"Mascarilla capilar natural con aceite de arg\u00e1n y coco - Evergetikon - evergetikon","robots":{"index":"index","follow":"follow","max-snippet":"max-snippet:-1","max-image-preview":"max-image-preview:large","max-video-preview":"max-video-preview:-1"},"canonical":"https:\/\/evergetikon.eu\/es\/producto\/mascarilla-capilar-natural\/","og_locale":"es_ES","og_type":"article","og_title":"Natuurlijk haarmasker met argan- &amp; kokosolie - Evergetikon - evergetikon","og_description":"Transformeer je haar vandaag met ons Natuurlijk Haarmasker, verrijkt met Argan- en Kokosolie. Ervaar de voordelen van diepgaande voeding en herstel zonder schadelijke chemicali\u00ebn. Geef je haar de glans en gezondheid die het verdient!","og_url":"https:\/\/evergetikon.eu\/es\/producto\/mascarilla-capilar-natural\/","og_site_name":"evergetikon","article_modified_time":"2026-04-05T05:18:38+00:00","twitter_card":"summary_large_image","twitter_misc":{"Tiempo de lectura":"1 minuto"},"schema":{"@context":"https:\/\/schema.org","@graph":[{"@type":"WebPage","@id":"https:\/\/evergetikon.eu\/product\/natuurlijk-haarmasker\/","url":"https:\/\/evergetikon.eu\/product\/natuurlijk-haarmasker\/","name":"Mascarilla capilar natural con aceite de arg\u00e1n y coco - Evergetikon - evergetikon","isPartOf":{"@id":"https:\/\/evergetikon.eu\/#website"},"primaryImageOfPage":{"@id":"https:\/\/evergetikon.eu\/product\/natuurlijk-haarmasker\/#primaryimage"},"image":{"@id":"https:\/\/evergetikon.eu\/product\/natuurlijk-haarmasker\/#primaryimage"},"thumbnailUrl":"https:\/\/purehealthstore.nl\/wp-content\/uploads\/2022\/11\/argan-kokos-haarmasker-evergetikon.png","datePublished":"2022-11-08T20:01:34+00:00","dateModified":"2026-04-05T05:18:38+00:00","breadcrumb":{"@id":"https:\/\/evergetikon.eu\/product\/natuurlijk-haarmasker\/#breadcrumb"},"inLanguage":"es","potentialAction":[{"@type":"ReadAction","target":["https:\/\/evergetikon.eu\/product\/natuurlijk-haarmasker\/"]}]},{"@type":"ImageObject","inLanguage":"es","@id":"https:\/\/evergetikon.eu\/product\/natuurlijk-haarmasker\/#primaryimage","url":"https:\/\/purehealthstore.nl\/wp-content\/uploads\/2022\/11\/argan-kokos-haarmasker-evergetikon.png","contentUrl":"https:\/\/purehealthstore.nl\/wp-content\/uploads\/2022\/11\/argan-kokos-haarmasker-evergetikon.png"},{"@type":"BreadcrumbList","@id":"https:\/\/evergetikon.eu\/product\/natuurlijk-haarmasker\/#breadcrumb","itemListElement":[{"@type":"ListItem","position":1,"name":"Home","item":"https:\/\/evergetikon.eu\/"},{"@type":"ListItem","position":2,"name":"Shop","item":"https:\/\/evergetikon.eu\/shop\/"},{"@type":"ListItem","position":3,"name":"Natuurlijk haarmasker met argan- &amp; kokosolie &#8211; Evergetikon"}]},{"@type":"WebSite","@id":"https:\/\/evergetikon.eu\/#website","url":"https:\/\/evergetikon.eu\/","name":"evergetikon","description":"","publisher":{"@id":"https:\/\/evergetikon.eu\/#organization"},"potentialAction":[{"@type":"SearchAction","target":{"@type":"EntryPoint","urlTemplate":"https:\/\/evergetikon.eu\/?s={search_term_string}"},"query-input":{"@type":"PropertyValueSpecification","valueRequired":true,"valueName":"search_term_string"}}],"inLanguage":"es"},{"@type":"Organization","@id":"https:\/\/evergetikon.eu\/#organization","name":"evergetikon","url":"https:\/\/evergetikon.eu\/","logo":{"@type":"ImageObject","inLanguage":"es","@id":"https:\/\/evergetikon.eu\/#\/schema\/logo\/image\/","url":"https:\/\/exomh4ku2ih.exactdn.com\/wp-content\/uploads\/2025\/06\/Evergetikon-non-of.svg","contentUrl":"https:\/\/exomh4ku2ih.exactdn.com\/wp-content\/uploads\/2025\/06\/Evergetikon-non-of.svg","width":229,"height":70,"caption":"evergetikon"},"image":{"@id":"https:\/\/evergetikon.eu\/#\/schema\/logo\/image\/"}}]}},"_links":{"self":[{"href":"https:\/\/evergetikon.eu\/es\/wp-json\/wp\/v2\/product\/182","targetHints":{"allow":["GET"]}}],"collection":[{"href":"https:\/\/evergetikon.eu\/es\/wp-json\/wp\/v2\/product"}],"about":[{"href":"https:\/\/evergetikon.eu\/es\/wp-json\/wp\/v2\/types\/product"}],"replies":[{"embeddable":true,"href":"https:\/\/evergetikon.eu\/es\/wp-json\/wp\/v2\/comments?post=182"}],"version-history":[{"count":1,"href":"https:\/\/evergetikon.eu\/es\/wp-json\/wp\/v2\/product\/182\/revisions"}],"predecessor-version":[{"id":11290,"href":"https:\/\/evergetikon.eu\/es\/wp-json\/wp\/v2\/product\/182\/revisions\/11290"}],"wp:featuredmedia":[{"embeddable":true,"href":"https:\/\/evergetikon.eu\/es\/wp-json\/"}],"wp:attachment":[{"href":"https:\/\/evergetikon.eu\/es\/wp-json\/wp\/v2\/media?parent=182"}],"wp:term":[{"taxonomy":"product_brand","embeddable":true,"href":"https:\/\/evergetikon.eu\/es\/wp-json\/wp\/v2\/product_brand?post=182"},{"taxonomy":"product_cat","embeddable":true,"href":"https:\/\/evergetikon.eu\/es\/wp-json\/wp\/v2\/product_cat?post=182"},{"taxonomy":"product_tag","embeddable":true,"href":"https:\/\/evergetikon.eu\/es\/wp-json\/wp\/v2\/product_tag?post=182"}],"curies":[{"name":"wp","href":"https:\/\/api.w.org\/{rel}","templated":true}]}}