{"id":169,"date":"2022-12-24T21:25:44","date_gmt":"2022-12-24T21:25:44","guid":{"rendered":"https:\/\/evergetikon.nl\/?product=etherische-olie-lavendel-evergetikon"},"modified":"2026-04-11T16:41:38","modified_gmt":"2026-04-11T16:41:38","slug":"etherische-olie-lavendel-evergetikon","status":"publish","type":"product","link":"https:\/\/evergetikon.eu\/es\/producto\/aceite-esencial-lavanda-evergetikon\/","title":{"rendered":"Aceite esencial - Lavanda - Evergetikon"},"content":{"rendered":"<h2>Evergetikon Aceite esencial de lavanda<\/h2>\n<p>Descubra el relajante mundo del aceite esencial puro de lavanda Evergetikon y experimente la m\u00e1xima relajaci\u00f3n y bienestar. Nuestro aceite de lavanda cuidadosamente formulado consta de 100% ingredientes naturales, dise\u00f1ados para enriquecer tu ajetreada vida con un momento de serenidad.<\/p>\n<p><strong>Poder calmante:<\/strong> Disfrute del reconfortante aroma de la lavanda, conocida por sus propiedades antiestr\u00e9s y favorecedoras del sue\u00f1o. Una sola gota puede ayudarte a crear un ambiente tranquilo y apacible, ideal para meditar o conciliar un sue\u00f1o reparador.<\/p>\n<p><strong>Revitalizar la piel y la mente:<\/strong> Utilice nuestro aceite de lavanda en su rutina diaria de cuidado de la piel para suavizarla e hidratarla. Perfecto para mezclar con lociones y cremas, este aceite ayuda a restaurar la luminosidad y flexibilidad naturales de la piel.<\/p>\n<p><strong>Crea tu Lugar de Descanso:<\/strong> Transforma cualquier habitaci\u00f3n en un oasis de calma utilizando el aceite de lavanda Evergetikon en velas caseras o evaporadores. El suave aroma floral crea una atm\u00f3sfera relajante, convirtiendo tu hogar en un refugio despu\u00e9s de un largo d\u00eda.<\/p>\n<p><strong>Lo mejor de la aromaterapia:<\/strong> Rod\u00e9ate de los beneficios de la aromaterapia con nuestro aceite esencial de lavanda, fuente de belleza natural y calma interior. A\u00f1ade un toque de Evergetikon a tu d\u00eda y reg\u00e1late un merecido descanso para el cuerpo y la mente.<\/p>\n<p>Experimente la versatilidad del aceite esencial de lavanda Evergetikon y d\u00e9 un impulso natural a su bienestar.<\/p>","protected":false},"excerpt":{"rendered":"<p>Experimente el efecto calmante del aceite esencial de lavanda Evergetikon puro y traiga m\u00e1s paz a su vida. Con una sola gota, puede crear un ambiente sereno ideal para relajarse o dormir bien. Enriquezca su ritual de cuidado de la piel y transforme su hogar en un oasis de calma.<\/p>","protected":false},"featured_media":100000018610,"comment_status":"open","ping_status":"closed","template":"","meta":[],"product_brand":[],"product_cat":[68,133],"product_tag":[],"class_list":{"0":"post-169","1":"product","2":"type-product","3":"status-publish","4":"has-post-thumbnail","6":"product_cat-etherische-olie","7":"product_cat-lavendel","9":"first","10":"instock","11":"taxable","12":"shipping-taxable","13":"purchasable","14":"product-type-simple"},"yoast_head":"<!-- This site is optimized with the Yoast SEO plugin v27.3 - https:\/\/yoast.com\/product\/yoast-seo-wordpress\/ -->\n<title>Etherische olie - Lavendel - Evergetikon - evergetikon<\/title>\n<meta name=\"robots\" content=\"index, follow, max-snippet:-1, max-image-preview:large, max-video-preview:-1\" \/>\n<link rel=\"canonical\" href=\"https:\/\/evergetikon.eu\/es\/producto\/aceite-esencial-lavanda-evergetikon\/\" \/>\n<meta property=\"og:locale\" content=\"es_ES\" \/>\n<meta property=\"og:type\" content=\"article\" \/>\n<meta property=\"og:title\" content=\"Etherische olie - Lavendel - Evergetikon - evergetikon\" \/>\n<meta property=\"og:description\" content=\"Beleef de kalmerende werking van de pure Evergetikon etherische lavendelolie en breng meer rust in je leven. Met slechts \u00e9\u00e9n druppel cre\u00eber je een serene omgeving die ideaal is voor ontspanning of een goede nachtrust. Verrijk je huidverzorgingsritueel en verander je huis in een oase van kalmte.\" \/>\n<meta property=\"og:url\" content=\"https:\/\/evergetikon.eu\/es\/producto\/aceite-esencial-lavanda-evergetikon\/\" \/>\n<meta property=\"og:site_name\" content=\"evergetikon\" \/>\n<meta property=\"article:modified_time\" content=\"2026-04-11T16:41:38+00:00\" \/>\n<meta name=\"twitter:card\" content=\"summary_large_image\" \/>\n<meta name=\"twitter:label1\" content=\"Tiempo de lectura\" \/>\n\t<meta name=\"twitter:data1\" content=\"1 minuto\" \/>\n<script type=\"application\/ld+json\" class=\"yoast-schema-graph\">{\"@context\":\"https:\\\/\\\/schema.org\",\"@graph\":[{\"@type\":\"WebPage\",\"@id\":\"https:\\\/\\\/evergetikon.eu\\\/product\\\/etherische-olie-lavendel-evergetikon\\\/\",\"url\":\"https:\\\/\\\/evergetikon.eu\\\/product\\\/etherische-olie-lavendel-evergetikon\\\/\",\"name\":\"Etherische olie - Lavendel - Evergetikon - evergetikon\",\"isPartOf\":{\"@id\":\"https:\\\/\\\/evergetikon.eu\\\/#website\"},\"primaryImageOfPage\":{\"@id\":\"https:\\\/\\\/evergetikon.eu\\\/product\\\/etherische-olie-lavendel-evergetikon\\\/#primaryimage\"},\"image\":{\"@id\":\"https:\\\/\\\/evergetikon.eu\\\/product\\\/etherische-olie-lavendel-evergetikon\\\/#primaryimage\"},\"thumbnailUrl\":\"https:\\\/\\\/purehealthstore.nl\\\/wp-content\\\/uploads\\\/2022\\\/12\\\/etherische-olie-lavendel.png\",\"datePublished\":\"2022-12-24T21:25:44+00:00\",\"dateModified\":\"2026-04-11T16:41:38+00:00\",\"breadcrumb\":{\"@id\":\"https:\\\/\\\/evergetikon.eu\\\/product\\\/etherische-olie-lavendel-evergetikon\\\/#breadcrumb\"},\"inLanguage\":\"es\",\"potentialAction\":[{\"@type\":\"ReadAction\",\"target\":[\"https:\\\/\\\/evergetikon.eu\\\/product\\\/etherische-olie-lavendel-evergetikon\\\/\"]}]},{\"@type\":\"ImageObject\",\"inLanguage\":\"es\",\"@id\":\"https:\\\/\\\/evergetikon.eu\\\/product\\\/etherische-olie-lavendel-evergetikon\\\/#primaryimage\",\"url\":\"https:\\\/\\\/purehealthstore.nl\\\/wp-content\\\/uploads\\\/2022\\\/12\\\/etherische-olie-lavendel.png\",\"contentUrl\":\"https:\\\/\\\/purehealthstore.nl\\\/wp-content\\\/uploads\\\/2022\\\/12\\\/etherische-olie-lavendel.png\"},{\"@type\":\"BreadcrumbList\",\"@id\":\"https:\\\/\\\/evergetikon.eu\\\/product\\\/etherische-olie-lavendel-evergetikon\\\/#breadcrumb\",\"itemListElement\":[{\"@type\":\"ListItem\",\"position\":1,\"name\":\"Home\",\"item\":\"https:\\\/\\\/evergetikon.eu\\\/\"},{\"@type\":\"ListItem\",\"position\":2,\"name\":\"Shop\",\"item\":\"https:\\\/\\\/evergetikon.eu\\\/shop\\\/\"},{\"@type\":\"ListItem\",\"position\":3,\"name\":\"Etherische olie &#8211; Lavendel &#8211; Evergetikon\"}]},{\"@type\":\"WebSite\",\"@id\":\"https:\\\/\\\/evergetikon.eu\\\/#website\",\"url\":\"https:\\\/\\\/evergetikon.eu\\\/\",\"name\":\"evergetikon\",\"description\":\"\",\"publisher\":{\"@id\":\"https:\\\/\\\/evergetikon.eu\\\/#organization\"},\"potentialAction\":[{\"@type\":\"SearchAction\",\"target\":{\"@type\":\"EntryPoint\",\"urlTemplate\":\"https:\\\/\\\/evergetikon.eu\\\/?s={search_term_string}\"},\"query-input\":{\"@type\":\"PropertyValueSpecification\",\"valueRequired\":true,\"valueName\":\"search_term_string\"}}],\"inLanguage\":\"es\"},{\"@type\":\"Organization\",\"@id\":\"https:\\\/\\\/evergetikon.eu\\\/#organization\",\"name\":\"evergetikon\",\"url\":\"https:\\\/\\\/evergetikon.eu\\\/\",\"logo\":{\"@type\":\"ImageObject\",\"inLanguage\":\"es\",\"@id\":\"https:\\\/\\\/evergetikon.eu\\\/#\\\/schema\\\/logo\\\/image\\\/\",\"url\":\"https:\\\/\\\/exomh4ku2ih.exactdn.com\\\/wp-content\\\/uploads\\\/2025\\\/06\\\/Evergetikon-non-of.svg\",\"contentUrl\":\"https:\\\/\\\/exomh4ku2ih.exactdn.com\\\/wp-content\\\/uploads\\\/2025\\\/06\\\/Evergetikon-non-of.svg\",\"width\":229,\"height\":70,\"caption\":\"evergetikon\"},\"image\":{\"@id\":\"https:\\\/\\\/evergetikon.eu\\\/#\\\/schema\\\/logo\\\/image\\\/\"}}]}<\/script>\n<!-- \/ Yoast SEO plugin. -->","yoast_head_json":{"title":"Aceite esencial - Lavanda - Evergetikon","robots":{"index":"index","follow":"follow","max-snippet":"max-snippet:-1","max-image-preview":"max-image-preview:large","max-video-preview":"max-video-preview:-1"},"canonical":"https:\/\/evergetikon.eu\/es\/producto\/aceite-esencial-lavanda-evergetikon\/","og_locale":"es_ES","og_type":"article","og_title":"Etherische olie - Lavendel - Evergetikon - evergetikon","og_description":"Beleef de kalmerende werking van de pure Evergetikon etherische lavendelolie en breng meer rust in je leven. Met slechts \u00e9\u00e9n druppel cre\u00eber je een serene omgeving die ideaal is voor ontspanning of een goede nachtrust. Verrijk je huidverzorgingsritueel en verander je huis in een oase van kalmte.","og_url":"https:\/\/evergetikon.eu\/es\/producto\/aceite-esencial-lavanda-evergetikon\/","og_site_name":"evergetikon","article_modified_time":"2026-04-11T16:41:38+00:00","twitter_card":"summary_large_image","twitter_misc":{"Tiempo de lectura":"1 minuto"},"schema":{"@context":"https:\/\/schema.org","@graph":[{"@type":"WebPage","@id":"https:\/\/evergetikon.eu\/product\/etherische-olie-lavendel-evergetikon\/","url":"https:\/\/evergetikon.eu\/product\/etherische-olie-lavendel-evergetikon\/","name":"Aceite esencial - Lavanda - Evergetikon","isPartOf":{"@id":"https:\/\/evergetikon.eu\/#website"},"primaryImageOfPage":{"@id":"https:\/\/evergetikon.eu\/product\/etherische-olie-lavendel-evergetikon\/#primaryimage"},"image":{"@id":"https:\/\/evergetikon.eu\/product\/etherische-olie-lavendel-evergetikon\/#primaryimage"},"thumbnailUrl":"https:\/\/purehealthstore.nl\/wp-content\/uploads\/2022\/12\/etherische-olie-lavendel.png","datePublished":"2022-12-24T21:25:44+00:00","dateModified":"2026-04-11T16:41:38+00:00","breadcrumb":{"@id":"https:\/\/evergetikon.eu\/product\/etherische-olie-lavendel-evergetikon\/#breadcrumb"},"inLanguage":"es","potentialAction":[{"@type":"ReadAction","target":["https:\/\/evergetikon.eu\/product\/etherische-olie-lavendel-evergetikon\/"]}]},{"@type":"ImageObject","inLanguage":"es","@id":"https:\/\/evergetikon.eu\/product\/etherische-olie-lavendel-evergetikon\/#primaryimage","url":"https:\/\/purehealthstore.nl\/wp-content\/uploads\/2022\/12\/etherische-olie-lavendel.png","contentUrl":"https:\/\/purehealthstore.nl\/wp-content\/uploads\/2022\/12\/etherische-olie-lavendel.png"},{"@type":"BreadcrumbList","@id":"https:\/\/evergetikon.eu\/product\/etherische-olie-lavendel-evergetikon\/#breadcrumb","itemListElement":[{"@type":"ListItem","position":1,"name":"Home","item":"https:\/\/evergetikon.eu\/"},{"@type":"ListItem","position":2,"name":"Shop","item":"https:\/\/evergetikon.eu\/shop\/"},{"@type":"ListItem","position":3,"name":"Etherische olie &#8211; Lavendel &#8211; Evergetikon"}]},{"@type":"WebSite","@id":"https:\/\/evergetikon.eu\/#website","url":"https:\/\/evergetikon.eu\/","name":"evergetikon","description":"","publisher":{"@id":"https:\/\/evergetikon.eu\/#organization"},"potentialAction":[{"@type":"SearchAction","target":{"@type":"EntryPoint","urlTemplate":"https:\/\/evergetikon.eu\/?s={search_term_string}"},"query-input":{"@type":"PropertyValueSpecification","valueRequired":true,"valueName":"search_term_string"}}],"inLanguage":"es"},{"@type":"Organization","@id":"https:\/\/evergetikon.eu\/#organization","name":"evergetikon","url":"https:\/\/evergetikon.eu\/","logo":{"@type":"ImageObject","inLanguage":"es","@id":"https:\/\/evergetikon.eu\/#\/schema\/logo\/image\/","url":"https:\/\/exomh4ku2ih.exactdn.com\/wp-content\/uploads\/2025\/06\/Evergetikon-non-of.svg","contentUrl":"https:\/\/exomh4ku2ih.exactdn.com\/wp-content\/uploads\/2025\/06\/Evergetikon-non-of.svg","width":229,"height":70,"caption":"evergetikon"},"image":{"@id":"https:\/\/evergetikon.eu\/#\/schema\/logo\/image\/"}}]}},"_links":{"self":[{"href":"https:\/\/evergetikon.eu\/es\/wp-json\/wp\/v2\/product\/169","targetHints":{"allow":["GET"]}}],"collection":[{"href":"https:\/\/evergetikon.eu\/es\/wp-json\/wp\/v2\/product"}],"about":[{"href":"https:\/\/evergetikon.eu\/es\/wp-json\/wp\/v2\/types\/product"}],"replies":[{"embeddable":true,"href":"https:\/\/evergetikon.eu\/es\/wp-json\/wp\/v2\/comments?post=169"}],"version-history":[{"count":0,"href":"https:\/\/evergetikon.eu\/es\/wp-json\/wp\/v2\/product\/169\/revisions"}],"wp:featuredmedia":[{"embeddable":true,"href":"https:\/\/evergetikon.eu\/es\/wp-json\/"}],"wp:attachment":[{"href":"https:\/\/evergetikon.eu\/es\/wp-json\/wp\/v2\/media?parent=169"}],"wp:term":[{"taxonomy":"product_brand","embeddable":true,"href":"https:\/\/evergetikon.eu\/es\/wp-json\/wp\/v2\/product_brand?post=169"},{"taxonomy":"product_cat","embeddable":true,"href":"https:\/\/evergetikon.eu\/es\/wp-json\/wp\/v2\/product_cat?post=169"},{"taxonomy":"product_tag","embeddable":true,"href":"https:\/\/evergetikon.eu\/es\/wp-json\/wp\/v2\/product_tag?post=169"}],"curies":[{"name":"wp","href":"https:\/\/api.w.org\/{rel}","templated":true}]}}