{"id":10999,"date":"2025-12-21T13:20:20","date_gmt":"2025-12-21T13:20:20","guid":{"rendered":"https:\/\/evergetikon.eu\/?post_type=product&p=10999"},"modified":"2026-04-02T05:45:14","modified_gmt":"2026-04-02T05:45:14","slug":"gezichtsscrub-evergetikon-15ml","status":"publish","type":"product","link":"https:\/\/evergetikon.eu\/es\/producto\/exfoliante-facial-evergetikon-15ml\/","title":{"rendered":"Exfoliante facial - Evergetikon - 15ml"},"content":{"rendered":"<h2>Exfoliante facial Evergetikon para una piel radiante<\/h2>\n<p><strong>Experimenta una piel radiante con el exfoliante facial natural de Evergetikon.<\/strong><\/p>\n<p>Este exfoliante combina el poder iluminador de la naranja con el poder exfoliante de los huesos de albaricoque para conseguir un cutis sedoso y revitalizado.<\/p>\n<h3><strong>Beneficios del exfoliante facial<\/strong><\/h3>\n<p><strong>Piel suave y rejuvenecida<\/strong><br \/>\nEl exfoliante elimina las c\u00e9lulas muertas y las impurezas, dando como resultado una piel m\u00e1s suave y joven con un brillo radiante.<\/p>\n<p><strong>Aumenta la claridad de la piel<\/strong><br \/>\nEl naranja es conocido por su capacidad para iluminar la tez, d\u00e1ndole un aspecto uniforme y luminoso.<\/p>\n<p><strong>Mejora de la circulaci\u00f3n sangu\u00ednea<\/strong><br \/>\nLa exfoliaci\u00f3n suave estimula el flujo sangu\u00edneo y la producci\u00f3n de col\u00e1geno, lo que se traduce en una piel m\u00e1s firme y el\u00e1stica.<\/p>\n<h3><strong>Consejos de uso<\/strong><\/h3>\n<p><strong>Rutina nocturna:<\/strong><br \/>\nUtiliza el exfoliante por la noche para que tu piel se recupere durante la noche.<\/p>\n<p><strong>Hidrataci\u00f3n:<\/strong><br \/>\nTras la exfoliaci\u00f3n, una crema hidratante o un s\u00e9rum proporcionan un cuidado extra.<\/p>\n<p><strong>Protecci\u00f3n solar:<\/strong><br \/>\nDespu\u00e9s de utilizar el exfoliante, prot\u00e9gete del sol con un buen protector solar.<\/p>\n<p><strong>Precauci\u00f3n:<\/strong><br \/>\nPruebe primero en un trozo peque\u00f1o de piel para evitar cualquier reacci\u00f3n.<\/p>\n<p><strong>Experimenta la diferencia con Evergetikon y dale a tu piel los mimos que se merece.<\/strong><\/p>","protected":false},"excerpt":{"rendered":"<p>Transforme su rutina de cuidado de la piel con el exfoliante facial natural de Evergetikon. Esta mezcla \u00fanica de semillas de naranja y albaricoque crea una piel radiante, suave y rejuvenecida. \u00a1Dale ahora a tu piel el cuidado que se merece con un aspecto sano y claro!<\/p>","protected":false},"featured_media":274,"comment_status":"open","ping_status":"closed","template":"","meta":[],"product_brand":[],"product_cat":[89,24],"product_tag":[],"class_list":{"0":"post-10999","1":"product","2":"type-product","3":"status-publish","4":"has-post-thumbnail","6":"product_cat-gezichtsscrubs","7":"product_cat-natuurlijke-gezichtsverzorging","9":"first","10":"instock","11":"taxable","12":"shipping-taxable","13":"purchasable","14":"product-type-simple"},"yoast_head":"<!-- This site is optimized with the Yoast SEO plugin v27.4 - https:\/\/yoast.com\/product\/yoast-seo-wordpress\/ -->\n<title>Gezichtsscrub - Evergetikon - 15ml - evergetikon<\/title>\n<meta name=\"robots\" content=\"index, follow, max-snippet:-1, max-image-preview:large, max-video-preview:-1\" \/>\n<link rel=\"canonical\" href=\"https:\/\/evergetikon.eu\/es\/producto\/exfoliante-facial-evergetikon-15ml\/\" \/>\n<meta property=\"og:locale\" content=\"es_ES\" \/>\n<meta property=\"og:type\" content=\"article\" \/>\n<meta property=\"og:title\" content=\"Gezichtsscrub - Evergetikon - 15ml - evergetikon\" \/>\n<meta property=\"og:description\" content=\"Transformeer je huidverzorgingsroutine met Evergetikon&#039;s natuurlijke gezichtsscrub. Deze unieke mix van sinaasappel en abrikoospitten zorgt voor een stralende, zachte en verjongde huid. Geef je huid nu de zorg die het verdient met een gezonde en heldere uitstraling!\" \/>\n<meta property=\"og:url\" content=\"https:\/\/evergetikon.eu\/es\/producto\/exfoliante-facial-evergetikon-15ml\/\" \/>\n<meta property=\"og:site_name\" content=\"evergetikon\" \/>\n<meta property=\"article:modified_time\" content=\"2026-04-02T05:45:14+00:00\" \/>\n<meta property=\"og:image\" content=\"https:\/\/exomh4ku2ih.exactdn.com\/wp-content\/uploads\/2024\/06\/natuurlijke-gezichtsscrub.jpg?strip=all\" \/>\n\t<meta property=\"og:image:width\" content=\"1024\" \/>\n\t<meta property=\"og:image:height\" content=\"861\" \/>\n\t<meta property=\"og:image:type\" content=\"image\/jpeg\" \/>\n<meta name=\"twitter:card\" content=\"summary_large_image\" \/>\n<meta name=\"twitter:label1\" content=\"Tiempo de lectura\" \/>\n\t<meta name=\"twitter:data1\" content=\"1 minuto\" \/>\n<script type=\"application\/ld+json\" class=\"yoast-schema-graph\">{\"@context\":\"https:\\\/\\\/schema.org\",\"@graph\":[{\"@type\":\"WebPage\",\"@id\":\"https:\\\/\\\/evergetikon.eu\\\/product\\\/gezichtsscrub-evergetikon-15ml\\\/\",\"url\":\"https:\\\/\\\/evergetikon.eu\\\/product\\\/gezichtsscrub-evergetikon-15ml\\\/\",\"name\":\"Gezichtsscrub - Evergetikon - 15ml - evergetikon\",\"isPartOf\":{\"@id\":\"https:\\\/\\\/evergetikon.eu\\\/#website\"},\"primaryImageOfPage\":{\"@id\":\"https:\\\/\\\/evergetikon.eu\\\/product\\\/gezichtsscrub-evergetikon-15ml\\\/#primaryimage\"},\"image\":{\"@id\":\"https:\\\/\\\/evergetikon.eu\\\/product\\\/gezichtsscrub-evergetikon-15ml\\\/#primaryimage\"},\"thumbnailUrl\":\"https:\\\/\\\/evergetikon.eu\\\/wp-content\\\/uploads\\\/2024\\\/06\\\/natuurlijke-gezichtsscrub.jpg\",\"datePublished\":\"2025-12-21T13:20:20+00:00\",\"dateModified\":\"2026-04-02T05:45:14+00:00\",\"breadcrumb\":{\"@id\":\"https:\\\/\\\/evergetikon.eu\\\/product\\\/gezichtsscrub-evergetikon-15ml\\\/#breadcrumb\"},\"inLanguage\":\"es\",\"potentialAction\":[{\"@type\":\"ReadAction\",\"target\":[\"https:\\\/\\\/evergetikon.eu\\\/product\\\/gezichtsscrub-evergetikon-15ml\\\/\"]}]},{\"@type\":\"ImageObject\",\"inLanguage\":\"es\",\"@id\":\"https:\\\/\\\/evergetikon.eu\\\/product\\\/gezichtsscrub-evergetikon-15ml\\\/#primaryimage\",\"url\":\"https:\\\/\\\/evergetikon.eu\\\/wp-content\\\/uploads\\\/2024\\\/06\\\/natuurlijke-gezichtsscrub.jpg\",\"contentUrl\":\"https:\\\/\\\/evergetikon.eu\\\/wp-content\\\/uploads\\\/2024\\\/06\\\/natuurlijke-gezichtsscrub.jpg\",\"width\":1024,\"height\":861,\"caption\":\"natuurlijke gezichtsscrub\"},{\"@type\":\"BreadcrumbList\",\"@id\":\"https:\\\/\\\/evergetikon.eu\\\/product\\\/gezichtsscrub-evergetikon-15ml\\\/#breadcrumb\",\"itemListElement\":[{\"@type\":\"ListItem\",\"position\":1,\"name\":\"Home\",\"item\":\"https:\\\/\\\/evergetikon.eu\\\/\"},{\"@type\":\"ListItem\",\"position\":2,\"name\":\"Shop\",\"item\":\"https:\\\/\\\/evergetikon.eu\\\/shop\\\/\"},{\"@type\":\"ListItem\",\"position\":3,\"name\":\"Gezichtsscrub &#8211; Evergetikon &#8211; 15ml\"}]},{\"@type\":\"WebSite\",\"@id\":\"https:\\\/\\\/evergetikon.eu\\\/#website\",\"url\":\"https:\\\/\\\/evergetikon.eu\\\/\",\"name\":\"evergetikon\",\"description\":\"\",\"publisher\":{\"@id\":\"https:\\\/\\\/evergetikon.eu\\\/#organization\"},\"potentialAction\":[{\"@type\":\"SearchAction\",\"target\":{\"@type\":\"EntryPoint\",\"urlTemplate\":\"https:\\\/\\\/evergetikon.eu\\\/?s={search_term_string}\"},\"query-input\":{\"@type\":\"PropertyValueSpecification\",\"valueRequired\":true,\"valueName\":\"search_term_string\"}}],\"inLanguage\":\"es\"},{\"@type\":\"Organization\",\"@id\":\"https:\\\/\\\/evergetikon.eu\\\/#organization\",\"name\":\"evergetikon\",\"url\":\"https:\\\/\\\/evergetikon.eu\\\/\",\"logo\":{\"@type\":\"ImageObject\",\"inLanguage\":\"es\",\"@id\":\"https:\\\/\\\/evergetikon.eu\\\/#\\\/schema\\\/logo\\\/image\\\/\",\"url\":\"https:\\\/\\\/evergetikon.eu\\\/wp-content\\\/uploads\\\/2025\\\/06\\\/Evergetikon-non-of.svg\",\"contentUrl\":\"https:\\\/\\\/evergetikon.eu\\\/wp-content\\\/uploads\\\/2025\\\/06\\\/Evergetikon-non-of.svg\",\"width\":229,\"height\":70,\"caption\":\"evergetikon\"},\"image\":{\"@id\":\"https:\\\/\\\/evergetikon.eu\\\/#\\\/schema\\\/logo\\\/image\\\/\"}}]}<\/script>\n<!-- \/ Yoast SEO plugin. -->","yoast_head_json":{"title":"Exfoliante facial - Evergetikon - 15ml - evergetikon","robots":{"index":"index","follow":"follow","max-snippet":"max-snippet:-1","max-image-preview":"max-image-preview:large","max-video-preview":"max-video-preview:-1"},"canonical":"https:\/\/evergetikon.eu\/es\/producto\/exfoliante-facial-evergetikon-15ml\/","og_locale":"es_ES","og_type":"article","og_title":"Gezichtsscrub - Evergetikon - 15ml - evergetikon","og_description":"Transformeer je huidverzorgingsroutine met Evergetikon's natuurlijke gezichtsscrub. Deze unieke mix van sinaasappel en abrikoospitten zorgt voor een stralende, zachte en verjongde huid. Geef je huid nu de zorg die het verdient met een gezonde en heldere uitstraling!","og_url":"https:\/\/evergetikon.eu\/es\/producto\/exfoliante-facial-evergetikon-15ml\/","og_site_name":"evergetikon","article_modified_time":"2026-04-02T05:45:14+00:00","og_image":[{"width":1024,"height":861,"url":"https:\/\/exomh4ku2ih.exactdn.com\/wp-content\/uploads\/2024\/06\/natuurlijke-gezichtsscrub.jpg?strip=all","type":"image\/jpeg"}],"twitter_card":"summary_large_image","twitter_misc":{"Tiempo de lectura":"1 minuto"},"schema":{"@context":"https:\/\/schema.org","@graph":[{"@type":"WebPage","@id":"https:\/\/evergetikon.eu\/product\/gezichtsscrub-evergetikon-15ml\/","url":"https:\/\/evergetikon.eu\/product\/gezichtsscrub-evergetikon-15ml\/","name":"Exfoliante facial - Evergetikon - 15ml - evergetikon","isPartOf":{"@id":"https:\/\/evergetikon.eu\/#website"},"primaryImageOfPage":{"@id":"https:\/\/evergetikon.eu\/product\/gezichtsscrub-evergetikon-15ml\/#primaryimage"},"image":{"@id":"https:\/\/evergetikon.eu\/product\/gezichtsscrub-evergetikon-15ml\/#primaryimage"},"thumbnailUrl":"https:\/\/evergetikon.eu\/wp-content\/uploads\/2024\/06\/natuurlijke-gezichtsscrub.jpg","datePublished":"2025-12-21T13:20:20+00:00","dateModified":"2026-04-02T05:45:14+00:00","breadcrumb":{"@id":"https:\/\/evergetikon.eu\/product\/gezichtsscrub-evergetikon-15ml\/#breadcrumb"},"inLanguage":"es","potentialAction":[{"@type":"ReadAction","target":["https:\/\/evergetikon.eu\/product\/gezichtsscrub-evergetikon-15ml\/"]}]},{"@type":"ImageObject","inLanguage":"es","@id":"https:\/\/evergetikon.eu\/product\/gezichtsscrub-evergetikon-15ml\/#primaryimage","url":"https:\/\/evergetikon.eu\/wp-content\/uploads\/2024\/06\/natuurlijke-gezichtsscrub.jpg","contentUrl":"https:\/\/evergetikon.eu\/wp-content\/uploads\/2024\/06\/natuurlijke-gezichtsscrub.jpg","width":1024,"height":861,"caption":"natuurlijke gezichtsscrub"},{"@type":"BreadcrumbList","@id":"https:\/\/evergetikon.eu\/product\/gezichtsscrub-evergetikon-15ml\/#breadcrumb","itemListElement":[{"@type":"ListItem","position":1,"name":"Home","item":"https:\/\/evergetikon.eu\/"},{"@type":"ListItem","position":2,"name":"Shop","item":"https:\/\/evergetikon.eu\/shop\/"},{"@type":"ListItem","position":3,"name":"Gezichtsscrub &#8211; Evergetikon &#8211; 15ml"}]},{"@type":"WebSite","@id":"https:\/\/evergetikon.eu\/#website","url":"https:\/\/evergetikon.eu\/","name":"evergetikon","description":"","publisher":{"@id":"https:\/\/evergetikon.eu\/#organization"},"potentialAction":[{"@type":"SearchAction","target":{"@type":"EntryPoint","urlTemplate":"https:\/\/evergetikon.eu\/?s={search_term_string}"},"query-input":{"@type":"PropertyValueSpecification","valueRequired":true,"valueName":"search_term_string"}}],"inLanguage":"es"},{"@type":"Organization","@id":"https:\/\/evergetikon.eu\/#organization","name":"evergetikon","url":"https:\/\/evergetikon.eu\/","logo":{"@type":"ImageObject","inLanguage":"es","@id":"https:\/\/evergetikon.eu\/#\/schema\/logo\/image\/","url":"https:\/\/evergetikon.eu\/wp-content\/uploads\/2025\/06\/Evergetikon-non-of.svg","contentUrl":"https:\/\/evergetikon.eu\/wp-content\/uploads\/2025\/06\/Evergetikon-non-of.svg","width":229,"height":70,"caption":"evergetikon"},"image":{"@id":"https:\/\/evergetikon.eu\/#\/schema\/logo\/image\/"}}]}},"_links":{"self":[{"href":"https:\/\/evergetikon.eu\/es\/wp-json\/wp\/v2\/product\/10999","targetHints":{"allow":["GET"]}}],"collection":[{"href":"https:\/\/evergetikon.eu\/es\/wp-json\/wp\/v2\/product"}],"about":[{"href":"https:\/\/evergetikon.eu\/es\/wp-json\/wp\/v2\/types\/product"}],"replies":[{"embeddable":true,"href":"https:\/\/evergetikon.eu\/es\/wp-json\/wp\/v2\/comments?post=10999"}],"version-history":[{"count":0,"href":"https:\/\/evergetikon.eu\/es\/wp-json\/wp\/v2\/product\/10999\/revisions"}],"wp:featuredmedia":[{"embeddable":true,"href":"https:\/\/evergetikon.eu\/es\/wp-json\/wp\/v2\/media\/274"}],"wp:attachment":[{"href":"https:\/\/evergetikon.eu\/es\/wp-json\/wp\/v2\/media?parent=10999"}],"wp:term":[{"taxonomy":"product_brand","embeddable":true,"href":"https:\/\/evergetikon.eu\/es\/wp-json\/wp\/v2\/product_brand?post=10999"},{"taxonomy":"product_cat","embeddable":true,"href":"https:\/\/evergetikon.eu\/es\/wp-json\/wp\/v2\/product_cat?post=10999"},{"taxonomy":"product_tag","embeddable":true,"href":"https:\/\/evergetikon.eu\/es\/wp-json\/wp\/v2\/product_tag?post=10999"}],"curies":[{"name":"wp","href":"https:\/\/api.w.org\/{rel}","templated":true}]}}