{"id":203,"date":"2022-10-08T19:54:32","date_gmt":"2022-10-08T19:54:32","guid":{"rendered":"https:\/\/evergetikon.nl\/?product=gezichtsmasker-roze-klei-evergetikon"},"modified":"2026-02-25T15:15:33","modified_gmt":"2026-02-25T15:15:33","slug":"gezichtsmasker-roze-klei-evergetikon","status":"publish","type":"product","link":"https:\/\/evergetikon.eu\/en\/product\/face-mask-pink-clay-evergetikon\/","title":{"rendered":"Face mask pink clay - Evergetikon"},"content":{"rendered":"<h2>Natural face mask with pink clay<\/h2>\n<p>The pink clay is gentle, ideal for sensitive skin. It stimulates the skin's circulation while gently exfoliating and cleansing. It improves microcirculation and adds radiance to dull, tired skin. It does not pull the oils from the skin and can therefore be used for dry skins.<\/p>\n<h2>How to use the pink clay face mask<\/h2>\n<p>Mix 2 teaspoons of clay, with 2 teaspoons of water, or with EVERGETIKON organic rose distillate. Mix well to make a creamy paste. Apply a thin layer on the face, avoiding eye contact, and leave on for 10 minutes. Rinse thoroughly with water or remove with cotton wool soaked in lukewarm water.<\/p>","protected":false},"excerpt":{"rendered":"<p>Mineral clays are real gold, full of trace elements and beneficial properties for the skin. The colour of cosmetic clays depends on the mineral substances it contains. The softest type of clay, pink clay and the wonderful ingredients that complement it, create a natural mask for the face with sensitive and dry skin. This mask nourishes the skin thanks to the ingredients with natural minerals and vitamins needed for skin beauty and moisture retention. Moreover, its long-term use stimulates blood circulation in the skin and improves microcirculation.<\/p>","protected":false},"featured_media":200,"comment_status":"open","ping_status":"closed","template":"","meta":[],"product_brand":[],"product_cat":[84,24],"product_tag":[],"class_list":{"0":"post-203","1":"product","2":"type-product","3":"status-publish","4":"has-post-thumbnail","6":"product_cat-natuurlijke-gezichtsmaskers","7":"product_cat-natuurlijke-gezichtsverzorging","9":"first","10":"instock","11":"taxable","12":"shipping-taxable","13":"purchasable","14":"product-type-simple"},"yoast_head":"<!-- This site is optimized with the Yoast SEO plugin v27.3 - https:\/\/yoast.com\/product\/yoast-seo-wordpress\/ -->\n<title>Gezichtsmasker roze klei - Evergetikon - evergetikon<\/title>\n<meta name=\"robots\" content=\"index, follow, max-snippet:-1, max-image-preview:large, max-video-preview:-1\" \/>\n<link rel=\"canonical\" href=\"https:\/\/evergetikon.eu\/en\/product\/face-mask-pink-clay-evergetikon\/\" \/>\n<meta property=\"og:locale\" content=\"en_GB\" \/>\n<meta property=\"og:type\" content=\"article\" \/>\n<meta property=\"og:title\" content=\"Gezichtsmasker roze klei - Evergetikon - evergetikon\" \/>\n<meta property=\"og:description\" content=\"Minerale kleien zijn echt goud, vol sporenelementen en gunstige eigenschappen voor de huid.\u00a0De kleur van de cosmetische klei is afhankelijk van de minerale stoffen die het bevat.\u00a0De zachtste kleisoort, roze klei en de prachtige ingredi\u00ebnten die het aanvullen, cre\u00ebren een natuurlijk masker voor het gezicht met een gevoelige en droge huid. Dit masker voedt de huid dankzij de ingredi\u00ebnten met natuurlijke mineralen en vitamines die nodig zijn voor de schoonheid van de huid en het vasthouden van vocht.\u00a0Bovendien stimuleert het langdurig gebruik van het product de bloedcirculatie in de huid en verbetert de microcirculatie.\" \/>\n<meta property=\"og:url\" content=\"https:\/\/evergetikon.eu\/en\/product\/face-mask-pink-clay-evergetikon\/\" \/>\n<meta property=\"og:site_name\" content=\"evergetikon\" \/>\n<meta property=\"article:modified_time\" content=\"2026-02-25T15:15:33+00:00\" \/>\n<meta property=\"og:image\" content=\"https:\/\/evergetikon.eu\/wp-content\/uploads\/2024\/06\/gezichtsmasker-natuurlijk-roze-klei.jpg\" \/>\n\t<meta property=\"og:image:width\" content=\"1024\" \/>\n\t<meta property=\"og:image:height\" content=\"861\" \/>\n\t<meta property=\"og:image:type\" content=\"image\/jpeg\" \/>\n<meta name=\"twitter:card\" content=\"summary_large_image\" \/>\n<meta name=\"twitter:label1\" content=\"Estimated reading time\" \/>\n\t<meta name=\"twitter:data1\" content=\"1 minute\" \/>\n<script type=\"application\/ld+json\" class=\"yoast-schema-graph\">{\"@context\":\"https:\\\/\\\/schema.org\",\"@graph\":[{\"@type\":\"WebPage\",\"@id\":\"https:\\\/\\\/evergetikon.eu\\\/product\\\/gezichtsmasker-roze-klei-evergetikon\\\/\",\"url\":\"https:\\\/\\\/evergetikon.eu\\\/product\\\/gezichtsmasker-roze-klei-evergetikon\\\/\",\"name\":\"Gezichtsmasker roze klei - Evergetikon - evergetikon\",\"isPartOf\":{\"@id\":\"https:\\\/\\\/evergetikon.eu\\\/#website\"},\"primaryImageOfPage\":{\"@id\":\"https:\\\/\\\/evergetikon.eu\\\/product\\\/gezichtsmasker-roze-klei-evergetikon\\\/#primaryimage\"},\"image\":{\"@id\":\"https:\\\/\\\/evergetikon.eu\\\/product\\\/gezichtsmasker-roze-klei-evergetikon\\\/#primaryimage\"},\"thumbnailUrl\":\"https:\\\/\\\/exomh4ku2ih.exactdn.com\\\/wp-content\\\/uploads\\\/2024\\\/06\\\/gezichtsmasker-natuurlijk-roze-klei.jpg?strip=all\",\"datePublished\":\"2022-10-08T19:54:32+00:00\",\"dateModified\":\"2026-02-25T15:15:33+00:00\",\"breadcrumb\":{\"@id\":\"https:\\\/\\\/evergetikon.eu\\\/product\\\/gezichtsmasker-roze-klei-evergetikon\\\/#breadcrumb\"},\"inLanguage\":\"en-GB\",\"potentialAction\":[{\"@type\":\"ReadAction\",\"target\":[\"https:\\\/\\\/evergetikon.eu\\\/product\\\/gezichtsmasker-roze-klei-evergetikon\\\/\"]}]},{\"@type\":\"ImageObject\",\"inLanguage\":\"en-GB\",\"@id\":\"https:\\\/\\\/evergetikon.eu\\\/product\\\/gezichtsmasker-roze-klei-evergetikon\\\/#primaryimage\",\"url\":\"https:\\\/\\\/exomh4ku2ih.exactdn.com\\\/wp-content\\\/uploads\\\/2024\\\/06\\\/gezichtsmasker-natuurlijk-roze-klei.jpg?strip=all\",\"contentUrl\":\"https:\\\/\\\/exomh4ku2ih.exactdn.com\\\/wp-content\\\/uploads\\\/2024\\\/06\\\/gezichtsmasker-natuurlijk-roze-klei.jpg?strip=all\",\"width\":1024,\"height\":861,\"caption\":\"gezichtsmasker roze klei\"},{\"@type\":\"BreadcrumbList\",\"@id\":\"https:\\\/\\\/evergetikon.eu\\\/product\\\/gezichtsmasker-roze-klei-evergetikon\\\/#breadcrumb\",\"itemListElement\":[{\"@type\":\"ListItem\",\"position\":1,\"name\":\"Home\",\"item\":\"https:\\\/\\\/evergetikon.eu\\\/\"},{\"@type\":\"ListItem\",\"position\":2,\"name\":\"Shop\",\"item\":\"https:\\\/\\\/evergetikon.eu\\\/shop\\\/\"},{\"@type\":\"ListItem\",\"position\":3,\"name\":\"Gezichtsmasker roze klei &#8211; Evergetikon\"}]},{\"@type\":\"WebSite\",\"@id\":\"https:\\\/\\\/evergetikon.eu\\\/#website\",\"url\":\"https:\\\/\\\/evergetikon.eu\\\/\",\"name\":\"evergetikon\",\"description\":\"\",\"publisher\":{\"@id\":\"https:\\\/\\\/evergetikon.eu\\\/#organization\"},\"potentialAction\":[{\"@type\":\"SearchAction\",\"target\":{\"@type\":\"EntryPoint\",\"urlTemplate\":\"https:\\\/\\\/evergetikon.eu\\\/?s={search_term_string}\"},\"query-input\":{\"@type\":\"PropertyValueSpecification\",\"valueRequired\":true,\"valueName\":\"search_term_string\"}}],\"inLanguage\":\"en-GB\"},{\"@type\":\"Organization\",\"@id\":\"https:\\\/\\\/evergetikon.eu\\\/#organization\",\"name\":\"evergetikon\",\"url\":\"https:\\\/\\\/evergetikon.eu\\\/\",\"logo\":{\"@type\":\"ImageObject\",\"inLanguage\":\"en-GB\",\"@id\":\"https:\\\/\\\/evergetikon.eu\\\/#\\\/schema\\\/logo\\\/image\\\/\",\"url\":\"https:\\\/\\\/exomh4ku2ih.exactdn.com\\\/wp-content\\\/uploads\\\/2025\\\/06\\\/Evergetikon-non-of.svg\",\"contentUrl\":\"https:\\\/\\\/exomh4ku2ih.exactdn.com\\\/wp-content\\\/uploads\\\/2025\\\/06\\\/Evergetikon-non-of.svg\",\"width\":229,\"height\":70,\"caption\":\"evergetikon\"},\"image\":{\"@id\":\"https:\\\/\\\/evergetikon.eu\\\/#\\\/schema\\\/logo\\\/image\\\/\"}}]}<\/script>\n<!-- \/ Yoast SEO plugin. -->","yoast_head_json":{"title":"Facial mask pink clay - Evergetikon","robots":{"index":"index","follow":"follow","max-snippet":"max-snippet:-1","max-image-preview":"max-image-preview:large","max-video-preview":"max-video-preview:-1"},"canonical":"https:\/\/evergetikon.eu\/en\/product\/face-mask-pink-clay-evergetikon\/","og_locale":"en_GB","og_type":"article","og_title":"Gezichtsmasker roze klei - Evergetikon - evergetikon","og_description":"Minerale kleien zijn echt goud, vol sporenelementen en gunstige eigenschappen voor de huid.\u00a0De kleur van de cosmetische klei is afhankelijk van de minerale stoffen die het bevat.\u00a0De zachtste kleisoort, roze klei en de prachtige ingredi\u00ebnten die het aanvullen, cre\u00ebren een natuurlijk masker voor het gezicht met een gevoelige en droge huid. Dit masker voedt de huid dankzij de ingredi\u00ebnten met natuurlijke mineralen en vitamines die nodig zijn voor de schoonheid van de huid en het vasthouden van vocht.\u00a0Bovendien stimuleert het langdurig gebruik van het product de bloedcirculatie in de huid en verbetert de microcirculatie.","og_url":"https:\/\/evergetikon.eu\/en\/product\/face-mask-pink-clay-evergetikon\/","og_site_name":"evergetikon","article_modified_time":"2026-02-25T15:15:33+00:00","og_image":[{"width":1024,"height":861,"url":"https:\/\/evergetikon.eu\/wp-content\/uploads\/2024\/06\/gezichtsmasker-natuurlijk-roze-klei.jpg","type":"image\/jpeg"}],"twitter_card":"summary_large_image","twitter_misc":{"Estimated reading time":"1 minute"},"schema":{"@context":"https:\/\/schema.org","@graph":[{"@type":"WebPage","@id":"https:\/\/evergetikon.eu\/product\/gezichtsmasker-roze-klei-evergetikon\/","url":"https:\/\/evergetikon.eu\/product\/gezichtsmasker-roze-klei-evergetikon\/","name":"Facial mask pink clay - Evergetikon","isPartOf":{"@id":"https:\/\/evergetikon.eu\/#website"},"primaryImageOfPage":{"@id":"https:\/\/evergetikon.eu\/product\/gezichtsmasker-roze-klei-evergetikon\/#primaryimage"},"image":{"@id":"https:\/\/evergetikon.eu\/product\/gezichtsmasker-roze-klei-evergetikon\/#primaryimage"},"thumbnailUrl":"https:\/\/exomh4ku2ih.exactdn.com\/wp-content\/uploads\/2024\/06\/gezichtsmasker-natuurlijk-roze-klei.jpg?strip=all","datePublished":"2022-10-08T19:54:32+00:00","dateModified":"2026-02-25T15:15:33+00:00","breadcrumb":{"@id":"https:\/\/evergetikon.eu\/product\/gezichtsmasker-roze-klei-evergetikon\/#breadcrumb"},"inLanguage":"en-GB","potentialAction":[{"@type":"ReadAction","target":["https:\/\/evergetikon.eu\/product\/gezichtsmasker-roze-klei-evergetikon\/"]}]},{"@type":"ImageObject","inLanguage":"en-GB","@id":"https:\/\/evergetikon.eu\/product\/gezichtsmasker-roze-klei-evergetikon\/#primaryimage","url":"https:\/\/exomh4ku2ih.exactdn.com\/wp-content\/uploads\/2024\/06\/gezichtsmasker-natuurlijk-roze-klei.jpg?strip=all","contentUrl":"https:\/\/exomh4ku2ih.exactdn.com\/wp-content\/uploads\/2024\/06\/gezichtsmasker-natuurlijk-roze-klei.jpg?strip=all","width":1024,"height":861,"caption":"gezichtsmasker roze klei"},{"@type":"BreadcrumbList","@id":"https:\/\/evergetikon.eu\/product\/gezichtsmasker-roze-klei-evergetikon\/#breadcrumb","itemListElement":[{"@type":"ListItem","position":1,"name":"Home","item":"https:\/\/evergetikon.eu\/"},{"@type":"ListItem","position":2,"name":"Shop","item":"https:\/\/evergetikon.eu\/shop\/"},{"@type":"ListItem","position":3,"name":"Gezichtsmasker roze klei &#8211; Evergetikon"}]},{"@type":"WebSite","@id":"https:\/\/evergetikon.eu\/#website","url":"https:\/\/evergetikon.eu\/","name":"evergetikon","description":"","publisher":{"@id":"https:\/\/evergetikon.eu\/#organization"},"potentialAction":[{"@type":"SearchAction","target":{"@type":"EntryPoint","urlTemplate":"https:\/\/evergetikon.eu\/?s={search_term_string}"},"query-input":{"@type":"PropertyValueSpecification","valueRequired":true,"valueName":"search_term_string"}}],"inLanguage":"en-GB"},{"@type":"Organization","@id":"https:\/\/evergetikon.eu\/#organization","name":"evergetikon","url":"https:\/\/evergetikon.eu\/","logo":{"@type":"ImageObject","inLanguage":"en-GB","@id":"https:\/\/evergetikon.eu\/#\/schema\/logo\/image\/","url":"https:\/\/exomh4ku2ih.exactdn.com\/wp-content\/uploads\/2025\/06\/Evergetikon-non-of.svg","contentUrl":"https:\/\/exomh4ku2ih.exactdn.com\/wp-content\/uploads\/2025\/06\/Evergetikon-non-of.svg","width":229,"height":70,"caption":"evergetikon"},"image":{"@id":"https:\/\/evergetikon.eu\/#\/schema\/logo\/image\/"}}]}},"_links":{"self":[{"href":"https:\/\/evergetikon.eu\/en\/wp-json\/wp\/v2\/product\/203","targetHints":{"allow":["GET"]}}],"collection":[{"href":"https:\/\/evergetikon.eu\/en\/wp-json\/wp\/v2\/product"}],"about":[{"href":"https:\/\/evergetikon.eu\/en\/wp-json\/wp\/v2\/types\/product"}],"replies":[{"embeddable":true,"href":"https:\/\/evergetikon.eu\/en\/wp-json\/wp\/v2\/comments?post=203"}],"version-history":[{"count":0,"href":"https:\/\/evergetikon.eu\/en\/wp-json\/wp\/v2\/product\/203\/revisions"}],"wp:featuredmedia":[{"embeddable":true,"href":"https:\/\/evergetikon.eu\/en\/wp-json\/wp\/v2\/media\/200"}],"wp:attachment":[{"href":"https:\/\/evergetikon.eu\/en\/wp-json\/wp\/v2\/media?parent=203"}],"wp:term":[{"taxonomy":"product_brand","embeddable":true,"href":"https:\/\/evergetikon.eu\/en\/wp-json\/wp\/v2\/product_brand?post=203"},{"taxonomy":"product_cat","embeddable":true,"href":"https:\/\/evergetikon.eu\/en\/wp-json\/wp\/v2\/product_cat?post=203"},{"taxonomy":"product_tag","embeddable":true,"href":"https:\/\/evergetikon.eu\/en\/wp-json\/wp\/v2\/product_tag?post=203"}],"curies":[{"name":"wp","href":"https:\/\/api.w.org\/{rel}","templated":true}]}}