{"id":235,"date":"2022-09-27T18:29:33","date_gmt":"2022-09-27T18:29:33","guid":{"rendered":"https:\/\/evergetikon.nl\/?product=after-sun-aloe-evergetikon"},"modified":"2026-04-19T15:55:52","modified_gmt":"2026-04-19T15:55:52","slug":"after-sun-aloe-evergetikon","status":"publish","type":"product","link":"https:\/\/evergetikon.eu\/el\/product\/after-sun-\u03b1\u03bb\u03cc\u03b7-evergetikon\/","title":{"rendered":"After sun gel \u03bc\u03b5 \u03b1\u03bb\u03cc\u03b7 \u03b2\u03ad\u03c1\u03b1 - Evergetikon"},"content":{"rendered":"<p>\u03a4\u03bf \u03b1\u03bc\u03c5\u03b3\u03b4\u03b1\u03bb\u03ad\u03bb\u03b1\u03b9\u03bf \u03ba\u03b1\u03b9 \u03c4\u03bf \u03ad\u03be\u03c4\u03c1\u03b1 \u03c0\u03b1\u03c1\u03b8\u03ad\u03bd\u03bf \u03b5\u03bb\u03b1\u03b9\u03cc\u03bb\u03b1\u03b4\u03bf \u03bc\u03b1\u03bb\u03b1\u03ba\u03ce\u03bd\u03bf\u03c5\u03bd \u03c4\u03bf \u03b4\u03ad\u03c1\u03bc\u03b1, \u03c0\u03c1\u03bf\u03c3\u03c4\u03b1\u03c4\u03b5\u03cd\u03bf\u03c5\u03bd \u03b1\u03c0\u03cc \u03c4\u03b7\u03bd \u03b1\u03c0\u03ce\u03bb\u03b5\u03b9\u03b1 \u03c5\u03b3\u03c1\u03b1\u03c3\u03af\u03b1\u03c2 \u03ba\u03b1\u03b9 \u03b5\u03af\u03bd\u03b1\u03b9 \u03c0\u03bb\u03bf\u03cd\u03c3\u03b9\u03b1 \u03c3\u03b5 \u03b2\u03b9\u03c4\u03b1\u03bc\u03af\u03bd\u03b7 \u0395. \u0397 \u03b2\u03b9\u03c4\u03b1\u03bc\u03af\u03bd\u03b7 \u0395 \u03b5\u03af\u03bd\u03b1\u03b9 \u03ad\u03bd\u03b1 \u03b9\u03c3\u03c7\u03c5\u03c1\u03cc \u03b1\u03bd\u03c4\u03b9\u03bf\u03be\u03b5\u03b9\u03b4\u03c9\u03c4\u03b9\u03ba\u03cc \u03c0\u03bf\u03c5 \u03b5\u03bc\u03c0\u03bf\u03b4\u03af\u03b6\u03b5\u03b9 \u03c4\u03b9\u03c2 \u03b2\u03bb\u03b1\u03b2\u03b5\u03c1\u03ad\u03c2 \u03b1\u03ba\u03c4\u03af\u03bd\u03b5\u03c2 \u03c4\u03bf\u03c5 \u03ae\u03bb\u03b9\u03bf\u03c5 \u03bd\u03b1 \u03b2\u03bb\u03ac\u03c8\u03bf\u03c5\u03bd \u03c4\u03bf \u03b4\u03ad\u03c1\u03bc\u03b1. \u0397 \u03ba\u03b1\u03bb\u03ad\u03bd\u03c4\u03bf\u03c5\u03bb\u03b1 \u03c3\u03c4\u03bf \u03c4\u03b6\u03b5\u03bb \u03b5\u03af\u03bd\u03b1\u03b9 \u03b3\u03bd\u03c9\u03c3\u03c4\u03ae \u03b1\u03c0\u03cc \u03c4\u03b7\u03bd \u03b1\u03c1\u03c7\u03b1\u03b9\u03cc\u03c4\u03b7\u03c4\u03b1 \u03ba\u03b1\u03b9 \u03c7\u03c1\u03b7\u03c3\u03b9\u03bc\u03bf\u03c0\u03bf\u03b9\u03b5\u03af\u03c4\u03b1\u03b9 \u03b5\u03b4\u03ce \u03ba\u03b1\u03b9 \u03b1\u03b9\u03ce\u03bd\u03b5\u03c2 \u03c9\u03c2 \u03ad\u03bd\u03b1 \u03b1\u03c0\u03cc \u03c4\u03b1 \u03c0\u03c1\u03ce\u03c4\u03b1 \u03c6\u03ac\u03c1\u03bc\u03b1\u03ba\u03b1 \u03b3\u03b9\u03b1 \u03c3\u03bf\u03b2\u03b1\u03c1\u03ac \u03b7\u03bb\u03b9\u03b1\u03ba\u03ac \u03b5\u03b3\u03ba\u03b1\u03cd\u03bc\u03b1\u03c4\u03b1, \u03cc\u03c4\u03b1\u03bd \u03c4\u03bf \u03b4\u03ad\u03c1\u03bc\u03b1 \u03b5\u03af\u03bd\u03b1\u03b9 \u03ad\u03bd\u03c4\u03bf\u03bd\u03b1 \u03c1\u03b1\u03b3\u03b9\u03c3\u03bc\u03ad\u03bd\u03bf. \u03a4\u03bf \u03ad\u03bb\u03b1\u03b9\u03bf \u03ba\u03b1\u03bb\u03ad\u03bd\u03c4\u03bf\u03c5\u03bb\u03b1\u03c2 \u03b5\u03af\u03bd\u03b1\u03b9 \u03c0\u03bb\u03bf\u03cd\u03c3\u03b9\u03bf \u03c3\u03b5 \u03c6\u03c5\u03c3\u03b9\u03ba\u03ad\u03c2 \u03b2\u03b9\u03c4\u03b1\u03bc\u03af\u03bd\u03b5\u03c2 \u0391, \u03921, \u03922, C \u03ba\u03b1\u03b9 \u0395. \u03a4\u03bf \u03ad\u03bb\u03b1\u03b9\u03bf \u03ba\u03b1\u03bb\u03ad\u03bd\u03c4\u03bf\u03c5\u03bb\u03b1\u03c2 \u03ad\u03c7\u03b5\u03b9 \u03b5\u03be\u03b1\u03b9\u03c1\u03b5\u03c4\u03b9\u03ba\u03ad\u03c2 \u03b9\u03b4\u03b9\u03cc\u03c4\u03b7\u03c4\u03b5\u03c2 \u03c6\u03c1\u03bf\u03bd\u03c4\u03af\u03b4\u03b1\u03c2 \u03c4\u03bf\u03c5 \u03b4\u03ad\u03c1\u03bc\u03b1\u03c4\u03bf\u03c2 \u03b3\u03b9\u03b1 \u03c4\u03bf \u03ae\u03c0\u03b9\u03b1 \u03b5\u03c1\u03b5\u03b8\u03b9\u03c3\u03bc\u03ad\u03bd\u03bf \u03b4\u03ad\u03c1\u03bc\u03b1, \u03ba\u03b1\u03c4\u03b1\u03c0\u03c1\u03b1\u03b0\u03bd\u03b5\u03b9 \u03ba\u03b1\u03b9 \u03b7\u03c1\u03b5\u03bc\u03b5\u03af \u03c4\u03bf \u03b5\u03c5\u03b1\u03af\u03c3\u03b8\u03b7\u03c4\u03bf \u03b4\u03ad\u03c1\u03bc\u03b1.<\/p>\n<p>\u0397 \u03bb\u03b5\u03b2\u03ac\u03bd\u03c4\u03b1 \u03b5\u03af\u03bd\u03b1\u03b9 \u03bc\u03b9\u03b1 \u03b1\u03c0\u03cc \u03c4\u03b9\u03c2 \u03c0\u03c1\u03ce\u03c4\u03b5\u03c2 \u03b8\u03b5\u03c1\u03b1\u03c0\u03b5\u03af\u03b5\u03c2 \u03b3\u03b9\u03b1 \u03c4\u03b1 \u03b5\u03b3\u03ba\u03b1\u03cd\u03bc\u03b1\u03c4\u03b1, \u03ba\u03b1\u03c4\u03b1\u03c0\u03c1\u03b1\u03b0\u03bd\u03bf\u03bd\u03c4\u03b1\u03c2 \u03c4\u03bf \u03b4\u03ad\u03c1\u03bc\u03b1 \u03ba\u03b1\u03b9 \u03bc\u03b5\u03b9\u03ce\u03bd\u03bf\u03bd\u03c4\u03b1\u03c2 \u03c4\u03bf\u03bd \u03c0\u03cc\u03bd\u03bf \u03c4\u03bf\u03c5 \u03b5\u03b3\u03ba\u03b1\u03cd\u03bc\u03b1\u03c4\u03bf\u03c2. \u039f\u03b9 \u03b1\u03c1\u03c7\u03b1\u03af\u03bf\u03b9 \u03c7\u03c1\u03b7\u03c3\u03b9\u03bc\u03bf\u03c0\u03bf\u03b9\u03bf\u03cd\u03c3\u03b1\u03bd \u03c4\u03b7 \u03bb\u03b5\u03b2\u03ac\u03bd\u03c4\u03b1 \u03b3\u03b9\u03b1 \u03c4\u03b7 \u03b8\u03b5\u03c1\u03b1\u03c0\u03b5\u03af\u03b1 \u03b1\u03ba\u03cc\u03bc\u03b7 \u03ba\u03b1\u03b9 \u03c3\u03bf\u03b2\u03b1\u03c1\u03ce\u03bd \u03b5\u03b3\u03ba\u03b1\u03c5\u03bc\u03ac\u03c4\u03c9\u03bd \u03c3\u03c4\u03bf \u03b4\u03ad\u03c1\u03bc\u03b1. \u03a4\u03bf \u03c7\u03b1\u03bc\u03bf\u03bc\u03ae\u03bb\u03b9 \u03ba\u03b1\u03c4\u03b1\u03c0\u03c1\u03b1\u03b0\u03bd\u03b5\u03b9 \u03ba\u03b1\u03b9 \u03bc\u03b1\u03bb\u03b1\u03ba\u03ce\u03bd\u03b5\u03b9, \u03bf\u03c0\u03cc\u03c4\u03b5 \u03b5\u03af\u03bd\u03b1\u03b9 \u03b9\u03b4\u03b1\u03bd\u03b9\u03ba\u03cc \u03cc\u03c4\u03b1\u03bd \u03c4\u03bf \u03b4\u03ad\u03c1\u03bc\u03b1 \u03b3\u03af\u03bd\u03b5\u03c4\u03b1\u03b9 \u03b5\u03be\u03b1\u03b9\u03c1\u03b5\u03c4\u03b9\u03ba\u03ac \u03b5\u03c5\u03b1\u03af\u03c3\u03b8\u03b7\u03c4\u03bf \u03ba\u03b1\u03b9 \u03be\u03b7\u03c1\u03cc \u03bc\u03b5\u03c4\u03ac \u03b1\u03c0\u03cc \u03ad\u03bd\u03b1 \u03ad\u03b3\u03ba\u03b1\u03c5\u03bc\u03b1.<\/p>\n<p>\u03a7\u03c1\u03ae\u03c3\u03b9\u03bc\u03bf! \u03a6\u03c5\u03bb\u03ac\u03be\u03c4\u03b5 \u03b1\u03c5\u03c4\u03cc \u03c4\u03bf \u03c4\u03b6\u03b5\u03bb \u03c3\u03c4\u03bf \u03c8\u03c5\u03b3\u03b5\u03af\u03bf \u03b3\u03b9\u03b1 \u03bd\u03b1 \u03b4\u03b9\u03b1\u03c4\u03b7\u03c1\u03b5\u03af\u03c4\u03b1\u03b9 \u03b4\u03c1\u03bf\u03c3\u03b5\u03c1\u03cc \u03bc\u03b5\u03c4\u03ac \u03c4\u03bf \u03bc\u03b1\u03cd\u03c1\u03b9\u03c3\u03bc\u03b1 \u03ba\u03b1\u03b9 \u03b8\u03c5\u03bc\u03b7\u03b8\u03b5\u03af\u03c4\u03b5 \u03bd\u03b1 \u03c0\u03af\u03bd\u03b5\u03c4\u03b5 \u03b5\u03c0\u03b9\u03c0\u03bb\u03ad\u03bf\u03bd \u03bd\u03b5\u03c1\u03cc \u03bc\u03b5\u03c4\u03ac \u03c4\u03bf \u03bc\u03b1\u03cd\u03c1\u03b9\u03c3\u03bc\u03b1. \u039a\u03b1\u03c4\u03ac\u03bb\u03bb\u03b7\u03bb\u03bf \u03b3\u03b9\u03b1 \u03cc\u03bb\u03b7 \u03c4\u03b7\u03bd \u03bf\u03b9\u03ba\u03bf\u03b3\u03ad\u03bd\u03b5\u03b9\u03b1.<\/p>\n<p><strong>\u03a0\u03ce\u03c2 \u03c7\u03c1\u03b7\u03c3\u03b9\u03bc\u03bf\u03c0\u03bf\u03b9\u03b5\u03af\u03c4\u03b1\u03b9:<\/strong>\u00a0\u0395\u03c6\u03b1\u03c1\u03bc\u03cc\u03c3\u03c4\u03b5 \u03c4\u03bf \"Aloe Vera and Chamomile After Sun Gel\" \u03b1\u03c0\u03b1\u03bb\u03ac \u03c3\u03b5 \u03ba\u03b1\u03b8\u03b1\u03c1\u03cc \u03b4\u03ad\u03c1\u03bc\u03b1 \u03ba\u03b1\u03b9 \u03b1\u03c6\u03ae\u03c3\u03c4\u03b5 \u03c4\u03bf \u03bd\u03b1 \u03b4\u03c1\u03ac\u03c3\u03b5\u03b9.<\/p>\n<p><strong>\u03a3\u03c5\u03c3\u03c4\u03b1\u03c4\u03b9\u03ba\u03ac:\u00a0<\/strong>\u00a0\u03a7\u03c5\u03bc\u03cc\u03c2 \u03c6\u03cd\u03bb\u03bb\u03c9\u03bd \u03b1\u03bb\u03cc\u03b7\u03c2 Aloe barbadensis, \u03ad\u03bb\u03b1\u03b9\u03bf \u03bb\u03bf\u03c5\u03bb\u03bf\u03c5\u03b4\u03b9\u03ce\u03bd \u03ba\u03b1\u03bb\u03ad\u03bd\u03c4\u03bf\u03c5\u03bb\u03b1\u03c2 (Calendula Officinalis), \u03ad\u03bb\u03b1\u03b9\u03bf Prunus Amygdalus Dulcis (\u03b3\u03bb\u03c5\u03ba\u03cc \u03b1\u03bc\u03cd\u03b3\u03b4\u03b1\u03bb\u03bf), \u03ad\u03bb\u03b1\u03b9\u03bf \u03ba\u03b1\u03c1\u03c0\u03ce\u03bd Olea Europaea (\u03b5\u03bb\u03b9\u03ac) \"\u039a\u03c1\u03b7\u03c4\u03b9\u03ba\u03cc\" \u03ad\u03be\u03c4\u03c1\u03b1 \u03c0\u03b1\u03c1\u03b8\u03ad\u03bd\u03bf \u03b5\u03bb\u03b1\u03b9\u03cc\u03bb\u03b1\u03b4\u03bf, \u03ad\u03bb\u03b1\u03b9\u03bf Lavandula Angustifolia (\u03bb\u03b5\u03b2\u03ac\u03bd\u03c4\u03b1), \u03ad\u03bb\u03b1\u03b9\u03bf Hypericum Perforatum (\u03ad\u03bb\u03b1\u03b9\u03bf \u03b2\u03b1\u03bb\u03c3\u03b1\u03bc\u03cc\u03c7\u03bf\u03c1\u03c4\u03bf\u03c5), \u03ad\u03bb\u03b1\u03b9\u03bf \u03ba\u03b1\u03c1\u03c0\u03ce\u03bd Citrus Aurantium Bergamia (\u03c0\u03b5\u03c1\u03b3\u03b1\u03bc\u03cc\u03bd\u03c4\u03bf), \u03ad\u03bb\u03b1\u03b9\u03bf \u03bb\u03bf\u03c5\u03bb\u03bf\u03c5\u03b4\u03b9\u03ce\u03bd Anthemis Nobilis.<\/p>","protected":false},"excerpt":{"rendered":"<p>\u0391\u03c0\u03b1\u03bb\u03cc \u03ba\u03b1\u03b9 \u03b1\u03bd\u03b1\u03b6\u03c9\u03bf\u03b3\u03bf\u03bd\u03b7\u03c4\u03b9\u03ba\u03cc \u03c4\u03b6\u03b5\u03bb \u03bc\u03b5\u03c4\u03ac \u03c4\u03bf\u03bd \u03ae\u03bb\u03b9\u03bf \u03bc\u03b5 Aloe Vera \u03ba\u03b1\u03b9 \u03c7\u03b1\u03bc\u03bf\u03bc\u03ae\u03bb\u03b9 \u03b3\u03b9\u03b1 \u03c4\u03bf \u03c3\u03ce\u03bc\u03b1 \u03ba\u03b1\u03b9 \u03c4\u03bf \u03c0\u03c1\u03cc\u03c3\u03c9\u03c0\u03bf. \u0391\u03c5\u03c4\u03cc \u03c4\u03bf \u03c4\u03b6\u03b5\u03bb \u03b1\u03c0\u03bf\u03c1\u03c1\u03bf\u03c6\u03ac\u03c4\u03b1\u03b9 \u03c0\u03bf\u03bb\u03cd \u03b5\u03cd\u03ba\u03bf\u03bb\u03b1 \u03bc\u03b5\u03c4\u03ac \u03c4\u03b7\u03bd \u03b7\u03bb\u03b9\u03bf\u03b8\u03b5\u03c1\u03b1\u03c0\u03b5\u03af\u03b1 \u03ba\u03b1\u03b9 \u03b1\u03bd\u03b1\u03b6\u03c9\u03bf\u03b3\u03bf\u03bd\u03b5\u03af \u03c4\u03bf \u03b8\u03b5\u03c1\u03bc\u03b1\u03b9\u03bd\u03cc\u03bc\u03b5\u03bd\u03bf \u03b4\u03ad\u03c1\u03bc\u03b1, \u03c4\u03bf \u03bf\u03c0\u03bf\u03af\u03bf \u03b1\u03c0\u03b1\u03b9\u03c4\u03b5\u03af \u03c4\u03b7\u03bd \u03b9\u03c3\u03c7\u03c5\u03c1\u03cc\u03c4\u03b5\u03c1\u03b7 \u03b4\u03c5\u03bd\u03b1\u03c4\u03ae \u03b5\u03bd\u03c5\u03b4\u03ac\u03c4\u03c9\u03c3\u03b7 \u03bc\u03b5\u03c4\u03ac \u03c4\u03bf\u03bd \u03ba\u03b1\u03c5\u03c4\u03cc \u03ae\u03bb\u03b9\u03bf. \u0397 \u03b1\u03c0\u03b1\u03bb\u03ae \u03c4\u03bf\u03c5 \u03c3\u03cd\u03c3\u03c4\u03b1\u03c3\u03b7 \u03b5\u03af\u03bd\u03b1\u03b9 \u03b5\u03cd\u03ba\u03bf\u03bb\u03b7 \u03c3\u03c4\u03b7\u03bd \u03b5\u03c6\u03b1\u03c1\u03bc\u03bf\u03b3\u03ae \u03ba\u03b1\u03b9 \u03b4\u03b5\u03bd \u03b1\u03c6\u03ae\u03bd\u03b5\u03b9 \u03bb\u03b9\u03c0\u03b1\u03c1\u03ac \u03c5\u03c0\u03bf\u03bb\u03b5\u03af\u03bc\u03bc\u03b1\u03c4\u03b1 \u03c3\u03c4\u03bf \u03b4\u03ad\u03c1\u03bc\u03b1. \u0391\u03bb\u03cc\u03b7 \u03b2\u03ad\u03c1\u03b1 \u03bc\u03b5\u03c4\u03ac \u03c4\u03bf \u03bc\u03b1\u03cd\u03c1\u03b9\u03c3\u03bc\u03b1 (Aljo\u0161ius, alavijas), \u03b3\u03bd\u03c9\u03c3\u03c4\u03ae \u03c9\u03c2 \u03ad\u03bd\u03b1 \u03b1\u03c0\u03cc \u03c4\u03b1 \u03c0\u03b9\u03bf \u03c0\u03bf\u03bb\u03cd\u03c4\u03b9\u03bc\u03b1 \u03c3\u03c5\u03c3\u03c4\u03b1\u03c4\u03b9\u03ba\u03ac \u03b3\u03b9\u03b1 \u03c4\u03bf \u03b4\u03ad\u03c1\u03bc\u03b1 \u03c0\u03bf\u03c5 \u03ad\u03c7\u03b5\u03b9 \u03c5\u03c0\u03bf\u03c3\u03c4\u03b5\u03af \u03b2\u03bb\u03ac\u03b2\u03b7 \u03b1\u03c0\u03cc \u03c4\u03bf\u03bd \u03ae\u03bb\u03b9\u03bf. \u0391\u03c5\u03c4\u03cc \u03c4\u03bf \u03c4\u03b6\u03b5\u03bb \u03bc\u03b5 \u03b1\u03bb\u03cc\u03b7 \u03b2\u03ad\u03c1\u03b1 \u03ad\u03c7\u03b5\u03b9 \u03c3\u03c7\u03b5\u03b4\u03b9\u03b1\u03c3\u03c4\u03b5\u03af \u03b3\u03b9\u03b1 \u03bd\u03b1 \u03b2\u03bf\u03b7\u03b8\u03ae\u03c3\u03b5\u03b9 \u03c4\u03bf \u03b4\u03ad\u03c1\u03bc\u03b1 \u03bd\u03b1 \u03b1\u03bd\u03b1\u03ba\u03ac\u03bc\u03c8\u03b5\u03b9 \u03ba\u03b1\u03b9 \u03bd\u03b1 \u03b5\u03bd\u03c5\u03b4\u03b1\u03c4\u03c9\u03b8\u03b5\u03af \u03b3\u03c1\u03b7\u03b3\u03bf\u03c1\u03cc\u03c4\u03b5\u03c1\u03b1, \u03ad\u03c4\u03c3\u03b9 \u03ce\u03c3\u03c4\u03b5 \u03cc\u03bb\u03b1 \u03c4\u03b1 \u03c3\u03c5\u03c3\u03c4\u03b1\u03c4\u03b9\u03ba\u03ac \u03bd\u03b1 \u03b1\u03bb\u03bb\u03b7\u03bb\u03bf\u03c3\u03c5\u03bc\u03c0\u03bb\u03b7\u03c1\u03ce\u03bd\u03bf\u03bd\u03c4\u03b1\u03b9.<\/p>","protected":false},"featured_media":234,"comment_status":"open","ping_status":"closed","template":"","meta":[],"product_brand":[],"product_cat":[132,26,41],"product_tag":[],"class_list":{"0":"post-235","1":"product","2":"type-product","3":"status-publish","4":"has-post-thumbnail","6":"product_cat-aloe-vera","7":"product_cat-lichaamsverzorging","8":"product_cat-zon-bescherming-lichaam","10":"first","11":"instock","12":"taxable","13":"shipping-taxable","14":"purchasable","15":"product-type-simple"},"yoast_head":"<!-- This site is optimized with the Yoast SEO plugin v27.4 - https:\/\/yoast.com\/product\/yoast-seo-wordpress\/ -->\n<title>After sun gel met alo\u00eb vera - Evergetikon - evergetikon<\/title>\n<meta name=\"robots\" content=\"index, follow, max-snippet:-1, max-image-preview:large, max-video-preview:-1\" \/>\n<link rel=\"canonical\" href=\"https:\/\/evergetikon.eu\/el\/product\/after-sun-\u03b1\u03bb\u03cc\u03b7-evergetikon\/\" \/>\n<meta property=\"og:locale\" content=\"el_GR\" \/>\n<meta property=\"og:type\" content=\"article\" \/>\n<meta property=\"og:title\" content=\"After sun gel met alo\u00eb vera - Evergetikon - evergetikon\" \/>\n<meta property=\"og:description\" content=\"Zachte en verfrissende aftersungel met Alo\u00eb Vera en kamille voor lichaam en gezicht.\u00a0Deze gel wordt zeer gemakkelijk opgenomen na het zonnebaden en doet de verwarmde huid herleven, die na de hete zon om een \u200b\u200bzo sterk mogelijke hydratatie vraagt.\u00a0De zachte consistentie is gemakkelijk aan te brengen en laat geen olieachtig residu achter op de huid.\u00a0Alo\u00eb Vera na het bruinen (Aljo\u0161ius, alavijas), bekend als een van de meest waardevolle ingredi\u00ebnten voor de door de zon beschadigde huid.\u00a0Deze gel met alo\u00eb vera is ontworpen om de huid sneller te laten herstellen en rehydrateren, zodat alle ingredi\u00ebnten elkaar aanvullen.\" \/>\n<meta property=\"og:url\" content=\"https:\/\/evergetikon.eu\/el\/product\/after-sun-\u03b1\u03bb\u03cc\u03b7-evergetikon\/\" \/>\n<meta property=\"og:site_name\" content=\"evergetikon\" \/>\n<meta property=\"article:modified_time\" content=\"2026-04-19T15:55:52+00:00\" \/>\n<meta property=\"og:image\" content=\"https:\/\/evergetikon.eu\/wp-content\/uploads\/2024\/06\/after-sun-aloe-vera.jpg\" \/>\n\t<meta property=\"og:image:width\" content=\"800\" \/>\n\t<meta property=\"og:image:height\" content=\"800\" \/>\n\t<meta property=\"og:image:type\" content=\"image\/jpeg\" \/>\n<meta name=\"twitter:card\" content=\"summary_large_image\" \/>\n<meta name=\"twitter:label1\" content=\"\u0395\u03ba\u03c4\u03b9\u03bc\u03ce\u03bc\u03b5\u03bd\u03bf\u03c2 \u03c7\u03c1\u03cc\u03bd\u03bf\u03c2 \u03b1\u03bd\u03ac\u03b3\u03bd\u03c9\u03c3\u03b7\u03c2\" \/>\n\t<meta name=\"twitter:data1\" content=\"1 \u03bb\u03b5\u03c0\u03c4\u03cc\" \/>\n<script type=\"application\/ld+json\" class=\"yoast-schema-graph\">{\"@context\":\"https:\\\/\\\/schema.org\",\"@graph\":[{\"@type\":\"WebPage\",\"@id\":\"https:\\\/\\\/evergetikon.eu\\\/product\\\/after-sun-aloe-evergetikon\\\/\",\"url\":\"https:\\\/\\\/evergetikon.eu\\\/product\\\/after-sun-aloe-evergetikon\\\/\",\"name\":\"After sun gel met alo\u00eb vera - Evergetikon - evergetikon\",\"isPartOf\":{\"@id\":\"https:\\\/\\\/evergetikon.eu\\\/#website\"},\"primaryImageOfPage\":{\"@id\":\"https:\\\/\\\/evergetikon.eu\\\/product\\\/after-sun-aloe-evergetikon\\\/#primaryimage\"},\"image\":{\"@id\":\"https:\\\/\\\/evergetikon.eu\\\/product\\\/after-sun-aloe-evergetikon\\\/#primaryimage\"},\"thumbnailUrl\":\"https:\\\/\\\/evergetikon.eu\\\/wp-content\\\/uploads\\\/2024\\\/06\\\/after-sun-aloe-vera.jpg\",\"datePublished\":\"2022-09-27T18:29:33+00:00\",\"dateModified\":\"2026-04-19T15:55:52+00:00\",\"breadcrumb\":{\"@id\":\"https:\\\/\\\/evergetikon.eu\\\/product\\\/after-sun-aloe-evergetikon\\\/#breadcrumb\"},\"inLanguage\":\"el\",\"potentialAction\":[{\"@type\":\"ReadAction\",\"target\":[\"https:\\\/\\\/evergetikon.eu\\\/product\\\/after-sun-aloe-evergetikon\\\/\"]}]},{\"@type\":\"ImageObject\",\"inLanguage\":\"el\",\"@id\":\"https:\\\/\\\/evergetikon.eu\\\/product\\\/after-sun-aloe-evergetikon\\\/#primaryimage\",\"url\":\"https:\\\/\\\/evergetikon.eu\\\/wp-content\\\/uploads\\\/2024\\\/06\\\/after-sun-aloe-vera.jpg\",\"contentUrl\":\"https:\\\/\\\/evergetikon.eu\\\/wp-content\\\/uploads\\\/2024\\\/06\\\/after-sun-aloe-vera.jpg\",\"width\":800,\"height\":800,\"caption\":\"after sun aloe vera\"},{\"@type\":\"BreadcrumbList\",\"@id\":\"https:\\\/\\\/evergetikon.eu\\\/product\\\/after-sun-aloe-evergetikon\\\/#breadcrumb\",\"itemListElement\":[{\"@type\":\"ListItem\",\"position\":1,\"name\":\"Home\",\"item\":\"https:\\\/\\\/evergetikon.eu\\\/\"},{\"@type\":\"ListItem\",\"position\":2,\"name\":\"Shop\",\"item\":\"https:\\\/\\\/evergetikon.eu\\\/shop\\\/\"},{\"@type\":\"ListItem\",\"position\":3,\"name\":\"After sun gel met alo\u00eb vera &#8211; Evergetikon\"}]},{\"@type\":\"WebSite\",\"@id\":\"https:\\\/\\\/evergetikon.eu\\\/#website\",\"url\":\"https:\\\/\\\/evergetikon.eu\\\/\",\"name\":\"evergetikon\",\"description\":\"\",\"publisher\":{\"@id\":\"https:\\\/\\\/evergetikon.eu\\\/#organization\"},\"potentialAction\":[{\"@type\":\"SearchAction\",\"target\":{\"@type\":\"EntryPoint\",\"urlTemplate\":\"https:\\\/\\\/evergetikon.eu\\\/?s={search_term_string}\"},\"query-input\":{\"@type\":\"PropertyValueSpecification\",\"valueRequired\":true,\"valueName\":\"search_term_string\"}}],\"inLanguage\":\"el\"},{\"@type\":\"Organization\",\"@id\":\"https:\\\/\\\/evergetikon.eu\\\/#organization\",\"name\":\"evergetikon\",\"url\":\"https:\\\/\\\/evergetikon.eu\\\/\",\"logo\":{\"@type\":\"ImageObject\",\"inLanguage\":\"el\",\"@id\":\"https:\\\/\\\/evergetikon.eu\\\/#\\\/schema\\\/logo\\\/image\\\/\",\"url\":\"https:\\\/\\\/evergetikon.eu\\\/wp-content\\\/uploads\\\/2025\\\/06\\\/Evergetikon-non-of.svg\",\"contentUrl\":\"https:\\\/\\\/evergetikon.eu\\\/wp-content\\\/uploads\\\/2025\\\/06\\\/Evergetikon-non-of.svg\",\"width\":229,\"height\":70,\"caption\":\"evergetikon\"},\"image\":{\"@id\":\"https:\\\/\\\/evergetikon.eu\\\/#\\\/schema\\\/logo\\\/image\\\/\"}}]}<\/script>\n<!-- \/ Yoast SEO plugin. -->","yoast_head_json":{"title":"After sun gel \u03bc\u03b5 \u03b1\u03bb\u03cc\u03b7 \u03b2\u03ad\u03c1\u03b1 - Evergetikon","robots":{"index":"index","follow":"follow","max-snippet":"max-snippet:-1","max-image-preview":"max-image-preview:large","max-video-preview":"max-video-preview:-1"},"canonical":"https:\/\/evergetikon.eu\/el\/product\/after-sun-\u03b1\u03bb\u03cc\u03b7-evergetikon\/","og_locale":"el_GR","og_type":"article","og_title":"After sun gel met alo\u00eb vera - Evergetikon - evergetikon","og_description":"Zachte en verfrissende aftersungel met Alo\u00eb Vera en kamille voor lichaam en gezicht.\u00a0Deze gel wordt zeer gemakkelijk opgenomen na het zonnebaden en doet de verwarmde huid herleven, die na de hete zon om een \u200b\u200bzo sterk mogelijke hydratatie vraagt.\u00a0De zachte consistentie is gemakkelijk aan te brengen en laat geen olieachtig residu achter op de huid.\u00a0Alo\u00eb Vera na het bruinen (Aljo\u0161ius, alavijas), bekend als een van de meest waardevolle ingredi\u00ebnten voor de door de zon beschadigde huid.\u00a0Deze gel met alo\u00eb vera is ontworpen om de huid sneller te laten herstellen en rehydrateren, zodat alle ingredi\u00ebnten elkaar aanvullen.","og_url":"https:\/\/evergetikon.eu\/el\/product\/after-sun-\u03b1\u03bb\u03cc\u03b7-evergetikon\/","og_site_name":"evergetikon","article_modified_time":"2026-04-19T15:55:52+00:00","og_image":[{"width":800,"height":800,"url":"https:\/\/evergetikon.eu\/wp-content\/uploads\/2024\/06\/after-sun-aloe-vera.jpg","type":"image\/jpeg"}],"twitter_card":"summary_large_image","twitter_misc":{"\u0395\u03ba\u03c4\u03b9\u03bc\u03ce\u03bc\u03b5\u03bd\u03bf\u03c2 \u03c7\u03c1\u03cc\u03bd\u03bf\u03c2 \u03b1\u03bd\u03ac\u03b3\u03bd\u03c9\u03c3\u03b7\u03c2":"1 \u03bb\u03b5\u03c0\u03c4\u03cc"},"schema":{"@context":"https:\/\/schema.org","@graph":[{"@type":"WebPage","@id":"https:\/\/evergetikon.eu\/product\/after-sun-aloe-evergetikon\/","url":"https:\/\/evergetikon.eu\/product\/after-sun-aloe-evergetikon\/","name":"After sun gel \u03bc\u03b5 \u03b1\u03bb\u03cc\u03b7 \u03b2\u03ad\u03c1\u03b1 - Evergetikon","isPartOf":{"@id":"https:\/\/evergetikon.eu\/#website"},"primaryImageOfPage":{"@id":"https:\/\/evergetikon.eu\/product\/after-sun-aloe-evergetikon\/#primaryimage"},"image":{"@id":"https:\/\/evergetikon.eu\/product\/after-sun-aloe-evergetikon\/#primaryimage"},"thumbnailUrl":"https:\/\/evergetikon.eu\/wp-content\/uploads\/2024\/06\/after-sun-aloe-vera.jpg","datePublished":"2022-09-27T18:29:33+00:00","dateModified":"2026-04-19T15:55:52+00:00","breadcrumb":{"@id":"https:\/\/evergetikon.eu\/product\/after-sun-aloe-evergetikon\/#breadcrumb"},"inLanguage":"el","potentialAction":[{"@type":"ReadAction","target":["https:\/\/evergetikon.eu\/product\/after-sun-aloe-evergetikon\/"]}]},{"@type":"ImageObject","inLanguage":"el","@id":"https:\/\/evergetikon.eu\/product\/after-sun-aloe-evergetikon\/#primaryimage","url":"https:\/\/evergetikon.eu\/wp-content\/uploads\/2024\/06\/after-sun-aloe-vera.jpg","contentUrl":"https:\/\/evergetikon.eu\/wp-content\/uploads\/2024\/06\/after-sun-aloe-vera.jpg","width":800,"height":800,"caption":"after sun aloe vera"},{"@type":"BreadcrumbList","@id":"https:\/\/evergetikon.eu\/product\/after-sun-aloe-evergetikon\/#breadcrumb","itemListElement":[{"@type":"ListItem","position":1,"name":"Home","item":"https:\/\/evergetikon.eu\/"},{"@type":"ListItem","position":2,"name":"Shop","item":"https:\/\/evergetikon.eu\/shop\/"},{"@type":"ListItem","position":3,"name":"After sun gel met alo\u00eb vera &#8211; Evergetikon"}]},{"@type":"WebSite","@id":"https:\/\/evergetikon.eu\/#website","url":"https:\/\/evergetikon.eu\/","name":"evergetikon","description":"","publisher":{"@id":"https:\/\/evergetikon.eu\/#organization"},"potentialAction":[{"@type":"SearchAction","target":{"@type":"EntryPoint","urlTemplate":"https:\/\/evergetikon.eu\/?s={search_term_string}"},"query-input":{"@type":"PropertyValueSpecification","valueRequired":true,"valueName":"search_term_string"}}],"inLanguage":"el"},{"@type":"Organization","@id":"https:\/\/evergetikon.eu\/#organization","name":"evergetikon","url":"https:\/\/evergetikon.eu\/","logo":{"@type":"ImageObject","inLanguage":"el","@id":"https:\/\/evergetikon.eu\/#\/schema\/logo\/image\/","url":"https:\/\/evergetikon.eu\/wp-content\/uploads\/2025\/06\/Evergetikon-non-of.svg","contentUrl":"https:\/\/evergetikon.eu\/wp-content\/uploads\/2025\/06\/Evergetikon-non-of.svg","width":229,"height":70,"caption":"evergetikon"},"image":{"@id":"https:\/\/evergetikon.eu\/#\/schema\/logo\/image\/"}}]}},"_links":{"self":[{"href":"https:\/\/evergetikon.eu\/el\/wp-json\/wp\/v2\/product\/235","targetHints":{"allow":["GET"]}}],"collection":[{"href":"https:\/\/evergetikon.eu\/el\/wp-json\/wp\/v2\/product"}],"about":[{"href":"https:\/\/evergetikon.eu\/el\/wp-json\/wp\/v2\/types\/product"}],"replies":[{"embeddable":true,"href":"https:\/\/evergetikon.eu\/el\/wp-json\/wp\/v2\/comments?post=235"}],"version-history":[{"count":0,"href":"https:\/\/evergetikon.eu\/el\/wp-json\/wp\/v2\/product\/235\/revisions"}],"wp:featuredmedia":[{"embeddable":true,"href":"https:\/\/evergetikon.eu\/el\/wp-json\/wp\/v2\/media\/234"}],"wp:attachment":[{"href":"https:\/\/evergetikon.eu\/el\/wp-json\/wp\/v2\/media?parent=235"}],"wp:term":[{"taxonomy":"product_brand","embeddable":true,"href":"https:\/\/evergetikon.eu\/el\/wp-json\/wp\/v2\/product_brand?post=235"},{"taxonomy":"product_cat","embeddable":true,"href":"https:\/\/evergetikon.eu\/el\/wp-json\/wp\/v2\/product_cat?post=235"},{"taxonomy":"product_tag","embeddable":true,"href":"https:\/\/evergetikon.eu\/el\/wp-json\/wp\/v2\/product_tag?post=235"}],"curies":[{"name":"wp","href":"https:\/\/api.w.org\/{rel}","templated":true}]}}