{"id":310,"date":"2022-09-18T19:56:00","date_gmt":"2022-09-18T19:56:00","guid":{"rendered":"https:\/\/evergetikon.nl\/?product=gezicht-baardreiniger"},"modified":"2026-04-02T18:20:32","modified_gmt":"2026-04-02T18:20:32","slug":"gezicht-baardreiniger","status":"publish","type":"product","link":"https:\/\/evergetikon.eu\/de\/produkt\/gesichtsbartreiniger\/","title":{"rendered":"Reinigungsmittel f\u00fcr Gesicht und Bart - Evergetikon"},"content":{"rendered":"<h2>Gesichtsreiniger f\u00fcr M\u00e4nner<\/h2>\n<p>Nat\u00fcrlich braucht auch die M\u00e4nnerhaut Pflege. Ein gutes Gesichtsreinigungsmittel ist die Basis. Die Reinigung des Gesichts vor dem Schlafengehen ist ein Muss f\u00fcr jeden, der gepflegt aussehen m\u00f6chte. Wenn n\u00f6tig, k\u00f6nnen Sie Ihre Haut anschlie\u00dfend mit einer Creme oder einem Gesichtsserum zus\u00e4tzlich pflegen.<\/p>\n<p>Hafer\u00f6l und Zedern\u00f6l enthalten eine hohe Konzentration an Antioxidantien und Fetts\u00e4uren, die den nat\u00fcrlichen Feuchtigkeitsgehalt der Haut aufrechterhalten und der Haut unter dem Bart helfen, Feuchtigkeit zu speichern und Juckreiz zu verhindern. Hafer\u00f6l hat au\u00dferdem starke antioxidative Eigenschaften, die der Haut helfen, sich vor Umweltschadstoffen, Stress und Sch\u00e4den durch freie Radikale zu sch\u00fctzen. Hafer\u00f6l wird auch f\u00fcr die empfindlichste und gereizte, entz\u00fcndete Haut empfohlen, da es entz\u00fcndungshemmende Eigenschaften hat.<br \/>\nDas nat\u00fcrliche Bartwaschmittel hat beruhigende Eigenschaften, die dank nat\u00fcrlicher Inhaltsstoffe Trockenheit und Juckreiz reduzieren. Es macht die Gesichtshaut des Mannes sauber und elastisch und den Bart geschmeidiger. Geeignet f\u00fcr empfindliche und gereizte Haut.<\/p>\n<p><strong>Verwendung:<\/strong>\u00a0Auf das nasse Gesicht und den Bart auftragen. Nach einer sanften Massage mit lauwarmem Wasser abwaschen.<\/p>\n<p><strong>Zutaten:\u00a0<\/strong>\u00a0Aqua, Aloe Barbadnesis leaf juice, Decyl glucoside, Lauryl glucoside, Ricinus communis (castor oil), Calendula Officinalis flower* extract, Xanthan gum, Potassium sorbate, Cannabis Sativa (hemp) seed oil, Origanum Dictamnus flower\/leaf\/stem extract , Persea Gratissima (Avocado) oil, Argania Spinosa Pit \u00d6l, Natriumbenzoat, Zitronens\u00e4ure, Cupressus sempervirens Blatt\u00f6l, Amyris balsamifera \u00d6l, Pinus sylvestris (Kiefer) Blatt\u00f6l, Vanilla planifolia, Lavandula Angustifolia \u00d6l, Laurus Nobilis Blatt\u00f6l, Cedrus atlantica (Rinde) \u00d6l, Citrus nobilis (Mandarine) \u00d6l.<\/p>","protected":false},"excerpt":{"rendered":"<p>Evergetikon Men's Face Wash wurde speziell f\u00fcr die M\u00e4nnerhaut entwickelt und enth\u00e4lt sanfte, pflanzliche Inhaltsstoffe f\u00fcr die t\u00e4gliche Reinigung der Gesichtshaut und des Bartes.<\/p>","protected":false},"featured_media":100000015030,"comment_status":"open","ping_status":"closed","template":"","meta":[],"product_brand":[],"product_cat":[95,64,74,48],"product_tag":[],"class_list":{"0":"post-310","1":"product","2":"type-product","3":"status-publish","4":"has-post-thumbnail","6":"product_cat-natuurlijke-gezichtsreinigers","7":"product_cat-mannelijke-gezichtsverzorging","8":"product_cat-mannelijke-haarverzorging","9":"product_cat-voor-mannen","11":"first","12":"instock","13":"taxable","14":"shipping-taxable","15":"purchasable","16":"product-type-simple"},"yoast_head":"<!-- This site is optimized with the Yoast SEO plugin v27.4 - https:\/\/yoast.com\/product\/yoast-seo-wordpress\/ -->\n<title>Gezicht- &amp; baardreiniger- Evergetikon - evergetikon<\/title>\n<meta name=\"robots\" content=\"index, follow, max-snippet:-1, max-image-preview:large, max-video-preview:-1\" \/>\n<link rel=\"canonical\" href=\"https:\/\/evergetikon.eu\/de\/produkt\/gesichtsbartreiniger\/\" \/>\n<meta property=\"og:locale\" content=\"de_DE\" \/>\n<meta property=\"og:type\" content=\"article\" \/>\n<meta property=\"og:title\" content=\"Gezicht- &amp; baardreiniger- Evergetikon - evergetikon\" \/>\n<meta property=\"og:description\" content=\"Evergetikon Men&#039;s Face Wash is speciaal ontwikkeld voor de mannenhuid met zachte plantaardige ingredi\u00ebnten.\u00a0voor het dagelijks wassen van de gezichtshuid en baard.\" \/>\n<meta property=\"og:url\" content=\"https:\/\/evergetikon.eu\/de\/produkt\/gesichtsbartreiniger\/\" \/>\n<meta property=\"og:site_name\" content=\"evergetikon\" \/>\n<meta property=\"article:modified_time\" content=\"2026-04-02T18:20:32+00:00\" \/>\n<meta name=\"twitter:card\" content=\"summary_large_image\" \/>\n<meta name=\"twitter:label1\" content=\"Gesch\u00e4tzte Lesezeit\" \/>\n\t<meta name=\"twitter:data1\" content=\"1\u00a0Minute\" \/>\n<script type=\"application\/ld+json\" class=\"yoast-schema-graph\">{\"@context\":\"https:\\\/\\\/schema.org\",\"@graph\":[{\"@type\":\"WebPage\",\"@id\":\"https:\\\/\\\/evergetikon.eu\\\/product\\\/gezicht-baardreiniger\\\/\",\"url\":\"https:\\\/\\\/evergetikon.eu\\\/product\\\/gezicht-baardreiniger\\\/\",\"name\":\"Gezicht- &amp; baardreiniger- Evergetikon - evergetikon\",\"isPartOf\":{\"@id\":\"https:\\\/\\\/evergetikon.eu\\\/#website\"},\"primaryImageOfPage\":{\"@id\":\"https:\\\/\\\/evergetikon.eu\\\/product\\\/gezicht-baardreiniger\\\/#primaryimage\"},\"image\":{\"@id\":\"https:\\\/\\\/evergetikon.eu\\\/product\\\/gezicht-baardreiniger\\\/#primaryimage\"},\"thumbnailUrl\":\"https:\\\/\\\/purehealthstore.nl\\\/wp-content\\\/uploads\\\/2022\\\/09\\\/natuurlijke-gezichtsreiniger-mannen-evergetikon.png\",\"datePublished\":\"2022-09-18T19:56:00+00:00\",\"dateModified\":\"2026-04-02T18:20:32+00:00\",\"breadcrumb\":{\"@id\":\"https:\\\/\\\/evergetikon.eu\\\/product\\\/gezicht-baardreiniger\\\/#breadcrumb\"},\"inLanguage\":\"de\",\"potentialAction\":[{\"@type\":\"ReadAction\",\"target\":[\"https:\\\/\\\/evergetikon.eu\\\/product\\\/gezicht-baardreiniger\\\/\"]}]},{\"@type\":\"ImageObject\",\"inLanguage\":\"de\",\"@id\":\"https:\\\/\\\/evergetikon.eu\\\/product\\\/gezicht-baardreiniger\\\/#primaryimage\",\"url\":\"https:\\\/\\\/purehealthstore.nl\\\/wp-content\\\/uploads\\\/2022\\\/09\\\/natuurlijke-gezichtsreiniger-mannen-evergetikon.png\",\"contentUrl\":\"https:\\\/\\\/purehealthstore.nl\\\/wp-content\\\/uploads\\\/2022\\\/09\\\/natuurlijke-gezichtsreiniger-mannen-evergetikon.png\"},{\"@type\":\"BreadcrumbList\",\"@id\":\"https:\\\/\\\/evergetikon.eu\\\/product\\\/gezicht-baardreiniger\\\/#breadcrumb\",\"itemListElement\":[{\"@type\":\"ListItem\",\"position\":1,\"name\":\"Home\",\"item\":\"https:\\\/\\\/evergetikon.eu\\\/\"},{\"@type\":\"ListItem\",\"position\":2,\"name\":\"Shop\",\"item\":\"https:\\\/\\\/evergetikon.eu\\\/shop\\\/\"},{\"@type\":\"ListItem\",\"position\":3,\"name\":\"Gezicht- &amp; baardreiniger- Evergetikon\"}]},{\"@type\":\"WebSite\",\"@id\":\"https:\\\/\\\/evergetikon.eu\\\/#website\",\"url\":\"https:\\\/\\\/evergetikon.eu\\\/\",\"name\":\"evergetikon\",\"description\":\"\",\"publisher\":{\"@id\":\"https:\\\/\\\/evergetikon.eu\\\/#organization\"},\"potentialAction\":[{\"@type\":\"SearchAction\",\"target\":{\"@type\":\"EntryPoint\",\"urlTemplate\":\"https:\\\/\\\/evergetikon.eu\\\/?s={search_term_string}\"},\"query-input\":{\"@type\":\"PropertyValueSpecification\",\"valueRequired\":true,\"valueName\":\"search_term_string\"}}],\"inLanguage\":\"de\"},{\"@type\":\"Organization\",\"@id\":\"https:\\\/\\\/evergetikon.eu\\\/#organization\",\"name\":\"evergetikon\",\"url\":\"https:\\\/\\\/evergetikon.eu\\\/\",\"logo\":{\"@type\":\"ImageObject\",\"inLanguage\":\"de\",\"@id\":\"https:\\\/\\\/evergetikon.eu\\\/#\\\/schema\\\/logo\\\/image\\\/\",\"url\":\"https:\\\/\\\/evergetikon.eu\\\/wp-content\\\/uploads\\\/2025\\\/06\\\/Evergetikon-non-of.svg\",\"contentUrl\":\"https:\\\/\\\/evergetikon.eu\\\/wp-content\\\/uploads\\\/2025\\\/06\\\/Evergetikon-non-of.svg\",\"width\":229,\"height\":70,\"caption\":\"evergetikon\"},\"image\":{\"@id\":\"https:\\\/\\\/evergetikon.eu\\\/#\\\/schema\\\/logo\\\/image\\\/\"}}]}<\/script>\n<!-- \/ Yoast SEO plugin. -->","yoast_head_json":{"title":"Reinigungsmittel f\u00fcr Gesicht und Bart - Evergetikon","robots":{"index":"index","follow":"follow","max-snippet":"max-snippet:-1","max-image-preview":"max-image-preview:large","max-video-preview":"max-video-preview:-1"},"canonical":"https:\/\/evergetikon.eu\/de\/produkt\/gesichtsbartreiniger\/","og_locale":"de_DE","og_type":"article","og_title":"Gezicht- &amp; baardreiniger- Evergetikon - evergetikon","og_description":"Evergetikon Men's Face Wash is speciaal ontwikkeld voor de mannenhuid met zachte plantaardige ingredi\u00ebnten.\u00a0voor het dagelijks wassen van de gezichtshuid en baard.","og_url":"https:\/\/evergetikon.eu\/de\/produkt\/gesichtsbartreiniger\/","og_site_name":"evergetikon","article_modified_time":"2026-04-02T18:20:32+00:00","twitter_card":"summary_large_image","twitter_misc":{"Gesch\u00e4tzte Lesezeit":"1\u00a0Minute"},"schema":{"@context":"https:\/\/schema.org","@graph":[{"@type":"WebPage","@id":"https:\/\/evergetikon.eu\/product\/gezicht-baardreiniger\/","url":"https:\/\/evergetikon.eu\/product\/gezicht-baardreiniger\/","name":"Reinigungsmittel f\u00fcr Gesicht und Bart - Evergetikon","isPartOf":{"@id":"https:\/\/evergetikon.eu\/#website"},"primaryImageOfPage":{"@id":"https:\/\/evergetikon.eu\/product\/gezicht-baardreiniger\/#primaryimage"},"image":{"@id":"https:\/\/evergetikon.eu\/product\/gezicht-baardreiniger\/#primaryimage"},"thumbnailUrl":"https:\/\/purehealthstore.nl\/wp-content\/uploads\/2022\/09\/natuurlijke-gezichtsreiniger-mannen-evergetikon.png","datePublished":"2022-09-18T19:56:00+00:00","dateModified":"2026-04-02T18:20:32+00:00","breadcrumb":{"@id":"https:\/\/evergetikon.eu\/product\/gezicht-baardreiniger\/#breadcrumb"},"inLanguage":"de","potentialAction":[{"@type":"ReadAction","target":["https:\/\/evergetikon.eu\/product\/gezicht-baardreiniger\/"]}]},{"@type":"ImageObject","inLanguage":"de","@id":"https:\/\/evergetikon.eu\/product\/gezicht-baardreiniger\/#primaryimage","url":"https:\/\/purehealthstore.nl\/wp-content\/uploads\/2022\/09\/natuurlijke-gezichtsreiniger-mannen-evergetikon.png","contentUrl":"https:\/\/purehealthstore.nl\/wp-content\/uploads\/2022\/09\/natuurlijke-gezichtsreiniger-mannen-evergetikon.png"},{"@type":"BreadcrumbList","@id":"https:\/\/evergetikon.eu\/product\/gezicht-baardreiniger\/#breadcrumb","itemListElement":[{"@type":"ListItem","position":1,"name":"Home","item":"https:\/\/evergetikon.eu\/"},{"@type":"ListItem","position":2,"name":"Shop","item":"https:\/\/evergetikon.eu\/shop\/"},{"@type":"ListItem","position":3,"name":"Gezicht- &amp; baardreiniger- Evergetikon"}]},{"@type":"WebSite","@id":"https:\/\/evergetikon.eu\/#website","url":"https:\/\/evergetikon.eu\/","name":"evergetikon","description":"","publisher":{"@id":"https:\/\/evergetikon.eu\/#organization"},"potentialAction":[{"@type":"SearchAction","target":{"@type":"EntryPoint","urlTemplate":"https:\/\/evergetikon.eu\/?s={search_term_string}"},"query-input":{"@type":"PropertyValueSpecification","valueRequired":true,"valueName":"search_term_string"}}],"inLanguage":"de"},{"@type":"Organization","@id":"https:\/\/evergetikon.eu\/#organization","name":"evergetikon","url":"https:\/\/evergetikon.eu\/","logo":{"@type":"ImageObject","inLanguage":"de","@id":"https:\/\/evergetikon.eu\/#\/schema\/logo\/image\/","url":"https:\/\/evergetikon.eu\/wp-content\/uploads\/2025\/06\/Evergetikon-non-of.svg","contentUrl":"https:\/\/evergetikon.eu\/wp-content\/uploads\/2025\/06\/Evergetikon-non-of.svg","width":229,"height":70,"caption":"evergetikon"},"image":{"@id":"https:\/\/evergetikon.eu\/#\/schema\/logo\/image\/"}}]}},"_links":{"self":[{"href":"https:\/\/evergetikon.eu\/de\/wp-json\/wp\/v2\/product\/310","targetHints":{"allow":["GET"]}}],"collection":[{"href":"https:\/\/evergetikon.eu\/de\/wp-json\/wp\/v2\/product"}],"about":[{"href":"https:\/\/evergetikon.eu\/de\/wp-json\/wp\/v2\/types\/product"}],"replies":[{"embeddable":true,"href":"https:\/\/evergetikon.eu\/de\/wp-json\/wp\/v2\/comments?post=310"}],"version-history":[{"count":0,"href":"https:\/\/evergetikon.eu\/de\/wp-json\/wp\/v2\/product\/310\/revisions"}],"wp:featuredmedia":[{"embeddable":true,"href":"https:\/\/evergetikon.eu\/de\/wp-json\/"}],"wp:attachment":[{"href":"https:\/\/evergetikon.eu\/de\/wp-json\/wp\/v2\/media?parent=310"}],"wp:term":[{"taxonomy":"product_brand","embeddable":true,"href":"https:\/\/evergetikon.eu\/de\/wp-json\/wp\/v2\/product_brand?post=310"},{"taxonomy":"product_cat","embeddable":true,"href":"https:\/\/evergetikon.eu\/de\/wp-json\/wp\/v2\/product_cat?post=310"},{"taxonomy":"product_tag","embeddable":true,"href":"https:\/\/evergetikon.eu\/de\/wp-json\/wp\/v2\/product_tag?post=310"}],"curies":[{"name":"wp","href":"https:\/\/api.w.org\/{rel}","templated":true}]}}