{"id":285,"date":"2022-09-18T20:08:50","date_gmt":"2022-09-18T20:08:50","guid":{"rendered":"https:\/\/evergetikon.nl\/?product=zeepbar-olijfzeep-groene-klei-evergetikon"},"modified":"2026-02-03T22:40:14","modified_gmt":"2026-02-03T22:40:14","slug":"zeepbar-olijfzeep-groene-klei-evergetikon","status":"publish","type":"product","link":"https:\/\/evergetikon.eu\/de\/produkt\/seifenstuck-olivenseife-gruner-ton-evergetikon\/","title":{"rendered":"Seifenst\u00fcck Olivenseife &amp; gr\u00fcne Tonerde - Evergetikon"},"content":{"rendered":"<h2>Entdecken Sie die Raffinesse unserer Seifenbar mit Oliven\u00f6l und gr\u00fcner Tonerde<\/h2>\n<p>Verw\u00f6hnen Sie sich mit einem nat\u00fcrlichen Hautpflegeerlebnis, das puren Luxus neu definiert. Unser handwerklich hergestelltes Seifenst\u00fcck kombiniert die reichhaltigen Vorteile von Oliven\u00f6l mit der reinigenden Kraft von gr\u00fcner Tonerde. Verwandeln Sie jeden Moment, in dem Sie Ihre Haut reinigen, in ein Erlebnis von Sanftheit und Erfrischung.<\/p>\n<p><strong>Tief n\u00e4hrendes Oliven\u00f6l:<\/strong> Oliven\u00f6l ist nicht nur ein weiterer Inhaltsstoff, sondern ein Hautpfleger, der die Haut seidig weich macht. Angereichert mit Antioxidantien und Vitamin E, spendet dieses n\u00e4hrende \u00d6l der Haut Feuchtigkeit und sch\u00fctzt sie vor dem Altern.<\/p>\n<p><strong>Reinigende gr\u00fcne Tonerde:<\/strong> Gr\u00fcne Tonerde ist als wirksames Reinigungsmittel bekannt und absorbiert \u00fcbersch\u00fcssiges Fett und Unreinheiten. Genie\u00dfen Sie saubere, klare Haut, die sich frisch und lebendig anf\u00fchlt.<\/p>\n<p>Mit diesem sorgf\u00e4ltig hergestellten Seifenst\u00fcck verwandeln Sie Ihre t\u00e4gliche Hautpflegeroutine in den wohltuenden Moment, den Sie verdient haben. Genie\u00dfen Sie strahlende Haut und ein lang anhaltendes Wohlgef\u00fchl.<\/p>","protected":false},"excerpt":{"rendered":"<p>Erleben Sie den Luxus nat\u00fcrlicher Pflege mit unserem Seifenst\u00fcck aus Oliven\u00f6l und gr\u00fcner Tonerde. Dieses Seifenst\u00fcck kombiniert n\u00e4hrendes Oliven\u00f6l mit reinigender gr\u00fcner Tonerde f\u00fcr seidige, strahlende Haut. Verwandeln Sie Ihre t\u00e4gliche Routine in einen Moment reiner Ruhe und Wellness.<\/p>","protected":false},"featured_media":284,"comment_status":"open","ping_status":"closed","template":"","meta":[],"product_brand":[],"product_cat":[29,92],"product_tag":[],"class_list":{"0":"post-285","1":"product","2":"type-product","3":"status-publish","4":"has-post-thumbnail","6":"product_cat-natuurlijke-zeep","7":"product_cat-olijfzeep","9":"first","10":"instock","11":"taxable","12":"shipping-taxable","13":"purchasable","14":"product-type-simple"},"yoast_head":"<!-- This site is optimized with the Yoast SEO plugin v27.3 - https:\/\/yoast.com\/product\/yoast-seo-wordpress\/ -->\n<title>Zeepbar olijfzeep &amp; groene klei - Evergetikon - evergetikon<\/title>\n<meta name=\"robots\" content=\"index, follow, max-snippet:-1, max-image-preview:large, max-video-preview:-1\" \/>\n<link rel=\"canonical\" href=\"https:\/\/evergetikon.eu\/de\/produkt\/seifenstuck-olivenseife-gruner-ton-evergetikon\/\" \/>\n<meta property=\"og:locale\" content=\"de_DE\" \/>\n<meta property=\"og:type\" content=\"article\" \/>\n<meta property=\"og:title\" content=\"Zeepbar olijfzeep &amp; groene klei - Evergetikon - evergetikon\" \/>\n<meta property=\"og:description\" content=\"Ervaar de luxe van natuurlijke verzorging met onze Olijf- en Groene Klei Zeepbar. Deze zeepbar combineert voedende olijfolie met zuiverende groene klei voor een zijdezachte, stralende huid. Transformeer je dagelijkse routine in een moment van pure rust en wellness.\" \/>\n<meta property=\"og:url\" content=\"https:\/\/evergetikon.eu\/de\/produkt\/seifenstuck-olivenseife-gruner-ton-evergetikon\/\" \/>\n<meta property=\"og:site_name\" content=\"evergetikon\" \/>\n<meta property=\"article:modified_time\" content=\"2026-02-03T22:40:14+00:00\" \/>\n<meta property=\"og:image\" content=\"https:\/\/evergetikon.eu\/wp-content\/uploads\/2024\/06\/olijfzeep-groene-klei-evergetikon.jpg\" \/>\n\t<meta property=\"og:image:width\" content=\"1024\" \/>\n\t<meta property=\"og:image:height\" content=\"861\" \/>\n\t<meta property=\"og:image:type\" content=\"image\/jpeg\" \/>\n<meta name=\"twitter:card\" content=\"summary_large_image\" \/>\n<meta name=\"twitter:label1\" content=\"Gesch\u00e4tzte Lesezeit\" \/>\n\t<meta name=\"twitter:data1\" content=\"1\u00a0Minute\" \/>\n<script type=\"application\/ld+json\" class=\"yoast-schema-graph\">{\"@context\":\"https:\\\/\\\/schema.org\",\"@graph\":[{\"@type\":\"WebPage\",\"@id\":\"https:\\\/\\\/evergetikon.eu\\\/product\\\/zeepbar-olijfzeep-groene-klei-evergetikon\\\/\",\"url\":\"https:\\\/\\\/evergetikon.eu\\\/product\\\/zeepbar-olijfzeep-groene-klei-evergetikon\\\/\",\"name\":\"Zeepbar olijfzeep &amp; groene klei - Evergetikon - evergetikon\",\"isPartOf\":{\"@id\":\"https:\\\/\\\/evergetikon.eu\\\/#website\"},\"primaryImageOfPage\":{\"@id\":\"https:\\\/\\\/evergetikon.eu\\\/product\\\/zeepbar-olijfzeep-groene-klei-evergetikon\\\/#primaryimage\"},\"image\":{\"@id\":\"https:\\\/\\\/evergetikon.eu\\\/product\\\/zeepbar-olijfzeep-groene-klei-evergetikon\\\/#primaryimage\"},\"thumbnailUrl\":\"https:\\\/\\\/exomh4ku2ih.exactdn.com\\\/wp-content\\\/uploads\\\/2024\\\/06\\\/olijfzeep-groene-klei-evergetikon.jpg?strip=all\",\"datePublished\":\"2022-09-18T20:08:50+00:00\",\"dateModified\":\"2026-02-03T22:40:14+00:00\",\"breadcrumb\":{\"@id\":\"https:\\\/\\\/evergetikon.eu\\\/product\\\/zeepbar-olijfzeep-groene-klei-evergetikon\\\/#breadcrumb\"},\"inLanguage\":\"de\",\"potentialAction\":[{\"@type\":\"ReadAction\",\"target\":[\"https:\\\/\\\/evergetikon.eu\\\/product\\\/zeepbar-olijfzeep-groene-klei-evergetikon\\\/\"]}]},{\"@type\":\"ImageObject\",\"inLanguage\":\"de\",\"@id\":\"https:\\\/\\\/evergetikon.eu\\\/product\\\/zeepbar-olijfzeep-groene-klei-evergetikon\\\/#primaryimage\",\"url\":\"https:\\\/\\\/exomh4ku2ih.exactdn.com\\\/wp-content\\\/uploads\\\/2024\\\/06\\\/olijfzeep-groene-klei-evergetikon.jpg?strip=all\",\"contentUrl\":\"https:\\\/\\\/exomh4ku2ih.exactdn.com\\\/wp-content\\\/uploads\\\/2024\\\/06\\\/olijfzeep-groene-klei-evergetikon.jpg?strip=all\",\"width\":1024,\"height\":861,\"caption\":\"olijfzeep groene klei\"},{\"@type\":\"BreadcrumbList\",\"@id\":\"https:\\\/\\\/evergetikon.eu\\\/product\\\/zeepbar-olijfzeep-groene-klei-evergetikon\\\/#breadcrumb\",\"itemListElement\":[{\"@type\":\"ListItem\",\"position\":1,\"name\":\"Home\",\"item\":\"https:\\\/\\\/evergetikon.eu\\\/\"},{\"@type\":\"ListItem\",\"position\":2,\"name\":\"Shop\",\"item\":\"https:\\\/\\\/evergetikon.eu\\\/shop\\\/\"},{\"@type\":\"ListItem\",\"position\":3,\"name\":\"Zeepbar olijfzeep &amp; groene klei &#8211; Evergetikon\"}]},{\"@type\":\"WebSite\",\"@id\":\"https:\\\/\\\/evergetikon.eu\\\/#website\",\"url\":\"https:\\\/\\\/evergetikon.eu\\\/\",\"name\":\"evergetikon\",\"description\":\"\",\"publisher\":{\"@id\":\"https:\\\/\\\/evergetikon.eu\\\/#organization\"},\"potentialAction\":[{\"@type\":\"SearchAction\",\"target\":{\"@type\":\"EntryPoint\",\"urlTemplate\":\"https:\\\/\\\/evergetikon.eu\\\/?s={search_term_string}\"},\"query-input\":{\"@type\":\"PropertyValueSpecification\",\"valueRequired\":true,\"valueName\":\"search_term_string\"}}],\"inLanguage\":\"de\"},{\"@type\":\"Organization\",\"@id\":\"https:\\\/\\\/evergetikon.eu\\\/#organization\",\"name\":\"evergetikon\",\"url\":\"https:\\\/\\\/evergetikon.eu\\\/\",\"logo\":{\"@type\":\"ImageObject\",\"inLanguage\":\"de\",\"@id\":\"https:\\\/\\\/evergetikon.eu\\\/#\\\/schema\\\/logo\\\/image\\\/\",\"url\":\"https:\\\/\\\/exomh4ku2ih.exactdn.com\\\/wp-content\\\/uploads\\\/2025\\\/06\\\/Evergetikon-non-of.svg\",\"contentUrl\":\"https:\\\/\\\/exomh4ku2ih.exactdn.com\\\/wp-content\\\/uploads\\\/2025\\\/06\\\/Evergetikon-non-of.svg\",\"width\":229,\"height\":70,\"caption\":\"evergetikon\"},\"image\":{\"@id\":\"https:\\\/\\\/evergetikon.eu\\\/#\\\/schema\\\/logo\\\/image\\\/\"}}]}<\/script>\n<!-- \/ Yoast SEO plugin. -->","yoast_head_json":{"title":"Seifenst\u00fcck Olivenseife &amp; gr\u00fcne Tonerde - Evergetikon","robots":{"index":"index","follow":"follow","max-snippet":"max-snippet:-1","max-image-preview":"max-image-preview:large","max-video-preview":"max-video-preview:-1"},"canonical":"https:\/\/evergetikon.eu\/de\/produkt\/seifenstuck-olivenseife-gruner-ton-evergetikon\/","og_locale":"de_DE","og_type":"article","og_title":"Zeepbar olijfzeep &amp; groene klei - Evergetikon - evergetikon","og_description":"Ervaar de luxe van natuurlijke verzorging met onze Olijf- en Groene Klei Zeepbar. Deze zeepbar combineert voedende olijfolie met zuiverende groene klei voor een zijdezachte, stralende huid. Transformeer je dagelijkse routine in een moment van pure rust en wellness.","og_url":"https:\/\/evergetikon.eu\/de\/produkt\/seifenstuck-olivenseife-gruner-ton-evergetikon\/","og_site_name":"evergetikon","article_modified_time":"2026-02-03T22:40:14+00:00","og_image":[{"width":1024,"height":861,"url":"https:\/\/evergetikon.eu\/wp-content\/uploads\/2024\/06\/olijfzeep-groene-klei-evergetikon.jpg","type":"image\/jpeg"}],"twitter_card":"summary_large_image","twitter_misc":{"Gesch\u00e4tzte Lesezeit":"1\u00a0Minute"},"schema":{"@context":"https:\/\/schema.org","@graph":[{"@type":"WebPage","@id":"https:\/\/evergetikon.eu\/product\/zeepbar-olijfzeep-groene-klei-evergetikon\/","url":"https:\/\/evergetikon.eu\/product\/zeepbar-olijfzeep-groene-klei-evergetikon\/","name":"Seifenst\u00fcck Olivenseife &amp; gr\u00fcne Tonerde - Evergetikon","isPartOf":{"@id":"https:\/\/evergetikon.eu\/#website"},"primaryImageOfPage":{"@id":"https:\/\/evergetikon.eu\/product\/zeepbar-olijfzeep-groene-klei-evergetikon\/#primaryimage"},"image":{"@id":"https:\/\/evergetikon.eu\/product\/zeepbar-olijfzeep-groene-klei-evergetikon\/#primaryimage"},"thumbnailUrl":"https:\/\/exomh4ku2ih.exactdn.com\/wp-content\/uploads\/2024\/06\/olijfzeep-groene-klei-evergetikon.jpg?strip=all","datePublished":"2022-09-18T20:08:50+00:00","dateModified":"2026-02-03T22:40:14+00:00","breadcrumb":{"@id":"https:\/\/evergetikon.eu\/product\/zeepbar-olijfzeep-groene-klei-evergetikon\/#breadcrumb"},"inLanguage":"de","potentialAction":[{"@type":"ReadAction","target":["https:\/\/evergetikon.eu\/product\/zeepbar-olijfzeep-groene-klei-evergetikon\/"]}]},{"@type":"ImageObject","inLanguage":"de","@id":"https:\/\/evergetikon.eu\/product\/zeepbar-olijfzeep-groene-klei-evergetikon\/#primaryimage","url":"https:\/\/exomh4ku2ih.exactdn.com\/wp-content\/uploads\/2024\/06\/olijfzeep-groene-klei-evergetikon.jpg?strip=all","contentUrl":"https:\/\/exomh4ku2ih.exactdn.com\/wp-content\/uploads\/2024\/06\/olijfzeep-groene-klei-evergetikon.jpg?strip=all","width":1024,"height":861,"caption":"olijfzeep groene klei"},{"@type":"BreadcrumbList","@id":"https:\/\/evergetikon.eu\/product\/zeepbar-olijfzeep-groene-klei-evergetikon\/#breadcrumb","itemListElement":[{"@type":"ListItem","position":1,"name":"Home","item":"https:\/\/evergetikon.eu\/"},{"@type":"ListItem","position":2,"name":"Shop","item":"https:\/\/evergetikon.eu\/shop\/"},{"@type":"ListItem","position":3,"name":"Zeepbar olijfzeep &amp; groene klei &#8211; Evergetikon"}]},{"@type":"WebSite","@id":"https:\/\/evergetikon.eu\/#website","url":"https:\/\/evergetikon.eu\/","name":"evergetikon","description":"","publisher":{"@id":"https:\/\/evergetikon.eu\/#organization"},"potentialAction":[{"@type":"SearchAction","target":{"@type":"EntryPoint","urlTemplate":"https:\/\/evergetikon.eu\/?s={search_term_string}"},"query-input":{"@type":"PropertyValueSpecification","valueRequired":true,"valueName":"search_term_string"}}],"inLanguage":"de"},{"@type":"Organization","@id":"https:\/\/evergetikon.eu\/#organization","name":"evergetikon","url":"https:\/\/evergetikon.eu\/","logo":{"@type":"ImageObject","inLanguage":"de","@id":"https:\/\/evergetikon.eu\/#\/schema\/logo\/image\/","url":"https:\/\/exomh4ku2ih.exactdn.com\/wp-content\/uploads\/2025\/06\/Evergetikon-non-of.svg","contentUrl":"https:\/\/exomh4ku2ih.exactdn.com\/wp-content\/uploads\/2025\/06\/Evergetikon-non-of.svg","width":229,"height":70,"caption":"evergetikon"},"image":{"@id":"https:\/\/evergetikon.eu\/#\/schema\/logo\/image\/"}}]}},"_links":{"self":[{"href":"https:\/\/evergetikon.eu\/de\/wp-json\/wp\/v2\/product\/285","targetHints":{"allow":["GET"]}}],"collection":[{"href":"https:\/\/evergetikon.eu\/de\/wp-json\/wp\/v2\/product"}],"about":[{"href":"https:\/\/evergetikon.eu\/de\/wp-json\/wp\/v2\/types\/product"}],"replies":[{"embeddable":true,"href":"https:\/\/evergetikon.eu\/de\/wp-json\/wp\/v2\/comments?post=285"}],"version-history":[{"count":0,"href":"https:\/\/evergetikon.eu\/de\/wp-json\/wp\/v2\/product\/285\/revisions"}],"wp:featuredmedia":[{"embeddable":true,"href":"https:\/\/evergetikon.eu\/de\/wp-json\/wp\/v2\/media\/284"}],"wp:attachment":[{"href":"https:\/\/evergetikon.eu\/de\/wp-json\/wp\/v2\/media?parent=285"}],"wp:term":[{"taxonomy":"product_brand","embeddable":true,"href":"https:\/\/evergetikon.eu\/de\/wp-json\/wp\/v2\/product_brand?post=285"},{"taxonomy":"product_cat","embeddable":true,"href":"https:\/\/evergetikon.eu\/de\/wp-json\/wp\/v2\/product_cat?post=285"},{"taxonomy":"product_tag","embeddable":true,"href":"https:\/\/evergetikon.eu\/de\/wp-json\/wp\/v2\/product_tag?post=285"}],"curies":[{"name":"wp","href":"https:\/\/api.w.org\/{rel}","templated":true}]}}