{"id":191,"date":"2022-10-14T20:46:36","date_gmt":"2022-10-14T20:46:36","guid":{"rendered":"https:\/\/evergetikon.nl\/?product=body-haarserum-floral-evergetikon"},"modified":"2026-03-10T15:56:20","modified_gmt":"2026-03-10T15:56:20","slug":"body-haarserum-floral-evergetikon","status":"publish","type":"product","link":"https:\/\/evergetikon.eu\/de\/produkt\/korperhaarserum-floral-evergetikon\/","title":{"rendered":"K\u00f6rper- und Haarserum - Floral - Evergetikon"},"content":{"rendered":"<h2>Purer Luxus f\u00fcr Ihre Haut und Ihr Haar<\/h2>\n<p>Erleben Sie den Luxus der Seidigkeit mit unserem Body &amp; Hair Serum Floral. Angereichert mit reichhaltigen \u00d6len wie S\u00fc\u00dfmandel\u00f6l, Traubenkern\u00f6l und Oliven\u00f6l, bietet dieses hochwertige Serum nicht nur tiefe Feuchtigkeit, sondern auch einen herrlichen Duft, der an eine Blumenwiese auf Kreta erinnert.<\/p>\n<p><strong>Vorteile:<\/strong><\/p>\n<ul>\n<li><strong>S\u00fc\u00dfes Mandel\u00f6l:<\/strong> Verleiht einen nat\u00fcrlichen Glanz, spendet Feuchtigkeit und beruhigt die Haut, w\u00e4hrend es gleichzeitig das Haar n\u00e4hrt und st\u00e4rkt.<\/li>\n<li><strong>Traubenkern\u00f6l:<\/strong> Macht die Haut weich und sch\u00fctzt sie mit seinen antioxidativen Eigenschaften.<\/li>\n<li><strong>Oliven\u00f6l aus Kreta:<\/strong> Es ist bekannt f\u00fcr seine entz\u00fcndungshemmenden Eigenschaften, sch\u00fctzt die Haut und sorgt f\u00fcr lang anhaltende Geschmeidigkeit und Glanz.<\/li>\n<\/ul>\n<p>Die einzigartige Formel unseres Serums zieht schnell ein, ohne ein klebriges Gef\u00fchl zu hinterlassen, und hinterl\u00e4sst sowohl auf der Haut als auch im Haar ein weiches und erfrischendes Gef\u00fchl. Der blumige Duft entf\u00fchrt Sie in die rustikalen Landschaften Kretas, wo die nat\u00fcrliche Sch\u00f6nheit im Mittelpunkt steht.<\/p>\n<p>Erleben Sie Luxus und st\u00e4rken Sie Ihr Selbstvertrauen mit Haut und Haar, die vor Gesundheit strahlen.<\/p>","protected":false},"excerpt":{"rendered":"<p>Verw\u00f6hnen Sie Ihre Haut und Ihr Haar mit unserem luxuri\u00f6sen Body &amp; Hair Serum Floral. Diese seidige Formel bietet tiefe Hydratation und ein unwiderstehliches Blumenaroma. Erleben Sie die sanfte Ausstrahlung und das Wohlbefinden von nat\u00fcrlichen \u00d6len in einem eleganten Serum.<\/p>","protected":false},"featured_media":100000019349,"comment_status":"open","ping_status":"closed","template":"","meta":[],"product_brand":[],"product_cat":[18,17,82,16],"product_tag":[],"class_list":{"0":"post-191","1":"product","2":"type-product","3":"status-publish","4":"has-post-thumbnail","6":"product_cat-natuurlijke-haarmaskers","7":"product_cat-haarolie","8":"product_cat-haarserums","9":"product_cat-haarverzorging","11":"first","12":"instock","13":"taxable","14":"shipping-taxable","15":"purchasable","16":"product-type-simple"},"yoast_head":"<!-- This site is optimized with the Yoast SEO plugin v27.4 - https:\/\/yoast.com\/product\/yoast-seo-wordpress\/ -->\n<title>Body &amp; Haarserum - Floral - Evergetikon - evergetikon<\/title>\n<meta name=\"robots\" content=\"index, follow, max-snippet:-1, max-image-preview:large, max-video-preview:-1\" \/>\n<link rel=\"canonical\" href=\"https:\/\/evergetikon.eu\/de\/produkt\/korperhaarserum-floral-evergetikon\/\" \/>\n<meta property=\"og:locale\" content=\"de_DE\" \/>\n<meta property=\"og:type\" content=\"article\" \/>\n<meta property=\"og:title\" content=\"Body &amp; Haarserum - Floral - Evergetikon - evergetikon\" \/>\n<meta property=\"og:description\" content=\"Verwen je huid en haar met ons luxe Body &amp; Haarserum Floral. Deze zijdezachte formule biedt diepe hydratie en een onweerstaanbaar bloemig aroma. Ervaar de zachte glans en welzijn van natuurlijke oli\u00ebn in \u00e9\u00e9n elegant serum.\" \/>\n<meta property=\"og:url\" content=\"https:\/\/evergetikon.eu\/de\/produkt\/korperhaarserum-floral-evergetikon\/\" \/>\n<meta property=\"og:site_name\" content=\"evergetikon\" \/>\n<meta property=\"article:modified_time\" content=\"2026-03-10T15:56:20+00:00\" \/>\n<meta name=\"twitter:card\" content=\"summary_large_image\" \/>\n<meta name=\"twitter:label1\" content=\"Gesch\u00e4tzte Lesezeit\" \/>\n\t<meta name=\"twitter:data1\" content=\"1\u00a0Minute\" \/>\n<script type=\"application\/ld+json\" class=\"yoast-schema-graph\">{\"@context\":\"https:\\\/\\\/schema.org\",\"@graph\":[{\"@type\":\"WebPage\",\"@id\":\"https:\\\/\\\/evergetikon.eu\\\/product\\\/body-haarserum-floral-evergetikon\\\/\",\"url\":\"https:\\\/\\\/evergetikon.eu\\\/product\\\/body-haarserum-floral-evergetikon\\\/\",\"name\":\"Body &amp; Haarserum - Floral - Evergetikon - evergetikon\",\"isPartOf\":{\"@id\":\"https:\\\/\\\/evergetikon.eu\\\/#website\"},\"primaryImageOfPage\":{\"@id\":\"https:\\\/\\\/evergetikon.eu\\\/product\\\/body-haarserum-floral-evergetikon\\\/#primaryimage\"},\"image\":{\"@id\":\"https:\\\/\\\/evergetikon.eu\\\/product\\\/body-haarserum-floral-evergetikon\\\/#primaryimage\"},\"thumbnailUrl\":\"https:\\\/\\\/purehealthstore.nl\\\/wp-content\\\/uploads\\\/2022\\\/10\\\/lichaam-haarserum-floral-evergetikon.png\",\"datePublished\":\"2022-10-14T20:46:36+00:00\",\"dateModified\":\"2026-03-10T15:56:20+00:00\",\"breadcrumb\":{\"@id\":\"https:\\\/\\\/evergetikon.eu\\\/product\\\/body-haarserum-floral-evergetikon\\\/#breadcrumb\"},\"inLanguage\":\"de\",\"potentialAction\":[{\"@type\":\"ReadAction\",\"target\":[\"https:\\\/\\\/evergetikon.eu\\\/product\\\/body-haarserum-floral-evergetikon\\\/\"]}]},{\"@type\":\"ImageObject\",\"inLanguage\":\"de\",\"@id\":\"https:\\\/\\\/evergetikon.eu\\\/product\\\/body-haarserum-floral-evergetikon\\\/#primaryimage\",\"url\":\"https:\\\/\\\/purehealthstore.nl\\\/wp-content\\\/uploads\\\/2022\\\/10\\\/lichaam-haarserum-floral-evergetikon.png\",\"contentUrl\":\"https:\\\/\\\/purehealthstore.nl\\\/wp-content\\\/uploads\\\/2022\\\/10\\\/lichaam-haarserum-floral-evergetikon.png\"},{\"@type\":\"BreadcrumbList\",\"@id\":\"https:\\\/\\\/evergetikon.eu\\\/product\\\/body-haarserum-floral-evergetikon\\\/#breadcrumb\",\"itemListElement\":[{\"@type\":\"ListItem\",\"position\":1,\"name\":\"Home\",\"item\":\"https:\\\/\\\/evergetikon.eu\\\/\"},{\"@type\":\"ListItem\",\"position\":2,\"name\":\"Shop\",\"item\":\"https:\\\/\\\/evergetikon.eu\\\/shop\\\/\"},{\"@type\":\"ListItem\",\"position\":3,\"name\":\"Body &amp; Haarserum &#8211; Floral &#8211; Evergetikon\"}]},{\"@type\":\"WebSite\",\"@id\":\"https:\\\/\\\/evergetikon.eu\\\/#website\",\"url\":\"https:\\\/\\\/evergetikon.eu\\\/\",\"name\":\"evergetikon\",\"description\":\"\",\"publisher\":{\"@id\":\"https:\\\/\\\/evergetikon.eu\\\/#organization\"},\"potentialAction\":[{\"@type\":\"SearchAction\",\"target\":{\"@type\":\"EntryPoint\",\"urlTemplate\":\"https:\\\/\\\/evergetikon.eu\\\/?s={search_term_string}\"},\"query-input\":{\"@type\":\"PropertyValueSpecification\",\"valueRequired\":true,\"valueName\":\"search_term_string\"}}],\"inLanguage\":\"de\"},{\"@type\":\"Organization\",\"@id\":\"https:\\\/\\\/evergetikon.eu\\\/#organization\",\"name\":\"evergetikon\",\"url\":\"https:\\\/\\\/evergetikon.eu\\\/\",\"logo\":{\"@type\":\"ImageObject\",\"inLanguage\":\"de\",\"@id\":\"https:\\\/\\\/evergetikon.eu\\\/#\\\/schema\\\/logo\\\/image\\\/\",\"url\":\"https:\\\/\\\/evergetikon.eu\\\/wp-content\\\/uploads\\\/2025\\\/06\\\/Evergetikon-non-of.svg\",\"contentUrl\":\"https:\\\/\\\/evergetikon.eu\\\/wp-content\\\/uploads\\\/2025\\\/06\\\/Evergetikon-non-of.svg\",\"width\":229,\"height\":70,\"caption\":\"evergetikon\"},\"image\":{\"@id\":\"https:\\\/\\\/evergetikon.eu\\\/#\\\/schema\\\/logo\\\/image\\\/\"}}]}<\/script>\n<!-- \/ Yoast SEO plugin. -->","yoast_head_json":{"title":"K\u00f6rper- &amp; Haar-Serum - Floral - Evergetikon","robots":{"index":"index","follow":"follow","max-snippet":"max-snippet:-1","max-image-preview":"max-image-preview:large","max-video-preview":"max-video-preview:-1"},"canonical":"https:\/\/evergetikon.eu\/de\/produkt\/korperhaarserum-floral-evergetikon\/","og_locale":"de_DE","og_type":"article","og_title":"Body &amp; Haarserum - Floral - Evergetikon - evergetikon","og_description":"Verwen je huid en haar met ons luxe Body &amp; Haarserum Floral. Deze zijdezachte formule biedt diepe hydratie en een onweerstaanbaar bloemig aroma. Ervaar de zachte glans en welzijn van natuurlijke oli\u00ebn in \u00e9\u00e9n elegant serum.","og_url":"https:\/\/evergetikon.eu\/de\/produkt\/korperhaarserum-floral-evergetikon\/","og_site_name":"evergetikon","article_modified_time":"2026-03-10T15:56:20+00:00","twitter_card":"summary_large_image","twitter_misc":{"Gesch\u00e4tzte Lesezeit":"1\u00a0Minute"},"schema":{"@context":"https:\/\/schema.org","@graph":[{"@type":"WebPage","@id":"https:\/\/evergetikon.eu\/product\/body-haarserum-floral-evergetikon\/","url":"https:\/\/evergetikon.eu\/product\/body-haarserum-floral-evergetikon\/","name":"K\u00f6rper- &amp; Haar-Serum - Floral - Evergetikon","isPartOf":{"@id":"https:\/\/evergetikon.eu\/#website"},"primaryImageOfPage":{"@id":"https:\/\/evergetikon.eu\/product\/body-haarserum-floral-evergetikon\/#primaryimage"},"image":{"@id":"https:\/\/evergetikon.eu\/product\/body-haarserum-floral-evergetikon\/#primaryimage"},"thumbnailUrl":"https:\/\/purehealthstore.nl\/wp-content\/uploads\/2022\/10\/lichaam-haarserum-floral-evergetikon.png","datePublished":"2022-10-14T20:46:36+00:00","dateModified":"2026-03-10T15:56:20+00:00","breadcrumb":{"@id":"https:\/\/evergetikon.eu\/product\/body-haarserum-floral-evergetikon\/#breadcrumb"},"inLanguage":"de","potentialAction":[{"@type":"ReadAction","target":["https:\/\/evergetikon.eu\/product\/body-haarserum-floral-evergetikon\/"]}]},{"@type":"ImageObject","inLanguage":"de","@id":"https:\/\/evergetikon.eu\/product\/body-haarserum-floral-evergetikon\/#primaryimage","url":"https:\/\/purehealthstore.nl\/wp-content\/uploads\/2022\/10\/lichaam-haarserum-floral-evergetikon.png","contentUrl":"https:\/\/purehealthstore.nl\/wp-content\/uploads\/2022\/10\/lichaam-haarserum-floral-evergetikon.png"},{"@type":"BreadcrumbList","@id":"https:\/\/evergetikon.eu\/product\/body-haarserum-floral-evergetikon\/#breadcrumb","itemListElement":[{"@type":"ListItem","position":1,"name":"Home","item":"https:\/\/evergetikon.eu\/"},{"@type":"ListItem","position":2,"name":"Shop","item":"https:\/\/evergetikon.eu\/shop\/"},{"@type":"ListItem","position":3,"name":"Body &amp; Haarserum &#8211; Floral &#8211; Evergetikon"}]},{"@type":"WebSite","@id":"https:\/\/evergetikon.eu\/#website","url":"https:\/\/evergetikon.eu\/","name":"evergetikon","description":"","publisher":{"@id":"https:\/\/evergetikon.eu\/#organization"},"potentialAction":[{"@type":"SearchAction","target":{"@type":"EntryPoint","urlTemplate":"https:\/\/evergetikon.eu\/?s={search_term_string}"},"query-input":{"@type":"PropertyValueSpecification","valueRequired":true,"valueName":"search_term_string"}}],"inLanguage":"de"},{"@type":"Organization","@id":"https:\/\/evergetikon.eu\/#organization","name":"evergetikon","url":"https:\/\/evergetikon.eu\/","logo":{"@type":"ImageObject","inLanguage":"de","@id":"https:\/\/evergetikon.eu\/#\/schema\/logo\/image\/","url":"https:\/\/evergetikon.eu\/wp-content\/uploads\/2025\/06\/Evergetikon-non-of.svg","contentUrl":"https:\/\/evergetikon.eu\/wp-content\/uploads\/2025\/06\/Evergetikon-non-of.svg","width":229,"height":70,"caption":"evergetikon"},"image":{"@id":"https:\/\/evergetikon.eu\/#\/schema\/logo\/image\/"}}]}},"_links":{"self":[{"href":"https:\/\/evergetikon.eu\/de\/wp-json\/wp\/v2\/product\/191","targetHints":{"allow":["GET"]}}],"collection":[{"href":"https:\/\/evergetikon.eu\/de\/wp-json\/wp\/v2\/product"}],"about":[{"href":"https:\/\/evergetikon.eu\/de\/wp-json\/wp\/v2\/types\/product"}],"replies":[{"embeddable":true,"href":"https:\/\/evergetikon.eu\/de\/wp-json\/wp\/v2\/comments?post=191"}],"version-history":[{"count":0,"href":"https:\/\/evergetikon.eu\/de\/wp-json\/wp\/v2\/product\/191\/revisions"}],"wp:featuredmedia":[{"embeddable":true,"href":"https:\/\/evergetikon.eu\/de\/wp-json\/"}],"wp:attachment":[{"href":"https:\/\/evergetikon.eu\/de\/wp-json\/wp\/v2\/media?parent=191"}],"wp:term":[{"taxonomy":"product_brand","embeddable":true,"href":"https:\/\/evergetikon.eu\/de\/wp-json\/wp\/v2\/product_brand?post=191"},{"taxonomy":"product_cat","embeddable":true,"href":"https:\/\/evergetikon.eu\/de\/wp-json\/wp\/v2\/product_cat?post=191"},{"taxonomy":"product_tag","embeddable":true,"href":"https:\/\/evergetikon.eu\/de\/wp-json\/wp\/v2\/product_tag?post=191"}],"curies":[{"name":"wp","href":"https:\/\/api.w.org\/{rel}","templated":true}]}}