{"id":146,"date":"2023-03-02T20:36:17","date_gmt":"2023-03-02T20:36:17","guid":{"rendered":"https:\/\/evergetikon.nl\/?product=kindershampoo-150ml-evergetikon"},"modified":"2026-04-03T13:26:25","modified_gmt":"2026-04-03T13:26:25","slug":"kindershampoo-150ml-evergetikon","status":"publish","type":"product","link":"https:\/\/evergetikon.eu\/de\/produkt\/kindershampoo-150ml-evergetikon\/","title":{"rendered":"Shampoo f\u00fcr Kinder - 150ml - Evergetikon"},"content":{"rendered":"","protected":false},"excerpt":{"rendered":"<p>Kindershampoo mit Kamille. Reinigt sanft, beruhigt die Kopfhaut und bewahrt den nat\u00fcrlichen Feuchtigkeitshaushalt der Haut. Dieses Shampoo spendet dem Haar Feuchtigkeit, verhindert Haarbruch und verleiht dem Haar Glanz. Kamille ist ein nat\u00fcrlicher Conditioner, spendet Feuchtigkeit und pflegt das Haar, besonders beliebt f\u00fcr seine entz\u00fcndungshemmenden und pilzhemmenden Eigenschaften. Sie wirkt Reizungen entgegen und beruhigt die Kopfhaut. Ein nat\u00fcrliches Shampoo, das speziell f\u00fcr die Bed\u00fcrfnisse von Kindern entwickelt wurde und selbst die empfindlichste Kopfhaut schon bei der ersten Anwendung beruhigt. Freundliche Formulierung f\u00fcr empfindliche Kopfhaut, enth\u00e4lt keine Sulfate oder Parabene.<\/p>","protected":false},"featured_media":145,"comment_status":"closed","ping_status":"closed","template":"","meta":[],"product_brand":[],"product_cat":[16,19],"product_tag":[],"class_list":{"0":"post-146","1":"product","2":"type-product","3":"status-publish","4":"has-post-thumbnail","6":"product_cat-haarverzorging","7":"product_cat-natuurlijke-shampoo","9":"first","10":"outofstock","11":"taxable","12":"shipping-taxable","13":"purchasable","14":"product-type-simple"},"yoast_head":"<!-- This site is optimized with the Yoast SEO plugin v27.4 - https:\/\/yoast.com\/product\/yoast-seo-wordpress\/ -->\n<title>Kindershampoo - 150ml - Evergetikon - evergetikon<\/title>\n<meta name=\"robots\" content=\"index, follow, max-snippet:-1, max-image-preview:large, max-video-preview:-1\" \/>\n<link rel=\"canonical\" href=\"https:\/\/evergetikon.eu\/de\/produkt\/kindershampoo-150ml-evergetikon\/\" \/>\n<meta property=\"og:locale\" content=\"de_DE\" \/>\n<meta property=\"og:type\" content=\"article\" \/>\n<meta property=\"og:title\" content=\"Kindershampoo - 150ml - Evergetikon - evergetikon\" \/>\n<meta property=\"og:description\" content=\"Kindershampoo met kamille.\u00a0Reinigt zacht, kalmeert de hoofdhuid en handhaaft de natuurlijke vochtbalans van de huid.\u00a0Deze shampoo hydrateert het haar, voorkomt haarbreuk en geeft het haar glans.\u00a0Kamille is een natuurlijke conditioner, hydrateert en voedt het haar, vooral populair vanwege zijn ontstekingsremmende en schimmelwerende eigenschappen.\u00a0Het werkt irritatie tegen en kalmeert de hoofdhuid.\u00a0Een natuurlijke shampoo speciaal ontwikkeld voor de behoeften van kinderen, kalmeert zelfs de meest gevoelige hoofdhuid vanaf het eerste gebruik.\u00a0Vriendelijke samenstelling voor de gevoelige hoofdhuid, bevat geen sulfaten of parabenen.\" \/>\n<meta property=\"og:url\" content=\"https:\/\/evergetikon.eu\/de\/produkt\/kindershampoo-150ml-evergetikon\/\" \/>\n<meta property=\"og:site_name\" content=\"evergetikon\" \/>\n<meta property=\"article:modified_time\" content=\"2026-04-03T13:26:25+00:00\" \/>\n<meta property=\"og:image\" content=\"https:\/\/evergetikon.eu\/wp-content\/uploads\/2024\/06\/shampoo-kinderen-evergetikon.jpg\" \/>\n\t<meta property=\"og:image:width\" content=\"820\" \/>\n\t<meta property=\"og:image:height\" content=\"690\" \/>\n\t<meta property=\"og:image:type\" content=\"image\/jpeg\" \/>\n<meta name=\"twitter:card\" content=\"summary_large_image\" \/>\n<script type=\"application\/ld+json\" class=\"yoast-schema-graph\">{\"@context\":\"https:\\\/\\\/schema.org\",\"@graph\":[{\"@type\":\"WebPage\",\"@id\":\"https:\\\/\\\/evergetikon.eu\\\/product\\\/kindershampoo-150ml-evergetikon\\\/\",\"url\":\"https:\\\/\\\/evergetikon.eu\\\/product\\\/kindershampoo-150ml-evergetikon\\\/\",\"name\":\"Kindershampoo - 150ml - Evergetikon - evergetikon\",\"isPartOf\":{\"@id\":\"https:\\\/\\\/evergetikon.eu\\\/#website\"},\"primaryImageOfPage\":{\"@id\":\"https:\\\/\\\/evergetikon.eu\\\/product\\\/kindershampoo-150ml-evergetikon\\\/#primaryimage\"},\"image\":{\"@id\":\"https:\\\/\\\/evergetikon.eu\\\/product\\\/kindershampoo-150ml-evergetikon\\\/#primaryimage\"},\"thumbnailUrl\":\"https:\\\/\\\/exomh4ku2ih.exactdn.com\\\/wp-content\\\/uploads\\\/2024\\\/06\\\/shampoo-kinderen-evergetikon.jpg?strip=all\",\"datePublished\":\"2023-03-02T20:36:17+00:00\",\"dateModified\":\"2026-04-03T13:26:25+00:00\",\"breadcrumb\":{\"@id\":\"https:\\\/\\\/evergetikon.eu\\\/product\\\/kindershampoo-150ml-evergetikon\\\/#breadcrumb\"},\"inLanguage\":\"de\",\"potentialAction\":[{\"@type\":\"ReadAction\",\"target\":[\"https:\\\/\\\/evergetikon.eu\\\/product\\\/kindershampoo-150ml-evergetikon\\\/\"]}]},{\"@type\":\"ImageObject\",\"inLanguage\":\"de\",\"@id\":\"https:\\\/\\\/evergetikon.eu\\\/product\\\/kindershampoo-150ml-evergetikon\\\/#primaryimage\",\"url\":\"https:\\\/\\\/exomh4ku2ih.exactdn.com\\\/wp-content\\\/uploads\\\/2024\\\/06\\\/shampoo-kinderen-evergetikon.jpg?strip=all\",\"contentUrl\":\"https:\\\/\\\/exomh4ku2ih.exactdn.com\\\/wp-content\\\/uploads\\\/2024\\\/06\\\/shampoo-kinderen-evergetikon.jpg?strip=all\",\"width\":820,\"height\":690,\"caption\":\"shampoo kinderen evergetikon\"},{\"@type\":\"BreadcrumbList\",\"@id\":\"https:\\\/\\\/evergetikon.eu\\\/product\\\/kindershampoo-150ml-evergetikon\\\/#breadcrumb\",\"itemListElement\":[{\"@type\":\"ListItem\",\"position\":1,\"name\":\"Home\",\"item\":\"https:\\\/\\\/evergetikon.eu\\\/\"},{\"@type\":\"ListItem\",\"position\":2,\"name\":\"Shop\",\"item\":\"https:\\\/\\\/evergetikon.eu\\\/shop\\\/\"},{\"@type\":\"ListItem\",\"position\":3,\"name\":\"Kindershampoo &#8211; 150ml &#8211; Evergetikon\"}]},{\"@type\":\"WebSite\",\"@id\":\"https:\\\/\\\/evergetikon.eu\\\/#website\",\"url\":\"https:\\\/\\\/evergetikon.eu\\\/\",\"name\":\"evergetikon\",\"description\":\"\",\"publisher\":{\"@id\":\"https:\\\/\\\/evergetikon.eu\\\/#organization\"},\"potentialAction\":[{\"@type\":\"SearchAction\",\"target\":{\"@type\":\"EntryPoint\",\"urlTemplate\":\"https:\\\/\\\/evergetikon.eu\\\/?s={search_term_string}\"},\"query-input\":{\"@type\":\"PropertyValueSpecification\",\"valueRequired\":true,\"valueName\":\"search_term_string\"}}],\"inLanguage\":\"de\"},{\"@type\":\"Organization\",\"@id\":\"https:\\\/\\\/evergetikon.eu\\\/#organization\",\"name\":\"evergetikon\",\"url\":\"https:\\\/\\\/evergetikon.eu\\\/\",\"logo\":{\"@type\":\"ImageObject\",\"inLanguage\":\"de\",\"@id\":\"https:\\\/\\\/evergetikon.eu\\\/#\\\/schema\\\/logo\\\/image\\\/\",\"url\":\"https:\\\/\\\/exomh4ku2ih.exactdn.com\\\/wp-content\\\/uploads\\\/2025\\\/06\\\/Evergetikon-non-of.svg\",\"contentUrl\":\"https:\\\/\\\/exomh4ku2ih.exactdn.com\\\/wp-content\\\/uploads\\\/2025\\\/06\\\/Evergetikon-non-of.svg\",\"width\":229,\"height\":70,\"caption\":\"evergetikon\"},\"image\":{\"@id\":\"https:\\\/\\\/evergetikon.eu\\\/#\\\/schema\\\/logo\\\/image\\\/\"}}]}<\/script>\n<!-- \/ Yoast SEO plugin. -->","yoast_head_json":{"title":"Shampoo f\u00fcr Kinder - 150ml - Evergetikon","robots":{"index":"index","follow":"follow","max-snippet":"max-snippet:-1","max-image-preview":"max-image-preview:large","max-video-preview":"max-video-preview:-1"},"canonical":"https:\/\/evergetikon.eu\/de\/produkt\/kindershampoo-150ml-evergetikon\/","og_locale":"de_DE","og_type":"article","og_title":"Kindershampoo - 150ml - Evergetikon - evergetikon","og_description":"Kindershampoo met kamille.\u00a0Reinigt zacht, kalmeert de hoofdhuid en handhaaft de natuurlijke vochtbalans van de huid.\u00a0Deze shampoo hydrateert het haar, voorkomt haarbreuk en geeft het haar glans.\u00a0Kamille is een natuurlijke conditioner, hydrateert en voedt het haar, vooral populair vanwege zijn ontstekingsremmende en schimmelwerende eigenschappen.\u00a0Het werkt irritatie tegen en kalmeert de hoofdhuid.\u00a0Een natuurlijke shampoo speciaal ontwikkeld voor de behoeften van kinderen, kalmeert zelfs de meest gevoelige hoofdhuid vanaf het eerste gebruik.\u00a0Vriendelijke samenstelling voor de gevoelige hoofdhuid, bevat geen sulfaten of parabenen.","og_url":"https:\/\/evergetikon.eu\/de\/produkt\/kindershampoo-150ml-evergetikon\/","og_site_name":"evergetikon","article_modified_time":"2026-04-03T13:26:25+00:00","og_image":[{"width":820,"height":690,"url":"https:\/\/evergetikon.eu\/wp-content\/uploads\/2024\/06\/shampoo-kinderen-evergetikon.jpg","type":"image\/jpeg"}],"twitter_card":"summary_large_image","schema":{"@context":"https:\/\/schema.org","@graph":[{"@type":"WebPage","@id":"https:\/\/evergetikon.eu\/product\/kindershampoo-150ml-evergetikon\/","url":"https:\/\/evergetikon.eu\/product\/kindershampoo-150ml-evergetikon\/","name":"Shampoo f\u00fcr Kinder - 150ml - Evergetikon","isPartOf":{"@id":"https:\/\/evergetikon.eu\/#website"},"primaryImageOfPage":{"@id":"https:\/\/evergetikon.eu\/product\/kindershampoo-150ml-evergetikon\/#primaryimage"},"image":{"@id":"https:\/\/evergetikon.eu\/product\/kindershampoo-150ml-evergetikon\/#primaryimage"},"thumbnailUrl":"https:\/\/exomh4ku2ih.exactdn.com\/wp-content\/uploads\/2024\/06\/shampoo-kinderen-evergetikon.jpg?strip=all","datePublished":"2023-03-02T20:36:17+00:00","dateModified":"2026-04-03T13:26:25+00:00","breadcrumb":{"@id":"https:\/\/evergetikon.eu\/product\/kindershampoo-150ml-evergetikon\/#breadcrumb"},"inLanguage":"de","potentialAction":[{"@type":"ReadAction","target":["https:\/\/evergetikon.eu\/product\/kindershampoo-150ml-evergetikon\/"]}]},{"@type":"ImageObject","inLanguage":"de","@id":"https:\/\/evergetikon.eu\/product\/kindershampoo-150ml-evergetikon\/#primaryimage","url":"https:\/\/exomh4ku2ih.exactdn.com\/wp-content\/uploads\/2024\/06\/shampoo-kinderen-evergetikon.jpg?strip=all","contentUrl":"https:\/\/exomh4ku2ih.exactdn.com\/wp-content\/uploads\/2024\/06\/shampoo-kinderen-evergetikon.jpg?strip=all","width":820,"height":690,"caption":"shampoo kinderen evergetikon"},{"@type":"BreadcrumbList","@id":"https:\/\/evergetikon.eu\/product\/kindershampoo-150ml-evergetikon\/#breadcrumb","itemListElement":[{"@type":"ListItem","position":1,"name":"Home","item":"https:\/\/evergetikon.eu\/"},{"@type":"ListItem","position":2,"name":"Shop","item":"https:\/\/evergetikon.eu\/shop\/"},{"@type":"ListItem","position":3,"name":"Kindershampoo &#8211; 150ml &#8211; Evergetikon"}]},{"@type":"WebSite","@id":"https:\/\/evergetikon.eu\/#website","url":"https:\/\/evergetikon.eu\/","name":"evergetikon","description":"","publisher":{"@id":"https:\/\/evergetikon.eu\/#organization"},"potentialAction":[{"@type":"SearchAction","target":{"@type":"EntryPoint","urlTemplate":"https:\/\/evergetikon.eu\/?s={search_term_string}"},"query-input":{"@type":"PropertyValueSpecification","valueRequired":true,"valueName":"search_term_string"}}],"inLanguage":"de"},{"@type":"Organization","@id":"https:\/\/evergetikon.eu\/#organization","name":"evergetikon","url":"https:\/\/evergetikon.eu\/","logo":{"@type":"ImageObject","inLanguage":"de","@id":"https:\/\/evergetikon.eu\/#\/schema\/logo\/image\/","url":"https:\/\/exomh4ku2ih.exactdn.com\/wp-content\/uploads\/2025\/06\/Evergetikon-non-of.svg","contentUrl":"https:\/\/exomh4ku2ih.exactdn.com\/wp-content\/uploads\/2025\/06\/Evergetikon-non-of.svg","width":229,"height":70,"caption":"evergetikon"},"image":{"@id":"https:\/\/evergetikon.eu\/#\/schema\/logo\/image\/"}}]}},"_links":{"self":[{"href":"https:\/\/evergetikon.eu\/de\/wp-json\/wp\/v2\/product\/146","targetHints":{"allow":["GET"]}}],"collection":[{"href":"https:\/\/evergetikon.eu\/de\/wp-json\/wp\/v2\/product"}],"about":[{"href":"https:\/\/evergetikon.eu\/de\/wp-json\/wp\/v2\/types\/product"}],"replies":[{"embeddable":true,"href":"https:\/\/evergetikon.eu\/de\/wp-json\/wp\/v2\/comments?post=146"}],"version-history":[{"count":0,"href":"https:\/\/evergetikon.eu\/de\/wp-json\/wp\/v2\/product\/146\/revisions"}],"wp:featuredmedia":[{"embeddable":true,"href":"https:\/\/evergetikon.eu\/de\/wp-json\/wp\/v2\/media\/145"}],"wp:attachment":[{"href":"https:\/\/evergetikon.eu\/de\/wp-json\/wp\/v2\/media?parent=146"}],"wp:term":[{"taxonomy":"product_brand","embeddable":true,"href":"https:\/\/evergetikon.eu\/de\/wp-json\/wp\/v2\/product_brand?post=146"},{"taxonomy":"product_cat","embeddable":true,"href":"https:\/\/evergetikon.eu\/de\/wp-json\/wp\/v2\/product_cat?post=146"},{"taxonomy":"product_tag","embeddable":true,"href":"https:\/\/evergetikon.eu\/de\/wp-json\/wp\/v2\/product_tag?post=146"}],"curies":[{"name":"wp","href":"https:\/\/api.w.org\/{rel}","templated":true}]}}