{"id":10906,"date":"2024-06-22T13:35:56","date_gmt":"2024-06-22T13:35:56","guid":{"rendered":"https:\/\/evergetikon.eu\/product\/shakti-mat\/"},"modified":"2025-12-15T21:55:56","modified_gmt":"2025-12-15T21:55:56","slug":"shakti-mat","status":"publish","type":"product","link":"https:\/\/evergetikon.eu\/de\/produkt\/shakti-matte\/","title":{"rendered":"Shakti Mat - F\u00fcr Entspannung, Schmerzlinderung und besseren Schlaf - Inklusive Tragetasche | Pure Health Store"},"content":{"rendered":"<h2>Erleben Sie ultimative Entspannung mit der Shakti Matte<\/h2>\n<p>Entdecken Sie die Kraft uralter Techniken mit dem <strong>Shakti-Matte<\/strong>, eine Akupressurmatte, die Ihnen hilft, sich tief zu entspannen, Schmerzen zu lindern und Ihre Schlafqualit\u00e4t zu verbessern. Verwenden Sie sie t\u00e4glich, um einen sp\u00fcrbaren Unterschied in Ihrem Wohlbefinden zu erzielen.<\/p>\n<h3>Warum die Shakti-Matte w\u00e4hlen?<\/h3>\n<ul>\n<li><strong>Schmerzlinderung und Entspannung:<\/strong> Die stimulierenden Druckpunkte lindern R\u00fccken-, Nacken- und Schulterschmerzen und entspannen m\u00fcde Muskeln.<\/li>\n<li><strong>Verbesserte Durchblutung:<\/strong> Erleben Sie eine bessere Durchblutung, die Ihrem K\u00f6rper hilft, sich schneller zu erholen.<\/li>\n<li><strong>Stressabbau:<\/strong> L\u00f6sen Sie Stress und Verspannungen mit nur 15 Minuten t\u00e4glicher Anwendung f\u00fcr ein beruhigendes Erlebnis.<\/li>\n<li><strong>Langlebige Materialien:<\/strong> Hergestellt aus 100% nat\u00fcrlicher Baumwolle und umweltfreundlichen Materialien.<\/li>\n<li><strong>Leicht zu tragen:<\/strong> Inklusive praktischer Tragetasche, ideal f\u00fcr zu Hause, im B\u00fcro oder unterwegs.<\/li>\n<\/ul>\n<p>Erleben Sie die Vorteile der Shakti-Matte selbst. <strong>Heute bestellen<\/strong> und schenken Sie Ihrem K\u00f6rper die Aufmerksamkeit, die er verdient!<\/p>","protected":false},"excerpt":{"rendered":"<p>Erleben Sie die ultimative Entspannung mit der Shakti-Matte und sp\u00fcren Sie schon bald den Unterschied im Wohlbefinden. Lindern Sie Schmerzen, verbessern Sie Ihren Kreislauf und bauen Sie bei t\u00e4glicher Anwendung Stress ab. Bestellen Sie jetzt und schenken Sie Ihrem K\u00f6rper die Aufmerksamkeit, die er verdient!<\/p>","protected":false},"featured_media":100000014548,"comment_status":"open","ping_status":"closed","template":"","meta":[],"product_brand":[],"product_cat":[219],"product_tag":[],"class_list":{"0":"post-10906","1":"product","2":"type-product","3":"status-publish","4":"has-post-thumbnail","6":"product_cat-ontspanning","8":"first","9":"instock","10":"sale","11":"taxable","12":"shipping-taxable","13":"purchasable","14":"product-type-simple"},"yoast_head":"<!-- This site is optimized with the Yoast SEO plugin v27.4 - https:\/\/yoast.com\/product\/yoast-seo-wordpress\/ -->\n<title>Shakti Mat \u2013 Voor ontspanning, pijnverlichting en beter slapen \u2013 Inclusief Draagtas | Pure Health Store - evergetikon<\/title>\n<meta name=\"robots\" content=\"index, follow, max-snippet:-1, max-image-preview:large, max-video-preview:-1\" \/>\n<link rel=\"canonical\" href=\"https:\/\/evergetikon.eu\/de\/produkt\/shakti-matte\/\" \/>\n<meta property=\"og:locale\" content=\"de_DE\" \/>\n<meta property=\"og:type\" content=\"article\" \/>\n<meta property=\"og:title\" content=\"Shakti Mat \u2013 Voor ontspanning, pijnverlichting en beter slapen \u2013 Inclusief Draagtas | Pure Health Store - evergetikon\" \/>\n<meta property=\"og:description\" content=\"Ervaar ultieme ontspanning met de Shakti Mat en merk al snel het verschil in welzijn. Verlicht pijn, verbeter je bloedsomloop en verminder stress met dagelijks gebruik. Bestel nu en geef je lichaam de aandacht die het verdient!\" \/>\n<meta property=\"og:url\" content=\"https:\/\/evergetikon.eu\/de\/produkt\/shakti-matte\/\" \/>\n<meta property=\"og:site_name\" content=\"evergetikon\" \/>\n<meta property=\"article:modified_time\" content=\"2025-12-15T21:55:56+00:00\" \/>\n<meta name=\"twitter:card\" content=\"summary_large_image\" \/>\n<meta name=\"twitter:label1\" content=\"Gesch\u00e4tzte Lesezeit\" \/>\n\t<meta name=\"twitter:data1\" content=\"1\u00a0Minute\" \/>\n<script type=\"application\/ld+json\" class=\"yoast-schema-graph\">{\"@context\":\"https:\\\/\\\/schema.org\",\"@graph\":[{\"@type\":\"WebPage\",\"@id\":\"https:\\\/\\\/evergetikon.eu\\\/product\\\/shakti-mat\\\/\",\"url\":\"https:\\\/\\\/evergetikon.eu\\\/product\\\/shakti-mat\\\/\",\"name\":\"Shakti Mat \u2013 Voor ontspanning, pijnverlichting en beter slapen \u2013 Inclusief Draagtas | Pure Health Store - evergetikon\",\"isPartOf\":{\"@id\":\"https:\\\/\\\/evergetikon.eu\\\/#website\"},\"primaryImageOfPage\":{\"@id\":\"https:\\\/\\\/evergetikon.eu\\\/product\\\/shakti-mat\\\/#primaryimage\"},\"image\":{\"@id\":\"https:\\\/\\\/evergetikon.eu\\\/product\\\/shakti-mat\\\/#primaryimage\"},\"thumbnailUrl\":\"https:\\\/\\\/purehealthstore.nl\\\/wp-content\\\/uploads\\\/2024\\\/06\\\/acupressuur-mat.jpeg\",\"datePublished\":\"2024-06-22T13:35:56+00:00\",\"dateModified\":\"2025-12-15T21:55:56+00:00\",\"breadcrumb\":{\"@id\":\"https:\\\/\\\/evergetikon.eu\\\/product\\\/shakti-mat\\\/#breadcrumb\"},\"inLanguage\":\"de\",\"potentialAction\":[{\"@type\":\"ReadAction\",\"target\":[\"https:\\\/\\\/evergetikon.eu\\\/product\\\/shakti-mat\\\/\"]}]},{\"@type\":\"ImageObject\",\"inLanguage\":\"de\",\"@id\":\"https:\\\/\\\/evergetikon.eu\\\/product\\\/shakti-mat\\\/#primaryimage\",\"url\":\"https:\\\/\\\/purehealthstore.nl\\\/wp-content\\\/uploads\\\/2024\\\/06\\\/acupressuur-mat.jpeg\",\"contentUrl\":\"https:\\\/\\\/purehealthstore.nl\\\/wp-content\\\/uploads\\\/2024\\\/06\\\/acupressuur-mat.jpeg\"},{\"@type\":\"BreadcrumbList\",\"@id\":\"https:\\\/\\\/evergetikon.eu\\\/product\\\/shakti-mat\\\/#breadcrumb\",\"itemListElement\":[{\"@type\":\"ListItem\",\"position\":1,\"name\":\"Home\",\"item\":\"https:\\\/\\\/evergetikon.eu\\\/\"},{\"@type\":\"ListItem\",\"position\":2,\"name\":\"Shop\",\"item\":\"https:\\\/\\\/evergetikon.eu\\\/shop\\\/\"},{\"@type\":\"ListItem\",\"position\":3,\"name\":\"Shakti Mat \u2013 Voor ontspanning, pijnverlichting en beter slapen \u2013 Inclusief Draagtas | Pure Health Store\"}]},{\"@type\":\"WebSite\",\"@id\":\"https:\\\/\\\/evergetikon.eu\\\/#website\",\"url\":\"https:\\\/\\\/evergetikon.eu\\\/\",\"name\":\"evergetikon\",\"description\":\"\",\"publisher\":{\"@id\":\"https:\\\/\\\/evergetikon.eu\\\/#organization\"},\"potentialAction\":[{\"@type\":\"SearchAction\",\"target\":{\"@type\":\"EntryPoint\",\"urlTemplate\":\"https:\\\/\\\/evergetikon.eu\\\/?s={search_term_string}\"},\"query-input\":{\"@type\":\"PropertyValueSpecification\",\"valueRequired\":true,\"valueName\":\"search_term_string\"}}],\"inLanguage\":\"de\"},{\"@type\":\"Organization\",\"@id\":\"https:\\\/\\\/evergetikon.eu\\\/#organization\",\"name\":\"evergetikon\",\"url\":\"https:\\\/\\\/evergetikon.eu\\\/\",\"logo\":{\"@type\":\"ImageObject\",\"inLanguage\":\"de\",\"@id\":\"https:\\\/\\\/evergetikon.eu\\\/#\\\/schema\\\/logo\\\/image\\\/\",\"url\":\"https:\\\/\\\/evergetikon.eu\\\/wp-content\\\/uploads\\\/2025\\\/06\\\/Evergetikon-non-of.svg\",\"contentUrl\":\"https:\\\/\\\/evergetikon.eu\\\/wp-content\\\/uploads\\\/2025\\\/06\\\/Evergetikon-non-of.svg\",\"width\":229,\"height\":70,\"caption\":\"evergetikon\"},\"image\":{\"@id\":\"https:\\\/\\\/evergetikon.eu\\\/#\\\/schema\\\/logo\\\/image\\\/\"}}]}<\/script>\n<!-- \/ Yoast SEO plugin. -->","yoast_head_json":{"title":"Shakti Matte - F\u00fcr Entspannung, Schmerzlinderung und besseren Schlaf - Inklusive Tragetasche | Pure Health Store - evergetikon","robots":{"index":"index","follow":"follow","max-snippet":"max-snippet:-1","max-image-preview":"max-image-preview:large","max-video-preview":"max-video-preview:-1"},"canonical":"https:\/\/evergetikon.eu\/de\/produkt\/shakti-matte\/","og_locale":"de_DE","og_type":"article","og_title":"Shakti Mat \u2013 Voor ontspanning, pijnverlichting en beter slapen \u2013 Inclusief Draagtas | Pure Health Store - evergetikon","og_description":"Ervaar ultieme ontspanning met de Shakti Mat en merk al snel het verschil in welzijn. Verlicht pijn, verbeter je bloedsomloop en verminder stress met dagelijks gebruik. Bestel nu en geef je lichaam de aandacht die het verdient!","og_url":"https:\/\/evergetikon.eu\/de\/produkt\/shakti-matte\/","og_site_name":"evergetikon","article_modified_time":"2025-12-15T21:55:56+00:00","twitter_card":"summary_large_image","twitter_misc":{"Gesch\u00e4tzte Lesezeit":"1\u00a0Minute"},"schema":{"@context":"https:\/\/schema.org","@graph":[{"@type":"WebPage","@id":"https:\/\/evergetikon.eu\/product\/shakti-mat\/","url":"https:\/\/evergetikon.eu\/product\/shakti-mat\/","name":"Shakti Matte - F\u00fcr Entspannung, Schmerzlinderung und besseren Schlaf - Inklusive Tragetasche | Pure Health Store - evergetikon","isPartOf":{"@id":"https:\/\/evergetikon.eu\/#website"},"primaryImageOfPage":{"@id":"https:\/\/evergetikon.eu\/product\/shakti-mat\/#primaryimage"},"image":{"@id":"https:\/\/evergetikon.eu\/product\/shakti-mat\/#primaryimage"},"thumbnailUrl":"https:\/\/purehealthstore.nl\/wp-content\/uploads\/2024\/06\/acupressuur-mat.jpeg","datePublished":"2024-06-22T13:35:56+00:00","dateModified":"2025-12-15T21:55:56+00:00","breadcrumb":{"@id":"https:\/\/evergetikon.eu\/product\/shakti-mat\/#breadcrumb"},"inLanguage":"de","potentialAction":[{"@type":"ReadAction","target":["https:\/\/evergetikon.eu\/product\/shakti-mat\/"]}]},{"@type":"ImageObject","inLanguage":"de","@id":"https:\/\/evergetikon.eu\/product\/shakti-mat\/#primaryimage","url":"https:\/\/purehealthstore.nl\/wp-content\/uploads\/2024\/06\/acupressuur-mat.jpeg","contentUrl":"https:\/\/purehealthstore.nl\/wp-content\/uploads\/2024\/06\/acupressuur-mat.jpeg"},{"@type":"BreadcrumbList","@id":"https:\/\/evergetikon.eu\/product\/shakti-mat\/#breadcrumb","itemListElement":[{"@type":"ListItem","position":1,"name":"Home","item":"https:\/\/evergetikon.eu\/"},{"@type":"ListItem","position":2,"name":"Shop","item":"https:\/\/evergetikon.eu\/shop\/"},{"@type":"ListItem","position":3,"name":"Shakti Mat \u2013 Voor ontspanning, pijnverlichting en beter slapen \u2013 Inclusief Draagtas | Pure Health Store"}]},{"@type":"WebSite","@id":"https:\/\/evergetikon.eu\/#website","url":"https:\/\/evergetikon.eu\/","name":"evergetikon","description":"","publisher":{"@id":"https:\/\/evergetikon.eu\/#organization"},"potentialAction":[{"@type":"SearchAction","target":{"@type":"EntryPoint","urlTemplate":"https:\/\/evergetikon.eu\/?s={search_term_string}"},"query-input":{"@type":"PropertyValueSpecification","valueRequired":true,"valueName":"search_term_string"}}],"inLanguage":"de"},{"@type":"Organization","@id":"https:\/\/evergetikon.eu\/#organization","name":"evergetikon","url":"https:\/\/evergetikon.eu\/","logo":{"@type":"ImageObject","inLanguage":"de","@id":"https:\/\/evergetikon.eu\/#\/schema\/logo\/image\/","url":"https:\/\/evergetikon.eu\/wp-content\/uploads\/2025\/06\/Evergetikon-non-of.svg","contentUrl":"https:\/\/evergetikon.eu\/wp-content\/uploads\/2025\/06\/Evergetikon-non-of.svg","width":229,"height":70,"caption":"evergetikon"},"image":{"@id":"https:\/\/evergetikon.eu\/#\/schema\/logo\/image\/"}}]}},"_links":{"self":[{"href":"https:\/\/evergetikon.eu\/de\/wp-json\/wp\/v2\/product\/10906","targetHints":{"allow":["GET"]}}],"collection":[{"href":"https:\/\/evergetikon.eu\/de\/wp-json\/wp\/v2\/product"}],"about":[{"href":"https:\/\/evergetikon.eu\/de\/wp-json\/wp\/v2\/types\/product"}],"replies":[{"embeddable":true,"href":"https:\/\/evergetikon.eu\/de\/wp-json\/wp\/v2\/comments?post=10906"}],"version-history":[{"count":0,"href":"https:\/\/evergetikon.eu\/de\/wp-json\/wp\/v2\/product\/10906\/revisions"}],"wp:featuredmedia":[{"embeddable":true,"href":"https:\/\/evergetikon.eu\/de\/wp-json\/"}],"wp:attachment":[{"href":"https:\/\/evergetikon.eu\/de\/wp-json\/wp\/v2\/media?parent=10906"}],"wp:term":[{"taxonomy":"product_brand","embeddable":true,"href":"https:\/\/evergetikon.eu\/de\/wp-json\/wp\/v2\/product_brand?post=10906"},{"taxonomy":"product_cat","embeddable":true,"href":"https:\/\/evergetikon.eu\/de\/wp-json\/wp\/v2\/product_cat?post=10906"},{"taxonomy":"product_tag","embeddable":true,"href":"https:\/\/evergetikon.eu\/de\/wp-json\/wp\/v2\/product_tag?post=10906"}],"curies":[{"name":"wp","href":"https:\/\/api.w.org\/{rel}","templated":true}]}}