{"id":10759,"date":"2023-10-01T18:53:08","date_gmt":"2023-10-01T18:53:08","guid":{"rendered":"https:\/\/evergetikon.eu\/product\/dermaroller-0-5-mm\/"},"modified":"2026-04-11T00:03:47","modified_gmt":"2026-04-11T00:03:47","slug":"dermaroller-0-5-mm","status":"publish","type":"product","link":"https:\/\/evergetikon.eu\/de\/produkt\/dermaroller-0-5-mm\/","title":{"rendered":"Dermaroller - Titanium 0,5 mm - 540 Nadeln"},"content":{"rendered":"<h1 class=\"wp-block-heading\" data-start=\"154\" data-end=\"199\">Dermaroller 0,5 mm - 540 Titan-Nadeln<\/h1>\r\n<p data-start=\"201\" data-end=\"552\">Stimulieren Sie die nat\u00fcrliche Erneuerung Ihrer Haut mit unserem <strong data-start=\"259\" data-end=\"281\">Derma-Roller 0,5 mm<\/strong>. Diese Rolle mit <strong data-start=\"299\" data-end=\"329\">540 feine Titannadeln<\/strong> wurde speziell f\u00fcr die Anwendung zu Hause entwickelt und tr\u00e4gt zur sichtbaren Verbesserung der Hautstruktur bei. Feine Linien, oberfl\u00e4chliche Narben und Pigmentflecken werden weniger sichtbar, w\u00e4hrend Ihre Hautpflege tiefer wirken kann.<\/p>\r\n<h3 data-start=\"554\" data-end=\"596\">Warum diesen Dermaroller w\u00e4hlen?<\/h3>\r\n<ul data-start=\"597\" data-end=\"938\">\r\n<li data-start=\"597\" data-end=\"667\">\r\n<p data-start=\"599\" data-end=\"667\"><strong data-start=\"601\" data-end=\"629\">Verbesserte Hautstruktur<\/strong> - stimuliert Kollagen und Elastin.<\/p>\r\n<\/li>\r\n<li data-start=\"668\" data-end=\"736\">\r\n<p data-start=\"670\" data-end=\"736\"><strong data-start=\"672\" data-end=\"703\">Verfeinert Poren und Linien<\/strong> - ideal bei feinen F\u00e4ltchen.<\/p>\r\n<\/li>\r\n<li data-start=\"737\" data-end=\"808\">\r\n<p data-start=\"739\" data-end=\"808\"><strong data-start=\"741\" data-end=\"771\">Erh\u00f6ht die Absorption von Seren<\/strong> - Die Wirkstoffe dringen tiefer ein.<\/p>\r\n<\/li>\r\n<li data-start=\"809\" data-end=\"875\">\r\n<p data-start=\"811\" data-end=\"875\"><strong data-start=\"813\" data-end=\"837\">Sicher und hygienisch<\/strong> - Hergestellt aus hochwertigem Titan.<\/p>\r\n<\/li>\r\n<li data-start=\"876\" data-end=\"938\">\r\n<p data-start=\"878\" data-end=\"938\"><strong data-start=\"880\" data-end=\"910\">F\u00fcr den Hausgebrauch geeignet<\/strong> - einfach und effektiv.<\/p>\r\n<\/li>\r\n<\/ul>\r\n<h3 data-start=\"1285\" data-end=\"1324\">F\u00fcr wen ist dieser Roller geeignet?<\/h3>\r\n<p data-start=\"1325\" data-end=\"1421\">Der 0,5 mm Dermaroller ist perfekt f\u00fcr alle, die ihre Haut aufpolieren m\u00f6chten. Geeignet f\u00fcr:<\/p>\r\n<ul data-start=\"1422\" data-end=\"1619\">\r\n<li data-start=\"1422\" data-end=\"1463\">\r\n<p data-start=\"1424\" data-end=\"1463\">Feine Linien und beginnende F\u00e4ltchen.<\/p>\r\n<\/li>\r\n<li data-start=\"1464\" data-end=\"1503\">\r\n<p data-start=\"1466\" data-end=\"1503\">Kleine Narben oder Pigmentflecken.<\/p>\r\n<\/li>\r\n<li data-start=\"1504\" data-end=\"1546\">\r\n<p data-start=\"1506\" data-end=\"1546\">Reduzierte Absorption von Hautpflegemitteln.<\/p>\r\n<\/li>\r\n<li data-start=\"1547\" data-end=\"1619\">\r\n<p data-start=\"1549\" data-end=\"1619\">Alle Hauttypen (nicht bei aktiver Akne, Ekzemen oder Wunden anwenden).<\/p>\r\n<\/li>\r\n<\/ul>","protected":false},"excerpt":{"rendered":"<p><strong data-start=\"36\" data-end=\"85\">Stimulieren die Hauterneuerung und die Kollagenproduktion<\/strong><\/p>\n<p>Der Dermaroller 0,5 mm hilft, Narben, Falten und Pigmentflecken zu reduzieren - sicher und effektiv f\u00fcr die Anwendung zu Hause.<\/p>","protected":false},"featured_media":84,"comment_status":"closed","ping_status":"closed","template":"","meta":[],"product_brand":[],"product_cat":[141,309],"product_tag":[],"class_list":{"0":"post-10759","1":"product","2":"type-product","3":"status-publish","4":"has-post-thumbnail","6":"product_cat-accessoires","7":"product_cat-dermarollers","9":"first","10":"instock","11":"taxable","12":"shipping-taxable","13":"purchasable","14":"product-type-simple"},"yoast_head":"<!-- This site is optimized with the Yoast SEO plugin v27.4 - https:\/\/yoast.com\/product\/yoast-seo-wordpress\/ -->\n<title>Dermaroller - Titanium 0.5 mm - 540 Naalden - evergetikon<\/title>\n<meta name=\"robots\" content=\"index, follow, max-snippet:-1, max-image-preview:large, max-video-preview:-1\" \/>\n<link rel=\"canonical\" href=\"https:\/\/evergetikon.eu\/de\/produkt\/dermaroller-0-5-mm\/\" \/>\n<meta property=\"og:locale\" content=\"de_DE\" \/>\n<meta property=\"og:type\" content=\"article\" \/>\n<meta property=\"og:title\" content=\"Dermaroller - Titanium 0.5 mm - 540 Naalden - evergetikon\" \/>\n<meta property=\"og:description\" content=\"Stimuleer huidvernieuwing en collageenaanmaak De Dermaroller 0.5 mm helpt bij het verminderen van littekens, lijntjes en pigmentvlekken \u2013 veilig en effectief voor thuisgebruik.\" \/>\n<meta property=\"og:url\" content=\"https:\/\/evergetikon.eu\/de\/produkt\/dermaroller-0-5-mm\/\" \/>\n<meta property=\"og:site_name\" content=\"evergetikon\" \/>\n<meta property=\"article:modified_time\" content=\"2026-04-11T00:03:47+00:00\" \/>\n<meta property=\"og:image\" content=\"https:\/\/evergetikon.eu\/wp-content\/uploads\/2024\/06\/dermaroller-0.5.jpg\" \/>\n\t<meta property=\"og:image:width\" content=\"700\" \/>\n\t<meta property=\"og:image:height\" content=\"700\" \/>\n\t<meta property=\"og:image:type\" content=\"image\/jpeg\" \/>\n<meta name=\"twitter:card\" content=\"summary_large_image\" \/>\n<meta name=\"twitter:label1\" content=\"Gesch\u00e4tzte Lesezeit\" \/>\n\t<meta name=\"twitter:data1\" content=\"1\u00a0Minute\" \/>\n<script type=\"application\/ld+json\" class=\"yoast-schema-graph\">{\"@context\":\"https:\\\/\\\/schema.org\",\"@graph\":[{\"@type\":\"WebPage\",\"@id\":\"https:\\\/\\\/evergetikon.eu\\\/product\\\/dermaroller-0-5-mm\\\/\",\"url\":\"https:\\\/\\\/evergetikon.eu\\\/product\\\/dermaroller-0-5-mm\\\/\",\"name\":\"Dermaroller - Titanium 0.5 mm - 540 Naalden - evergetikon\",\"isPartOf\":{\"@id\":\"https:\\\/\\\/evergetikon.eu\\\/#website\"},\"primaryImageOfPage\":{\"@id\":\"https:\\\/\\\/evergetikon.eu\\\/product\\\/dermaroller-0-5-mm\\\/#primaryimage\"},\"image\":{\"@id\":\"https:\\\/\\\/evergetikon.eu\\\/product\\\/dermaroller-0-5-mm\\\/#primaryimage\"},\"thumbnailUrl\":\"https:\\\/\\\/evergetikon.eu\\\/wp-content\\\/uploads\\\/2024\\\/06\\\/dermaroller-0.5.jpg\",\"datePublished\":\"2023-10-01T18:53:08+00:00\",\"dateModified\":\"2026-04-11T00:03:47+00:00\",\"breadcrumb\":{\"@id\":\"https:\\\/\\\/evergetikon.eu\\\/product\\\/dermaroller-0-5-mm\\\/#breadcrumb\"},\"inLanguage\":\"de\",\"potentialAction\":[{\"@type\":\"ReadAction\",\"target\":[\"https:\\\/\\\/evergetikon.eu\\\/product\\\/dermaroller-0-5-mm\\\/\"]}]},{\"@type\":\"ImageObject\",\"inLanguage\":\"de\",\"@id\":\"https:\\\/\\\/evergetikon.eu\\\/product\\\/dermaroller-0-5-mm\\\/#primaryimage\",\"url\":\"https:\\\/\\\/evergetikon.eu\\\/wp-content\\\/uploads\\\/2024\\\/06\\\/dermaroller-0.5.jpg\",\"contentUrl\":\"https:\\\/\\\/evergetikon.eu\\\/wp-content\\\/uploads\\\/2024\\\/06\\\/dermaroller-0.5.jpg\",\"width\":700,\"height\":700,\"caption\":\"dermaroller 0.5 mm\"},{\"@type\":\"BreadcrumbList\",\"@id\":\"https:\\\/\\\/evergetikon.eu\\\/product\\\/dermaroller-0-5-mm\\\/#breadcrumb\",\"itemListElement\":[{\"@type\":\"ListItem\",\"position\":1,\"name\":\"Home\",\"item\":\"https:\\\/\\\/evergetikon.eu\\\/\"},{\"@type\":\"ListItem\",\"position\":2,\"name\":\"Shop\",\"item\":\"https:\\\/\\\/evergetikon.eu\\\/shop\\\/\"},{\"@type\":\"ListItem\",\"position\":3,\"name\":\"Dermaroller &#8211; Titanium 0.5 mm &#8211; 540 Naalden\"}]},{\"@type\":\"WebSite\",\"@id\":\"https:\\\/\\\/evergetikon.eu\\\/#website\",\"url\":\"https:\\\/\\\/evergetikon.eu\\\/\",\"name\":\"evergetikon\",\"description\":\"\",\"publisher\":{\"@id\":\"https:\\\/\\\/evergetikon.eu\\\/#organization\"},\"potentialAction\":[{\"@type\":\"SearchAction\",\"target\":{\"@type\":\"EntryPoint\",\"urlTemplate\":\"https:\\\/\\\/evergetikon.eu\\\/?s={search_term_string}\"},\"query-input\":{\"@type\":\"PropertyValueSpecification\",\"valueRequired\":true,\"valueName\":\"search_term_string\"}}],\"inLanguage\":\"de\"},{\"@type\":\"Organization\",\"@id\":\"https:\\\/\\\/evergetikon.eu\\\/#organization\",\"name\":\"evergetikon\",\"url\":\"https:\\\/\\\/evergetikon.eu\\\/\",\"logo\":{\"@type\":\"ImageObject\",\"inLanguage\":\"de\",\"@id\":\"https:\\\/\\\/evergetikon.eu\\\/#\\\/schema\\\/logo\\\/image\\\/\",\"url\":\"https:\\\/\\\/evergetikon.eu\\\/wp-content\\\/uploads\\\/2025\\\/06\\\/Evergetikon-non-of.svg\",\"contentUrl\":\"https:\\\/\\\/evergetikon.eu\\\/wp-content\\\/uploads\\\/2025\\\/06\\\/Evergetikon-non-of.svg\",\"width\":229,\"height\":70,\"caption\":\"evergetikon\"},\"image\":{\"@id\":\"https:\\\/\\\/evergetikon.eu\\\/#\\\/schema\\\/logo\\\/image\\\/\"}}]}<\/script>\n<!-- \/ Yoast SEO plugin. -->","yoast_head_json":{"title":"Dermaroller - Titan 0,5 mm - 540 Nadeln - evergetikon","robots":{"index":"index","follow":"follow","max-snippet":"max-snippet:-1","max-image-preview":"max-image-preview:large","max-video-preview":"max-video-preview:-1"},"canonical":"https:\/\/evergetikon.eu\/de\/produkt\/dermaroller-0-5-mm\/","og_locale":"de_DE","og_type":"article","og_title":"Dermaroller - Titanium 0.5 mm - 540 Naalden - evergetikon","og_description":"Stimuleer huidvernieuwing en collageenaanmaak De Dermaroller 0.5 mm helpt bij het verminderen van littekens, lijntjes en pigmentvlekken \u2013 veilig en effectief voor thuisgebruik.","og_url":"https:\/\/evergetikon.eu\/de\/produkt\/dermaroller-0-5-mm\/","og_site_name":"evergetikon","article_modified_time":"2026-04-11T00:03:47+00:00","og_image":[{"width":700,"height":700,"url":"https:\/\/evergetikon.eu\/wp-content\/uploads\/2024\/06\/dermaroller-0.5.jpg","type":"image\/jpeg"}],"twitter_card":"summary_large_image","twitter_misc":{"Gesch\u00e4tzte Lesezeit":"1\u00a0Minute"},"schema":{"@context":"https:\/\/schema.org","@graph":[{"@type":"WebPage","@id":"https:\/\/evergetikon.eu\/product\/dermaroller-0-5-mm\/","url":"https:\/\/evergetikon.eu\/product\/dermaroller-0-5-mm\/","name":"Dermaroller - Titan 0,5 mm - 540 Nadeln - evergetikon","isPartOf":{"@id":"https:\/\/evergetikon.eu\/#website"},"primaryImageOfPage":{"@id":"https:\/\/evergetikon.eu\/product\/dermaroller-0-5-mm\/#primaryimage"},"image":{"@id":"https:\/\/evergetikon.eu\/product\/dermaroller-0-5-mm\/#primaryimage"},"thumbnailUrl":"https:\/\/evergetikon.eu\/wp-content\/uploads\/2024\/06\/dermaroller-0.5.jpg","datePublished":"2023-10-01T18:53:08+00:00","dateModified":"2026-04-11T00:03:47+00:00","breadcrumb":{"@id":"https:\/\/evergetikon.eu\/product\/dermaroller-0-5-mm\/#breadcrumb"},"inLanguage":"de","potentialAction":[{"@type":"ReadAction","target":["https:\/\/evergetikon.eu\/product\/dermaroller-0-5-mm\/"]}]},{"@type":"ImageObject","inLanguage":"de","@id":"https:\/\/evergetikon.eu\/product\/dermaroller-0-5-mm\/#primaryimage","url":"https:\/\/evergetikon.eu\/wp-content\/uploads\/2024\/06\/dermaroller-0.5.jpg","contentUrl":"https:\/\/evergetikon.eu\/wp-content\/uploads\/2024\/06\/dermaroller-0.5.jpg","width":700,"height":700,"caption":"dermaroller 0.5 mm"},{"@type":"BreadcrumbList","@id":"https:\/\/evergetikon.eu\/product\/dermaroller-0-5-mm\/#breadcrumb","itemListElement":[{"@type":"ListItem","position":1,"name":"Home","item":"https:\/\/evergetikon.eu\/"},{"@type":"ListItem","position":2,"name":"Shop","item":"https:\/\/evergetikon.eu\/shop\/"},{"@type":"ListItem","position":3,"name":"Dermaroller &#8211; Titanium 0.5 mm &#8211; 540 Naalden"}]},{"@type":"WebSite","@id":"https:\/\/evergetikon.eu\/#website","url":"https:\/\/evergetikon.eu\/","name":"evergetikon","description":"","publisher":{"@id":"https:\/\/evergetikon.eu\/#organization"},"potentialAction":[{"@type":"SearchAction","target":{"@type":"EntryPoint","urlTemplate":"https:\/\/evergetikon.eu\/?s={search_term_string}"},"query-input":{"@type":"PropertyValueSpecification","valueRequired":true,"valueName":"search_term_string"}}],"inLanguage":"de"},{"@type":"Organization","@id":"https:\/\/evergetikon.eu\/#organization","name":"evergetikon","url":"https:\/\/evergetikon.eu\/","logo":{"@type":"ImageObject","inLanguage":"de","@id":"https:\/\/evergetikon.eu\/#\/schema\/logo\/image\/","url":"https:\/\/evergetikon.eu\/wp-content\/uploads\/2025\/06\/Evergetikon-non-of.svg","contentUrl":"https:\/\/evergetikon.eu\/wp-content\/uploads\/2025\/06\/Evergetikon-non-of.svg","width":229,"height":70,"caption":"evergetikon"},"image":{"@id":"https:\/\/evergetikon.eu\/#\/schema\/logo\/image\/"}}]}},"_links":{"self":[{"href":"https:\/\/evergetikon.eu\/de\/wp-json\/wp\/v2\/product\/10759","targetHints":{"allow":["GET"]}}],"collection":[{"href":"https:\/\/evergetikon.eu\/de\/wp-json\/wp\/v2\/product"}],"about":[{"href":"https:\/\/evergetikon.eu\/de\/wp-json\/wp\/v2\/types\/product"}],"replies":[{"embeddable":true,"href":"https:\/\/evergetikon.eu\/de\/wp-json\/wp\/v2\/comments?post=10759"}],"version-history":[{"count":0,"href":"https:\/\/evergetikon.eu\/de\/wp-json\/wp\/v2\/product\/10759\/revisions"}],"wp:featuredmedia":[{"embeddable":true,"href":"https:\/\/evergetikon.eu\/de\/wp-json\/wp\/v2\/media\/84"}],"wp:attachment":[{"href":"https:\/\/evergetikon.eu\/de\/wp-json\/wp\/v2\/media?parent=10759"}],"wp:term":[{"taxonomy":"product_brand","embeddable":true,"href":"https:\/\/evergetikon.eu\/de\/wp-json\/wp\/v2\/product_brand?post=10759"},{"taxonomy":"product_cat","embeddable":true,"href":"https:\/\/evergetikon.eu\/de\/wp-json\/wp\/v2\/product_cat?post=10759"},{"taxonomy":"product_tag","embeddable":true,"href":"https:\/\/evergetikon.eu\/de\/wp-json\/wp\/v2\/product_tag?post=10759"}],"curies":[{"name":"wp","href":"https:\/\/api.w.org\/{rel}","templated":true}]}}