{"id":105,"date":"2023-06-10T22:48:42","date_gmt":"2023-06-10T22:48:42","guid":{"rendered":"https:\/\/evergetikon.nl\/?product=amandelolie-huidolie-evergetikon"},"modified":"2026-02-16T08:15:53","modified_gmt":"2026-02-16T08:15:53","slug":"amandelolie-huidolie-evergetikon","status":"publish","type":"product","link":"https:\/\/evergetikon.eu\/de\/produkt\/mandelol-hautol-evergetikon\/","title":{"rendered":"Mandel\u00f6l Haut\u00f6l - Evergetikon"},"content":{"rendered":"<h2>Verw\u00f6hnen Sie Ihre Haut mit Mandel\u00f6l - Evergetikon<\/h2>\n<p>Unser reines S\u00fc\u00dfmandel-Massage\u00f6l ist ein leistungsstarker Verb\u00fcndeter in Ihrer Hautpflegeroutine. Angereichert mit Vitaminen und Mineralien, wie dem verj\u00fcngenden Vitamin A und dem sch\u00fctzenden Vitamin E, konzentriert sich dieses \u00d6l auf die Reparatur und Erfrischung Ihrer Haut. Dank der feuchtigkeitsspendenden Eigenschaften des Mandel\u00f6ls f\u00fchlt sich Ihre Haut weich und geschmeidig an, selbst in den kalten Wintermonaten, wenn ein zus\u00e4tzlicher Schutz vor dem Austrocknen gew\u00fcnscht wird.<\/p>\n<p>Vitamin A unterst\u00fctzt den Reparaturprozess der Haut und mindert sichtbare Zeichen der Hautalterung wie feine Linien. Vitamin E hingegen ist f\u00fcr seine starken antioxidativen Eigenschaften bekannt und sch\u00fctzt Ihre Haut vor sch\u00e4dlichen Umwelteinfl\u00fcssen. Dar\u00fcber hinaus ist Zink ein wertvolles Element, das die Heilung von Narben unterst\u00fctzt, so dass dieses \u00d6l auch f\u00fcr die empfindlichsten Hauttypen geeignet ist, z. B. f\u00fcr solche mit Ekzemen und Dermatitis.<\/p>\n<p>F\u00fcr Massagen bietet unser parf\u00fcmfreies Mandel\u00f6l eine perfekte Grundlage - es ist nicht nur ein idealer Tr\u00e4ger f\u00fcr \u00e4therische \u00d6le, sondern auch beliebt f\u00fcr seine milden und beruhigenden Eigenschaften. Erleben Sie luxuri\u00f6se Pflege, die nicht reizt, sondern zu einer gesunden und strahlenden Haut beitr\u00e4gt.<\/p>\n<p><strong>Anmerkung:<\/strong> Obwohl Mandel\u00f6l im Allgemeinen unbedenklich ist, empfehlen wir Ihnen, bei einer bekannten Nussallergie zun\u00e4chst einen Test durchzuf\u00fchren. Tragen Sie einen einzigen Tropfen auf Ihr Handgelenk auf. Wenn keine R\u00f6tung oder Juckreiz auftritt, k\u00f6nnen Sie die Vorteile dieses vielseitigen \u00d6ls genie\u00dfen.<\/p>","protected":false},"excerpt":{"rendered":"<p>Verwandeln Sie Ihre Hautpflegeroutine mit unserem reinen S\u00fc\u00dfmandel\u00f6l von Evergetikon. Dieses n\u00e4hrende \u00d6l ist mit den Vitaminen A und E angereichert, um Ihre Haut zu verj\u00fcngen und zu sch\u00fctzen. Genie\u00dfen Sie seidig glatte und geschmeidige Haut auch in den anspruchsvollen Wintermonaten.<\/p>","protected":false},"featured_media":100000012530,"comment_status":"closed","ping_status":"closed","template":"","meta":[],"product_brand":[],"product_cat":[27,28],"product_tag":[],"class_list":{"0":"post-105","1":"product","2":"type-product","3":"status-publish","4":"has-post-thumbnail","6":"product_cat-natuurlijke-huidolie","7":"product_cat-natuurlijke-massage-olie","9":"first","10":"instock","11":"taxable","12":"shipping-taxable","13":"purchasable","14":"product-type-simple"},"yoast_head":"<!-- This site is optimized with the Yoast SEO plugin v27.4 - https:\/\/yoast.com\/product\/yoast-seo-wordpress\/ -->\n<title>Amandelolie huidolie - Evergetikon - evergetikon<\/title>\n<meta name=\"robots\" content=\"index, follow, max-snippet:-1, max-image-preview:large, max-video-preview:-1\" \/>\n<link rel=\"canonical\" href=\"https:\/\/evergetikon.eu\/de\/produkt\/mandelol-hautol-evergetikon\/\" \/>\n<meta property=\"og:locale\" content=\"de_DE\" \/>\n<meta property=\"og:type\" content=\"article\" \/>\n<meta property=\"og:title\" content=\"Amandelolie huidolie - Evergetikon - evergetikon\" \/>\n<meta property=\"og:description\" content=\"Transformeer je huidverzorgingsroutine met onze pure zoete amandelolie van Evergetikon. Deze voedende olie is verrijkt met vitaminen A en E om je huid te verjongen en beschermen. Geniet van een zijdezachte en soepele huid, zelfs tijdens de uitdagende wintermaanden.\" \/>\n<meta property=\"og:url\" content=\"https:\/\/evergetikon.eu\/de\/produkt\/mandelol-hautol-evergetikon\/\" \/>\n<meta property=\"og:site_name\" content=\"evergetikon\" \/>\n<meta property=\"article:modified_time\" content=\"2026-02-16T08:15:53+00:00\" \/>\n<meta property=\"og:image\" content=\"https:\/\/evergetikon.eu\/wp-content\/uploads\/2024\/06\/amandelolie-evergetikon.jpg\" \/>\n\t<meta property=\"og:image:width\" content=\"800\" \/>\n\t<meta property=\"og:image:height\" content=\"800\" \/>\n\t<meta property=\"og:image:type\" content=\"image\/jpeg\" \/>\n<meta name=\"twitter:card\" content=\"summary_large_image\" \/>\n<meta name=\"twitter:label1\" content=\"Gesch\u00e4tzte Lesezeit\" \/>\n\t<meta name=\"twitter:data1\" content=\"1\u00a0Minute\" \/>\n<script type=\"application\/ld+json\" class=\"yoast-schema-graph\">{\"@context\":\"https:\\\/\\\/schema.org\",\"@graph\":[{\"@type\":\"WebPage\",\"@id\":\"https:\\\/\\\/evergetikon.eu\\\/product\\\/amandelolie-huidolie-evergetikon\\\/\",\"url\":\"https:\\\/\\\/evergetikon.eu\\\/product\\\/amandelolie-huidolie-evergetikon\\\/\",\"name\":\"Amandelolie huidolie - Evergetikon - evergetikon\",\"isPartOf\":{\"@id\":\"https:\\\/\\\/evergetikon.eu\\\/#website\"},\"primaryImageOfPage\":{\"@id\":\"https:\\\/\\\/evergetikon.eu\\\/product\\\/amandelolie-huidolie-evergetikon\\\/#primaryimage\"},\"image\":{\"@id\":\"https:\\\/\\\/evergetikon.eu\\\/product\\\/amandelolie-huidolie-evergetikon\\\/#primaryimage\"},\"thumbnailUrl\":\"https:\\\/\\\/purehealthstore.nl\\\/wp-content\\\/uploads\\\/2023\\\/06\\\/amandelolie-evergetikon.jpg\",\"datePublished\":\"2023-06-10T22:48:42+00:00\",\"dateModified\":\"2026-02-16T08:15:53+00:00\",\"breadcrumb\":{\"@id\":\"https:\\\/\\\/evergetikon.eu\\\/product\\\/amandelolie-huidolie-evergetikon\\\/#breadcrumb\"},\"inLanguage\":\"de\",\"potentialAction\":[{\"@type\":\"ReadAction\",\"target\":[\"https:\\\/\\\/evergetikon.eu\\\/product\\\/amandelolie-huidolie-evergetikon\\\/\"]}]},{\"@type\":\"ImageObject\",\"inLanguage\":\"de\",\"@id\":\"https:\\\/\\\/evergetikon.eu\\\/product\\\/amandelolie-huidolie-evergetikon\\\/#primaryimage\",\"url\":\"https:\\\/\\\/purehealthstore.nl\\\/wp-content\\\/uploads\\\/2023\\\/06\\\/amandelolie-evergetikon.jpg\",\"contentUrl\":\"https:\\\/\\\/purehealthstore.nl\\\/wp-content\\\/uploads\\\/2023\\\/06\\\/amandelolie-evergetikon.jpg\"},{\"@type\":\"BreadcrumbList\",\"@id\":\"https:\\\/\\\/evergetikon.eu\\\/product\\\/amandelolie-huidolie-evergetikon\\\/#breadcrumb\",\"itemListElement\":[{\"@type\":\"ListItem\",\"position\":1,\"name\":\"Home\",\"item\":\"https:\\\/\\\/evergetikon.eu\\\/\"},{\"@type\":\"ListItem\",\"position\":2,\"name\":\"Shop\",\"item\":\"https:\\\/\\\/evergetikon.eu\\\/shop\\\/\"},{\"@type\":\"ListItem\",\"position\":3,\"name\":\"Amandelolie huidolie &#8211; Evergetikon\"}]},{\"@type\":\"WebSite\",\"@id\":\"https:\\\/\\\/evergetikon.eu\\\/#website\",\"url\":\"https:\\\/\\\/evergetikon.eu\\\/\",\"name\":\"evergetikon\",\"description\":\"\",\"publisher\":{\"@id\":\"https:\\\/\\\/evergetikon.eu\\\/#organization\"},\"potentialAction\":[{\"@type\":\"SearchAction\",\"target\":{\"@type\":\"EntryPoint\",\"urlTemplate\":\"https:\\\/\\\/evergetikon.eu\\\/?s={search_term_string}\"},\"query-input\":{\"@type\":\"PropertyValueSpecification\",\"valueRequired\":true,\"valueName\":\"search_term_string\"}}],\"inLanguage\":\"de\"},{\"@type\":\"Organization\",\"@id\":\"https:\\\/\\\/evergetikon.eu\\\/#organization\",\"name\":\"evergetikon\",\"url\":\"https:\\\/\\\/evergetikon.eu\\\/\",\"logo\":{\"@type\":\"ImageObject\",\"inLanguage\":\"de\",\"@id\":\"https:\\\/\\\/evergetikon.eu\\\/#\\\/schema\\\/logo\\\/image\\\/\",\"url\":\"https:\\\/\\\/exomh4ku2ih.exactdn.com\\\/wp-content\\\/uploads\\\/2025\\\/06\\\/Evergetikon-non-of.svg\",\"contentUrl\":\"https:\\\/\\\/exomh4ku2ih.exactdn.com\\\/wp-content\\\/uploads\\\/2025\\\/06\\\/Evergetikon-non-of.svg\",\"width\":229,\"height\":70,\"caption\":\"evergetikon\"},\"image\":{\"@id\":\"https:\\\/\\\/evergetikon.eu\\\/#\\\/schema\\\/logo\\\/image\\\/\"}}]}<\/script>\n<!-- \/ Yoast SEO plugin. -->","yoast_head_json":{"title":"Mandel\u00f6l Haut\u00f6l - Evergetikon","robots":{"index":"index","follow":"follow","max-snippet":"max-snippet:-1","max-image-preview":"max-image-preview:large","max-video-preview":"max-video-preview:-1"},"canonical":"https:\/\/evergetikon.eu\/de\/produkt\/mandelol-hautol-evergetikon\/","og_locale":"de_DE","og_type":"article","og_title":"Amandelolie huidolie - Evergetikon - evergetikon","og_description":"Transformeer je huidverzorgingsroutine met onze pure zoete amandelolie van Evergetikon. Deze voedende olie is verrijkt met vitaminen A en E om je huid te verjongen en beschermen. Geniet van een zijdezachte en soepele huid, zelfs tijdens de uitdagende wintermaanden.","og_url":"https:\/\/evergetikon.eu\/de\/produkt\/mandelol-hautol-evergetikon\/","og_site_name":"evergetikon","article_modified_time":"2026-02-16T08:15:53+00:00","og_image":[{"width":800,"height":800,"url":"https:\/\/evergetikon.eu\/wp-content\/uploads\/2024\/06\/amandelolie-evergetikon.jpg","type":"image\/jpeg"}],"twitter_card":"summary_large_image","twitter_misc":{"Gesch\u00e4tzte Lesezeit":"1\u00a0Minute"},"schema":{"@context":"https:\/\/schema.org","@graph":[{"@type":"WebPage","@id":"https:\/\/evergetikon.eu\/product\/amandelolie-huidolie-evergetikon\/","url":"https:\/\/evergetikon.eu\/product\/amandelolie-huidolie-evergetikon\/","name":"Mandel\u00f6l Haut\u00f6l - Evergetikon","isPartOf":{"@id":"https:\/\/evergetikon.eu\/#website"},"primaryImageOfPage":{"@id":"https:\/\/evergetikon.eu\/product\/amandelolie-huidolie-evergetikon\/#primaryimage"},"image":{"@id":"https:\/\/evergetikon.eu\/product\/amandelolie-huidolie-evergetikon\/#primaryimage"},"thumbnailUrl":"https:\/\/purehealthstore.nl\/wp-content\/uploads\/2023\/06\/amandelolie-evergetikon.jpg","datePublished":"2023-06-10T22:48:42+00:00","dateModified":"2026-02-16T08:15:53+00:00","breadcrumb":{"@id":"https:\/\/evergetikon.eu\/product\/amandelolie-huidolie-evergetikon\/#breadcrumb"},"inLanguage":"de","potentialAction":[{"@type":"ReadAction","target":["https:\/\/evergetikon.eu\/product\/amandelolie-huidolie-evergetikon\/"]}]},{"@type":"ImageObject","inLanguage":"de","@id":"https:\/\/evergetikon.eu\/product\/amandelolie-huidolie-evergetikon\/#primaryimage","url":"https:\/\/purehealthstore.nl\/wp-content\/uploads\/2023\/06\/amandelolie-evergetikon.jpg","contentUrl":"https:\/\/purehealthstore.nl\/wp-content\/uploads\/2023\/06\/amandelolie-evergetikon.jpg"},{"@type":"BreadcrumbList","@id":"https:\/\/evergetikon.eu\/product\/amandelolie-huidolie-evergetikon\/#breadcrumb","itemListElement":[{"@type":"ListItem","position":1,"name":"Home","item":"https:\/\/evergetikon.eu\/"},{"@type":"ListItem","position":2,"name":"Shop","item":"https:\/\/evergetikon.eu\/shop\/"},{"@type":"ListItem","position":3,"name":"Amandelolie huidolie &#8211; Evergetikon"}]},{"@type":"WebSite","@id":"https:\/\/evergetikon.eu\/#website","url":"https:\/\/evergetikon.eu\/","name":"evergetikon","description":"","publisher":{"@id":"https:\/\/evergetikon.eu\/#organization"},"potentialAction":[{"@type":"SearchAction","target":{"@type":"EntryPoint","urlTemplate":"https:\/\/evergetikon.eu\/?s={search_term_string}"},"query-input":{"@type":"PropertyValueSpecification","valueRequired":true,"valueName":"search_term_string"}}],"inLanguage":"de"},{"@type":"Organization","@id":"https:\/\/evergetikon.eu\/#organization","name":"evergetikon","url":"https:\/\/evergetikon.eu\/","logo":{"@type":"ImageObject","inLanguage":"de","@id":"https:\/\/evergetikon.eu\/#\/schema\/logo\/image\/","url":"https:\/\/exomh4ku2ih.exactdn.com\/wp-content\/uploads\/2025\/06\/Evergetikon-non-of.svg","contentUrl":"https:\/\/exomh4ku2ih.exactdn.com\/wp-content\/uploads\/2025\/06\/Evergetikon-non-of.svg","width":229,"height":70,"caption":"evergetikon"},"image":{"@id":"https:\/\/evergetikon.eu\/#\/schema\/logo\/image\/"}}]}},"_links":{"self":[{"href":"https:\/\/evergetikon.eu\/de\/wp-json\/wp\/v2\/product\/105","targetHints":{"allow":["GET"]}}],"collection":[{"href":"https:\/\/evergetikon.eu\/de\/wp-json\/wp\/v2\/product"}],"about":[{"href":"https:\/\/evergetikon.eu\/de\/wp-json\/wp\/v2\/types\/product"}],"replies":[{"embeddable":true,"href":"https:\/\/evergetikon.eu\/de\/wp-json\/wp\/v2\/comments?post=105"}],"version-history":[{"count":0,"href":"https:\/\/evergetikon.eu\/de\/wp-json\/wp\/v2\/product\/105\/revisions"}],"wp:featuredmedia":[{"embeddable":true,"href":"https:\/\/evergetikon.eu\/de\/wp-json\/"}],"wp:attachment":[{"href":"https:\/\/evergetikon.eu\/de\/wp-json\/wp\/v2\/media?parent=105"}],"wp:term":[{"taxonomy":"product_brand","embeddable":true,"href":"https:\/\/evergetikon.eu\/de\/wp-json\/wp\/v2\/product_brand?post=105"},{"taxonomy":"product_cat","embeddable":true,"href":"https:\/\/evergetikon.eu\/de\/wp-json\/wp\/v2\/product_cat?post=105"},{"taxonomy":"product_tag","embeddable":true,"href":"https:\/\/evergetikon.eu\/de\/wp-json\/wp\/v2\/product_tag?post=105"}],"curies":[{"name":"wp","href":"https:\/\/api.w.org\/{rel}","templated":true}]}}