{"id":346,"date":"2022-09-11T16:12:39","date_gmt":"2022-09-11T16:12:39","guid":{"rendered":"https:\/\/evergetikon.nl\/?product=natuurlijke-lippenbalsem-chocolade-evergetikon"},"modified":"2025-11-26T20:30:20","modified_gmt":"2025-11-26T20:30:20","slug":"natuurlijke-lippenbalsem-chocolade-evergetikon","status":"publish","type":"product","link":"https:\/\/evergetikon.eu\/cs\/produkt\/prirodni-balzam-na-rty-cokolada-evergetikon\/","title":{"rendered":"P\u0159\u00edrodn\u00ed balz\u00e1m na rty \u010dokol\u00e1dov\u00fd - Evergetikon"},"content":{"rendered":"<p><span lang=\"LT\">Jemn\u00fd a snadno vst\u0159ebateln\u00fd olej z m\u00e1slovn\u00edku (bambuck\u00e9 m\u00e1slo) je pro sv\u00e9 hojiv\u00e9 a zklid\u0148uj\u00edc\u00ed vlastnosti velmi u\u017eite\u010dn\u00fd v p\u00e9\u010di o rty. Olej z m\u00e1slovn\u00edku nebo bambuck\u00e9ho stromu je bohat\u00fd na vitaminy A, E, F a dal\u0161\u00ed u\u017eite\u010dn\u00e9 l\u00e1tky, kter\u00e9 vy\u017eivuj\u00ed poko\u017eku a poskytuj\u00ed j\u00ed silnou hydrataci. Poko\u017eka se st\u00e1v\u00e1 pru\u017enou. Olej z m\u00e1slovn\u00edku je mimo\u0159\u00e1dn\u011b prosp\u011b\u0161n\u00fd pro zralou poko\u017eku a je cen\u011bn jako slo\u017eka p\u0159i v\u00fdrob\u011b p\u0159\u00edpravk\u016f pro p\u00e9\u010di o rty.<\/span><\/p>\n<p>Evergetikon balz\u00e1m na rty se v\u010del\u00edm voskem, kter\u00fd dod\u00e1v\u00e1 kosmetice schopnost chr\u00e1nit ji p\u0159ed odpa\u0159ov\u00e1n\u00edm vlhkosti t\u00edm, \u017ee pokr\u00fdv\u00e1 poko\u017eku ochrann\u00fdm p\u0159\u00edrodn\u00edm filmem, kdy\u017e na na\u0161i poko\u017eku p\u016fsob\u00ed nep\u0159\u00edzniv\u00e9 pov\u011btrnostn\u00ed podm\u00ednky. V\u010del\u00ed vosk v surov\u00e9m stavu obsahuje mal\u00e9, ale v\u00fdznamn\u00e9 mno\u017estv\u00ed propolisu. Propolis, zn\u00e1m\u00fd tak\u00e9 jako v\u010del\u00ed vosk, je p\u0159\u00edrodn\u00ed antibiotikum z p\u0159\u00edrody, kter\u00e9 m\u016f\u017ee pom\u00e1hat a chr\u00e1nit p\u0159ed viry.<\/p>\n<p><span lang=\"LT\">Ostatn\u00ed p\u0159\u00edrodn\u00ed slo\u017eky dopl\u0148uj\u00ed v\u00fdrobek sv\u00fdmi siln\u00fdmi vlastnostmi, jsou mimo\u0159\u00e1dn\u011b jemn\u00e9 a nedr\u00e1\u017ediv\u00e9, a proto jsou vhodn\u00e9 i pro d\u011bti. Tento p\u0159\u00edpravek se m\u016f\u017ee st\u00e1t nejlep\u0161\u00edm balz\u00e1mem na rty, proto\u017ee jsou v n\u011bm pou\u017eity pouze kvalitn\u00ed nerafinovan\u00e9 oleje, kter\u00e9 jsou nejvhodn\u011bj\u0161\u00ed pro ka\u017edodenn\u00ed p\u00e9\u010di.<\/span><\/p>\n<p><strong><span lang=\"LT\">Jak pou\u017e\u00edvat:\u00a0<\/span><\/strong><span lang=\"LT\">\u00a0V p\u0159\u00edpad\u011b pot\u0159eby jemn\u011b naneste mal\u00e9 mno\u017estv\u00ed na rty, vhodn\u00e9 pro ka\u017edodenn\u00ed pou\u017eit\u00ed. P\u0159i extr\u00e9mn\u011b popraskan\u00fdch a unaven\u00fdch rtech doporu\u010dujeme pou\u017e\u00edt spole\u010dn\u011b s peelingem na rty Evergetikon \"Jemn\u00fd peeling na obli\u010dej s meru\u0148kov\u00fdmi peckami\", kter\u00fd p\u0159iprav\u00ed poko\u017eku rt\u016f, odloupne odum\u0159el\u00e9 bu\u0148ky a umo\u017en\u00ed snadn\u011bj\u0161\u00ed vst\u0159eb\u00e1v\u00e1n\u00ed u\u017eite\u010dn\u00fdch l\u00e1tek.<\/span><\/p>\n<p><strong><span lang=\"LT\">Slo\u017een\u00ed:\u00a0<\/span><\/strong><span lang=\"LT\">\u00a0Butyrospermum Parkii (bambuck\u00e9 m\u00e1slo), Cera Alba (v\u010del\u00ed vosk), Prunus Amygdalus Dulcis (sladk\u00e1 mandle) olej (mandlov\u00fd olej), Europaea (olivov\u00fd) olej z plod\u016f \"Cretan\" extra panensk\u00fd olivov\u00fd olej, Theobroma Cacao (kakaov\u00e9) m\u00e1slo ze semen, Rosmarinus Officinalis (rozmar\u00fdn) extrakt z list\u016f,<a name=\"_Hlk25314039\"><\/a>\u010dokol\u00e1dov\u00e1 p\u0159\u00edchu\u0165, tokoferol acet\u00e1t (vitamin E).<\/span><\/p>","protected":false},"excerpt":{"rendered":"<p>P\u0159\u00edrodn\u00ed balz\u00e1m na rty je vyroben v\u00fdhradn\u011b z p\u0159\u00edrodn\u00edch olej\u016f lisovan\u00fdch za studena, kter\u00e9 jsou velmi prosp\u011b\u0161n\u00e9 pro tenk\u00e9 a citliv\u00e9 rty. Blahod\u00e1rn\u00e9 slo\u017eky hoj\u00ed prasklinky, trhlinky a p\u0159i dlouhodob\u00e9m pou\u017e\u00edv\u00e1n\u00ed jsou rty nasyceny p\u0159\u00edrodn\u00edmi vitam\u00edny a pot\u0159ebn\u00fdmi l\u00e1tkami. Nejlep\u0161\u00ed balz\u00e1m na rty by m\u011bl rty chr\u00e1nit p\u0159ed \u0161kodliv\u00fdmi pov\u011btrnostn\u00edmi vlivy a vysu\u0161en\u00edm a z\u00e1rove\u0148 je vy\u017eivovat.<\/p>","protected":false},"featured_media":345,"comment_status":"open","ping_status":"closed","template":"","meta":[],"product_brand":[],"product_cat":[136,24,73],"product_tag":[],"class_list":{"0":"post-346","1":"product","2":"type-product","3":"status-publish","4":"has-post-thumbnail","6":"product_cat-bijenwas-cosmetica","7":"product_cat-natuurlijke-gezichtsverzorging","8":"product_cat-natuurlijke-lippenbalsem","10":"first","11":"instock","12":"taxable","13":"shipping-taxable","14":"purchasable","15":"product-type-simple"},"yoast_head":"<!-- This site is optimized with the Yoast SEO plugin v27.3 - https:\/\/yoast.com\/product\/yoast-seo-wordpress\/ -->\n<title>Natuurlijke lippenbalsem chocolade - Evergetikon - evergetikon<\/title>\n<meta name=\"robots\" content=\"index, follow, max-snippet:-1, max-image-preview:large, max-video-preview:-1\" \/>\n<link rel=\"canonical\" href=\"https:\/\/evergetikon.eu\/cs\/produkt\/prirodni-balzam-na-rty-cokolada-evergetikon\/\" \/>\n<meta property=\"og:locale\" content=\"cs_CZ\" \/>\n<meta property=\"og:type\" content=\"article\" \/>\n<meta property=\"og:title\" content=\"Natuurlijke lippenbalsem chocolade - Evergetikon - evergetikon\" \/>\n<meta property=\"og:description\" content=\"De natuurlijke lippenbalsem is uitsluitend gemaakt van natuurlijke koudgeperste oli\u00ebn, die uiterst gunstig zijn voor dunne en gevoelige lippen.\u00a0Nuttige ingredi\u00ebnten genezen scheuren, kloven en bij langdurig gebruik zijn de lippen verzadigd met natuurlijke vitamines en noodzakelijke stoffen.\u00a0De beste lippenbalsem moet de lippen beschermen tegen schadelijke weersomstandigheden en uitdrogen, en ze voeden.\" \/>\n<meta property=\"og:url\" content=\"https:\/\/evergetikon.eu\/cs\/produkt\/prirodni-balzam-na-rty-cokolada-evergetikon\/\" \/>\n<meta property=\"og:site_name\" content=\"evergetikon\" \/>\n<meta property=\"article:modified_time\" content=\"2025-11-26T20:30:20+00:00\" \/>\n<meta property=\"og:image\" content=\"https:\/\/evergetikon.eu\/wp-content\/uploads\/2024\/06\/lippenbalsem-chocola.jpg\" \/>\n\t<meta property=\"og:image:width\" content=\"1024\" \/>\n\t<meta property=\"og:image:height\" content=\"861\" \/>\n\t<meta property=\"og:image:type\" content=\"image\/jpeg\" \/>\n<meta name=\"twitter:card\" content=\"summary_large_image\" \/>\n<meta name=\"twitter:label1\" content=\"Odhadovan\u00e1 doba \u010dten\u00ed\" \/>\n\t<meta name=\"twitter:data1\" content=\"1 minuta\" \/>\n<script type=\"application\/ld+json\" class=\"yoast-schema-graph\">{\"@context\":\"https:\\\/\\\/schema.org\",\"@graph\":[{\"@type\":\"WebPage\",\"@id\":\"https:\\\/\\\/evergetikon.eu\\\/product\\\/natuurlijke-lippenbalsem-chocolade-evergetikon\\\/\",\"url\":\"https:\\\/\\\/evergetikon.eu\\\/product\\\/natuurlijke-lippenbalsem-chocolade-evergetikon\\\/\",\"name\":\"Natuurlijke lippenbalsem chocolade - Evergetikon - evergetikon\",\"isPartOf\":{\"@id\":\"https:\\\/\\\/evergetikon.eu\\\/#website\"},\"primaryImageOfPage\":{\"@id\":\"https:\\\/\\\/evergetikon.eu\\\/product\\\/natuurlijke-lippenbalsem-chocolade-evergetikon\\\/#primaryimage\"},\"image\":{\"@id\":\"https:\\\/\\\/evergetikon.eu\\\/product\\\/natuurlijke-lippenbalsem-chocolade-evergetikon\\\/#primaryimage\"},\"thumbnailUrl\":\"https:\\\/\\\/exomh4ku2ih.exactdn.com\\\/wp-content\\\/uploads\\\/2024\\\/06\\\/lippenbalsem-chocola.jpg?strip=all\",\"datePublished\":\"2022-09-11T16:12:39+00:00\",\"dateModified\":\"2025-11-26T20:30:20+00:00\",\"breadcrumb\":{\"@id\":\"https:\\\/\\\/evergetikon.eu\\\/product\\\/natuurlijke-lippenbalsem-chocolade-evergetikon\\\/#breadcrumb\"},\"inLanguage\":\"cs\",\"potentialAction\":[{\"@type\":\"ReadAction\",\"target\":[\"https:\\\/\\\/evergetikon.eu\\\/product\\\/natuurlijke-lippenbalsem-chocolade-evergetikon\\\/\"]}]},{\"@type\":\"ImageObject\",\"inLanguage\":\"cs\",\"@id\":\"https:\\\/\\\/evergetikon.eu\\\/product\\\/natuurlijke-lippenbalsem-chocolade-evergetikon\\\/#primaryimage\",\"url\":\"https:\\\/\\\/exomh4ku2ih.exactdn.com\\\/wp-content\\\/uploads\\\/2024\\\/06\\\/lippenbalsem-chocola.jpg?strip=all\",\"contentUrl\":\"https:\\\/\\\/exomh4ku2ih.exactdn.com\\\/wp-content\\\/uploads\\\/2024\\\/06\\\/lippenbalsem-chocola.jpg?strip=all\",\"width\":1024,\"height\":861,\"caption\":\"lippenbalsem chocolade\"},{\"@type\":\"BreadcrumbList\",\"@id\":\"https:\\\/\\\/evergetikon.eu\\\/product\\\/natuurlijke-lippenbalsem-chocolade-evergetikon\\\/#breadcrumb\",\"itemListElement\":[{\"@type\":\"ListItem\",\"position\":1,\"name\":\"Home\",\"item\":\"https:\\\/\\\/evergetikon.eu\\\/\"},{\"@type\":\"ListItem\",\"position\":2,\"name\":\"Shop\",\"item\":\"https:\\\/\\\/evergetikon.eu\\\/shop\\\/\"},{\"@type\":\"ListItem\",\"position\":3,\"name\":\"Natuurlijke lippenbalsem chocolade &#8211; Evergetikon\"}]},{\"@type\":\"WebSite\",\"@id\":\"https:\\\/\\\/evergetikon.eu\\\/#website\",\"url\":\"https:\\\/\\\/evergetikon.eu\\\/\",\"name\":\"evergetikon\",\"description\":\"\",\"publisher\":{\"@id\":\"https:\\\/\\\/evergetikon.eu\\\/#organization\"},\"potentialAction\":[{\"@type\":\"SearchAction\",\"target\":{\"@type\":\"EntryPoint\",\"urlTemplate\":\"https:\\\/\\\/evergetikon.eu\\\/?s={search_term_string}\"},\"query-input\":{\"@type\":\"PropertyValueSpecification\",\"valueRequired\":true,\"valueName\":\"search_term_string\"}}],\"inLanguage\":\"cs\"},{\"@type\":\"Organization\",\"@id\":\"https:\\\/\\\/evergetikon.eu\\\/#organization\",\"name\":\"evergetikon\",\"url\":\"https:\\\/\\\/evergetikon.eu\\\/\",\"logo\":{\"@type\":\"ImageObject\",\"inLanguage\":\"cs\",\"@id\":\"https:\\\/\\\/evergetikon.eu\\\/#\\\/schema\\\/logo\\\/image\\\/\",\"url\":\"https:\\\/\\\/exomh4ku2ih.exactdn.com\\\/wp-content\\\/uploads\\\/2025\\\/06\\\/Evergetikon-non-of.svg\",\"contentUrl\":\"https:\\\/\\\/exomh4ku2ih.exactdn.com\\\/wp-content\\\/uploads\\\/2025\\\/06\\\/Evergetikon-non-of.svg\",\"width\":229,\"height\":70,\"caption\":\"evergetikon\"},\"image\":{\"@id\":\"https:\\\/\\\/evergetikon.eu\\\/#\\\/schema\\\/logo\\\/image\\\/\"}}]}<\/script>\n<!-- \/ Yoast SEO plugin. -->","yoast_head_json":{"title":"P\u0159\u00edrodn\u00ed balz\u00e1m na rty \u010dokol\u00e1dov\u00fd - Evergetikon - evergetikon","robots":{"index":"index","follow":"follow","max-snippet":"max-snippet:-1","max-image-preview":"max-image-preview:large","max-video-preview":"max-video-preview:-1"},"canonical":"https:\/\/evergetikon.eu\/cs\/produkt\/prirodni-balzam-na-rty-cokolada-evergetikon\/","og_locale":"cs_CZ","og_type":"article","og_title":"Natuurlijke lippenbalsem chocolade - Evergetikon - evergetikon","og_description":"De natuurlijke lippenbalsem is uitsluitend gemaakt van natuurlijke koudgeperste oli\u00ebn, die uiterst gunstig zijn voor dunne en gevoelige lippen.\u00a0Nuttige ingredi\u00ebnten genezen scheuren, kloven en bij langdurig gebruik zijn de lippen verzadigd met natuurlijke vitamines en noodzakelijke stoffen.\u00a0De beste lippenbalsem moet de lippen beschermen tegen schadelijke weersomstandigheden en uitdrogen, en ze voeden.","og_url":"https:\/\/evergetikon.eu\/cs\/produkt\/prirodni-balzam-na-rty-cokolada-evergetikon\/","og_site_name":"evergetikon","article_modified_time":"2025-11-26T20:30:20+00:00","og_image":[{"width":1024,"height":861,"url":"https:\/\/evergetikon.eu\/wp-content\/uploads\/2024\/06\/lippenbalsem-chocola.jpg","type":"image\/jpeg"}],"twitter_card":"summary_large_image","twitter_misc":{"Odhadovan\u00e1 doba \u010dten\u00ed":"1 minuta"},"schema":{"@context":"https:\/\/schema.org","@graph":[{"@type":"WebPage","@id":"https:\/\/evergetikon.eu\/product\/natuurlijke-lippenbalsem-chocolade-evergetikon\/","url":"https:\/\/evergetikon.eu\/product\/natuurlijke-lippenbalsem-chocolade-evergetikon\/","name":"P\u0159\u00edrodn\u00ed balz\u00e1m na rty \u010dokol\u00e1dov\u00fd - Evergetikon - evergetikon","isPartOf":{"@id":"https:\/\/evergetikon.eu\/#website"},"primaryImageOfPage":{"@id":"https:\/\/evergetikon.eu\/product\/natuurlijke-lippenbalsem-chocolade-evergetikon\/#primaryimage"},"image":{"@id":"https:\/\/evergetikon.eu\/product\/natuurlijke-lippenbalsem-chocolade-evergetikon\/#primaryimage"},"thumbnailUrl":"https:\/\/exomh4ku2ih.exactdn.com\/wp-content\/uploads\/2024\/06\/lippenbalsem-chocola.jpg?strip=all","datePublished":"2022-09-11T16:12:39+00:00","dateModified":"2025-11-26T20:30:20+00:00","breadcrumb":{"@id":"https:\/\/evergetikon.eu\/product\/natuurlijke-lippenbalsem-chocolade-evergetikon\/#breadcrumb"},"inLanguage":"cs","potentialAction":[{"@type":"ReadAction","target":["https:\/\/evergetikon.eu\/product\/natuurlijke-lippenbalsem-chocolade-evergetikon\/"]}]},{"@type":"ImageObject","inLanguage":"cs","@id":"https:\/\/evergetikon.eu\/product\/natuurlijke-lippenbalsem-chocolade-evergetikon\/#primaryimage","url":"https:\/\/exomh4ku2ih.exactdn.com\/wp-content\/uploads\/2024\/06\/lippenbalsem-chocola.jpg?strip=all","contentUrl":"https:\/\/exomh4ku2ih.exactdn.com\/wp-content\/uploads\/2024\/06\/lippenbalsem-chocola.jpg?strip=all","width":1024,"height":861,"caption":"lippenbalsem chocolade"},{"@type":"BreadcrumbList","@id":"https:\/\/evergetikon.eu\/product\/natuurlijke-lippenbalsem-chocolade-evergetikon\/#breadcrumb","itemListElement":[{"@type":"ListItem","position":1,"name":"Home","item":"https:\/\/evergetikon.eu\/"},{"@type":"ListItem","position":2,"name":"Shop","item":"https:\/\/evergetikon.eu\/shop\/"},{"@type":"ListItem","position":3,"name":"Natuurlijke lippenbalsem chocolade &#8211; Evergetikon"}]},{"@type":"WebSite","@id":"https:\/\/evergetikon.eu\/#website","url":"https:\/\/evergetikon.eu\/","name":"evergetikon","description":"","publisher":{"@id":"https:\/\/evergetikon.eu\/#organization"},"potentialAction":[{"@type":"SearchAction","target":{"@type":"EntryPoint","urlTemplate":"https:\/\/evergetikon.eu\/?s={search_term_string}"},"query-input":{"@type":"PropertyValueSpecification","valueRequired":true,"valueName":"search_term_string"}}],"inLanguage":"cs"},{"@type":"Organization","@id":"https:\/\/evergetikon.eu\/#organization","name":"evergetikon","url":"https:\/\/evergetikon.eu\/","logo":{"@type":"ImageObject","inLanguage":"cs","@id":"https:\/\/evergetikon.eu\/#\/schema\/logo\/image\/","url":"https:\/\/exomh4ku2ih.exactdn.com\/wp-content\/uploads\/2025\/06\/Evergetikon-non-of.svg","contentUrl":"https:\/\/exomh4ku2ih.exactdn.com\/wp-content\/uploads\/2025\/06\/Evergetikon-non-of.svg","width":229,"height":70,"caption":"evergetikon"},"image":{"@id":"https:\/\/evergetikon.eu\/#\/schema\/logo\/image\/"}}]}},"_links":{"self":[{"href":"https:\/\/evergetikon.eu\/cs\/wp-json\/wp\/v2\/product\/346","targetHints":{"allow":["GET"]}}],"collection":[{"href":"https:\/\/evergetikon.eu\/cs\/wp-json\/wp\/v2\/product"}],"about":[{"href":"https:\/\/evergetikon.eu\/cs\/wp-json\/wp\/v2\/types\/product"}],"replies":[{"embeddable":true,"href":"https:\/\/evergetikon.eu\/cs\/wp-json\/wp\/v2\/comments?post=346"}],"version-history":[{"count":0,"href":"https:\/\/evergetikon.eu\/cs\/wp-json\/wp\/v2\/product\/346\/revisions"}],"wp:featuredmedia":[{"embeddable":true,"href":"https:\/\/evergetikon.eu\/cs\/wp-json\/wp\/v2\/media\/345"}],"wp:attachment":[{"href":"https:\/\/evergetikon.eu\/cs\/wp-json\/wp\/v2\/media?parent=346"}],"wp:term":[{"taxonomy":"product_brand","embeddable":true,"href":"https:\/\/evergetikon.eu\/cs\/wp-json\/wp\/v2\/product_brand?post=346"},{"taxonomy":"product_cat","embeddable":true,"href":"https:\/\/evergetikon.eu\/cs\/wp-json\/wp\/v2\/product_cat?post=346"},{"taxonomy":"product_tag","embeddable":true,"href":"https:\/\/evergetikon.eu\/cs\/wp-json\/wp\/v2\/product_tag?post=346"}],"curies":[{"name":"wp","href":"https:\/\/api.w.org\/{rel}","templated":true}]}}