{"id":310,"date":"2022-09-18T19:56:00","date_gmt":"2022-09-18T19:56:00","guid":{"rendered":"https:\/\/evergetikon.nl\/?product=gezicht-baardreiniger"},"modified":"2026-04-02T18:20:32","modified_gmt":"2026-04-02T18:20:32","slug":"gezicht-baardreiniger","status":"publish","type":"product","link":"https:\/\/evergetikon.eu\/cs\/produkt\/cistic-vousu-na-oblicej\/","title":{"rendered":"\u010cistic\u00ed p\u0159\u00edpravek na obli\u010dej a vousy - Evergetikon"},"content":{"rendered":"<h2>\u010cist\u00edc\u00ed p\u0159\u00edpravek na obli\u010dej pro mu\u017ee<\/h2>\n<p>I mu\u017esk\u00e1 ple\u0165 samoz\u0159ejm\u011b pot\u0159ebuje p\u00e9\u010di. Z\u00e1kladem je dobr\u00fd \u010distic\u00ed p\u0159\u00edpravek na obli\u010dej. \u010ci\u0161t\u011bn\u00ed obli\u010deje p\u0159ed span\u00edm je nutnost\u00ed pro ka\u017ed\u00e9ho, kdo chce vypadat upraven\u011b. V p\u0159\u00edpad\u011b pot\u0159eby pak m\u016f\u017eete o ple\u0165 nav\u00edc pe\u010dovat kr\u00e9mem nebo ple\u0165ov\u00fdm s\u00e9rem.<\/p>\n<p>Ovesn\u00fd a cedrov\u00fd olej spole\u010dn\u011b obsahuj\u00ed vysok\u00e9 mno\u017estv\u00ed antioxidant\u016f a mastn\u00fdch kyselin, kter\u00e9 pom\u00e1haj\u00ed udr\u017eovat p\u0159irozenou vlhkost poko\u017eky, pom\u00e1haj\u00ed poko\u017ece pod vousy udr\u017eovat vlhkost a zabra\u0148uj\u00ed sv\u011bd\u011bn\u00ed. Ovesn\u00fd olej m\u00e1 tak\u00e9 siln\u00e9 antioxida\u010dn\u00ed vlastnosti, kter\u00e9 pom\u00e1haj\u00ed poko\u017ece chr\u00e1nit se p\u0159ed \u0161kodlivinami z okoln\u00edho prost\u0159ed\u00ed, stresem a po\u0161kozen\u00edm voln\u00fdmi radik\u00e1ly. Ovesn\u00fd olej se doporu\u010duje i pro nejcitliv\u011bj\u0161\u00ed a podr\u00e1\u017ed\u011bnou, zan\u00edcenou poko\u017eku, proto\u017ee m\u00e1 protiz\u00e1n\u011btliv\u00e9 vlastnosti.<br \/>\nP\u0159\u00edrodn\u00ed p\u0159\u00edpravek na myt\u00ed vous\u016f m\u00e1 zklid\u0148uj\u00edc\u00ed \u00fa\u010dinky, kter\u00e9 d\u00edky p\u0159\u00edrodn\u00edm slo\u017ek\u00e1m sni\u017euj\u00ed vysu\u0161en\u00ed a sv\u011bd\u011bn\u00ed. Zanech\u00e1v\u00e1 poko\u017eku mu\u017esk\u00e9 tv\u00e1\u0159e \u010distou a pru\u017enou a vousy hlad\u0161\u00ed. Vhodn\u00e9 pro citlivou a podr\u00e1\u017ed\u011bnou poko\u017eku.<\/p>\n<p><strong>Pou\u017eit\u00ed:<\/strong>\u00a0Naneste na vlhk\u00fd obli\u010dej a vousy. Po jemn\u00e9 mas\u00e1\u017ei omyjte vla\u017enou vodou.<\/p>\n<p><strong>Slo\u017een\u00ed:\u00a0<\/strong>\u00a0Voda, \u0161\u0165\u00e1va z list\u016f Aloe Barbadnesis, decilglukosid, laurylglukosid, Ricinus communis (ricinov\u00fd olej), extrakt z kv\u011bt\u016f Calendula Officinalis*, xanthanov\u00e1 guma, sorban draseln\u00fd, olej ze semen Cannabis Sativa (konop\u00ed), extrakt z kv\u011bt\u016f\/list\u016f\/stonk\u016f Origanum Dictamnus , olej z avok\u00e1da Persea Gratissima, Argania Spinosa Pit oil, Sodium benzoate, Citric acid, Cupressus sempervirens Leaf oil, Amyris balsamifera oil, Pinus sylvestris (Pine) Leaf oil, Vanilla planifolia, Lavandula Angustifolia Oil, Laurus Nobilis Leaf oil, Cedrus atlantica (bark) oil, Citrus nobilis (mandarin) oil.<\/p>","protected":false},"excerpt":{"rendered":"<p>Evergetikon Men's Face Wash je speci\u00e1ln\u011b vyvinut\u00fd pro mu\u017eskou poko\u017eku s jemn\u00fdmi rostlinn\u00fdmi slo\u017ekami. pro ka\u017edodenn\u00ed myt\u00ed poko\u017eky obli\u010deje a vous\u016f.<\/p>","protected":false},"featured_media":100000015030,"comment_status":"open","ping_status":"closed","template":"","meta":[],"product_brand":[],"product_cat":[95,64,74,48],"product_tag":[],"class_list":{"0":"post-310","1":"product","2":"type-product","3":"status-publish","4":"has-post-thumbnail","6":"product_cat-natuurlijke-gezichtsreinigers","7":"product_cat-mannelijke-gezichtsverzorging","8":"product_cat-mannelijke-haarverzorging","9":"product_cat-voor-mannen","11":"first","12":"instock","13":"taxable","14":"shipping-taxable","15":"purchasable","16":"product-type-simple"},"yoast_head":"<!-- This site is optimized with the Yoast SEO plugin v27.3 - https:\/\/yoast.com\/product\/yoast-seo-wordpress\/ -->\n<title>Gezicht- &amp; baardreiniger- Evergetikon - evergetikon<\/title>\n<meta name=\"robots\" content=\"index, follow, max-snippet:-1, max-image-preview:large, max-video-preview:-1\" \/>\n<link rel=\"canonical\" href=\"https:\/\/evergetikon.eu\/cs\/produkt\/cistic-vousu-na-oblicej\/\" \/>\n<meta property=\"og:locale\" content=\"cs_CZ\" \/>\n<meta property=\"og:type\" content=\"article\" \/>\n<meta property=\"og:title\" content=\"Gezicht- &amp; baardreiniger- Evergetikon - evergetikon\" \/>\n<meta property=\"og:description\" content=\"Evergetikon Men&#039;s Face Wash is speciaal ontwikkeld voor de mannenhuid met zachte plantaardige ingredi\u00ebnten.\u00a0voor het dagelijks wassen van de gezichtshuid en baard.\" \/>\n<meta property=\"og:url\" content=\"https:\/\/evergetikon.eu\/cs\/produkt\/cistic-vousu-na-oblicej\/\" \/>\n<meta property=\"og:site_name\" content=\"evergetikon\" \/>\n<meta property=\"article:modified_time\" content=\"2026-04-02T18:20:32+00:00\" \/>\n<meta name=\"twitter:card\" content=\"summary_large_image\" \/>\n<meta name=\"twitter:label1\" content=\"Odhadovan\u00e1 doba \u010dten\u00ed\" \/>\n\t<meta name=\"twitter:data1\" content=\"1 minuta\" \/>\n<script type=\"application\/ld+json\" class=\"yoast-schema-graph\">{\"@context\":\"https:\\\/\\\/schema.org\",\"@graph\":[{\"@type\":\"WebPage\",\"@id\":\"https:\\\/\\\/evergetikon.eu\\\/product\\\/gezicht-baardreiniger\\\/\",\"url\":\"https:\\\/\\\/evergetikon.eu\\\/product\\\/gezicht-baardreiniger\\\/\",\"name\":\"Gezicht- &amp; baardreiniger- Evergetikon - evergetikon\",\"isPartOf\":{\"@id\":\"https:\\\/\\\/evergetikon.eu\\\/#website\"},\"primaryImageOfPage\":{\"@id\":\"https:\\\/\\\/evergetikon.eu\\\/product\\\/gezicht-baardreiniger\\\/#primaryimage\"},\"image\":{\"@id\":\"https:\\\/\\\/evergetikon.eu\\\/product\\\/gezicht-baardreiniger\\\/#primaryimage\"},\"thumbnailUrl\":\"https:\\\/\\\/purehealthstore.nl\\\/wp-content\\\/uploads\\\/2022\\\/09\\\/natuurlijke-gezichtsreiniger-mannen-evergetikon.png\",\"datePublished\":\"2022-09-18T19:56:00+00:00\",\"dateModified\":\"2026-04-02T18:20:32+00:00\",\"breadcrumb\":{\"@id\":\"https:\\\/\\\/evergetikon.eu\\\/product\\\/gezicht-baardreiniger\\\/#breadcrumb\"},\"inLanguage\":\"cs\",\"potentialAction\":[{\"@type\":\"ReadAction\",\"target\":[\"https:\\\/\\\/evergetikon.eu\\\/product\\\/gezicht-baardreiniger\\\/\"]}]},{\"@type\":\"ImageObject\",\"inLanguage\":\"cs\",\"@id\":\"https:\\\/\\\/evergetikon.eu\\\/product\\\/gezicht-baardreiniger\\\/#primaryimage\",\"url\":\"https:\\\/\\\/purehealthstore.nl\\\/wp-content\\\/uploads\\\/2022\\\/09\\\/natuurlijke-gezichtsreiniger-mannen-evergetikon.png\",\"contentUrl\":\"https:\\\/\\\/purehealthstore.nl\\\/wp-content\\\/uploads\\\/2022\\\/09\\\/natuurlijke-gezichtsreiniger-mannen-evergetikon.png\"},{\"@type\":\"BreadcrumbList\",\"@id\":\"https:\\\/\\\/evergetikon.eu\\\/product\\\/gezicht-baardreiniger\\\/#breadcrumb\",\"itemListElement\":[{\"@type\":\"ListItem\",\"position\":1,\"name\":\"Home\",\"item\":\"https:\\\/\\\/evergetikon.eu\\\/\"},{\"@type\":\"ListItem\",\"position\":2,\"name\":\"Shop\",\"item\":\"https:\\\/\\\/evergetikon.eu\\\/shop\\\/\"},{\"@type\":\"ListItem\",\"position\":3,\"name\":\"Gezicht- &amp; baardreiniger- Evergetikon\"}]},{\"@type\":\"WebSite\",\"@id\":\"https:\\\/\\\/evergetikon.eu\\\/#website\",\"url\":\"https:\\\/\\\/evergetikon.eu\\\/\",\"name\":\"evergetikon\",\"description\":\"\",\"publisher\":{\"@id\":\"https:\\\/\\\/evergetikon.eu\\\/#organization\"},\"potentialAction\":[{\"@type\":\"SearchAction\",\"target\":{\"@type\":\"EntryPoint\",\"urlTemplate\":\"https:\\\/\\\/evergetikon.eu\\\/?s={search_term_string}\"},\"query-input\":{\"@type\":\"PropertyValueSpecification\",\"valueRequired\":true,\"valueName\":\"search_term_string\"}}],\"inLanguage\":\"cs\"},{\"@type\":\"Organization\",\"@id\":\"https:\\\/\\\/evergetikon.eu\\\/#organization\",\"name\":\"evergetikon\",\"url\":\"https:\\\/\\\/evergetikon.eu\\\/\",\"logo\":{\"@type\":\"ImageObject\",\"inLanguage\":\"cs\",\"@id\":\"https:\\\/\\\/evergetikon.eu\\\/#\\\/schema\\\/logo\\\/image\\\/\",\"url\":\"https:\\\/\\\/exomh4ku2ih.exactdn.com\\\/wp-content\\\/uploads\\\/2025\\\/06\\\/Evergetikon-non-of.svg\",\"contentUrl\":\"https:\\\/\\\/exomh4ku2ih.exactdn.com\\\/wp-content\\\/uploads\\\/2025\\\/06\\\/Evergetikon-non-of.svg\",\"width\":229,\"height\":70,\"caption\":\"evergetikon\"},\"image\":{\"@id\":\"https:\\\/\\\/evergetikon.eu\\\/#\\\/schema\\\/logo\\\/image\\\/\"}}]}<\/script>\n<!-- \/ Yoast SEO plugin. -->","yoast_head_json":{"title":"\u010cistic\u00ed prost\u0159edek na obli\u010dej a vousy - Evergetikon","robots":{"index":"index","follow":"follow","max-snippet":"max-snippet:-1","max-image-preview":"max-image-preview:large","max-video-preview":"max-video-preview:-1"},"canonical":"https:\/\/evergetikon.eu\/cs\/produkt\/cistic-vousu-na-oblicej\/","og_locale":"cs_CZ","og_type":"article","og_title":"Gezicht- &amp; baardreiniger- Evergetikon - evergetikon","og_description":"Evergetikon Men's Face Wash is speciaal ontwikkeld voor de mannenhuid met zachte plantaardige ingredi\u00ebnten.\u00a0voor het dagelijks wassen van de gezichtshuid en baard.","og_url":"https:\/\/evergetikon.eu\/cs\/produkt\/cistic-vousu-na-oblicej\/","og_site_name":"evergetikon","article_modified_time":"2026-04-02T18:20:32+00:00","twitter_card":"summary_large_image","twitter_misc":{"Odhadovan\u00e1 doba \u010dten\u00ed":"1 minuta"},"schema":{"@context":"https:\/\/schema.org","@graph":[{"@type":"WebPage","@id":"https:\/\/evergetikon.eu\/product\/gezicht-baardreiniger\/","url":"https:\/\/evergetikon.eu\/product\/gezicht-baardreiniger\/","name":"\u010cistic\u00ed prost\u0159edek na obli\u010dej a vousy - Evergetikon","isPartOf":{"@id":"https:\/\/evergetikon.eu\/#website"},"primaryImageOfPage":{"@id":"https:\/\/evergetikon.eu\/product\/gezicht-baardreiniger\/#primaryimage"},"image":{"@id":"https:\/\/evergetikon.eu\/product\/gezicht-baardreiniger\/#primaryimage"},"thumbnailUrl":"https:\/\/purehealthstore.nl\/wp-content\/uploads\/2022\/09\/natuurlijke-gezichtsreiniger-mannen-evergetikon.png","datePublished":"2022-09-18T19:56:00+00:00","dateModified":"2026-04-02T18:20:32+00:00","breadcrumb":{"@id":"https:\/\/evergetikon.eu\/product\/gezicht-baardreiniger\/#breadcrumb"},"inLanguage":"cs","potentialAction":[{"@type":"ReadAction","target":["https:\/\/evergetikon.eu\/product\/gezicht-baardreiniger\/"]}]},{"@type":"ImageObject","inLanguage":"cs","@id":"https:\/\/evergetikon.eu\/product\/gezicht-baardreiniger\/#primaryimage","url":"https:\/\/purehealthstore.nl\/wp-content\/uploads\/2022\/09\/natuurlijke-gezichtsreiniger-mannen-evergetikon.png","contentUrl":"https:\/\/purehealthstore.nl\/wp-content\/uploads\/2022\/09\/natuurlijke-gezichtsreiniger-mannen-evergetikon.png"},{"@type":"BreadcrumbList","@id":"https:\/\/evergetikon.eu\/product\/gezicht-baardreiniger\/#breadcrumb","itemListElement":[{"@type":"ListItem","position":1,"name":"Home","item":"https:\/\/evergetikon.eu\/"},{"@type":"ListItem","position":2,"name":"Shop","item":"https:\/\/evergetikon.eu\/shop\/"},{"@type":"ListItem","position":3,"name":"Gezicht- &amp; baardreiniger- Evergetikon"}]},{"@type":"WebSite","@id":"https:\/\/evergetikon.eu\/#website","url":"https:\/\/evergetikon.eu\/","name":"evergetikon","description":"","publisher":{"@id":"https:\/\/evergetikon.eu\/#organization"},"potentialAction":[{"@type":"SearchAction","target":{"@type":"EntryPoint","urlTemplate":"https:\/\/evergetikon.eu\/?s={search_term_string}"},"query-input":{"@type":"PropertyValueSpecification","valueRequired":true,"valueName":"search_term_string"}}],"inLanguage":"cs"},{"@type":"Organization","@id":"https:\/\/evergetikon.eu\/#organization","name":"evergetikon","url":"https:\/\/evergetikon.eu\/","logo":{"@type":"ImageObject","inLanguage":"cs","@id":"https:\/\/evergetikon.eu\/#\/schema\/logo\/image\/","url":"https:\/\/exomh4ku2ih.exactdn.com\/wp-content\/uploads\/2025\/06\/Evergetikon-non-of.svg","contentUrl":"https:\/\/exomh4ku2ih.exactdn.com\/wp-content\/uploads\/2025\/06\/Evergetikon-non-of.svg","width":229,"height":70,"caption":"evergetikon"},"image":{"@id":"https:\/\/evergetikon.eu\/#\/schema\/logo\/image\/"}}]}},"_links":{"self":[{"href":"https:\/\/evergetikon.eu\/cs\/wp-json\/wp\/v2\/product\/310","targetHints":{"allow":["GET"]}}],"collection":[{"href":"https:\/\/evergetikon.eu\/cs\/wp-json\/wp\/v2\/product"}],"about":[{"href":"https:\/\/evergetikon.eu\/cs\/wp-json\/wp\/v2\/types\/product"}],"replies":[{"embeddable":true,"href":"https:\/\/evergetikon.eu\/cs\/wp-json\/wp\/v2\/comments?post=310"}],"version-history":[{"count":0,"href":"https:\/\/evergetikon.eu\/cs\/wp-json\/wp\/v2\/product\/310\/revisions"}],"wp:featuredmedia":[{"embeddable":true,"href":"https:\/\/evergetikon.eu\/cs\/wp-json\/"}],"wp:attachment":[{"href":"https:\/\/evergetikon.eu\/cs\/wp-json\/wp\/v2\/media?parent=310"}],"wp:term":[{"taxonomy":"product_brand","embeddable":true,"href":"https:\/\/evergetikon.eu\/cs\/wp-json\/wp\/v2\/product_brand?post=310"},{"taxonomy":"product_cat","embeddable":true,"href":"https:\/\/evergetikon.eu\/cs\/wp-json\/wp\/v2\/product_cat?post=310"},{"taxonomy":"product_tag","embeddable":true,"href":"https:\/\/evergetikon.eu\/cs\/wp-json\/wp\/v2\/product_tag?post=310"}],"curies":[{"name":"wp","href":"https:\/\/api.w.org\/{rel}","templated":true}]}}