{"id":263,"date":"2022-09-27T20:06:36","date_gmt":"2022-09-27T20:06:36","guid":{"rendered":"https:\/\/evergetikon.nl\/?product=handcreme-bloemen-evergetikon"},"modified":"2026-04-16T11:08:16","modified_gmt":"2026-04-16T11:08:16","slug":"handcreme-bloemen-evergetikon","status":"publish","type":"product","link":"https:\/\/evergetikon.eu\/cs\/produkt\/krem-na-ruce-kvetiny-evergetikon\/","title":{"rendered":"Kr\u00e9m na ruce a t\u011blo Jasm\u00edn - Evergetikon"},"content":{"rendered":"<p>Olej Monoi jsou tahitsk\u00e9 okv\u011btn\u00ed l\u00edstky namo\u010den\u00e9 v kokosov\u00e9m oleji. Je to n\u00e1rodn\u00ed rostlina Francouzsk\u00e9 Polyn\u00e9sie. Polyn\u00e9san\u00e9 tento olej po stalet\u00ed pou\u017e\u00edvali k pomaz\u00e1n\u00ed novorozenc\u016f a nan\u00e1\u0161eli jej na jejich poko\u017eku a vlasy, kter\u00e9 hydratovali a vy\u017eivovali. Olej monoi je dodnes velmi cen\u011bn\u00fd, proto\u017ee m\u00e1 vysok\u00fd obsah b\u00edlkovin a miner\u00e1l\u016f a je vhodn\u00fd zejm\u00e9na pro poko\u017eku, vlasy a vlasovou poko\u017eku.<\/p>\n<p>V\u010del\u00ed vosk p\u016fsob\u00ed jako p\u0159irozen\u00e1 ochrann\u00e1 vrstva poko\u017eky, zabra\u0148uje ztr\u00e1t\u011b vlhkosti a z\u00e1rove\u0148 pom\u00e1h\u00e1 udr\u017eovat pru\u017enost poko\u017eky. V\u010del\u00ed vosk se pou\u017e\u00edv\u00e1 p\u0159i p\u00e9\u010di o suchou nebo citlivou poko\u017eku ke sn\u00ed\u017een\u00ed sv\u011bd\u011bn\u00ed. V\u010del\u00ed vosk obsahuje mnoho antiseptick\u00fdch, protiz\u00e1n\u011btliv\u00fdch, protipl\u00eds\u0148ov\u00fdch, hojiv\u00fdch, zklid\u0148uj\u00edc\u00edch a hydrata\u010dn\u00edch vlastnost\u00ed, tak\u017ee jej lze pou\u017e\u00edt k o\u0161et\u0159en\u00ed podr\u00e1\u017ed\u011bn\u00e9 poko\u017eky.<\/p>\n<p>V\u00fd\u017eivn\u00fd kr\u00e9m na ruce von\u00ed po kv\u011btin\u00e1ch, tak\u017ee je ide\u00e1ln\u00ed pro povzbuzen\u00ed a rozpt\u00fdlen\u00ed smutku. Jasm\u00edn, kv\u011bty dama\u0161sk\u00e9 r\u016f\u017ee, pelargonie a esenci\u00e1ln\u00ed olej z ylang-ylang - kv\u011btiny ze slunn\u00e9ho \u0158ecka, jasn\u00e9 a nezapomenuteln\u00e9 v\u016fn\u011b, jedno z nejsiln\u011bj\u0161\u00edch afrodiziak. Afrodiziak\u00e1ln\u00ed \u00e9terick\u00e9 oleje uvol\u0148uj\u00ed a navozuj\u00ed romantickou n\u00e1ladu. Aromaterapeutick\u00e9 \u00e9terick\u00e9 oleje nejen\u017ee dod\u00e1vaj\u00ed v\u016fni kosmetice, ale maj\u00ed tak\u00e9 vynikaj\u00edc\u00ed hydrata\u010dn\u00ed, antibakteri\u00e1ln\u00ed a antiseptick\u00e9 vlastnosti.<\/p>\n<p><strong>Pou\u017eit\u00ed:\u00a0<\/strong>\u00a0Naneste mal\u00e9 mno\u017estv\u00ed v\u00fd\u017eivn\u00e9ho kr\u00e9mu na ruce \"Jazminas\" na \u010dist\u00e9 ruce a poko\u017eku cel\u00e9ho t\u011bla. Such\u00e1 poko\u017eka pot\u0159ebuje hydrataci i v\u00fd\u017eivu, proto nejlep\u0161\u00edch v\u00fdsledk\u016f dos\u00e1hnete, pokud jej nanesete na vlhk\u00e9 ruce. Kr\u00e9m na ruce je koncentrovan\u00fd, tak\u017ee sta\u010d\u00ed mal\u00e9 mno\u017estv\u00ed.<\/p>\n<p><strong>Slo\u017een\u00ed:\u00a0<\/strong>\u00a0\u00a0Olea Europaea (olivov\u00fd) olej z plod\u016f \"Cretan\" extra panensk\u00fd olivov\u00fd olej, Prunus Amygdalus Dulcis (sladk\u00fd mandlov\u00fd) olej (mandlov\u00fd olej), Cera Alba (v\u010del\u00ed vosk), Simmondsia Chinensis (jojobov\u00fd) olej ze semen, Butyrospermum Parkii (bambuck\u00e9 m\u00e1slo) , Cocos Nucifera (kokosov\u00fd) olej-Tiare Gardenia tahitensis kv\u011bt (monoi olej), tokoferol acet\u00e1t (vitamin E), Rosmarinus Officinalis (rozmar\u00fdn) extrakt z list\u016f, Jasminum Officinale (jasm\u00edn), Rosa Damascena kv\u011btov\u00fd olej, Pelargonium Graveolens olej (pelargoniov\u00fd olej) , Cananga Odorata kv\u011btov\u00fd olej (ylang ylang olej).<\/p>","protected":false},"excerpt":{"rendered":"<p>P\u0159\u00edrodn\u00ed kr\u00e9m na ruce, vysoce v\u00fd\u017eivn\u00fd a hydrata\u010dn\u00ed, s v\u016fn\u00ed kr\u00e1lovsk\u00fdch kv\u011bt\u016f. Hlavn\u00edmi slo\u017ekami kr\u00e9mu jsou extra panensk\u00fd olivov\u00fd olej z \u0158ecka, jojobov\u00fd olej (jojoba oil), monoi oil, kter\u00e9 obsahuj\u00ed mnoho miner\u00e1l\u016f pot\u0159ebn\u00fdch pro popraskanou poko\u017eku. \u0158ekov\u00e9 se olejem chr\u00e1nili po celou dobu p\u0159ed horkem, v\u011btrem a siln\u00fdm v\u011btrem v horsk\u00fdch oblastech. Such\u00e1 poko\u017eka vy\u017eiven\u00e1 p\u0159\u00edrodn\u00edmi prost\u0159edky se za\u010dne obnovovat a p\u0159i dlouhodob\u00e9m pou\u017e\u00edv\u00e1n\u00ed se st\u00e1v\u00e1 siln\u011bj\u0161\u00ed a odoln\u011bj\u0161\u00ed. Kvalitn\u00ed olivov\u00fd olej m\u00e1 vysok\u00fd obsah vitaminu E a mastn\u00fdch kyselin. Vitamin E je siln\u00fd antioxidant, kter\u00fd bojuje proti st\u00e1rnut\u00ed poko\u017eky, hloubkov\u011b ji vy\u017eivuje a hydratuje. Vhodn\u00fd pro v\u0161echny typy pleti. Dod\u00e1v\u00e1 obli\u010deji i t\u011blu jemnost a hedv\u00e1bn\u00fd lesk.<\/p>","protected":false},"featured_media":100000019554,"comment_status":"open","ping_status":"closed","template":"","meta":[],"product_brand":[],"product_cat":[87,31,26],"product_tag":[],"class_list":{"0":"post-263","1":"product","2":"type-product","3":"status-publish","4":"has-post-thumbnail","6":"product_cat-natuurlijke-handcreme","7":"product_cat-handen-voeten","8":"product_cat-lichaamsverzorging","10":"first","11":"instock","12":"taxable","13":"shipping-taxable","14":"purchasable","15":"product-type-simple"},"yoast_head":"<!-- This site is optimized with the Yoast SEO plugin v27.4 - https:\/\/yoast.com\/product\/yoast-seo-wordpress\/ -->\n<title>Hand- en Lichaamscr\u00e8me Jasmijn - Evergetikon - evergetikon<\/title>\n<meta name=\"robots\" content=\"index, follow, max-snippet:-1, max-image-preview:large, max-video-preview:-1\" \/>\n<link rel=\"canonical\" href=\"https:\/\/evergetikon.eu\/cs\/produkt\/krem-na-ruce-kvetiny-evergetikon\/\" \/>\n<meta property=\"og:locale\" content=\"cs_CZ\" \/>\n<meta property=\"og:type\" content=\"article\" \/>\n<meta property=\"og:title\" content=\"Hand- en Lichaamscr\u00e8me Jasmijn - Evergetikon - evergetikon\" \/>\n<meta property=\"og:description\" content=\"Natuurlijke handcr\u00e8me, sterk voedend en hydraterend, geparfumeerd met koninklijke bloemen.\u00a0Extra vierge olijfolie uit Griekenland, jojoba-olie (jojoba-olie), monoi-olie zijn de hoofdingredi\u00ebnten van de cr\u00e8me, die veel mineralen bevatten die nodig zijn voor een schrale huid.\u00a0De Grieken beschermden zichzelf te allen tijde met olie tegen hitte, wind en harde wind in bergachtige gebieden.\u00a0Een droge huid, gevoed met natuurlijke remedies, begint te herstellen en wordt bij langdurig gebruik sterker en resistenter.\u00a0Kwaliteit olijfolie bevat veel vitamine E en vetzuren.\u00a0Vitamine E is een krachtige antioxidant die huidveroudering tegengaat, de huid diep voedt en hydrateert.\u00a0Geschikt voor alle huidtypes.\u00a0Geeft het gezicht en lichaam zachtheid en zijdeachtige glans.\" \/>\n<meta property=\"og:url\" content=\"https:\/\/evergetikon.eu\/cs\/produkt\/krem-na-ruce-kvetiny-evergetikon\/\" \/>\n<meta property=\"og:site_name\" content=\"evergetikon\" \/>\n<meta property=\"article:modified_time\" content=\"2026-04-16T11:08:16+00:00\" \/>\n<meta name=\"twitter:card\" content=\"summary_large_image\" \/>\n<meta name=\"twitter:label1\" content=\"Odhadovan\u00e1 doba \u010dten\u00ed\" \/>\n\t<meta name=\"twitter:data1\" content=\"2 minuty\" \/>\n<script type=\"application\/ld+json\" class=\"yoast-schema-graph\">{\"@context\":\"https:\\\/\\\/schema.org\",\"@graph\":[{\"@type\":\"WebPage\",\"@id\":\"https:\\\/\\\/evergetikon.eu\\\/product\\\/handcreme-bloemen-evergetikon\\\/\",\"url\":\"https:\\\/\\\/evergetikon.eu\\\/product\\\/handcreme-bloemen-evergetikon\\\/\",\"name\":\"Hand- en Lichaamscr\u00e8me Jasmijn - Evergetikon - evergetikon\",\"isPartOf\":{\"@id\":\"https:\\\/\\\/evergetikon.eu\\\/#website\"},\"primaryImageOfPage\":{\"@id\":\"https:\\\/\\\/evergetikon.eu\\\/product\\\/handcreme-bloemen-evergetikon\\\/#primaryimage\"},\"image\":{\"@id\":\"https:\\\/\\\/evergetikon.eu\\\/product\\\/handcreme-bloemen-evergetikon\\\/#primaryimage\"},\"thumbnailUrl\":\"https:\\\/\\\/purehealthstore.nl\\\/wp-content\\\/uploads\\\/2022\\\/09\\\/hand-creme-flowers-evergetikon.png\",\"datePublished\":\"2022-09-27T20:06:36+00:00\",\"dateModified\":\"2026-04-16T11:08:16+00:00\",\"breadcrumb\":{\"@id\":\"https:\\\/\\\/evergetikon.eu\\\/product\\\/handcreme-bloemen-evergetikon\\\/#breadcrumb\"},\"inLanguage\":\"cs\",\"potentialAction\":[{\"@type\":\"ReadAction\",\"target\":[\"https:\\\/\\\/evergetikon.eu\\\/product\\\/handcreme-bloemen-evergetikon\\\/\"]}]},{\"@type\":\"ImageObject\",\"inLanguage\":\"cs\",\"@id\":\"https:\\\/\\\/evergetikon.eu\\\/product\\\/handcreme-bloemen-evergetikon\\\/#primaryimage\",\"url\":\"https:\\\/\\\/purehealthstore.nl\\\/wp-content\\\/uploads\\\/2022\\\/09\\\/hand-creme-flowers-evergetikon.png\",\"contentUrl\":\"https:\\\/\\\/purehealthstore.nl\\\/wp-content\\\/uploads\\\/2022\\\/09\\\/hand-creme-flowers-evergetikon.png\"},{\"@type\":\"BreadcrumbList\",\"@id\":\"https:\\\/\\\/evergetikon.eu\\\/product\\\/handcreme-bloemen-evergetikon\\\/#breadcrumb\",\"itemListElement\":[{\"@type\":\"ListItem\",\"position\":1,\"name\":\"Home\",\"item\":\"https:\\\/\\\/evergetikon.eu\\\/\"},{\"@type\":\"ListItem\",\"position\":2,\"name\":\"Shop\",\"item\":\"https:\\\/\\\/evergetikon.eu\\\/shop\\\/\"},{\"@type\":\"ListItem\",\"position\":3,\"name\":\"Hand- en Lichaamscr\u00e8me Jasmijn &#8211; Evergetikon\"}]},{\"@type\":\"WebSite\",\"@id\":\"https:\\\/\\\/evergetikon.eu\\\/#website\",\"url\":\"https:\\\/\\\/evergetikon.eu\\\/\",\"name\":\"evergetikon\",\"description\":\"\",\"publisher\":{\"@id\":\"https:\\\/\\\/evergetikon.eu\\\/#organization\"},\"potentialAction\":[{\"@type\":\"SearchAction\",\"target\":{\"@type\":\"EntryPoint\",\"urlTemplate\":\"https:\\\/\\\/evergetikon.eu\\\/?s={search_term_string}\"},\"query-input\":{\"@type\":\"PropertyValueSpecification\",\"valueRequired\":true,\"valueName\":\"search_term_string\"}}],\"inLanguage\":\"cs\"},{\"@type\":\"Organization\",\"@id\":\"https:\\\/\\\/evergetikon.eu\\\/#organization\",\"name\":\"evergetikon\",\"url\":\"https:\\\/\\\/evergetikon.eu\\\/\",\"logo\":{\"@type\":\"ImageObject\",\"inLanguage\":\"cs\",\"@id\":\"https:\\\/\\\/evergetikon.eu\\\/#\\\/schema\\\/logo\\\/image\\\/\",\"url\":\"https:\\\/\\\/evergetikon.eu\\\/wp-content\\\/uploads\\\/2025\\\/06\\\/Evergetikon-non-of.svg\",\"contentUrl\":\"https:\\\/\\\/evergetikon.eu\\\/wp-content\\\/uploads\\\/2025\\\/06\\\/Evergetikon-non-of.svg\",\"width\":229,\"height\":70,\"caption\":\"evergetikon\"},\"image\":{\"@id\":\"https:\\\/\\\/evergetikon.eu\\\/#\\\/schema\\\/logo\\\/image\\\/\"}}]}<\/script>\n<!-- \/ Yoast SEO plugin. -->","yoast_head_json":{"title":"Kr\u00e9m na ruce a t\u011blo Jasm\u00edn - Evergetikon","robots":{"index":"index","follow":"follow","max-snippet":"max-snippet:-1","max-image-preview":"max-image-preview:large","max-video-preview":"max-video-preview:-1"},"canonical":"https:\/\/evergetikon.eu\/cs\/produkt\/krem-na-ruce-kvetiny-evergetikon\/","og_locale":"cs_CZ","og_type":"article","og_title":"Hand- en Lichaamscr\u00e8me Jasmijn - Evergetikon - evergetikon","og_description":"Natuurlijke handcr\u00e8me, sterk voedend en hydraterend, geparfumeerd met koninklijke bloemen.\u00a0Extra vierge olijfolie uit Griekenland, jojoba-olie (jojoba-olie), monoi-olie zijn de hoofdingredi\u00ebnten van de cr\u00e8me, die veel mineralen bevatten die nodig zijn voor een schrale huid.\u00a0De Grieken beschermden zichzelf te allen tijde met olie tegen hitte, wind en harde wind in bergachtige gebieden.\u00a0Een droge huid, gevoed met natuurlijke remedies, begint te herstellen en wordt bij langdurig gebruik sterker en resistenter.\u00a0Kwaliteit olijfolie bevat veel vitamine E en vetzuren.\u00a0Vitamine E is een krachtige antioxidant die huidveroudering tegengaat, de huid diep voedt en hydrateert.\u00a0Geschikt voor alle huidtypes.\u00a0Geeft het gezicht en lichaam zachtheid en zijdeachtige glans.","og_url":"https:\/\/evergetikon.eu\/cs\/produkt\/krem-na-ruce-kvetiny-evergetikon\/","og_site_name":"evergetikon","article_modified_time":"2026-04-16T11:08:16+00:00","twitter_card":"summary_large_image","twitter_misc":{"Odhadovan\u00e1 doba \u010dten\u00ed":"2 minuty"},"schema":{"@context":"https:\/\/schema.org","@graph":[{"@type":"WebPage","@id":"https:\/\/evergetikon.eu\/product\/handcreme-bloemen-evergetikon\/","url":"https:\/\/evergetikon.eu\/product\/handcreme-bloemen-evergetikon\/","name":"Kr\u00e9m na ruce a t\u011blo Jasm\u00edn - Evergetikon","isPartOf":{"@id":"https:\/\/evergetikon.eu\/#website"},"primaryImageOfPage":{"@id":"https:\/\/evergetikon.eu\/product\/handcreme-bloemen-evergetikon\/#primaryimage"},"image":{"@id":"https:\/\/evergetikon.eu\/product\/handcreme-bloemen-evergetikon\/#primaryimage"},"thumbnailUrl":"https:\/\/purehealthstore.nl\/wp-content\/uploads\/2022\/09\/hand-creme-flowers-evergetikon.png","datePublished":"2022-09-27T20:06:36+00:00","dateModified":"2026-04-16T11:08:16+00:00","breadcrumb":{"@id":"https:\/\/evergetikon.eu\/product\/handcreme-bloemen-evergetikon\/#breadcrumb"},"inLanguage":"cs","potentialAction":[{"@type":"ReadAction","target":["https:\/\/evergetikon.eu\/product\/handcreme-bloemen-evergetikon\/"]}]},{"@type":"ImageObject","inLanguage":"cs","@id":"https:\/\/evergetikon.eu\/product\/handcreme-bloemen-evergetikon\/#primaryimage","url":"https:\/\/purehealthstore.nl\/wp-content\/uploads\/2022\/09\/hand-creme-flowers-evergetikon.png","contentUrl":"https:\/\/purehealthstore.nl\/wp-content\/uploads\/2022\/09\/hand-creme-flowers-evergetikon.png"},{"@type":"BreadcrumbList","@id":"https:\/\/evergetikon.eu\/product\/handcreme-bloemen-evergetikon\/#breadcrumb","itemListElement":[{"@type":"ListItem","position":1,"name":"Home","item":"https:\/\/evergetikon.eu\/"},{"@type":"ListItem","position":2,"name":"Shop","item":"https:\/\/evergetikon.eu\/shop\/"},{"@type":"ListItem","position":3,"name":"Hand- en Lichaamscr\u00e8me Jasmijn &#8211; Evergetikon"}]},{"@type":"WebSite","@id":"https:\/\/evergetikon.eu\/#website","url":"https:\/\/evergetikon.eu\/","name":"evergetikon","description":"","publisher":{"@id":"https:\/\/evergetikon.eu\/#organization"},"potentialAction":[{"@type":"SearchAction","target":{"@type":"EntryPoint","urlTemplate":"https:\/\/evergetikon.eu\/?s={search_term_string}"},"query-input":{"@type":"PropertyValueSpecification","valueRequired":true,"valueName":"search_term_string"}}],"inLanguage":"cs"},{"@type":"Organization","@id":"https:\/\/evergetikon.eu\/#organization","name":"evergetikon","url":"https:\/\/evergetikon.eu\/","logo":{"@type":"ImageObject","inLanguage":"cs","@id":"https:\/\/evergetikon.eu\/#\/schema\/logo\/image\/","url":"https:\/\/evergetikon.eu\/wp-content\/uploads\/2025\/06\/Evergetikon-non-of.svg","contentUrl":"https:\/\/evergetikon.eu\/wp-content\/uploads\/2025\/06\/Evergetikon-non-of.svg","width":229,"height":70,"caption":"evergetikon"},"image":{"@id":"https:\/\/evergetikon.eu\/#\/schema\/logo\/image\/"}}]}},"_links":{"self":[{"href":"https:\/\/evergetikon.eu\/cs\/wp-json\/wp\/v2\/product\/263","targetHints":{"allow":["GET"]}}],"collection":[{"href":"https:\/\/evergetikon.eu\/cs\/wp-json\/wp\/v2\/product"}],"about":[{"href":"https:\/\/evergetikon.eu\/cs\/wp-json\/wp\/v2\/types\/product"}],"replies":[{"embeddable":true,"href":"https:\/\/evergetikon.eu\/cs\/wp-json\/wp\/v2\/comments?post=263"}],"version-history":[{"count":0,"href":"https:\/\/evergetikon.eu\/cs\/wp-json\/wp\/v2\/product\/263\/revisions"}],"wp:featuredmedia":[{"embeddable":true,"href":"https:\/\/evergetikon.eu\/cs\/wp-json\/"}],"wp:attachment":[{"href":"https:\/\/evergetikon.eu\/cs\/wp-json\/wp\/v2\/media?parent=263"}],"wp:term":[{"taxonomy":"product_brand","embeddable":true,"href":"https:\/\/evergetikon.eu\/cs\/wp-json\/wp\/v2\/product_brand?post=263"},{"taxonomy":"product_cat","embeddable":true,"href":"https:\/\/evergetikon.eu\/cs\/wp-json\/wp\/v2\/product_cat?post=263"},{"taxonomy":"product_tag","embeddable":true,"href":"https:\/\/evergetikon.eu\/cs\/wp-json\/wp\/v2\/product_tag?post=263"}],"curies":[{"name":"wp","href":"https:\/\/api.w.org\/{rel}","templated":true}]}}