{"id":214,"date":"2022-10-08T18:40:46","date_gmt":"2022-10-08T18:40:46","guid":{"rendered":"https:\/\/evergetikon.nl\/?product=etherische-olie-tea-tree-evergetikon"},"modified":"2026-03-23T21:22:30","modified_gmt":"2026-03-23T21:22:30","slug":"etherische-olie-tea-tree-evergetikon","status":"publish","type":"product","link":"https:\/\/evergetikon.eu\/cs\/produkt\/esencialni-olej-tea-tree-evergetikon\/","title":{"rendered":"Esenci\u00e1ln\u00ed olej - Tea Tree - Evergetikon"},"content":{"rendered":"<p><strong>\u010cajovn\u00edk pro \u010di\u0161t\u011bn\u00ed interi\u00e9r\u016f<\/strong><\/p>\n<p>Esenci\u00e1ln\u00ed olej z \u010dajovn\u00edku se \u00fa\u010dinn\u011b pou\u017e\u00edv\u00e1 k \u010di\u0161t\u011bn\u00ed a provon\u011bn\u00ed dom\u00e1cnost\u00ed, kancel\u00e1\u0159\u00ed a dal\u0161\u00edch m\u00edstnost\u00ed. Nejen\u017ee dezinfikuje, ale tak\u00e9 poskytuje v\u016fni, kter\u00e1 sni\u017euje \u00fanavu a stres a pom\u00e1h\u00e1 soust\u0159edit mysl.<\/p>\n<p><strong>Esenci\u00e1ln\u00ed olej z \u010dajovn\u00edku proti vir\u016fm a bakteri\u00edm<\/strong><\/p>\n<p>Tento olej m\u00e1 p\u0159irozen\u00e9 antibakteri\u00e1ln\u00ed a antivirov\u00e9 vlastnosti, kter\u00e9 mohou pomoci v boji proti nachlazen\u00ed, zejm\u00e9na na za\u010d\u00e1tku nemoci. Lze jej vyzkou\u0161et p\u0159i ch\u0159ipce a infek\u010dn\u00edch onemocn\u011bn\u00edch p\u0159edt\u00edm, ne\u017e se uch\u00fdl\u00edte k siln\u011bj\u0161\u00edm l\u00e9k\u016fm, nebo jako jejich dopln\u011bk. Olej tak\u00e9 zlep\u0161uje tr\u00e1ven\u00ed a posiluje imunitu.<\/p>\n<p>Tea tree m\u00e1 tak\u00e9 siln\u00fd energetick\u00fd \u00fa\u010dinek. Po n\u00e1vratu z n\u00e1ro\u010dn\u00e9ho pracovn\u00edho dne pom\u00e1h\u00e1 sni\u017eovat \u00fanavu a stres a soust\u0159edit my\u0161lenky.<\/p>\n<p>Vyhn\u011bte se kontaktu s o\u010dima. Nast\u00e1vaj\u00edc\u00ed matky by se m\u011bly poradit se sv\u00fdm o\u0161et\u0159uj\u00edc\u00edm l\u00e9ka\u0159em.<\/p>\n<p>Slo\u017een\u00ed: \u010dist\u00fd esenci\u00e1ln\u00ed olej z MelaleucaAlternifolia<\/p>","protected":false},"excerpt":{"rendered":"<p>Tea tree pom\u00e1h\u00e1 o\u0161et\u0159ovat akn\u00f3zn\u00ed ple\u0165 obli\u010deje, herpes, ple\u0165 po\u0161kozenou pl\u00edsn\u011bmi, posiluje a chr\u00e1n\u00ed vrstvy poko\u017eky. Tyto l\u00e1tky se \u010dasto vyskytuj\u00ed v p\u0159\u00edrodn\u00edch kr\u00e9mech na obli\u010dej proti akn\u00e9. To je skv\u011bl\u00e9<\/p>\n<p>n\u00e1prava po ve\u0159ejn\u00fdch l\u00e1zn\u00edch, baz\u00e9nech, sprch\u00e1ch. Po n\u00e1v\u0161t\u011bv\u011b t\u011bchto m\u00edst se doporu\u010duje nan\u00e9st olej na chodidla a mezi prsty.<\/p>","protected":false},"featured_media":100000015049,"comment_status":"open","ping_status":"closed","template":"","meta":[],"product_brand":[],"product_cat":[68],"product_tag":[],"class_list":{"0":"post-214","1":"product","2":"type-product","3":"status-publish","4":"has-post-thumbnail","6":"product_cat-etherische-olie","8":"first","9":"instock","10":"taxable","11":"shipping-taxable","12":"purchasable","13":"product-type-simple"},"yoast_head":"<!-- This site is optimized with the Yoast SEO plugin v27.3 - https:\/\/yoast.com\/product\/yoast-seo-wordpress\/ -->\n<title>Etherische olie - Tea Tree - Evergetikon - evergetikon<\/title>\n<meta name=\"robots\" content=\"index, follow, max-snippet:-1, max-image-preview:large, max-video-preview:-1\" \/>\n<link rel=\"canonical\" href=\"https:\/\/evergetikon.eu\/cs\/produkt\/esencialni-olej-tea-tree-evergetikon\/\" \/>\n<meta property=\"og:locale\" content=\"cs_CZ\" \/>\n<meta property=\"og:type\" content=\"article\" \/>\n<meta property=\"og:title\" content=\"Etherische olie - Tea Tree - Evergetikon - evergetikon\" \/>\n<meta property=\"og:description\" content=\"Tea tree helpt bij de behandeling van acne-gevoelige gezichtshuid, herpes, door schimmels beschadigde huid, versterkt en beschermt de huidlagen.\u00a0Deze stoffen zitten vaak in natuurlijke gezichtscr\u00e8mes tegen acne.\u00a0Dat is geweldig  remedie na openbare baden, zwembaden, douches.\u00a0Het wordt geadviseerd om na een bezoek aan deze gebieden olie op de voeten en tussen de tenen aan te brengen.\" \/>\n<meta property=\"og:url\" content=\"https:\/\/evergetikon.eu\/cs\/produkt\/esencialni-olej-tea-tree-evergetikon\/\" \/>\n<meta property=\"og:site_name\" content=\"evergetikon\" \/>\n<meta property=\"article:modified_time\" content=\"2026-03-23T21:22:30+00:00\" \/>\n<meta name=\"twitter:card\" content=\"summary_large_image\" \/>\n<meta name=\"twitter:label1\" content=\"Odhadovan\u00e1 doba \u010dten\u00ed\" \/>\n\t<meta name=\"twitter:data1\" content=\"1 minuta\" \/>\n<script type=\"application\/ld+json\" class=\"yoast-schema-graph\">{\"@context\":\"https:\\\/\\\/schema.org\",\"@graph\":[{\"@type\":\"WebPage\",\"@id\":\"https:\\\/\\\/evergetikon.eu\\\/product\\\/etherische-olie-tea-tree-evergetikon\\\/\",\"url\":\"https:\\\/\\\/evergetikon.eu\\\/product\\\/etherische-olie-tea-tree-evergetikon\\\/\",\"name\":\"Etherische olie - Tea Tree - Evergetikon - evergetikon\",\"isPartOf\":{\"@id\":\"https:\\\/\\\/evergetikon.eu\\\/#website\"},\"primaryImageOfPage\":{\"@id\":\"https:\\\/\\\/evergetikon.eu\\\/product\\\/etherische-olie-tea-tree-evergetikon\\\/#primaryimage\"},\"image\":{\"@id\":\"https:\\\/\\\/evergetikon.eu\\\/product\\\/etherische-olie-tea-tree-evergetikon\\\/#primaryimage\"},\"thumbnailUrl\":\"https:\\\/\\\/purehealthstore.nl\\\/wp-content\\\/uploads\\\/2022\\\/10\\\/etherische-olie-tea-tree.png\",\"datePublished\":\"2022-10-08T18:40:46+00:00\",\"dateModified\":\"2026-03-23T21:22:30+00:00\",\"breadcrumb\":{\"@id\":\"https:\\\/\\\/evergetikon.eu\\\/product\\\/etherische-olie-tea-tree-evergetikon\\\/#breadcrumb\"},\"inLanguage\":\"cs\",\"potentialAction\":[{\"@type\":\"ReadAction\",\"target\":[\"https:\\\/\\\/evergetikon.eu\\\/product\\\/etherische-olie-tea-tree-evergetikon\\\/\"]}]},{\"@type\":\"ImageObject\",\"inLanguage\":\"cs\",\"@id\":\"https:\\\/\\\/evergetikon.eu\\\/product\\\/etherische-olie-tea-tree-evergetikon\\\/#primaryimage\",\"url\":\"https:\\\/\\\/purehealthstore.nl\\\/wp-content\\\/uploads\\\/2022\\\/10\\\/etherische-olie-tea-tree.png\",\"contentUrl\":\"https:\\\/\\\/purehealthstore.nl\\\/wp-content\\\/uploads\\\/2022\\\/10\\\/etherische-olie-tea-tree.png\"},{\"@type\":\"BreadcrumbList\",\"@id\":\"https:\\\/\\\/evergetikon.eu\\\/product\\\/etherische-olie-tea-tree-evergetikon\\\/#breadcrumb\",\"itemListElement\":[{\"@type\":\"ListItem\",\"position\":1,\"name\":\"Home\",\"item\":\"https:\\\/\\\/evergetikon.eu\\\/\"},{\"@type\":\"ListItem\",\"position\":2,\"name\":\"Shop\",\"item\":\"https:\\\/\\\/evergetikon.eu\\\/shop\\\/\"},{\"@type\":\"ListItem\",\"position\":3,\"name\":\"Etherische olie &#8211; Tea Tree &#8211; Evergetikon\"}]},{\"@type\":\"WebSite\",\"@id\":\"https:\\\/\\\/evergetikon.eu\\\/#website\",\"url\":\"https:\\\/\\\/evergetikon.eu\\\/\",\"name\":\"evergetikon\",\"description\":\"\",\"publisher\":{\"@id\":\"https:\\\/\\\/evergetikon.eu\\\/#organization\"},\"potentialAction\":[{\"@type\":\"SearchAction\",\"target\":{\"@type\":\"EntryPoint\",\"urlTemplate\":\"https:\\\/\\\/evergetikon.eu\\\/?s={search_term_string}\"},\"query-input\":{\"@type\":\"PropertyValueSpecification\",\"valueRequired\":true,\"valueName\":\"search_term_string\"}}],\"inLanguage\":\"cs\"},{\"@type\":\"Organization\",\"@id\":\"https:\\\/\\\/evergetikon.eu\\\/#organization\",\"name\":\"evergetikon\",\"url\":\"https:\\\/\\\/evergetikon.eu\\\/\",\"logo\":{\"@type\":\"ImageObject\",\"inLanguage\":\"cs\",\"@id\":\"https:\\\/\\\/evergetikon.eu\\\/#\\\/schema\\\/logo\\\/image\\\/\",\"url\":\"https:\\\/\\\/exomh4ku2ih.exactdn.com\\\/wp-content\\\/uploads\\\/2025\\\/06\\\/Evergetikon-non-of.svg\",\"contentUrl\":\"https:\\\/\\\/exomh4ku2ih.exactdn.com\\\/wp-content\\\/uploads\\\/2025\\\/06\\\/Evergetikon-non-of.svg\",\"width\":229,\"height\":70,\"caption\":\"evergetikon\"},\"image\":{\"@id\":\"https:\\\/\\\/evergetikon.eu\\\/#\\\/schema\\\/logo\\\/image\\\/\"}}]}<\/script>\n<!-- \/ Yoast SEO plugin. -->","yoast_head_json":{"title":"Esenci\u00e1ln\u00ed olej - Tea Tree - Evergetikon","robots":{"index":"index","follow":"follow","max-snippet":"max-snippet:-1","max-image-preview":"max-image-preview:large","max-video-preview":"max-video-preview:-1"},"canonical":"https:\/\/evergetikon.eu\/cs\/produkt\/esencialni-olej-tea-tree-evergetikon\/","og_locale":"cs_CZ","og_type":"article","og_title":"Etherische olie - Tea Tree - Evergetikon - evergetikon","og_description":"Tea tree helpt bij de behandeling van acne-gevoelige gezichtshuid, herpes, door schimmels beschadigde huid, versterkt en beschermt de huidlagen.\u00a0Deze stoffen zitten vaak in natuurlijke gezichtscr\u00e8mes tegen acne.\u00a0Dat is geweldig  remedie na openbare baden, zwembaden, douches.\u00a0Het wordt geadviseerd om na een bezoek aan deze gebieden olie op de voeten en tussen de tenen aan te brengen.","og_url":"https:\/\/evergetikon.eu\/cs\/produkt\/esencialni-olej-tea-tree-evergetikon\/","og_site_name":"evergetikon","article_modified_time":"2026-03-23T21:22:30+00:00","twitter_card":"summary_large_image","twitter_misc":{"Odhadovan\u00e1 doba \u010dten\u00ed":"1 minuta"},"schema":{"@context":"https:\/\/schema.org","@graph":[{"@type":"WebPage","@id":"https:\/\/evergetikon.eu\/product\/etherische-olie-tea-tree-evergetikon\/","url":"https:\/\/evergetikon.eu\/product\/etherische-olie-tea-tree-evergetikon\/","name":"Esenci\u00e1ln\u00ed olej - Tea Tree - Evergetikon","isPartOf":{"@id":"https:\/\/evergetikon.eu\/#website"},"primaryImageOfPage":{"@id":"https:\/\/evergetikon.eu\/product\/etherische-olie-tea-tree-evergetikon\/#primaryimage"},"image":{"@id":"https:\/\/evergetikon.eu\/product\/etherische-olie-tea-tree-evergetikon\/#primaryimage"},"thumbnailUrl":"https:\/\/purehealthstore.nl\/wp-content\/uploads\/2022\/10\/etherische-olie-tea-tree.png","datePublished":"2022-10-08T18:40:46+00:00","dateModified":"2026-03-23T21:22:30+00:00","breadcrumb":{"@id":"https:\/\/evergetikon.eu\/product\/etherische-olie-tea-tree-evergetikon\/#breadcrumb"},"inLanguage":"cs","potentialAction":[{"@type":"ReadAction","target":["https:\/\/evergetikon.eu\/product\/etherische-olie-tea-tree-evergetikon\/"]}]},{"@type":"ImageObject","inLanguage":"cs","@id":"https:\/\/evergetikon.eu\/product\/etherische-olie-tea-tree-evergetikon\/#primaryimage","url":"https:\/\/purehealthstore.nl\/wp-content\/uploads\/2022\/10\/etherische-olie-tea-tree.png","contentUrl":"https:\/\/purehealthstore.nl\/wp-content\/uploads\/2022\/10\/etherische-olie-tea-tree.png"},{"@type":"BreadcrumbList","@id":"https:\/\/evergetikon.eu\/product\/etherische-olie-tea-tree-evergetikon\/#breadcrumb","itemListElement":[{"@type":"ListItem","position":1,"name":"Home","item":"https:\/\/evergetikon.eu\/"},{"@type":"ListItem","position":2,"name":"Shop","item":"https:\/\/evergetikon.eu\/shop\/"},{"@type":"ListItem","position":3,"name":"Etherische olie &#8211; Tea Tree &#8211; Evergetikon"}]},{"@type":"WebSite","@id":"https:\/\/evergetikon.eu\/#website","url":"https:\/\/evergetikon.eu\/","name":"evergetikon","description":"","publisher":{"@id":"https:\/\/evergetikon.eu\/#organization"},"potentialAction":[{"@type":"SearchAction","target":{"@type":"EntryPoint","urlTemplate":"https:\/\/evergetikon.eu\/?s={search_term_string}"},"query-input":{"@type":"PropertyValueSpecification","valueRequired":true,"valueName":"search_term_string"}}],"inLanguage":"cs"},{"@type":"Organization","@id":"https:\/\/evergetikon.eu\/#organization","name":"evergetikon","url":"https:\/\/evergetikon.eu\/","logo":{"@type":"ImageObject","inLanguage":"cs","@id":"https:\/\/evergetikon.eu\/#\/schema\/logo\/image\/","url":"https:\/\/exomh4ku2ih.exactdn.com\/wp-content\/uploads\/2025\/06\/Evergetikon-non-of.svg","contentUrl":"https:\/\/exomh4ku2ih.exactdn.com\/wp-content\/uploads\/2025\/06\/Evergetikon-non-of.svg","width":229,"height":70,"caption":"evergetikon"},"image":{"@id":"https:\/\/evergetikon.eu\/#\/schema\/logo\/image\/"}}]}},"_links":{"self":[{"href":"https:\/\/evergetikon.eu\/cs\/wp-json\/wp\/v2\/product\/214","targetHints":{"allow":["GET"]}}],"collection":[{"href":"https:\/\/evergetikon.eu\/cs\/wp-json\/wp\/v2\/product"}],"about":[{"href":"https:\/\/evergetikon.eu\/cs\/wp-json\/wp\/v2\/types\/product"}],"replies":[{"embeddable":true,"href":"https:\/\/evergetikon.eu\/cs\/wp-json\/wp\/v2\/comments?post=214"}],"version-history":[{"count":0,"href":"https:\/\/evergetikon.eu\/cs\/wp-json\/wp\/v2\/product\/214\/revisions"}],"wp:featuredmedia":[{"embeddable":true,"href":"https:\/\/evergetikon.eu\/cs\/wp-json\/"}],"wp:attachment":[{"href":"https:\/\/evergetikon.eu\/cs\/wp-json\/wp\/v2\/media?parent=214"}],"wp:term":[{"taxonomy":"product_brand","embeddable":true,"href":"https:\/\/evergetikon.eu\/cs\/wp-json\/wp\/v2\/product_brand?post=214"},{"taxonomy":"product_cat","embeddable":true,"href":"https:\/\/evergetikon.eu\/cs\/wp-json\/wp\/v2\/product_cat?post=214"},{"taxonomy":"product_tag","embeddable":true,"href":"https:\/\/evergetikon.eu\/cs\/wp-json\/wp\/v2\/product_tag?post=214"}],"curies":[{"name":"wp","href":"https:\/\/api.w.org\/{rel}","templated":true}]}}