{"id":195,"date":"2022-10-14T20:29:44","date_gmt":"2022-10-14T20:29:44","guid":{"rendered":"https:\/\/evergetikon.nl\/?product=body-haarserum-sweet-vanilla-evergetikon"},"modified":"2026-03-17T18:02:23","modified_gmt":"2026-03-17T18:02:23","slug":"body-haarserum-sweet-vanilla-evergetikon","status":"publish","type":"product","link":"https:\/\/evergetikon.eu\/cs\/produkt\/telove-serum-na-vlasy-sweet-vanilla-evergetikon\/","title":{"rendered":"T\u011blov\u00e9 a vlasov\u00e9 s\u00e9rum - Sweet Vanilla - Evergetikon"},"content":{"rendered":"<p>S\u00e9rum obsahuje tyto oleje: sladk\u00e9 mandle, hroznov\u00e1 sem\u00ednka, olivov\u00fd. Oleje jsou bohat\u00e9 na vitaminy A, C a E. Vitamin E je siln\u00fd antioxidant, kter\u00fd chr\u00e1n\u00ed ple\u0165 p\u0159ed po\u0161kozen\u00edm vlivem \u017eivotn\u00edho prost\u0159ed\u00ed a zpomaluje proces st\u00e1rnut\u00ed pleti. Olej z hroznov\u00fdch sem\u00ednek dod\u00e1v\u00e1 poko\u017ece jemnost, udr\u017euje ji v dobr\u00e9m stavu a m\u00e1 antioxida\u010dn\u00ed vlastnosti. Rozmar\u00fdnov\u00fd extrakt posiluje, p\u016fsob\u00ed antioxida\u010dn\u011b a m\u00e1 antibakteri\u00e1ln\u00ed vlastnosti. Olej ze sladk\u00fdch mandl\u00ed dod\u00e1v\u00e1 pleti lesk, dokonale ji hydratuje, zvl\u00e1\u010d\u0148uje a zklid\u0148uje podr\u00e1\u017ed\u011bnou poko\u017eku. Mandlov\u00fd olej vy\u017eivuje nejen poko\u017eku, ale i vlasy, zabra\u0148uje jejich vypad\u00e1v\u00e1n\u00ed, \u010din\u00ed je hebk\u00fdmi a nad\u00fdchan\u00fdmi. Vo\u0148av\u00fd vanilkov\u00fd extrakt je antioxidant, zm\u00edr\u0148uje z\u00e1n\u011bty a dod\u00e1v\u00e1 p\u0159\u00edjemnou p\u0159\u00edrodn\u00ed v\u016fni.<br \/>\nOlivovn\u00edky rostouc\u00ed v h\u00e1j\u00edch na ostrov\u011b Kr\u00e9ta rostou p\u0159irozen\u011b, nejsou p\u011bstov\u00e1ny, cesty v olivov\u00fdch h\u00e1j\u00edch pokr\u00fdvaj\u00ed kr\u00e9tsk\u00e9 byliny. P\u0159evl\u00e1daj\u00edc\u00ed p\u0159\u00edrodn\u00ed rovnov\u00e1ha, tedy p\u0159irozen\u00e1 vegetace, p\u0159irozen\u011b obohacuje olivovn\u00edky o jejich dobr\u00e9 vlastnosti, nebo\u0165 olivovn\u00edky \u010derpaj\u00ed v\u00fdta\u017eky z l\u00e9\u010div\u00fdch rostlin s jejich ko\u0159eny, co\u017e d\u00e1v\u00e1 p\u011bstov\u00e1n\u00ed oliv nejen v\u00fdjime\u010dnou chu\u0165, ale m\u00e1 tak\u00e9 siln\u00e9 protiz\u00e1n\u011btliv\u00e9 \u00fa\u010dinky. . Kr\u00e9\u0165an\u00e9 se py\u0161n\u00ed t\u00edm, \u017ee jsou sv\u011btovou \u0161pi\u010dkou, pokud jde o kvalitu olivov\u00e9ho oleje. Nejen\u017ee ho konzumuj\u00ed, ale tak\u00e9 ho hojn\u011b pou\u017e\u00edvaj\u00ed v p\u0159\u00edrodn\u00edch kosmetick\u00fdch p\u0159\u00edpravc\u00edch. Olivov\u00fd olej je siln\u00fd antioxidant a je bohat\u00fd na vitamin E, kter\u00fd prosp\u00edv\u00e1 pleti.<\/p>\n<p>Such\u00e9 s\u00e9rum ve spreji je vhodn\u00e9 nejen pro p\u00e9\u010di o poko\u017eku t\u011bla, ale tak\u00e9 o vlasy. Vezm\u011bte n\u011bkolik kapek s\u00e9ra do dlan\u00ed a jemn\u011b je vet\u0159ete do kone\u010dk\u016f such\u00fdch vlas\u016f, jak v\u00e1m bude v\u00edtr foukat do vlas\u016f, uc\u00edt\u00edte n\u00e1dhernou v\u016fni vanilky.<\/p>\n<p>Poko\u017eka a vlasy va\u0161eho t\u011bla von\u00ed luxusem, p\u0159ipom\u00ednaj\u00ed hebkost hedv\u00e1b\u00ed a zanech\u00e1vaj\u00ed sv\u016fdnou v\u016fni vanilky!<\/p>\n<p>Jak pou\u017e\u00edvat: Nast\u0159\u00edkejte na holou poko\u017eku t\u011bla a \u0161etrn\u011b naneste na such\u00e9 vlasy. Vo\u0148av\u00e9 t\u011blov\u00e9 s\u00e9rum vyroben\u00e9 na ostrov\u011b Kr\u00e9ta se rychle vst\u0159eb\u00e1v\u00e1, nezanech\u00e1v\u00e1 lepivost a p\u0159\u00edjemn\u011b von\u00ed.<\/p>\n<p>Slo\u017een\u00ed: (mandlov\u00fd olej), extra panensk\u00fd olivov\u00fd olej Olea Europaea (olivov\u00fd olej), olej ze semen Vitis Vinifera, parf\u00e9m, extrakt z list\u016f Rosmarinus Officinalis, tokoferylacet\u00e1t ( vitam\u00edn E), vanilka planifolia.<\/p>","protected":false},"excerpt":{"rendered":"<p>Hebkost hedv\u00e1b\u00ed a p\u0159\u00edjemn\u00e1 vlhkost v kombinaci se sladkou v\u016fn\u00ed vanilky!<\/p>\n<p>T\u011blov\u00e9 s\u00e9rum \"Sladk\u00e1 vanilka\" - m\u00e1 p\u0159\u00edjemnou v\u016fni, kter\u00e1 stimuluje a zkr\u00e1\u0161luje radost ze \u017eivota. T\u011blov\u00e9 s\u00e9rum obsahuje esenci\u00e1ln\u00ed vanilkov\u00fd olej, kter\u00fd pom\u00e1h\u00e1 vyrovn\u00e1vat hladinu hormon\u016f, uvol\u0148uje, sni\u017euje citlivost a nap\u011bt\u00ed a m\u00e1 uklid\u0148uj\u00edc\u00ed \u00fa\u010dinek.<\/p>\n<p>Vo\u0148av\u00e9 t\u011blov\u00e9 s\u00e9rum je obohaceno o luxusn\u00ed oleje, kter\u00e9 maj\u00ed zvl\u00e1\u010d\u0148uj\u00edc\u00ed \u00fa\u010dinky na poko\u017eku, p\u0159i dlouhodob\u00e9m pou\u017e\u00edv\u00e1n\u00ed poko\u017eka postupn\u011b z\u00edsk\u00e1v\u00e1 hedv\u00e1bnou jemnost.<\/p>","protected":false},"featured_media":100000012620,"comment_status":"open","ping_status":"closed","template":"","meta":[],"product_brand":[],"product_cat":[17,82,27,16],"product_tag":[],"class_list":{"0":"post-195","1":"product","2":"type-product","3":"status-publish","4":"has-post-thumbnail","6":"product_cat-haarolie","7":"product_cat-haarserums","8":"product_cat-natuurlijke-huidolie","9":"product_cat-haarverzorging","11":"first","12":"instock","13":"taxable","14":"shipping-taxable","15":"purchasable","16":"product-type-simple"},"yoast_head":"<!-- This site is optimized with the Yoast SEO plugin v27.3 - https:\/\/yoast.com\/product\/yoast-seo-wordpress\/ -->\n<title>Lichaam- en Haarserum - Sweet Vanilla - Evergetikon - evergetikon<\/title>\n<meta name=\"robots\" content=\"index, follow, max-snippet:-1, max-image-preview:large, max-video-preview:-1\" \/>\n<link rel=\"canonical\" href=\"https:\/\/evergetikon.eu\/cs\/produkt\/telove-serum-na-vlasy-sweet-vanilla-evergetikon\/\" \/>\n<meta property=\"og:locale\" content=\"cs_CZ\" \/>\n<meta property=\"og:type\" content=\"article\" \/>\n<meta property=\"og:title\" content=\"Lichaam- en Haarserum - Sweet Vanilla - Evergetikon - evergetikon\" \/>\n<meta property=\"og:description\" content=\"De zachtheid van zijde en aangenaam vocht gecombineerd met het zoete aroma van vanille!  Lichaamsserum &quot;Zoete vanille&quot; - heeft een aangenaam aroma dat de levensvreugde stimuleert en verfraait.\u00a0Het lichaamsserum bevat essenti\u00eble vanilleolie, die kan helpen de hormoonspiegels in evenwicht te brengen, te ontspannen, de gevoeligheid en spanning te verminderen en een kalmerend effect te hebben.  Het geurige lichaamsserum is verrijkt met luxe oli\u00ebn die huidverzachtende eigenschappen hebben, bij langdurig gebruik krijgt de huid geleidelijk een zijdezachte zachtheid.\" \/>\n<meta property=\"og:url\" content=\"https:\/\/evergetikon.eu\/cs\/produkt\/telove-serum-na-vlasy-sweet-vanilla-evergetikon\/\" \/>\n<meta property=\"og:site_name\" content=\"evergetikon\" \/>\n<meta property=\"article:modified_time\" content=\"2026-03-17T18:02:23+00:00\" \/>\n<meta name=\"twitter:card\" content=\"summary_large_image\" \/>\n<meta name=\"twitter:label1\" content=\"Odhadovan\u00e1 doba \u010dten\u00ed\" \/>\n\t<meta name=\"twitter:data1\" content=\"2 minuty\" \/>\n<script type=\"application\/ld+json\" class=\"yoast-schema-graph\">{\"@context\":\"https:\\\/\\\/schema.org\",\"@graph\":[{\"@type\":\"WebPage\",\"@id\":\"https:\\\/\\\/evergetikon.eu\\\/product\\\/body-haarserum-sweet-vanilla-evergetikon\\\/\",\"url\":\"https:\\\/\\\/evergetikon.eu\\\/product\\\/body-haarserum-sweet-vanilla-evergetikon\\\/\",\"name\":\"Lichaam- en Haarserum - Sweet Vanilla - Evergetikon - evergetikon\",\"isPartOf\":{\"@id\":\"https:\\\/\\\/evergetikon.eu\\\/#website\"},\"primaryImageOfPage\":{\"@id\":\"https:\\\/\\\/evergetikon.eu\\\/product\\\/body-haarserum-sweet-vanilla-evergetikon\\\/#primaryimage\"},\"image\":{\"@id\":\"https:\\\/\\\/evergetikon.eu\\\/product\\\/body-haarserum-sweet-vanilla-evergetikon\\\/#primaryimage\"},\"thumbnailUrl\":\"https:\\\/\\\/purehealthstore.nl\\\/wp-content\\\/uploads\\\/2022\\\/10\\\/vanilla-lichaamsserum.jpg\",\"datePublished\":\"2022-10-14T20:29:44+00:00\",\"dateModified\":\"2026-03-17T18:02:23+00:00\",\"breadcrumb\":{\"@id\":\"https:\\\/\\\/evergetikon.eu\\\/product\\\/body-haarserum-sweet-vanilla-evergetikon\\\/#breadcrumb\"},\"inLanguage\":\"cs\",\"potentialAction\":[{\"@type\":\"ReadAction\",\"target\":[\"https:\\\/\\\/evergetikon.eu\\\/product\\\/body-haarserum-sweet-vanilla-evergetikon\\\/\"]}]},{\"@type\":\"ImageObject\",\"inLanguage\":\"cs\",\"@id\":\"https:\\\/\\\/evergetikon.eu\\\/product\\\/body-haarserum-sweet-vanilla-evergetikon\\\/#primaryimage\",\"url\":\"https:\\\/\\\/purehealthstore.nl\\\/wp-content\\\/uploads\\\/2022\\\/10\\\/vanilla-lichaamsserum.jpg\",\"contentUrl\":\"https:\\\/\\\/purehealthstore.nl\\\/wp-content\\\/uploads\\\/2022\\\/10\\\/vanilla-lichaamsserum.jpg\"},{\"@type\":\"BreadcrumbList\",\"@id\":\"https:\\\/\\\/evergetikon.eu\\\/product\\\/body-haarserum-sweet-vanilla-evergetikon\\\/#breadcrumb\",\"itemListElement\":[{\"@type\":\"ListItem\",\"position\":1,\"name\":\"Home\",\"item\":\"https:\\\/\\\/evergetikon.eu\\\/\"},{\"@type\":\"ListItem\",\"position\":2,\"name\":\"Shop\",\"item\":\"https:\\\/\\\/evergetikon.eu\\\/shop\\\/\"},{\"@type\":\"ListItem\",\"position\":3,\"name\":\"Lichaam- en Haarserum &#8211; Sweet Vanilla &#8211; Evergetikon\"}]},{\"@type\":\"WebSite\",\"@id\":\"https:\\\/\\\/evergetikon.eu\\\/#website\",\"url\":\"https:\\\/\\\/evergetikon.eu\\\/\",\"name\":\"evergetikon\",\"description\":\"\",\"publisher\":{\"@id\":\"https:\\\/\\\/evergetikon.eu\\\/#organization\"},\"potentialAction\":[{\"@type\":\"SearchAction\",\"target\":{\"@type\":\"EntryPoint\",\"urlTemplate\":\"https:\\\/\\\/evergetikon.eu\\\/?s={search_term_string}\"},\"query-input\":{\"@type\":\"PropertyValueSpecification\",\"valueRequired\":true,\"valueName\":\"search_term_string\"}}],\"inLanguage\":\"cs\"},{\"@type\":\"Organization\",\"@id\":\"https:\\\/\\\/evergetikon.eu\\\/#organization\",\"name\":\"evergetikon\",\"url\":\"https:\\\/\\\/evergetikon.eu\\\/\",\"logo\":{\"@type\":\"ImageObject\",\"inLanguage\":\"cs\",\"@id\":\"https:\\\/\\\/evergetikon.eu\\\/#\\\/schema\\\/logo\\\/image\\\/\",\"url\":\"https:\\\/\\\/exomh4ku2ih.exactdn.com\\\/wp-content\\\/uploads\\\/2025\\\/06\\\/Evergetikon-non-of.svg\",\"contentUrl\":\"https:\\\/\\\/exomh4ku2ih.exactdn.com\\\/wp-content\\\/uploads\\\/2025\\\/06\\\/Evergetikon-non-of.svg\",\"width\":229,\"height\":70,\"caption\":\"evergetikon\"},\"image\":{\"@id\":\"https:\\\/\\\/evergetikon.eu\\\/#\\\/schema\\\/logo\\\/image\\\/\"}}]}<\/script>\n<!-- \/ Yoast SEO plugin. -->","yoast_head_json":{"title":"S\u00e9rum na t\u011blo a vlasy - Sladk\u00e1 vanilka - Evergetikon","robots":{"index":"index","follow":"follow","max-snippet":"max-snippet:-1","max-image-preview":"max-image-preview:large","max-video-preview":"max-video-preview:-1"},"canonical":"https:\/\/evergetikon.eu\/cs\/produkt\/telove-serum-na-vlasy-sweet-vanilla-evergetikon\/","og_locale":"cs_CZ","og_type":"article","og_title":"Lichaam- en Haarserum - Sweet Vanilla - Evergetikon - evergetikon","og_description":"De zachtheid van zijde en aangenaam vocht gecombineerd met het zoete aroma van vanille!  Lichaamsserum \"Zoete vanille\" - heeft een aangenaam aroma dat de levensvreugde stimuleert en verfraait.\u00a0Het lichaamsserum bevat essenti\u00eble vanilleolie, die kan helpen de hormoonspiegels in evenwicht te brengen, te ontspannen, de gevoeligheid en spanning te verminderen en een kalmerend effect te hebben.  Het geurige lichaamsserum is verrijkt met luxe oli\u00ebn die huidverzachtende eigenschappen hebben, bij langdurig gebruik krijgt de huid geleidelijk een zijdezachte zachtheid.","og_url":"https:\/\/evergetikon.eu\/cs\/produkt\/telove-serum-na-vlasy-sweet-vanilla-evergetikon\/","og_site_name":"evergetikon","article_modified_time":"2026-03-17T18:02:23+00:00","twitter_card":"summary_large_image","twitter_misc":{"Odhadovan\u00e1 doba \u010dten\u00ed":"2 minuty"},"schema":{"@context":"https:\/\/schema.org","@graph":[{"@type":"WebPage","@id":"https:\/\/evergetikon.eu\/product\/body-haarserum-sweet-vanilla-evergetikon\/","url":"https:\/\/evergetikon.eu\/product\/body-haarserum-sweet-vanilla-evergetikon\/","name":"S\u00e9rum na t\u011blo a vlasy - Sladk\u00e1 vanilka - Evergetikon","isPartOf":{"@id":"https:\/\/evergetikon.eu\/#website"},"primaryImageOfPage":{"@id":"https:\/\/evergetikon.eu\/product\/body-haarserum-sweet-vanilla-evergetikon\/#primaryimage"},"image":{"@id":"https:\/\/evergetikon.eu\/product\/body-haarserum-sweet-vanilla-evergetikon\/#primaryimage"},"thumbnailUrl":"https:\/\/purehealthstore.nl\/wp-content\/uploads\/2022\/10\/vanilla-lichaamsserum.jpg","datePublished":"2022-10-14T20:29:44+00:00","dateModified":"2026-03-17T18:02:23+00:00","breadcrumb":{"@id":"https:\/\/evergetikon.eu\/product\/body-haarserum-sweet-vanilla-evergetikon\/#breadcrumb"},"inLanguage":"cs","potentialAction":[{"@type":"ReadAction","target":["https:\/\/evergetikon.eu\/product\/body-haarserum-sweet-vanilla-evergetikon\/"]}]},{"@type":"ImageObject","inLanguage":"cs","@id":"https:\/\/evergetikon.eu\/product\/body-haarserum-sweet-vanilla-evergetikon\/#primaryimage","url":"https:\/\/purehealthstore.nl\/wp-content\/uploads\/2022\/10\/vanilla-lichaamsserum.jpg","contentUrl":"https:\/\/purehealthstore.nl\/wp-content\/uploads\/2022\/10\/vanilla-lichaamsserum.jpg"},{"@type":"BreadcrumbList","@id":"https:\/\/evergetikon.eu\/product\/body-haarserum-sweet-vanilla-evergetikon\/#breadcrumb","itemListElement":[{"@type":"ListItem","position":1,"name":"Home","item":"https:\/\/evergetikon.eu\/"},{"@type":"ListItem","position":2,"name":"Shop","item":"https:\/\/evergetikon.eu\/shop\/"},{"@type":"ListItem","position":3,"name":"Lichaam- en Haarserum &#8211; Sweet Vanilla &#8211; Evergetikon"}]},{"@type":"WebSite","@id":"https:\/\/evergetikon.eu\/#website","url":"https:\/\/evergetikon.eu\/","name":"evergetikon","description":"","publisher":{"@id":"https:\/\/evergetikon.eu\/#organization"},"potentialAction":[{"@type":"SearchAction","target":{"@type":"EntryPoint","urlTemplate":"https:\/\/evergetikon.eu\/?s={search_term_string}"},"query-input":{"@type":"PropertyValueSpecification","valueRequired":true,"valueName":"search_term_string"}}],"inLanguage":"cs"},{"@type":"Organization","@id":"https:\/\/evergetikon.eu\/#organization","name":"evergetikon","url":"https:\/\/evergetikon.eu\/","logo":{"@type":"ImageObject","inLanguage":"cs","@id":"https:\/\/evergetikon.eu\/#\/schema\/logo\/image\/","url":"https:\/\/exomh4ku2ih.exactdn.com\/wp-content\/uploads\/2025\/06\/Evergetikon-non-of.svg","contentUrl":"https:\/\/exomh4ku2ih.exactdn.com\/wp-content\/uploads\/2025\/06\/Evergetikon-non-of.svg","width":229,"height":70,"caption":"evergetikon"},"image":{"@id":"https:\/\/evergetikon.eu\/#\/schema\/logo\/image\/"}}]}},"_links":{"self":[{"href":"https:\/\/evergetikon.eu\/cs\/wp-json\/wp\/v2\/product\/195","targetHints":{"allow":["GET"]}}],"collection":[{"href":"https:\/\/evergetikon.eu\/cs\/wp-json\/wp\/v2\/product"}],"about":[{"href":"https:\/\/evergetikon.eu\/cs\/wp-json\/wp\/v2\/types\/product"}],"replies":[{"embeddable":true,"href":"https:\/\/evergetikon.eu\/cs\/wp-json\/wp\/v2\/comments?post=195"}],"version-history":[{"count":0,"href":"https:\/\/evergetikon.eu\/cs\/wp-json\/wp\/v2\/product\/195\/revisions"}],"wp:featuredmedia":[{"embeddable":true,"href":"https:\/\/evergetikon.eu\/cs\/wp-json\/"}],"wp:attachment":[{"href":"https:\/\/evergetikon.eu\/cs\/wp-json\/wp\/v2\/media?parent=195"}],"wp:term":[{"taxonomy":"product_brand","embeddable":true,"href":"https:\/\/evergetikon.eu\/cs\/wp-json\/wp\/v2\/product_brand?post=195"},{"taxonomy":"product_cat","embeddable":true,"href":"https:\/\/evergetikon.eu\/cs\/wp-json\/wp\/v2\/product_cat?post=195"},{"taxonomy":"product_tag","embeddable":true,"href":"https:\/\/evergetikon.eu\/cs\/wp-json\/wp\/v2\/product_tag?post=195"}],"curies":[{"name":"wp","href":"https:\/\/api.w.org\/{rel}","templated":true}]}}