{"id":10999,"date":"2025-12-21T13:20:20","date_gmt":"2025-12-21T13:20:20","guid":{"rendered":"https:\/\/evergetikon.eu\/?post_type=product&p=10999"},"modified":"2026-04-02T05:45:14","modified_gmt":"2026-04-02T05:45:14","slug":"gezichtsscrub-evergetikon-15ml","status":"publish","type":"product","link":"https:\/\/evergetikon.eu\/cs\/produkt\/peeling-na-oblicej-evergetikon-15ml\/","title":{"rendered":"Peeling na obli\u010dej - Evergetikon - 15ml"},"content":{"rendered":"<h2>Evergetikon Peeling na obli\u010dej pro z\u00e1\u0159ivou ple\u0165<\/h2>\n<p><strong>Za\u017eijte z\u00e1\u0159ivou ple\u0165 s p\u0159\u00edrodn\u00edm peelingem na obli\u010dej Evergetikon.<\/strong><\/p>\n<p>Tento peeling kombinuje rozjas\u0148uj\u00edc\u00ed s\u00edlu pomeran\u010de s exfolia\u010dn\u00ed silou meru\u0148kov\u00fdch jader pro hedv\u00e1bn\u011b hladkou a o\u017eivenou ple\u0165.<\/p>\n<h3><strong>V\u00fdhody peelingu na obli\u010dej<\/strong><\/h3>\n<p><strong>Hladk\u00e1 a omlazen\u00e1 ple\u0165<\/strong><br \/>\nPeeling odstra\u0148uje odum\u0159el\u00e9 ko\u017en\u00ed bu\u0148ky a ne\u010distoty a v\u00fdsledkem je hlad\u0161\u00ed, mlad\u0161\u00ed a z\u00e1\u0159iv\u011bj\u0161\u00ed ple\u0165.<\/p>\n<p><strong>Zvy\u0161uje jas pleti<\/strong><br \/>\nOran\u017eov\u00e1 barva je zn\u00e1m\u00e1 svou schopnost\u00ed rozjas\u0148ovat ple\u0165 a dod\u00e1vat j\u00ed rovnom\u011brn\u00fd a jasn\u00fd vzhled.<\/p>\n<p><strong>Zlep\u0161en\u00ed krevn\u00edho ob\u011bhu<\/strong><br \/>\nJemn\u00fd peeling stimuluje pr\u016ftok krve a tvorbu kolagenu, co\u017e vede k pevn\u011bj\u0161\u00ed a pru\u017en\u011bj\u0161\u00ed poko\u017ece.<\/p>\n<h3><strong>Tipy pro pou\u017eit\u00ed<\/strong><\/h3>\n<p><strong>Ve\u010dern\u00ed rutina:<\/strong><br \/>\nPeeling pou\u017eijte ve\u010der, aby se va\u0161e ple\u0165 p\u0159es noc zotavila.<\/p>\n<p><strong>Hydratace:<\/strong><br \/>\nPo exfoliaci pleti poskytn\u011bte dal\u0161\u00ed p\u00e9\u010di hydrata\u010dn\u00edm kr\u00e9mem nebo s\u00e9rem.<\/p>\n<p><strong>Ochrana proti slune\u010dn\u00edmu z\u00e1\u0159en\u00ed:<\/strong><br \/>\nPo pou\u017eit\u00ed peelingu zajist\u011bte ochranu p\u0159ed sluncem pomoc\u00ed kvalitn\u00edho opalovac\u00edho kr\u00e9mu.<\/p>\n<p><strong>Upozorn\u011bn\u00ed:<\/strong><br \/>\nNejprve vyzkou\u0161ejte na mal\u00e9m kousku poko\u017eky, abyste p\u0159ede\u0161li p\u0159\u00edpadn\u00fdm reakc\u00edm.<\/p>\n<p><strong>Vyzkou\u0161ejte rozd\u00edl s Evergetikonem a dop\u0159ejte sv\u00e9 pleti p\u00e9\u010di, kterou si zaslou\u017e\u00ed.<\/strong><\/p>","protected":false},"excerpt":{"rendered":"<p>Zm\u011b\u0148te svou rutinn\u00ed p\u00e9\u010di o ple\u0165 s p\u0159\u00edrodn\u00edm peelingem na obli\u010dej Evergetikon. Tato jedine\u010dn\u00e1 sm\u011bs pomeran\u010dov\u00fdch a meru\u0148kov\u00fdch jader vytv\u00e1\u0159\u00ed z\u00e1\u0159ivou, jemnou a omlazenou ple\u0165. Dop\u0159ejte nyn\u00ed sv\u00e9 pleti p\u00e9\u010di, kterou si zaslou\u017e\u00ed, a z\u00edskejte zdrav\u00fd a \u010dist\u00fd vzhled!<\/p>","protected":false},"featured_media":274,"comment_status":"open","ping_status":"closed","template":"","meta":[],"product_brand":[],"product_cat":[89,24],"product_tag":[],"class_list":{"0":"post-10999","1":"product","2":"type-product","3":"status-publish","4":"has-post-thumbnail","6":"product_cat-gezichtsscrubs","7":"product_cat-natuurlijke-gezichtsverzorging","9":"first","10":"instock","11":"taxable","12":"shipping-taxable","13":"purchasable","14":"product-type-simple"},"yoast_head":"<!-- This site is optimized with the Yoast SEO plugin v27.4 - https:\/\/yoast.com\/product\/yoast-seo-wordpress\/ -->\n<title>Gezichtsscrub - Evergetikon - 15ml - evergetikon<\/title>\n<meta name=\"robots\" content=\"index, follow, max-snippet:-1, max-image-preview:large, max-video-preview:-1\" \/>\n<link rel=\"canonical\" href=\"https:\/\/evergetikon.eu\/cs\/produkt\/peeling-na-oblicej-evergetikon-15ml\/\" \/>\n<meta property=\"og:locale\" content=\"cs_CZ\" \/>\n<meta property=\"og:type\" content=\"article\" \/>\n<meta property=\"og:title\" content=\"Gezichtsscrub - Evergetikon - 15ml - evergetikon\" \/>\n<meta property=\"og:description\" content=\"Transformeer je huidverzorgingsroutine met Evergetikon&#039;s natuurlijke gezichtsscrub. Deze unieke mix van sinaasappel en abrikoospitten zorgt voor een stralende, zachte en verjongde huid. Geef je huid nu de zorg die het verdient met een gezonde en heldere uitstraling!\" \/>\n<meta property=\"og:url\" content=\"https:\/\/evergetikon.eu\/cs\/produkt\/peeling-na-oblicej-evergetikon-15ml\/\" \/>\n<meta property=\"og:site_name\" content=\"evergetikon\" \/>\n<meta property=\"article:modified_time\" content=\"2026-04-02T05:45:14+00:00\" \/>\n<meta property=\"og:image\" content=\"https:\/\/exomh4ku2ih.exactdn.com\/wp-content\/uploads\/2024\/06\/natuurlijke-gezichtsscrub.jpg?strip=all\" \/>\n\t<meta property=\"og:image:width\" content=\"1024\" \/>\n\t<meta property=\"og:image:height\" content=\"861\" \/>\n\t<meta property=\"og:image:type\" content=\"image\/jpeg\" \/>\n<meta name=\"twitter:card\" content=\"summary_large_image\" \/>\n<meta name=\"twitter:label1\" content=\"Odhadovan\u00e1 doba \u010dten\u00ed\" \/>\n\t<meta name=\"twitter:data1\" content=\"1 minuta\" \/>\n<script type=\"application\/ld+json\" class=\"yoast-schema-graph\">{\"@context\":\"https:\\\/\\\/schema.org\",\"@graph\":[{\"@type\":\"WebPage\",\"@id\":\"https:\\\/\\\/evergetikon.eu\\\/product\\\/gezichtsscrub-evergetikon-15ml\\\/\",\"url\":\"https:\\\/\\\/evergetikon.eu\\\/product\\\/gezichtsscrub-evergetikon-15ml\\\/\",\"name\":\"Gezichtsscrub - Evergetikon - 15ml - evergetikon\",\"isPartOf\":{\"@id\":\"https:\\\/\\\/evergetikon.eu\\\/#website\"},\"primaryImageOfPage\":{\"@id\":\"https:\\\/\\\/evergetikon.eu\\\/product\\\/gezichtsscrub-evergetikon-15ml\\\/#primaryimage\"},\"image\":{\"@id\":\"https:\\\/\\\/evergetikon.eu\\\/product\\\/gezichtsscrub-evergetikon-15ml\\\/#primaryimage\"},\"thumbnailUrl\":\"https:\\\/\\\/evergetikon.eu\\\/wp-content\\\/uploads\\\/2024\\\/06\\\/natuurlijke-gezichtsscrub.jpg\",\"datePublished\":\"2025-12-21T13:20:20+00:00\",\"dateModified\":\"2026-04-02T05:45:14+00:00\",\"breadcrumb\":{\"@id\":\"https:\\\/\\\/evergetikon.eu\\\/product\\\/gezichtsscrub-evergetikon-15ml\\\/#breadcrumb\"},\"inLanguage\":\"cs\",\"potentialAction\":[{\"@type\":\"ReadAction\",\"target\":[\"https:\\\/\\\/evergetikon.eu\\\/product\\\/gezichtsscrub-evergetikon-15ml\\\/\"]}]},{\"@type\":\"ImageObject\",\"inLanguage\":\"cs\",\"@id\":\"https:\\\/\\\/evergetikon.eu\\\/product\\\/gezichtsscrub-evergetikon-15ml\\\/#primaryimage\",\"url\":\"https:\\\/\\\/evergetikon.eu\\\/wp-content\\\/uploads\\\/2024\\\/06\\\/natuurlijke-gezichtsscrub.jpg\",\"contentUrl\":\"https:\\\/\\\/evergetikon.eu\\\/wp-content\\\/uploads\\\/2024\\\/06\\\/natuurlijke-gezichtsscrub.jpg\",\"width\":1024,\"height\":861,\"caption\":\"natuurlijke gezichtsscrub\"},{\"@type\":\"BreadcrumbList\",\"@id\":\"https:\\\/\\\/evergetikon.eu\\\/product\\\/gezichtsscrub-evergetikon-15ml\\\/#breadcrumb\",\"itemListElement\":[{\"@type\":\"ListItem\",\"position\":1,\"name\":\"Home\",\"item\":\"https:\\\/\\\/evergetikon.eu\\\/\"},{\"@type\":\"ListItem\",\"position\":2,\"name\":\"Shop\",\"item\":\"https:\\\/\\\/evergetikon.eu\\\/shop\\\/\"},{\"@type\":\"ListItem\",\"position\":3,\"name\":\"Gezichtsscrub &#8211; Evergetikon &#8211; 15ml\"}]},{\"@type\":\"WebSite\",\"@id\":\"https:\\\/\\\/evergetikon.eu\\\/#website\",\"url\":\"https:\\\/\\\/evergetikon.eu\\\/\",\"name\":\"evergetikon\",\"description\":\"\",\"publisher\":{\"@id\":\"https:\\\/\\\/evergetikon.eu\\\/#organization\"},\"potentialAction\":[{\"@type\":\"SearchAction\",\"target\":{\"@type\":\"EntryPoint\",\"urlTemplate\":\"https:\\\/\\\/evergetikon.eu\\\/?s={search_term_string}\"},\"query-input\":{\"@type\":\"PropertyValueSpecification\",\"valueRequired\":true,\"valueName\":\"search_term_string\"}}],\"inLanguage\":\"cs\"},{\"@type\":\"Organization\",\"@id\":\"https:\\\/\\\/evergetikon.eu\\\/#organization\",\"name\":\"evergetikon\",\"url\":\"https:\\\/\\\/evergetikon.eu\\\/\",\"logo\":{\"@type\":\"ImageObject\",\"inLanguage\":\"cs\",\"@id\":\"https:\\\/\\\/evergetikon.eu\\\/#\\\/schema\\\/logo\\\/image\\\/\",\"url\":\"https:\\\/\\\/evergetikon.eu\\\/wp-content\\\/uploads\\\/2025\\\/06\\\/Evergetikon-non-of.svg\",\"contentUrl\":\"https:\\\/\\\/evergetikon.eu\\\/wp-content\\\/uploads\\\/2025\\\/06\\\/Evergetikon-non-of.svg\",\"width\":229,\"height\":70,\"caption\":\"evergetikon\"},\"image\":{\"@id\":\"https:\\\/\\\/evergetikon.eu\\\/#\\\/schema\\\/logo\\\/image\\\/\"}}]}<\/script>\n<!-- \/ Yoast SEO plugin. -->","yoast_head_json":{"title":"Peeling na obli\u010dej - Evergetikon - 15ml - evergetikon","robots":{"index":"index","follow":"follow","max-snippet":"max-snippet:-1","max-image-preview":"max-image-preview:large","max-video-preview":"max-video-preview:-1"},"canonical":"https:\/\/evergetikon.eu\/cs\/produkt\/peeling-na-oblicej-evergetikon-15ml\/","og_locale":"cs_CZ","og_type":"article","og_title":"Gezichtsscrub - Evergetikon - 15ml - evergetikon","og_description":"Transformeer je huidverzorgingsroutine met Evergetikon's natuurlijke gezichtsscrub. Deze unieke mix van sinaasappel en abrikoospitten zorgt voor een stralende, zachte en verjongde huid. Geef je huid nu de zorg die het verdient met een gezonde en heldere uitstraling!","og_url":"https:\/\/evergetikon.eu\/cs\/produkt\/peeling-na-oblicej-evergetikon-15ml\/","og_site_name":"evergetikon","article_modified_time":"2026-04-02T05:45:14+00:00","og_image":[{"width":1024,"height":861,"url":"https:\/\/exomh4ku2ih.exactdn.com\/wp-content\/uploads\/2024\/06\/natuurlijke-gezichtsscrub.jpg?strip=all","type":"image\/jpeg"}],"twitter_card":"summary_large_image","twitter_misc":{"Odhadovan\u00e1 doba \u010dten\u00ed":"1 minuta"},"schema":{"@context":"https:\/\/schema.org","@graph":[{"@type":"WebPage","@id":"https:\/\/evergetikon.eu\/product\/gezichtsscrub-evergetikon-15ml\/","url":"https:\/\/evergetikon.eu\/product\/gezichtsscrub-evergetikon-15ml\/","name":"Peeling na obli\u010dej - Evergetikon - 15ml - evergetikon","isPartOf":{"@id":"https:\/\/evergetikon.eu\/#website"},"primaryImageOfPage":{"@id":"https:\/\/evergetikon.eu\/product\/gezichtsscrub-evergetikon-15ml\/#primaryimage"},"image":{"@id":"https:\/\/evergetikon.eu\/product\/gezichtsscrub-evergetikon-15ml\/#primaryimage"},"thumbnailUrl":"https:\/\/evergetikon.eu\/wp-content\/uploads\/2024\/06\/natuurlijke-gezichtsscrub.jpg","datePublished":"2025-12-21T13:20:20+00:00","dateModified":"2026-04-02T05:45:14+00:00","breadcrumb":{"@id":"https:\/\/evergetikon.eu\/product\/gezichtsscrub-evergetikon-15ml\/#breadcrumb"},"inLanguage":"cs","potentialAction":[{"@type":"ReadAction","target":["https:\/\/evergetikon.eu\/product\/gezichtsscrub-evergetikon-15ml\/"]}]},{"@type":"ImageObject","inLanguage":"cs","@id":"https:\/\/evergetikon.eu\/product\/gezichtsscrub-evergetikon-15ml\/#primaryimage","url":"https:\/\/evergetikon.eu\/wp-content\/uploads\/2024\/06\/natuurlijke-gezichtsscrub.jpg","contentUrl":"https:\/\/evergetikon.eu\/wp-content\/uploads\/2024\/06\/natuurlijke-gezichtsscrub.jpg","width":1024,"height":861,"caption":"natuurlijke gezichtsscrub"},{"@type":"BreadcrumbList","@id":"https:\/\/evergetikon.eu\/product\/gezichtsscrub-evergetikon-15ml\/#breadcrumb","itemListElement":[{"@type":"ListItem","position":1,"name":"Home","item":"https:\/\/evergetikon.eu\/"},{"@type":"ListItem","position":2,"name":"Shop","item":"https:\/\/evergetikon.eu\/shop\/"},{"@type":"ListItem","position":3,"name":"Gezichtsscrub &#8211; Evergetikon &#8211; 15ml"}]},{"@type":"WebSite","@id":"https:\/\/evergetikon.eu\/#website","url":"https:\/\/evergetikon.eu\/","name":"evergetikon","description":"","publisher":{"@id":"https:\/\/evergetikon.eu\/#organization"},"potentialAction":[{"@type":"SearchAction","target":{"@type":"EntryPoint","urlTemplate":"https:\/\/evergetikon.eu\/?s={search_term_string}"},"query-input":{"@type":"PropertyValueSpecification","valueRequired":true,"valueName":"search_term_string"}}],"inLanguage":"cs"},{"@type":"Organization","@id":"https:\/\/evergetikon.eu\/#organization","name":"evergetikon","url":"https:\/\/evergetikon.eu\/","logo":{"@type":"ImageObject","inLanguage":"cs","@id":"https:\/\/evergetikon.eu\/#\/schema\/logo\/image\/","url":"https:\/\/evergetikon.eu\/wp-content\/uploads\/2025\/06\/Evergetikon-non-of.svg","contentUrl":"https:\/\/evergetikon.eu\/wp-content\/uploads\/2025\/06\/Evergetikon-non-of.svg","width":229,"height":70,"caption":"evergetikon"},"image":{"@id":"https:\/\/evergetikon.eu\/#\/schema\/logo\/image\/"}}]}},"_links":{"self":[{"href":"https:\/\/evergetikon.eu\/cs\/wp-json\/wp\/v2\/product\/10999","targetHints":{"allow":["GET"]}}],"collection":[{"href":"https:\/\/evergetikon.eu\/cs\/wp-json\/wp\/v2\/product"}],"about":[{"href":"https:\/\/evergetikon.eu\/cs\/wp-json\/wp\/v2\/types\/product"}],"replies":[{"embeddable":true,"href":"https:\/\/evergetikon.eu\/cs\/wp-json\/wp\/v2\/comments?post=10999"}],"version-history":[{"count":0,"href":"https:\/\/evergetikon.eu\/cs\/wp-json\/wp\/v2\/product\/10999\/revisions"}],"wp:featuredmedia":[{"embeddable":true,"href":"https:\/\/evergetikon.eu\/cs\/wp-json\/wp\/v2\/media\/274"}],"wp:attachment":[{"href":"https:\/\/evergetikon.eu\/cs\/wp-json\/wp\/v2\/media?parent=10999"}],"wp:term":[{"taxonomy":"product_brand","embeddable":true,"href":"https:\/\/evergetikon.eu\/cs\/wp-json\/wp\/v2\/product_brand?post=10999"},{"taxonomy":"product_cat","embeddable":true,"href":"https:\/\/evergetikon.eu\/cs\/wp-json\/wp\/v2\/product_cat?post=10999"},{"taxonomy":"product_tag","embeddable":true,"href":"https:\/\/evergetikon.eu\/cs\/wp-json\/wp\/v2\/product_tag?post=10999"}],"curies":[{"name":"wp","href":"https:\/\/api.w.org\/{rel}","templated":true}]}}