{"id":8,"date":"2024-06-09T09:56:04","date_gmt":"2024-06-09T09:56:04","guid":{"rendered":"https:\/\/evergetikon.nl\/?page_id=8"},"modified":"2024-12-22T19:40:01","modified_gmt":"2024-12-22T19:40:01","slug":"cart","status":"publish","type":"page","link":"https:\/\/evergetikon.eu\/cs\/vozik\/","title":{"rendered":"Ko\u0161\u00edk"},"content":{"rendered":"<div data-elementor-type=\"wp-page\" data-elementor-id=\"8\" class=\"elementor elementor-8\" data-elementor-post-type=\"page\">\n\t\t\t\t<div class=\"wd-negative-gap elementor-element elementor-element-9bfdc8a e-flex e-con-boxed e-con e-parent\" data-id=\"9bfdc8a\" data-element_type=\"container\" data-e-type=\"container\">\n\t\t\t\t\t<div class=\"e-con-inner\">\n\t\t\t\t\t<\/div>\n\t\t\t\t<\/div>\n\t\t\t\t<\/div>","protected":false},"excerpt":{"rendered":"<p>\u010cl\u00e1nek odstranit Miniatura; Produkt Cena \u010c\u00edslo Mezisou\u010det \u00d7 Olej z hroznov\u00fdch jader - Evergetikon \u20ac 13.95 Olej z hroznov\u00fdch jader - Evergetikon \u010c\u00edslo \u20ac 41.85 \u00d7 Ricinov\u00fd olej<\/p>","protected":false},"author":1,"featured_media":0,"parent":0,"menu_order":0,"comment_status":"closed","ping_status":"closed","template":"elementor_theme","meta":{"footnotes":""},"class_list":["post-8","page","type-page","status-publish","hentry"],"yoast_head":"<!-- This site is optimized with the Yoast SEO plugin v27.4 - https:\/\/yoast.com\/product\/yoast-seo-wordpress\/ -->\n<title>Cart - evergetikon<\/title>\n<meta name=\"robots\" content=\"index, follow, max-snippet:-1, max-image-preview:large, max-video-preview:-1\" \/>\n<link rel=\"canonical\" href=\"https:\/\/evergetikon.eu\/cs\/vozik\/\" \/>\n<meta property=\"og:locale\" content=\"cs_CZ\" \/>\n<meta property=\"og:type\" content=\"article\" \/>\n<meta property=\"og:title\" content=\"Cart - evergetikon\" \/>\n<meta property=\"og:description\" content=\"Artikel verwijderen Miniatuurafbeelding; Product Prijs Aantal Subtotaal &times; Druivenpitolie &#8211; Evergetikon &euro;&nbsp;13,95 Druivenpitolie &#8211; Evergetikon aantal &euro;&nbsp;41,85 &times; Castor olie\" \/>\n<meta property=\"og:url\" content=\"https:\/\/evergetikon.eu\/cs\/vozik\/\" \/>\n<meta property=\"og:site_name\" content=\"evergetikon\" \/>\n<meta property=\"article:modified_time\" content=\"2024-12-22T19:40:01+00:00\" \/>\n<meta property=\"og:image\" content=\"https:\/\/evergetikon.eu\/wp-content\/uploads\/2024\/06\/druivenpitolie-evergetikon-430x430.jpg\" \/>\n<meta name=\"twitter:card\" content=\"summary_large_image\" \/>\n<meta name=\"twitter:label1\" content=\"Odhadovan\u00e1 doba \u010dten\u00ed\" \/>\n\t<meta name=\"twitter:data1\" content=\"1 minuta\" \/>\n<script type=\"application\/ld+json\" class=\"yoast-schema-graph\">{\"@context\":\"https:\\\/\\\/schema.org\",\"@graph\":[{\"@type\":\"WebPage\",\"@id\":\"https:\\\/\\\/evergetikon.eu\\\/?page_id=8\",\"url\":\"https:\\\/\\\/evergetikon.eu\\\/?page_id=8\",\"name\":\"Cart - evergetikon\",\"isPartOf\":{\"@id\":\"https:\\\/\\\/evergetikon.eu\\\/#website\"},\"primaryImageOfPage\":{\"@id\":\"https:\\\/\\\/evergetikon.eu\\\/?page_id=8#primaryimage\"},\"image\":{\"@id\":\"https:\\\/\\\/evergetikon.eu\\\/?page_id=8#primaryimage\"},\"thumbnailUrl\":\"https:\\\/\\\/evergetikon.eu\\\/wp-content\\\/uploads\\\/2024\\\/06\\\/druivenpitolie-evergetikon-430x430.jpg\",\"datePublished\":\"2024-06-09T09:56:04+00:00\",\"dateModified\":\"2024-12-22T19:40:01+00:00\",\"breadcrumb\":{\"@id\":\"https:\\\/\\\/evergetikon.eu\\\/?page_id=8#breadcrumb\"},\"inLanguage\":\"cs\",\"potentialAction\":[{\"@type\":\"ReadAction\",\"target\":[\"https:\\\/\\\/evergetikon.eu\\\/?page_id=8\"]}]},{\"@type\":\"ImageObject\",\"inLanguage\":\"cs\",\"@id\":\"https:\\\/\\\/evergetikon.eu\\\/?page_id=8#primaryimage\",\"url\":\"https:\\\/\\\/evergetikon.eu\\\/wp-content\\\/uploads\\\/2024\\\/06\\\/druivenpitolie-evergetikon-430x430.jpg\",\"contentUrl\":\"https:\\\/\\\/evergetikon.eu\\\/wp-content\\\/uploads\\\/2024\\\/06\\\/druivenpitolie-evergetikon-430x430.jpg\"},{\"@type\":\"BreadcrumbList\",\"@id\":\"https:\\\/\\\/evergetikon.eu\\\/?page_id=8#breadcrumb\",\"itemListElement\":[{\"@type\":\"ListItem\",\"position\":1,\"name\":\"Home\",\"item\":\"https:\\\/\\\/evergetikon.eu\\\/\"},{\"@type\":\"ListItem\",\"position\":2,\"name\":\"Cart\"}]},{\"@type\":\"WebSite\",\"@id\":\"https:\\\/\\\/evergetikon.eu\\\/#website\",\"url\":\"https:\\\/\\\/evergetikon.eu\\\/\",\"name\":\"evergetikon\",\"description\":\"\",\"publisher\":{\"@id\":\"https:\\\/\\\/evergetikon.eu\\\/#organization\"},\"potentialAction\":[{\"@type\":\"SearchAction\",\"target\":{\"@type\":\"EntryPoint\",\"urlTemplate\":\"https:\\\/\\\/evergetikon.eu\\\/?s={search_term_string}\"},\"query-input\":{\"@type\":\"PropertyValueSpecification\",\"valueRequired\":true,\"valueName\":\"search_term_string\"}}],\"inLanguage\":\"cs\"},{\"@type\":\"Organization\",\"@id\":\"https:\\\/\\\/evergetikon.eu\\\/#organization\",\"name\":\"evergetikon\",\"url\":\"https:\\\/\\\/evergetikon.eu\\\/\",\"logo\":{\"@type\":\"ImageObject\",\"inLanguage\":\"cs\",\"@id\":\"https:\\\/\\\/evergetikon.eu\\\/#\\\/schema\\\/logo\\\/image\\\/\",\"url\":\"https:\\\/\\\/evergetikon.eu\\\/wp-content\\\/uploads\\\/2025\\\/06\\\/Evergetikon-non-of.svg\",\"contentUrl\":\"https:\\\/\\\/evergetikon.eu\\\/wp-content\\\/uploads\\\/2025\\\/06\\\/Evergetikon-non-of.svg\",\"width\":229,\"height\":70,\"caption\":\"evergetikon\"},\"image\":{\"@id\":\"https:\\\/\\\/evergetikon.eu\\\/#\\\/schema\\\/logo\\\/image\\\/\"}}]}<\/script>\n<!-- \/ Yoast SEO plugin. -->","yoast_head_json":{"title":"Ko\u0161\u00edk - evergetikon","robots":{"index":"index","follow":"follow","max-snippet":"max-snippet:-1","max-image-preview":"max-image-preview:large","max-video-preview":"max-video-preview:-1"},"canonical":"https:\/\/evergetikon.eu\/cs\/vozik\/","og_locale":"cs_CZ","og_type":"article","og_title":"Cart - evergetikon","og_description":"Artikel verwijderen Miniatuurafbeelding; Product Prijs Aantal Subtotaal &times; Druivenpitolie &#8211; Evergetikon &euro;&nbsp;13,95 Druivenpitolie &#8211; Evergetikon aantal &euro;&nbsp;41,85 &times; Castor olie","og_url":"https:\/\/evergetikon.eu\/cs\/vozik\/","og_site_name":"evergetikon","article_modified_time":"2024-12-22T19:40:01+00:00","og_image":[{"url":"https:\/\/evergetikon.eu\/wp-content\/uploads\/2024\/06\/druivenpitolie-evergetikon-430x430.jpg","type":"","width":"","height":""}],"twitter_card":"summary_large_image","twitter_misc":{"Odhadovan\u00e1 doba \u010dten\u00ed":"1 minuta"},"schema":{"@context":"https:\/\/schema.org","@graph":[{"@type":"WebPage","@id":"https:\/\/evergetikon.eu\/?page_id=8","url":"https:\/\/evergetikon.eu\/?page_id=8","name":"Ko\u0161\u00edk - evergetikon","isPartOf":{"@id":"https:\/\/evergetikon.eu\/#website"},"primaryImageOfPage":{"@id":"https:\/\/evergetikon.eu\/?page_id=8#primaryimage"},"image":{"@id":"https:\/\/evergetikon.eu\/?page_id=8#primaryimage"},"thumbnailUrl":"https:\/\/evergetikon.eu\/wp-content\/uploads\/2024\/06\/druivenpitolie-evergetikon-430x430.jpg","datePublished":"2024-06-09T09:56:04+00:00","dateModified":"2024-12-22T19:40:01+00:00","breadcrumb":{"@id":"https:\/\/evergetikon.eu\/?page_id=8#breadcrumb"},"inLanguage":"cs","potentialAction":[{"@type":"ReadAction","target":["https:\/\/evergetikon.eu\/?page_id=8"]}]},{"@type":"ImageObject","inLanguage":"cs","@id":"https:\/\/evergetikon.eu\/?page_id=8#primaryimage","url":"https:\/\/evergetikon.eu\/wp-content\/uploads\/2024\/06\/druivenpitolie-evergetikon-430x430.jpg","contentUrl":"https:\/\/evergetikon.eu\/wp-content\/uploads\/2024\/06\/druivenpitolie-evergetikon-430x430.jpg"},{"@type":"BreadcrumbList","@id":"https:\/\/evergetikon.eu\/?page_id=8#breadcrumb","itemListElement":[{"@type":"ListItem","position":1,"name":"Home","item":"https:\/\/evergetikon.eu\/"},{"@type":"ListItem","position":2,"name":"Cart"}]},{"@type":"WebSite","@id":"https:\/\/evergetikon.eu\/#website","url":"https:\/\/evergetikon.eu\/","name":"evergetikon","description":"","publisher":{"@id":"https:\/\/evergetikon.eu\/#organization"},"potentialAction":[{"@type":"SearchAction","target":{"@type":"EntryPoint","urlTemplate":"https:\/\/evergetikon.eu\/?s={search_term_string}"},"query-input":{"@type":"PropertyValueSpecification","valueRequired":true,"valueName":"search_term_string"}}],"inLanguage":"cs"},{"@type":"Organization","@id":"https:\/\/evergetikon.eu\/#organization","name":"evergetikon","url":"https:\/\/evergetikon.eu\/","logo":{"@type":"ImageObject","inLanguage":"cs","@id":"https:\/\/evergetikon.eu\/#\/schema\/logo\/image\/","url":"https:\/\/evergetikon.eu\/wp-content\/uploads\/2025\/06\/Evergetikon-non-of.svg","contentUrl":"https:\/\/evergetikon.eu\/wp-content\/uploads\/2025\/06\/Evergetikon-non-of.svg","width":229,"height":70,"caption":"evergetikon"},"image":{"@id":"https:\/\/evergetikon.eu\/#\/schema\/logo\/image\/"}}]}},"_links":{"self":[{"href":"https:\/\/evergetikon.eu\/cs\/wp-json\/wp\/v2\/pages\/8","targetHints":{"allow":["GET"]}}],"collection":[{"href":"https:\/\/evergetikon.eu\/cs\/wp-json\/wp\/v2\/pages"}],"about":[{"href":"https:\/\/evergetikon.eu\/cs\/wp-json\/wp\/v2\/types\/page"}],"author":[{"embeddable":true,"href":"https:\/\/evergetikon.eu\/cs\/wp-json\/wp\/v2\/users\/1"}],"replies":[{"embeddable":true,"href":"https:\/\/evergetikon.eu\/cs\/wp-json\/wp\/v2\/comments?post=8"}],"version-history":[{"count":0,"href":"https:\/\/evergetikon.eu\/cs\/wp-json\/wp\/v2\/pages\/8\/revisions"}],"wp:attachment":[{"href":"https:\/\/evergetikon.eu\/cs\/wp-json\/wp\/v2\/media?parent=8"}],"curies":[{"name":"wp","href":"https:\/\/api.w.org\/{rel}","templated":true}]}}